{"id":5347,"date":"2017-02-03T16:14:17","date_gmt":"2017-05-28T08:49:38","guid":{"rendered":"https:\/\/krimispass.ch\/swiss\/?page_id=5347"},"modified":"2023-02-23T18:15:56","modified_gmt":"2023-02-23T17:15:56","slug":"naturpark-thal","status":"publish","type":"page","link":"https:\/\/krimispass.ch\/swiss\/naturpark-thal\/","title":{"rendered":"KrimiSpass im Naturpark Thal"},"content":{"rendered":"<p><img loading=\"lazy\" decoding=\"async\" src=\"https:\/\/krimispass.ch\/swiss\/wp-content\/uploads\/2019\/01\/banner_naturpark-thal.jpg\" alt=\"Banner - Naturpark Thal\" width=\"1200\" height=\"315\" class=\"aligncenter size-full wp-image-12674\" srcset=\"https:\/\/krimispass.ch\/swiss\/wp-content\/uploads\/2019\/01\/banner_naturpark-thal.jpg 1200w, https:\/\/krimispass.ch\/swiss\/wp-content\/uploads\/2019\/01\/banner_naturpark-thal-300x79.jpg 300w, https:\/\/krimispass.ch\/swiss\/wp-content\/uploads\/2019\/01\/banner_naturpark-thal-768x202.jpg 768w, https:\/\/krimispass.ch\/swiss\/wp-content\/uploads\/2019\/01\/banner_naturpark-thal-1024x269.jpg 1024w, https:\/\/krimispass.ch\/swiss\/wp-content\/uploads\/2019\/01\/banner_naturpark-thal-830x218.jpg 830w, https:\/\/krimispass.ch\/swiss\/wp-content\/uploads\/2019\/01\/banner_naturpark-thal-230x60.jpg 230w, https:\/\/krimispass.ch\/swiss\/wp-content\/uploads\/2019\/01\/banner_naturpark-thal-350x92.jpg 350w, https:\/\/krimispass.ch\/swiss\/wp-content\/uploads\/2019\/01\/banner_naturpark-thal-480x126.jpg 480w\" sizes=\"auto, (max-width: 1200px) 100vw, 1200px\" \/><\/p>\n<p>&nbsp;<br \/>\n<strong>Matzendorf &#8211; Eine ruhige Gemeinde mitten im Naturpark Thal, eingebettet in die Gebirgsz\u00fcge des Solothurner Juras. Dieser beschauliche Ort wurde Schauplatz eines Verbrechens, das die Bewohnerinnen und Bewohner in Angst und Schrecken versetzt. Und der M\u00f6rder l\u00e4uft frei herum. Werden Sie ihn \u00fcberf\u00fchren k\u00f6nnen? Nehmen Sie die Ermittlungen auf, denn bei diesem Krimi sind Sie der Kommissar!<\/strong><\/p>\n<p>&nbsp;<br \/>\n&nbsp;<br \/>\n<iframe loading=\"lazy\" width=\"800\" height=\"450\" src=\"https:\/\/www.youtube.com\/embed\/NvFrUE8laY4?rel=0\" frameborder=\"0\" allowfullscreen><\/iframe><\/p>\n<p>&nbsp;<\/p>\n<h5>Der Fall \u00abCarmen Keller\u00bb<\/h5>\n<p>In Matzendorf wird eine Frau leblos in ihrer Wohnung aufgefunden. Bei der Toten handelt es sich um Carmen Keller, eine junge Serviceangestellte. Die Spurenlage l\u00e4sst darauf schliessen, dass ein T\u00f6tungsdelikt vorliegt. Aber wer k\u00f6nnte f\u00fcr den Mord verantwortlich sein? Hatte Carmen Keller Feinde, geriet sie an die falschen Leute oder steht ein Beziehungsdelikt hinter der Tat?<\/p>\n<p>In diesem interaktiven R\u00e4tsel-Krimi begeben Sie sich als Kommissar\/in der Kantonspolizei Solothurn auf Spurensuche. H\u00f6ren Sie sich im Ort und im Umfeld des Opfers um. Vielleicht erfahren Sie etwas, das Ihnen weiterhilft und Sie auf die Spur des M\u00f6rders f\u00fchrt.<\/p>\n<p>&nbsp;<\/p>\n<p id=\"anmeldung\">\n<h5>Kostenlos mitmachen<\/h5>\n<p>Starten Sie Ihr Krimi-Abenteuer! Sie erhalten umgehend eine E-Mail mit der Spielanleitung und allen wichtigen Informationen \u2013 kostenlos und unverbindlich. Beginnen Sie Ihre Ermittlungen, wann immer Sie m\u00f6chten!<\/p>\n\n<div class=\"wpcf7 no-js\" id=\"wpcf7-f5358-o1\" lang=\"de-DE\" dir=\"ltr\" data-wpcf7-id=\"5358\">\n<div class=\"screen-reader-response\"><p role=\"status\" aria-live=\"polite\" aria-atomic=\"true\"><\/p> <ul><\/ul><\/div>\n<form action=\"\/swiss\/wp-json\/wp\/v2\/pages\/5347#wpcf7-f5358-o1\" method=\"post\" class=\"wpcf7-form init\" aria-label=\"Kontaktformular\" novalidate=\"novalidate\" data-status=\"init\">\n<fieldset class=\"hidden-fields-container\"><input type=\"hidden\" name=\"_wpcf7\" value=\"5358\" \/><input type=\"hidden\" name=\"_wpcf7_version\" value=\"6.1.5\" \/><input type=\"hidden\" name=\"_wpcf7_locale\" value=\"de_DE\" \/><input type=\"hidden\" name=\"_wpcf7_unit_tag\" value=\"wpcf7-f5358-o1\" \/><input type=\"hidden\" name=\"_wpcf7_container_post\" value=\"0\" \/><input type=\"hidden\" name=\"_wpcf7_posted_data_hash\" value=\"\" \/>\n<\/fieldset>\n<p>Name<br \/>\n<span class=\"wpcf7-form-control-wrap\" data-name=\"your-name\"><input size=\"40\" maxlength=\"400\" class=\"wpcf7-form-control wpcf7-text wpcf7-validates-as-required\" aria-required=\"true\" aria-invalid=\"false\" value=\"\" type=\"text\" name=\"your-name\" \/><\/span>\n<\/p>\n<p><span id=\"wpcf7-69e3059654806-wrapper\" class=\"wpcf7-form-control-wrap your-vorname-wrap\" style=\"display:none !important; visibility:hidden !important;\"><label for=\"wpcf7-69e3059654806-field\" class=\"hp-message\">Bitte lasse dieses Feld leer.<\/label><input id=\"wpcf7-69e3059654806-field\"  class=\"wpcf7-form-control wpcf7-text\" type=\"text\" name=\"your-vorname\" value=\"\" size=\"40\" tabindex=\"-1\" autocomplete=\"new-password\" \/><\/span>\n<\/p>\n<p>Wohnort<br \/>\n<span class=\"wpcf7-form-control-wrap\" data-name=\"wohnort\"><input size=\"40\" maxlength=\"400\" class=\"wpcf7-form-control wpcf7-text wpcf7-validates-as-required\" aria-required=\"true\" aria-invalid=\"false\" value=\"\" type=\"text\" name=\"wohnort\" \/><\/span>\n<\/p>\n<p>E-Mail<br \/>\n<span class=\"wpcf7-form-control-wrap\" data-name=\"your-email\"><input size=\"40\" maxlength=\"400\" class=\"wpcf7-form-control wpcf7-email wpcf7-validates-as-required wpcf7-text wpcf7-validates-as-email\" aria-required=\"true\" aria-invalid=\"false\" value=\"\" type=\"email\" name=\"your-email\" \/><\/span>\n<\/p>\n<p>&nbsp;<br \/>\n<!-- Mailchimp for WordPress v4.12.1 - https:\/\/www.mc4wp.com\/ --><input type=\"hidden\" name=\"_mc4wp_subscribe_contact-form-7\" value=\"0\" \/><span class=\"mc4wp-checkbox mc4wp-checkbox-contact-form-7 \"><label><input type=\"checkbox\" name=\"_mc4wp_subscribe_contact-form-7\" value=\"1\" ><span>&nbsp;&nbsp;KrimiSpass-Newsletter abonnieren<\/span><\/label><\/span><!-- \/ Mailchimp for WordPress --><br \/>\n<span class=\"wpcf7-form-control-wrap\" data-name=\"zustimmung\"><span class=\"wpcf7-form-control wpcf7-acceptance\"><span class=\"wpcf7-list-item\"><input type=\"checkbox\" name=\"zustimmung\" value=\"1\" aria-invalid=\"false\" \/><\/span><\/span><\/span>&nbsp;&nbsp;<a href=\"https:\/\/krimispass.ch\/swiss\/?page_id=8\">Datenschutzbestimmungen<\/a> akzeptieren\n<\/p>\n<p>&nbsp;<br \/>\n<input class=\"wpcf7-form-control wpcf7-submit has-spinner\" type=\"submit\" value=\"Los gehts\" \/>\n<\/p>\n<div style=\"display: none !important\">\n\t<p><span class=\"wpcf7-form-control-wrap\" data-name=\"matzendorf\"><input size=\"40\" maxlength=\"400\" class=\"wpcf7-form-control wpcf7-text required\" aria-invalid=\"false\" value=\"Ja\" type=\"text\" name=\"matzendorf\" \/><\/span>\n\t<\/p>\n<\/div>\n<div style=\"display: none !important\">\n\t<p><span class=\"wpcf7-form-control-wrap\" data-name=\"mc4wp-nlks\"><input size=\"40\" maxlength=\"400\" class=\"wpcf7-form-control wpcf7-text required\" aria-invalid=\"false\" value=\"Ja\" type=\"text\" name=\"mc4wp-nlks\" \/><\/span>\n\t<\/p>\n<\/div><div class=\"wpcf7-response-output\" aria-hidden=\"true\"><\/div>\n<\/form>\n<\/div>\n\n<p>&nbsp;<\/p>\n<h5>Fragen &#038; Antworten<\/h5>\n<div class=\"hrf-faq-list\"><article class=\"hrf-entry\" id=\"hrf-entry-11245\">\n                      <h5 class=\"hrf-title close-faq\" data-content-id=\"hrf-content-11245\"><span><\/span>Wie funktioniert das Spiel?<\/h5>\n                     <div class=\"hrf-content\" id=\"hrf-content-11245\"><p>Bei einem KrimiSpass besuchen Sie verschiedene Schaupl\u00e4tze in einer Ortschaft. An jedem dieser Schaupl\u00e4tze befindet sich ein <a href=\"https:\/\/krimispass.ch\/swiss\/wp-content\/uploads\/2018\/04\/beispiel_informationsschild.jpg\">Informationsschild<\/a> &#8211; darauf stehen eine Internetadresse und ein QR-Code. Geben Sie die Internetadresse im Browser Ihres Smartphones ein, oder scannen Sie mit einer Kamera-App den QR-Code. So sammeln Sie wichtige Indizien.<\/p>\n<p>Wenn Sie alle Schaupl\u00e4tze in der angegebenen Reihenfolge besucht haben und die gewonnenen Informationen scharfsinnig kombinieren, k\u00f6nnen Sie den Fall l\u00f6sen und Ihren Tipp online eingeben.<\/p>\n<p><strong>Eine Spielanleitung sowie alle relevanten Informationen zu den Ermittlungen bekommen Sie per E-Mail, wenn Sie sich auf der <a href=\"https:\/\/krimispass.ch\/swiss#standorte\">Seite des gew\u00fcnschten Standorts<\/a> registrieren.<\/strong><\/p>\n<\/div>\n                  <\/article><article class=\"hrf-entry\" id=\"hrf-entry-24328\">\n                      <h5 class=\"hrf-title close-faq\" data-content-id=\"hrf-content-24328\"><span><\/span>Was kostet es?<\/h5>\n                     <div class=\"hrf-content\" id=\"hrf-content-24328\"><p>Die Teilnahme am Spiel ist kostenlos und mit keinen Verpflichtungen verbunden.<\/p>\n<p>Wenn Sie m\u00f6chten, k\u00f6nnen Sie das Projekt mit einem freiwilligen Beitrag <a href=\"https:\/\/krimispass.ch\/swiss\/?page_id=18310\">unterst\u00fctzen<\/a>.<\/p>\n<\/div>\n                  <\/article><article class=\"hrf-entry\" id=\"hrf-entry-3853\">\n                      <h5 class=\"hrf-title close-faq\" data-content-id=\"hrf-content-3853\"><span><\/span>Welche Utensilien ben\u00f6tigt man f\u00fcr die Ermittlungen?<\/h5>\n                     <div class=\"hrf-content\" id=\"hrf-content-3853\"><p>Alles, was Sie f\u00fcr die Spurensuche brauchen, ist ein internetf\u00e4higes Smartphone. Ausserdem empfiehlt es sich, Papier, Schreibzeug und ggf. Kopfh\u00f6rer dabeizuhaben &#8211; um sich unterwegs die multimedialen Inhalte ungest\u00f6rt anzuh\u00f6ren.<\/p>\n<\/div>\n                  <\/article><article class=\"hrf-entry\" id=\"hrf-entry-5905\">\n                      <h5 class=\"hrf-title close-faq\" data-content-id=\"hrf-content-5905\"><span><\/span>Ist eine Reservation notwendig?<\/h5>\n                     <div class=\"hrf-content\" id=\"hrf-content-5905\"><p>Nein, eine Reservation oder Voranmeldung ist nicht erforderlich. Sie k\u00f6nnen die Ermittlungen in Angriff nehmen, wann immer Sie wollen.<\/p>\n<p>Um einen KrimiSpass zu spielen, m\u00fcssen Sie sich jedoch auf der <a href=\"https:\/\/krimispass.ch\/swiss#standorte\">Seite des gew\u00fcnschten Standorts<\/a> registrieren. Dies dient zur Auswertung, wie viele Personen teilnehmen.<\/p>\n<p>Sie k\u00f6nnen die Anmeldung einige Tage vor den geplanten Ermittlungen vornehmen, wenn Sie sich bereits vorg\u00e4ngig mit der Spielanleitung vertraut machen wollen. Diese bekommen Sie &#8211; nach erfolgter Registrierung &#8211; per E-Mail zugestellt.<\/p>\n<\/div>\n                  <\/article><article class=\"hrf-entry\" id=\"hrf-entry-3858\">\n                      <h5 class=\"hrf-title close-faq\" data-content-id=\"hrf-content-3858\"><span><\/span>Ist das Spiel f\u00fcr Gruppen geeignet?<\/h5>\n                     <div class=\"hrf-content\" id=\"hrf-content-3858\"><p>Ja, das Spiel kann allein oder als gemeinsames Gruppenerlebnis gespielt werden. Bei gr\u00f6sseren Gruppen empfiehlt es sich, verschiedene Teams (idealerweise 4-6 Personen) zu bilden. Die Schaupl\u00e4tze sollten in der angegebenen Reihenfolge besucht werden, da die Geschichten chronologisch aufgebaut sind.<\/p>\n<p><strong>Idealerweise registrieren sich alle Teilnehmenden mit ihrer pers\u00f6nlichen E-Mail-Adresse, um die Spielanleitung und alle notwendigen Informationen auf dem Smartphone zu haben \u2013 und um am Ende der Ermittlungen einen pers\u00f6nlichen Tipp abzugeben.<\/strong><\/p>\n<p>Die Anmeldung kann bereits einige Tage vor den geplanten Ermittlungen erfolgen, damit sich die Teilnehmenden mit der Funktionsweise des Spiels vertraut machen k\u00f6nnen.<\/p>\n<\/div>\n                  <\/article><article class=\"hrf-entry\" id=\"hrf-entry-3860\">\n                      <h5 class=\"hrf-title close-faq\" data-content-id=\"hrf-content-3860\"><span><\/span>Ist das Spiel f\u00fcr Kinder geeignet?<\/h5>\n                     <div class=\"hrf-content\" id=\"hrf-content-3860\"><p>Von der Komplexit\u00e4t her sind die F\u00e4lle eher auf Erwachsene oder Jugendliche ausgelegt. In Begleitung von Erwachsenen k\u00f6nnen die Ermittlungen aber durchaus auch Kindern Spass machen. Es gilt jedoch zu beachten, dass es in der Regel um einen Mordfall geht. Es ist Ihnen \u00fcberlassen, welche Texte Sie Ihren Kindern vorlesen wollen und welche nicht.<\/p>\n<p>F\u00fcr Schulklassen empfehlen wir das Spiel ab der Oberstufe (siehe auch FAQ-Eintrag \u201cIst das Spiel f\u00fcr Gruppen geeignet?\u201d).<\/p>\n<\/div>\n                  <\/article><\/div>\n<p>&nbsp;<br \/>\nAntworten auf weitere h\u00e4ufig gestellte Fragen finden Sie im <a href=\"https:\/\/krimispass.ch\/swiss\/?page_id=3745\">FAQ-Bereich<\/a>.<\/p>\n<p>&nbsp;<\/p>\n<h5>Der Rundgang<\/h5>\n<p>Den KrimiSpass in Matzendorf nehmen Sie zu Fuss in Angriff. Das Abenteuer kann das ganze Jahr \u00fcber und rund um die Uhr gespielt werden. Planen Sie f\u00fcr die Ermittlungen etwa zwei bis drei Stunden ein.<\/p>\n<p>&nbsp;<br \/>\n<script type=\"text\/javascript\" src=\"https:\/\/www.outdooractive.com\/de\/embed\/122896979\/js?mw=false\"><\/script><\/p>\n<p>&nbsp;<\/p>\n<h5>Radio-Beitrag<\/h5>\n<p>Im April 2019 berichtete <a href=\"https:\/\/www.radio32.ch\" rel=\"noopener noreferrer\" target=\"_blank\">Radio 32<\/a> \u00fcber den KrimiSpass in Matzendorf.<\/p>\n<p>&nbsp;<br \/>\n<iframe loading=\"lazy\" width=\"800\" height=\"450\" src=\"https:\/\/www.youtube.com\/embed\/9NNHbtFmGJI?rel=0\" frameborder=\"0\" allowfullscreen><\/iframe><\/p>\n<p>&nbsp;<\/p>\n<h5>Der Naturpark Thal<\/h5>\n<p>Der Naturpark Thal liegt eingebettet in die Gebirgsz\u00fcge des Solothurner Juras zwischen Weissenstein und Wasserfallen im Einzugsgebiet von Basel, Bern und Z\u00fcrich. Besuchen Sie uns und entdecken Sie den Naturpark Thal.<\/p>\n<p>Natur und Mensch im Einklang: Im Naturpark Thal wird eine Nachhaltige Entwicklung der Region &#8211; umfassend das Gebiet des solothurnischen Bezirks Thal &#8211; erm\u00f6glicht. Dabei steht das Gleichgewicht von Mensch, Natur, Landschaft und Wirtschaft im Vordergrund.<\/p>\n<p>Mehr Informationen unter <a href=\"https:\/\/www.naturparkthal.ch\" rel=\"noopener noreferrer\" target=\"_blank\">www.naturparkthal.ch<\/a>.<\/p>\n<p>&nbsp;<br \/>\n<iframe loading=\"lazy\" width=\"800\" height=\"450\" src=\"https:\/\/www.youtube.com\/embed\/BZCJjEeidHc?rel=0\" frameborder=\"0\" allowfullscreen><\/iframe><\/p>\n","protected":false},"excerpt":{"rendered":"<p>&nbsp; Matzendorf &#8211; Eine ruhige Gemeinde mitten im Naturpark Thal, eingebettet in die Gebirgsz\u00fcge des Solothurner Juras. Dieser beschauliche Ort wurde Schauplatz [&hellip;]<\/p>\n","protected":false},"author":1,"featured_media":0,"parent":0,"menu_order":17,"comment_status":"closed","ping_status":"closed","template":"","meta":{"content-type":"","footnotes":""},"class_list":["post-5347","page","type-page","status-publish","hentry"],"yoast_head":"<!-- This site is optimized with the Yoast SEO plugin v27.4 - https:\/\/yoast.com\/product\/yoast-seo-wordpress\/ -->\n<title>KrimiSpass im Naturpark Thal<\/title>\n<meta name=\"description\" content=\"Werde zum SHERLOCK HOLMES von Matzendorf. Bei diesem Krimi bist du der Kommissar!\" \/>\n<meta name=\"robots\" content=\"index, follow, max-snippet:-1, max-image-preview:large, max-video-preview:-1\" \/>\n<link rel=\"canonical\" href=\"https:\/\/krimispass.ch\/swiss\/naturpark-thal\/\" \/>\n<meta property=\"og:locale\" content=\"de_DE\" \/>\n<meta property=\"og:type\" content=\"article\" \/>\n<meta property=\"og:title\" content=\"KrimiSpass im Naturpark Thal\" \/>\n<meta property=\"og:description\" content=\"Bei diesem Krimi sind Sie der Kommissar!\" \/>\n<meta property=\"og:url\" content=\"https:\/\/krimispass.ch\/swiss\/naturpark-thal\/\" \/>\n<meta property=\"og:site_name\" content=\"KrimiSpass\" \/>\n<meta property=\"article:publisher\" content=\"https:\/\/www.facebook.com\/KrimiSpass.ch\" \/>\n<meta property=\"article:modified_time\" content=\"2023-02-23T17:15:56+00:00\" \/>\n<meta property=\"og:image\" content=\"https:\/\/krimispass.ch\/swiss\/wp-content\/uploads\/2017\/02\/titelbild_mit_logo.jpg\" \/>\n\t<meta property=\"og:image:width\" content=\"2356\" \/>\n\t<meta property=\"og:image:height\" content=\"1571\" \/>\n\t<meta property=\"og:image:type\" content=\"image\/jpeg\" \/>\n<meta name=\"twitter:card\" content=\"summary_large_image\" \/>\n<meta name=\"twitter:site\" content=\"@KrimiSpass\" \/>\n<meta name=\"twitter:label1\" content=\"Gesch\u00e4tzte Lesezeit\" \/>\n\t<meta name=\"twitter:data1\" content=\"3\u00a0Minuten\" \/>\n<script type=\"application\/ld+json\" class=\"yoast-schema-graph\">{\"@context\":\"https:\\\/\\\/schema.org\",\"@graph\":[{\"@type\":\"WebPage\",\"@id\":\"https:\\\/\\\/krimispass.ch\\\/swiss\\\/naturpark-thal\\\/\",\"url\":\"https:\\\/\\\/krimispass.ch\\\/swiss\\\/naturpark-thal\\\/\",\"name\":\"KrimiSpass im Naturpark Thal\",\"isPartOf\":{\"@id\":\"https:\\\/\\\/krimispass.ch\\\/swiss\\\/#website\"},\"primaryImageOfPage\":{\"@id\":\"https:\\\/\\\/krimispass.ch\\\/swiss\\\/naturpark-thal\\\/#primaryimage\"},\"image\":{\"@id\":\"https:\\\/\\\/krimispass.ch\\\/swiss\\\/naturpark-thal\\\/#primaryimage\"},\"thumbnailUrl\":\"https:\\\/\\\/krimispass.ch\\\/swiss\\\/wp-content\\\/uploads\\\/2019\\\/01\\\/banner_naturpark-thal.jpg\",\"datePublished\":\"2017-05-28T08:49:38+00:00\",\"dateModified\":\"2023-02-23T17:15:56+00:00\",\"description\":\"Werde zum SHERLOCK HOLMES von Matzendorf. Bei diesem Krimi bist du der Kommissar!\",\"breadcrumb\":{\"@id\":\"https:\\\/\\\/krimispass.ch\\\/swiss\\\/naturpark-thal\\\/#breadcrumb\"},\"inLanguage\":\"de\",\"potentialAction\":[{\"@type\":\"ReadAction\",\"target\":[\"https:\\\/\\\/krimispass.ch\\\/swiss\\\/naturpark-thal\\\/\"]}]},{\"@type\":\"ImageObject\",\"inLanguage\":\"de\",\"@id\":\"https:\\\/\\\/krimispass.ch\\\/swiss\\\/naturpark-thal\\\/#primaryimage\",\"url\":\"https:\\\/\\\/krimispass.ch\\\/swiss\\\/wp-content\\\/uploads\\\/2019\\\/01\\\/banner_naturpark-thal.jpg\",\"contentUrl\":\"https:\\\/\\\/krimispass.ch\\\/swiss\\\/wp-content\\\/uploads\\\/2019\\\/01\\\/banner_naturpark-thal.jpg\",\"width\":1200,\"height\":315,\"caption\":\"Banner - Naturpark Thal\"},{\"@type\":\"BreadcrumbList\",\"@id\":\"https:\\\/\\\/krimispass.ch\\\/swiss\\\/naturpark-thal\\\/#breadcrumb\",\"itemListElement\":[{\"@type\":\"ListItem\",\"position\":1,\"name\":\"Startseite\",\"item\":\"https:\\\/\\\/krimispass.ch\\\/swiss\\\/\"},{\"@type\":\"ListItem\",\"position\":2,\"name\":\"KrimiSpass im Naturpark Thal\"}]},{\"@type\":\"WebSite\",\"@id\":\"https:\\\/\\\/krimispass.ch\\\/swiss\\\/#website\",\"url\":\"https:\\\/\\\/krimispass.ch\\\/swiss\\\/\",\"name\":\"KrimiSpass\",\"description\":\"Das Outdoor-Krimispiel\",\"potentialAction\":[{\"@type\":\"SearchAction\",\"target\":{\"@type\":\"EntryPoint\",\"urlTemplate\":\"https:\\\/\\\/krimispass.ch\\\/swiss\\\/?s={search_term_string}\"},\"query-input\":{\"@type\":\"PropertyValueSpecification\",\"valueRequired\":true,\"valueName\":\"search_term_string\"}}],\"inLanguage\":\"de\"}]}<\/script>\n<!-- \/ Yoast SEO plugin. -->","yoast_head_json":{"title":"KrimiSpass im Naturpark Thal","description":"Werde zum SHERLOCK HOLMES von Matzendorf. Bei diesem Krimi bist du der Kommissar!","robots":{"index":"index","follow":"follow","max-snippet":"max-snippet:-1","max-image-preview":"max-image-preview:large","max-video-preview":"max-video-preview:-1"},"canonical":"https:\/\/krimispass.ch\/swiss\/naturpark-thal\/","og_locale":"de_DE","og_type":"article","og_title":"KrimiSpass im Naturpark Thal","og_description":"Bei diesem Krimi sind Sie der Kommissar!","og_url":"https:\/\/krimispass.ch\/swiss\/naturpark-thal\/","og_site_name":"KrimiSpass","article_publisher":"https:\/\/www.facebook.com\/KrimiSpass.ch","article_modified_time":"2023-02-23T17:15:56+00:00","og_image":[{"width":2356,"height":1571,"url":"https:\/\/krimispass.ch\/swiss\/wp-content\/uploads\/2017\/02\/titelbild_mit_logo.jpg","type":"image\/jpeg"}],"twitter_card":"summary_large_image","twitter_site":"@KrimiSpass","twitter_misc":{"Gesch\u00e4tzte Lesezeit":"3\u00a0Minuten"},"schema":{"@context":"https:\/\/schema.org","@graph":[{"@type":"WebPage","@id":"https:\/\/krimispass.ch\/swiss\/naturpark-thal\/","url":"https:\/\/krimispass.ch\/swiss\/naturpark-thal\/","name":"KrimiSpass im Naturpark Thal","isPartOf":{"@id":"https:\/\/krimispass.ch\/swiss\/#website"},"primaryImageOfPage":{"@id":"https:\/\/krimispass.ch\/swiss\/naturpark-thal\/#primaryimage"},"image":{"@id":"https:\/\/krimispass.ch\/swiss\/naturpark-thal\/#primaryimage"},"thumbnailUrl":"https:\/\/krimispass.ch\/swiss\/wp-content\/uploads\/2019\/01\/banner_naturpark-thal.jpg","datePublished":"2017-05-28T08:49:38+00:00","dateModified":"2023-02-23T17:15:56+00:00","description":"Werde zum SHERLOCK HOLMES von Matzendorf. Bei diesem Krimi bist du der Kommissar!","breadcrumb":{"@id":"https:\/\/krimispass.ch\/swiss\/naturpark-thal\/#breadcrumb"},"inLanguage":"de","potentialAction":[{"@type":"ReadAction","target":["https:\/\/krimispass.ch\/swiss\/naturpark-thal\/"]}]},{"@type":"ImageObject","inLanguage":"de","@id":"https:\/\/krimispass.ch\/swiss\/naturpark-thal\/#primaryimage","url":"https:\/\/krimispass.ch\/swiss\/wp-content\/uploads\/2019\/01\/banner_naturpark-thal.jpg","contentUrl":"https:\/\/krimispass.ch\/swiss\/wp-content\/uploads\/2019\/01\/banner_naturpark-thal.jpg","width":1200,"height":315,"caption":"Banner - Naturpark Thal"},{"@type":"BreadcrumbList","@id":"https:\/\/krimispass.ch\/swiss\/naturpark-thal\/#breadcrumb","itemListElement":[{"@type":"ListItem","position":1,"name":"Startseite","item":"https:\/\/krimispass.ch\/swiss\/"},{"@type":"ListItem","position":2,"name":"KrimiSpass im Naturpark Thal"}]},{"@type":"WebSite","@id":"https:\/\/krimispass.ch\/swiss\/#website","url":"https:\/\/krimispass.ch\/swiss\/","name":"KrimiSpass","description":"Das Outdoor-Krimispiel","potentialAction":[{"@type":"SearchAction","target":{"@type":"EntryPoint","urlTemplate":"https:\/\/krimispass.ch\/swiss\/?s={search_term_string}"},"query-input":{"@type":"PropertyValueSpecification","valueRequired":true,"valueName":"search_term_string"}}],"inLanguage":"de"}]}},"_links":{"self":[{"href":"https:\/\/krimispass.ch\/swiss\/wp-json\/wp\/v2\/pages\/5347","targetHints":{"allow":["GET"]}}],"collection":[{"href":"https:\/\/krimispass.ch\/swiss\/wp-json\/wp\/v2\/pages"}],"about":[{"href":"https:\/\/krimispass.ch\/swiss\/wp-json\/wp\/v2\/types\/page"}],"author":[{"embeddable":true,"href":"https:\/\/krimispass.ch\/swiss\/wp-json\/wp\/v2\/users\/1"}],"replies":[{"embeddable":true,"href":"https:\/\/krimispass.ch\/swiss\/wp-json\/wp\/v2\/comments?post=5347"}],"version-history":[{"count":10,"href":"https:\/\/krimispass.ch\/swiss\/wp-json\/wp\/v2\/pages\/5347\/revisions"}],"predecessor-version":[{"id":22600,"href":"https:\/\/krimispass.ch\/swiss\/wp-json\/wp\/v2\/pages\/5347\/revisions\/22600"}],"wp:attachment":[{"href":"https:\/\/krimispass.ch\/swiss\/wp-json\/wp\/v2\/media?parent=5347"}],"curies":[{"name":"wp","href":"https:\/\/api.w.org\/{rel}","templated":true}]}}