{"id":3745,"date":"2017-02-05T20:30:53","date_gmt":"2017-02-05T19:30:53","guid":{"rendered":"https:\/\/krimispass.ch\/swiss\/?page_id=3745"},"modified":"2023-08-26T22:41:52","modified_gmt":"2023-08-26T20:41:52","slug":"faq","status":"publish","type":"page","link":"https:\/\/krimispass.ch\/swiss\/faq\/","title":{"rendered":"FAQ"},"content":{"rendered":"<p><strong>Hier finden Sie Antworten auf h\u00e4ufig gestellte Fragen.<\/strong><\/p>\n<p>Haben Sie weitere Fragen oder gibt es nach wie vor Unklarheiten? Gerne d\u00fcrfen Sie sich via <a href=\"https:\/\/krimispass.ch\/chat\" rel=\"noopener noreferrer\" target=\"_blank\">Support-Chat<\/a> oder \u00fcber das <a href=\"https:\/\/krimispass.ch\/swiss\/?page_id=372&#038;via-faq\">Kontaktformular<\/a> an uns wenden. Wir helfen Ihnen gerne weiter.<\/p>\n<p>&nbsp;<\/p>\n<h5>Fragen zum Spiel<\/h5>\n<div class=\"hrf-faq-list\"><article class=\"hrf-entry\" id=\"hrf-entry-11245\">\n                      <h5 class=\"hrf-title close-faq\" data-content-id=\"hrf-content-11245\"><span><\/span>Wie funktioniert das Spiel?<\/h5>\n                     <div class=\"hrf-content\" id=\"hrf-content-11245\"><p>Bei einem KrimiSpass besuchen Sie verschiedene Schaupl\u00e4tze in einer Ortschaft. An jedem dieser Schaupl\u00e4tze befindet sich ein <a href=\"https:\/\/krimispass.ch\/swiss\/wp-content\/uploads\/2018\/04\/beispiel_informationsschild.jpg\">Informationsschild<\/a> &#8211; darauf stehen eine Internetadresse und ein QR-Code. Geben Sie die Internetadresse im Browser Ihres Smartphones ein, oder scannen Sie mit einer Kamera-App den QR-Code. So sammeln Sie wichtige Indizien.<\/p>\n<p>Wenn Sie alle Schaupl\u00e4tze in der angegebenen Reihenfolge besucht haben und die gewonnenen Informationen scharfsinnig kombinieren, k\u00f6nnen Sie den Fall l\u00f6sen und Ihren Tipp online eingeben.<\/p>\n<p><strong>Eine Spielanleitung sowie alle relevanten Informationen zu den Ermittlungen bekommen Sie per E-Mail, wenn Sie sich auf der <a href=\"https:\/\/krimispass.ch\/swiss#standorte\">Seite des gew\u00fcnschten Standorts<\/a> registrieren.<\/strong><\/p>\n<\/div>\n                  <\/article><article class=\"hrf-entry\" id=\"hrf-entry-24328\">\n                      <h5 class=\"hrf-title close-faq\" data-content-id=\"hrf-content-24328\"><span><\/span>Was kostet es?<\/h5>\n                     <div class=\"hrf-content\" id=\"hrf-content-24328\"><p>Die Teilnahme am Spiel ist kostenlos und mit keinen Verpflichtungen verbunden.<\/p>\n<p>Wenn Sie m\u00f6chten, k\u00f6nnen Sie das Projekt mit einem freiwilligen Beitrag <a href=\"https:\/\/krimispass.ch\/swiss\/?page_id=18310\">unterst\u00fctzen<\/a>.<\/p>\n<\/div>\n                  <\/article><article class=\"hrf-entry\" id=\"hrf-entry-3853\">\n                      <h5 class=\"hrf-title close-faq\" data-content-id=\"hrf-content-3853\"><span><\/span>Welche Utensilien ben\u00f6tigt man f\u00fcr die Ermittlungen?<\/h5>\n                     <div class=\"hrf-content\" id=\"hrf-content-3853\"><p>Alles, was Sie f\u00fcr die Spurensuche brauchen, ist ein internetf\u00e4higes Smartphone. Ausserdem empfiehlt es sich, Papier, Schreibzeug und ggf. Kopfh\u00f6rer dabeizuhaben &#8211; um sich unterwegs die multimedialen Inhalte ungest\u00f6rt anzuh\u00f6ren.<\/p>\n<\/div>\n                  <\/article><article class=\"hrf-entry\" id=\"hrf-entry-12144\">\n                      <h5 class=\"hrf-title close-faq\" data-content-id=\"hrf-content-12144\"><span><\/span>Braucht man f\u00fcr das Spiel eine App?<\/h5>\n                     <div class=\"hrf-content\" id=\"hrf-content-12144\"><p>Nein. Das Spiel funktioniert mittels einer mobilen Webseite, die sich direkt im Internetbrowser Ihres Smartphones \u00f6ffnen l\u00e4sst. Die Installation einer App ist nicht erforderlich.<\/p>\n<\/div>\n                  <\/article><article class=\"hrf-entry\" id=\"hrf-entry-3844\">\n                      <h5 class=\"hrf-title close-faq\" data-content-id=\"hrf-content-3844\"><span><\/span>Wie lange dauert das Spiel?<\/h5>\n                     <div class=\"hrf-content\" id=\"hrf-content-3844\"><p>Dies ist abh\u00e4ngig davon, in welcher Ortschaft Sie den KrimiSpass spielen. Auf den Startseiten der verschiedenen Standorte finden Sie jeweils einen Hinweis, wie lange Sie f\u00fcr die Ermittlungen einplanen sollten.<\/p>\n<\/div>\n                  <\/article><article class=\"hrf-entry\" id=\"hrf-entry-3839\">\n                      <h5 class=\"hrf-title close-faq\" data-content-id=\"hrf-content-3839\"><span><\/span>Kann das Spiel rund um die Uhr gespielt werden?<\/h5>\n                     <div class=\"hrf-content\" id=\"hrf-content-3839\"><p>Ja, das Spiel kann zu jeder Tages- und Nachtzeit gespielt werden. Wir bitten Sie, auf Anwohner entsprechend R\u00fccksicht zu nehmen.<\/p>\n<\/div>\n                  <\/article><article class=\"hrf-entry\" id=\"hrf-entry-3842\">\n                      <h5 class=\"hrf-title close-faq\" data-content-id=\"hrf-content-3842\"><span><\/span>Kann das Spiel zu jeder Jahreszeit gespielt werden?<\/h5>\n                     <div class=\"hrf-content\" id=\"hrf-content-3842\"><p>Ja, das Spiel kann das ganze Jahr \u00fcber gespielt werden.<\/p>\n<\/div>\n                  <\/article><article class=\"hrf-entry\" id=\"hrf-entry-5921\">\n                      <h5 class=\"hrf-title close-faq\" data-content-id=\"hrf-content-5921\"><span><\/span>Muss man sich registrieren?<\/h5>\n                     <div class=\"hrf-content\" id=\"hrf-content-5921\"><p>Ja. Um einen KrimiSpass zu spielen, m\u00fcssen Sie sich auf der <a href=\"https:\/\/krimispass.ch\/swiss#standorte\">Seite des gew\u00fcnschten Standorts<\/a> registrieren. Dies dient zur Auswertung, wie viele Personen teilnehmen.<\/p>\n<p>Sie k\u00f6nnen die Anmeldung einige Tage vor den geplanten Ermittlungen vornehmen, wenn Sie sich bereits vorg\u00e4ngig mit der Spielanleitung vertraut machen wollen. Diese bekommen Sie &#8211; nach erfolgter Registrierung &#8211; per E-Mail zugestellt.<\/p>\n<\/div>\n                  <\/article><article class=\"hrf-entry\" id=\"hrf-entry-5905\">\n                      <h5 class=\"hrf-title close-faq\" data-content-id=\"hrf-content-5905\"><span><\/span>Ist eine Reservation notwendig?<\/h5>\n                     <div class=\"hrf-content\" id=\"hrf-content-5905\"><p>Nein, eine Reservation oder Voranmeldung ist nicht erforderlich. Sie k\u00f6nnen die Ermittlungen in Angriff nehmen, wann immer Sie wollen.<\/p>\n<p>Um einen KrimiSpass zu spielen, m\u00fcssen Sie sich jedoch auf der <a href=\"https:\/\/krimispass.ch\/swiss#standorte\">Seite des gew\u00fcnschten Standorts<\/a> registrieren. Dies dient zur Auswertung, wie viele Personen teilnehmen.<\/p>\n<p>Sie k\u00f6nnen die Anmeldung einige Tage vor den geplanten Ermittlungen vornehmen, wenn Sie sich bereits vorg\u00e4ngig mit der Spielanleitung vertraut machen wollen. Diese bekommen Sie &#8211; nach erfolgter Registrierung &#8211; per E-Mail zugestellt.<\/p>\n<\/div>\n                  <\/article><article class=\"hrf-entry\" id=\"hrf-entry-3858\">\n                      <h5 class=\"hrf-title close-faq\" data-content-id=\"hrf-content-3858\"><span><\/span>Ist das Spiel f\u00fcr Gruppen geeignet?<\/h5>\n                     <div class=\"hrf-content\" id=\"hrf-content-3858\"><p>Ja, das Spiel kann allein oder als gemeinsames Gruppenerlebnis gespielt werden. Bei gr\u00f6sseren Gruppen empfiehlt es sich, verschiedene Teams (idealerweise 4-6 Personen) zu bilden. Die Schaupl\u00e4tze sollten in der angegebenen Reihenfolge besucht werden, da die Geschichten chronologisch aufgebaut sind.<\/p>\n<p><strong>Idealerweise registrieren sich alle Teilnehmenden mit ihrer pers\u00f6nlichen E-Mail-Adresse, um die Spielanleitung und alle notwendigen Informationen auf dem Smartphone zu haben \u2013 und um am Ende der Ermittlungen einen pers\u00f6nlichen Tipp abzugeben.<\/strong><\/p>\n<p>Die Anmeldung kann bereits einige Tage vor den geplanten Ermittlungen erfolgen, damit sich die Teilnehmenden mit der Funktionsweise des Spiels vertraut machen k\u00f6nnen.<\/p>\n<\/div>\n                  <\/article><article class=\"hrf-entry\" id=\"hrf-entry-3860\">\n                      <h5 class=\"hrf-title close-faq\" data-content-id=\"hrf-content-3860\"><span><\/span>Ist das Spiel f\u00fcr Kinder geeignet?<\/h5>\n                     <div class=\"hrf-content\" id=\"hrf-content-3860\"><p>Von der Komplexit\u00e4t her sind die F\u00e4lle eher auf Erwachsene oder Jugendliche ausgelegt. In Begleitung von Erwachsenen k\u00f6nnen die Ermittlungen aber durchaus auch Kindern Spass machen. Es gilt jedoch zu beachten, dass es in der Regel um einen Mordfall geht. Es ist Ihnen \u00fcberlassen, welche Texte Sie Ihren Kindern vorlesen wollen und welche nicht.<\/p>\n<p>F\u00fcr Schulklassen empfehlen wir das Spiel ab der Oberstufe (siehe auch FAQ-Eintrag \u201cIst das Spiel f\u00fcr Gruppen geeignet?\u201d).<\/p>\n<\/div>\n                  <\/article><article class=\"hrf-entry\" id=\"hrf-entry-10957\">\n                      <h5 class=\"hrf-title close-faq\" data-content-id=\"hrf-content-10957\"><span><\/span>Gibt es das Spiel auch in anderen Sprachen?<\/h5>\n                     <div class=\"hrf-content\" id=\"hrf-content-10957\"><p>Einige KrimiSpass-Rundg\u00e4nge sind, neben Deutsch, auch in weiteren Sprachen verf\u00fcgbar.<\/p>\n<p>Unter <a href=\"https:\/\/krimispass.ch\/swiss\/?page_id=20918\">diesem Link<\/a> finden Sie eine entsprechende \u00dcbersicht.<\/p>\n<\/div>\n                  <\/article><article class=\"hrf-entry\" id=\"hrf-entry-4439\">\n                      <h5 class=\"hrf-title close-faq\" data-content-id=\"hrf-content-4439\"><span><\/span>Was tun, wenn ich nach der Anmeldung keine E-Mail erhalte?<\/h5>\n                     <div class=\"hrf-content\" id=\"hrf-content-4439\"><p>Wenn Sie nach erfolgter Anmeldung nicht innert wenigen Minuten eine E-Mail mit weiteren Informationen zum Spiel erhalten, \u00fcberpr\u00fcfen Sie bitte Ihren SPAM-Ordner. Ist die E-Mail auch dort nicht zu finden, versuchen Sie es bitte erneut \u2013 ggf. mit einer anderen E-Mail-Adresse.<\/p>\n<p>Bringt auch dies keinen Erfolg, kontaktieren Sie uns bitte via <a href=\"https:\/\/krimispass.ch\/chat\" rel=\"noopener noreferrer\" target=\"_blank\">Support-Chat<\/a> oder \u00fcber das <a href=\"https:\/\/krimispass.ch\/swiss\/?page_id=372\">Kontaktformular<\/a>.<\/p>\n<\/div>\n                  <\/article><article class=\"hrf-entry\" id=\"hrf-entry-3790\">\n                      <h5 class=\"hrf-title close-faq\" data-content-id=\"hrf-content-3790\"><span><\/span>Was tun, wenn ich ein Informationsschild nicht finde?<\/h5>\n                     <div class=\"hrf-content\" id=\"hrf-content-3790\"><p>Ist ein Informationsschild nicht auffindbar, nicht lesbar oder nicht zug\u00e4nglich, unterst\u00fctzt Sie der automatische Hilfe-Assistent. So k\u00f6nnen Sie Ihre Ermittlungen trotzdem fortsetzen. Den Link dazu finden Sie in der E-Mail, die Sie bei der Anmeldung zu einem KrimiSpass erhalten.<\/p>\n<\/div>\n                  <\/article><article class=\"hrf-entry\" id=\"hrf-entry-10962\">\n                      <h5 class=\"hrf-title close-faq\" data-content-id=\"hrf-content-10962\"><span><\/span>Was tun, wenn der Link auf einem Schild nicht funktioniert?<\/h5>\n                     <div class=\"hrf-content\" id=\"hrf-content-10962\"><p>Sollte die angegebene Internetadresse auf einem der Informationsschilder nicht funktionieren, versuchen Sie es bitte erneut. Stellen Sie dabei sicher, dass Sie die Adresse genau so im Browser eingeben, wie sie auf dem Schild steht.<\/p>\n<p>Falls Sie nach der Eingabe eine Auswahl verschiedener Webseiten erhalten, liegt es vermutlich daran, dass Sie die Adresse im Google-Suchfeld anstatt in der Adressleiste des Browsers (oben) eingegeben haben.<\/p>\n<p>&nbsp;<br \/>\n<img loading=\"lazy\" decoding=\"async\" src=\"https:\/\/krimispass.ch\/swiss\/wp-content\/uploads\/2020\/07\/eingabefeld.jpg\" alt=\"Eingabefeld f\u00fcr Adresse\" width=\"375\" height=\"565\" class=\"alignnone size-full wp-image-16094\" srcset=\"https:\/\/krimispass.ch\/swiss\/wp-content\/uploads\/2020\/07\/eingabefeld.jpg 750w, https:\/\/krimispass.ch\/swiss\/wp-content\/uploads\/2020\/07\/eingabefeld-199x300.jpg 199w, https:\/\/krimispass.ch\/swiss\/wp-content\/uploads\/2020\/07\/eingabefeld-679x1024.jpg 679w, https:\/\/krimispass.ch\/swiss\/wp-content\/uploads\/2020\/07\/eingabefeld-230x347.jpg 230w, https:\/\/krimispass.ch\/swiss\/wp-content\/uploads\/2020\/07\/eingabefeld-350x528.jpg 350w, https:\/\/krimispass.ch\/swiss\/wp-content\/uploads\/2020\/07\/eingabefeld-480x724.jpg 480w\" sizes=\"auto, (max-width: 375px) 100vw, 375px\" \/><\/p>\n<\/div>\n                  <\/article><\/div>\n<p>&nbsp;<br \/>\n&nbsp;<\/p>\n<h5>Allgemeine Fragen<\/h5>\n<div class=\"hrf-faq-list\"><article class=\"hrf-entry\" id=\"hrf-entry-3782\">\n                      <h5 class=\"hrf-title close-faq\" data-content-id=\"hrf-content-3782\"><span><\/span>Was ist KrimiSpass?<\/h5>\n                     <div class=\"hrf-content\" id=\"hrf-content-3782\"><p>KrimiSpass sind interaktive Abenteuer, die allein oder als Gruppe an <a href=\"https:\/\/krimispass.ch\/swiss#standorte\">verschiedenen Orten<\/a> in der Schweiz gespielt werden k\u00f6nnen. Mittels Smartphone wird man Schritt f\u00fcr Schritt durch einen kniffligen Kriminalfall gef\u00fchrt, den es aufzukl\u00e4ren gilt.<\/p>\n<p><a href=\"https:\/\/krimispass.ch\/swiss\/?page_id=3503\">Klicken Sie hier<\/a>, um mehr zu erfahren.<\/p>\n<\/div>\n                  <\/article><article class=\"hrf-entry\" id=\"hrf-entry-22395\">\n                      <h5 class=\"hrf-title close-faq\" data-content-id=\"hrf-content-22395\"><span><\/span>Wer steckt hinter KrimiSpass?<\/h5>\n                     <div class=\"hrf-content\" id=\"hrf-content-22395\"><p>KrimiSpass ist ein Angebot von <a href=\"https:\/\/tourify.ch\" rel=\"noopener noreferrer\" target=\"_blank\">Tourify | Die Erlebnis-Schmiede<\/a>.<\/p>\n<p>Tourify ist ein junges Schweizer Unternehmen, spezialisiert auf die Realisierung von innovativen Freizeit- und Tourismusangeboten.<\/p>\n<p>Unsere Passion liegt in der Schaffung neuartiger Erlebnisse, die begeistern. Ob multimediale Themenwege, spannende R\u00e4tsel-Trails oder interaktive Krimi-Abenteuer \u2013 wir lieben es, Menschen zu unterhalten und zu inspirieren.<\/p>\n<\/div>\n                  <\/article><article class=\"hrf-entry\" id=\"hrf-entry-18359\">\n                      <h5 class=\"hrf-title close-faq\" data-content-id=\"hrf-content-18359\"><span><\/span>Wie wird KrimiSpass finanziert?<\/h5>\n                     <div class=\"hrf-content\" id=\"hrf-content-18359\"><p>Die Teilnahme an den KrimiSpass-Trails ist kostenlos. Die Rundg\u00e4nge werden in erster Linie durch die anbietenden Gemeinden, durch Verkehrs- und Gewerbevereine oder durch lokale Tourismus-Organisationen finanziert.<\/p>\n<p>Weitere Unterst\u00fctzung erh\u00e4lt das Projekt von verschiedenen Sponsoren und G\u00f6nnern.<\/p>\n<p><a href=\"https:\/\/krimispass.ch\/swiss\/?page_id=204\">Informationen f\u00fcr interessierte Gemeinden und Tourismus-Regionen<\/a><\/p>\n<p><a href=\"https:\/\/krimispass.ch\/swiss\/?page_id=731\">Informationen zu den Sponsoring-Paketen<\/a><\/p>\n<p><a href=\"https:\/\/krimispass.ch\/swiss\/?page_id=18310\">Informationen f\u00fcr G\u00f6nner\/innen<\/a><\/p>\n<\/div>\n                  <\/article><article class=\"hrf-entry\" id=\"hrf-entry-10580\">\n                      <h5 class=\"hrf-title close-faq\" data-content-id=\"hrf-content-10580\"><span><\/span>Wo \u00fcberall kann KrimiSpass gespielt werden?<\/h5>\n                     <div class=\"hrf-content\" id=\"hrf-content-10580\"><p>Die Krimi-Abenteuer k\u00f6nnen das ganze Jahr \u00fcber an verschiedenen Orten in der Schweiz gespielt werden.<\/p>\n<p><a href=\"https:\/\/krimispass.ch\/swiss#standorte\">Klicken Sie hier<\/a>, um eine \u00dcbersicht der verschiedenen Standorte zu erhalten.<\/p>\n<\/div>\n                  <\/article><article class=\"hrf-entry\" id=\"hrf-entry-3788\">\n                      <h5 class=\"hrf-title close-faq\" data-content-id=\"hrf-content-3788\"><span><\/span>Ein KrimiSpass in unserer Gemeinde\/Region?<\/h5>\n                     <div class=\"hrf-content\" id=\"hrf-content-3788\"><p>Wir sind daran interessiert, in weiteren Regionen der Schweiz interaktive Erlebnis-Krimis zu realisieren. Warum nicht auch in Ihrer Gemeinde oder Tourismus-Destination?<\/p>\n<p><a href=\"https:\/\/krimispass.ch\/swiss\/?page_id=204\">Klicken Sie hier<\/a>, um mehr zu erfahren.<\/p>\n<\/div>\n                  <\/article><article class=\"hrf-entry\" id=\"hrf-entry-12141\">\n                      <h5 class=\"hrf-title close-faq\" data-content-id=\"hrf-content-12141\"><span><\/span>Ein KrimiSpass in unserem Hotel\/Resort?<\/h5>\n                     <div class=\"hrf-content\" id=\"hrf-content-12141\"><p>KrimiSpass gibt&#8217;s auch f\u00fcr Hotels und Resorts.<\/p>\n<p>Bieten Sie Ihren G\u00e4sten etwas Besonderes! Mit KrimiSpass wird der Aufenthalt bei Ihnen zu einem unvergesslich m\u00f6rderischen Erlebnis.<\/p>\n<p><a href=\"https:\/\/krimispass.ch\/swiss\/?page_id=11834\">Klicken Sie hier<\/a>, um mehr zu erfahren.<\/p>\n<\/div>\n                  <\/article><article class=\"hrf-entry\" id=\"hrf-entry-12142\">\n                      <h5 class=\"hrf-title close-faq\" data-content-id=\"hrf-content-12142\"><span><\/span>Ein KrimiSpass an unserem Firmen-Event?<\/h5>\n                     <div class=\"hrf-content\" id=\"hrf-content-12142\"><p>Steht in Ihrer Firma ein Jubil\u00e4um an oder planen Sie einen Kundenanlass? Mit KrimiSpass wird Ihr Event zu einem einzigartig m\u00f6rderischen Erlebnis, das so schnell keiner vergessen wird.<\/p>\n<p><a href=\"https:\/\/krimispass.ch\/swiss\/?page_id=10788\">Klicken Sie hier<\/a>, um mehr zu erfahren.<\/p>\n<\/div>\n                  <\/article><article class=\"hrf-entry\" id=\"hrf-entry-3787\">\n                      <h5 class=\"hrf-title close-faq\" data-content-id=\"hrf-content-3787\"><span><\/span>Wie kann ich Sponsor werden und mit KrimiSpass werben?<\/h5>\n                     <div class=\"hrf-content\" id=\"hrf-content-3787\"><p>Sie haben die M\u00f6glichkeit, als Sponsor von KrimiSpass aufzutreten und tausende Besucher\/innen mit Ihrer Werbung zu erreichen.<\/p>\n<p><a href=\"https:\/\/krimispass.ch\/swiss\/?page_id=731\">Klicken Sie hier<\/a>, um mehr zu erfahren.<\/p>\n<\/div>\n                  <\/article><article class=\"hrf-entry\" id=\"hrf-entry-18337\">\n                      <h5 class=\"hrf-title close-faq\" data-content-id=\"hrf-content-18337\"><span><\/span>Wie kann ich KrimiSpass-G\u00f6nner\/in werden?<\/h5>\n                     <div class=\"hrf-content\" id=\"hrf-content-18337\"><p>Als G\u00f6nner\/in von KrimiSpass unterst\u00fctzen Sie uns dabei, das kostenlose Angebot weiter auszubauen.<\/p>\n<p><a href=\"https:\/\/krimispass.ch\/swiss\/?page_id=18310\">Klicken Sie hier<\/a>, um mehr zu erfahren.<\/p>\n<\/div>\n                  <\/article><article class=\"hrf-entry\" id=\"hrf-entry-3758\">\n                      <h5 class=\"hrf-title close-faq\" data-content-id=\"hrf-content-3758\"><span><\/span>Wo finde ich Neuigkeiten von KrimiSpass.ch?<\/h5>\n                     <div class=\"hrf-content\" id=\"hrf-content-3758\"><p>Die aktuellsten News zum KrimiSpass finden Sie auf den folgenden Kan\u00e4len:<\/p>\n<p><a href=\"https:\/\/krimispass.ch\/swiss\/?page_id=1825\">KrimiSpass Blog<\/a><br \/>\n<a href=\"https:\/\/krimispass.ch\/swiss\/?page_id=3518\">Newsletter<\/a><br \/>\n<a href=\"https:\/\/krimispass.ch\/whatsapp\" rel=\"noopener noreferrer\" target=\"_blank\">WhatsApp-Kanal<\/a><br \/>\n<a href=\"https:\/\/www.facebook.com\/KrimiSpass.ch\" rel=\"noopener noreferrer\" target=\"_blank\">Facebook<\/a><br \/>\n<a href=\"https:\/\/www.instagram.com\/KrimiSpass.ch\" rel=\"noopener noreferrer\" target=\"_blank\">Instagram<\/a><br \/>\n<a href=\"https:\/\/www.x.com\/KrimiSpass\" rel=\"noopener noreferrer\" target=\"_blank\">X (ehemals Twitter)<\/a><br \/>\n<a href=\"https:\/\/www.linkedin.com\/company\/KrimiSpass.ch\" rel=\"noopener noreferrer\" target=\"_blank\">LinkedIn<\/a><\/p>\n<\/div>\n                  <\/article><article class=\"hrf-entry\" id=\"hrf-entry-20122\">\n                      <h5 class=\"hrf-title close-faq\" data-content-id=\"hrf-content-20122\"><span><\/span>Was ist Augmented Reality?<\/h5>\n                     <div class=\"hrf-content\" id=\"hrf-content-20122\"><p>Die interaktiven Kriminalf\u00e4lle sind mit 3D-Objekten angereichert, die sich bei den Ermittlungen in die Umgebung projizieren lassen.<\/p>\n<p><a href=\"https:\/\/krimispass.ch\/swiss\/?page_id=20100\">Klicken Sie hier<\/a>, um mehr zu erfahren.<\/p>\n<\/div>\n                  <\/article><\/div>\n","protected":false},"excerpt":{"rendered":"<p>Hier finden Sie Antworten auf h\u00e4ufig gestellte Fragen. Haben Sie weitere Fragen oder gibt es nach wie vor Unklarheiten? Gerne d\u00fcrfen Sie [&hellip;]<\/p>\n","protected":false},"author":1,"featured_media":0,"parent":0,"menu_order":55,"comment_status":"closed","ping_status":"closed","template":"","meta":{"content-type":"","footnotes":""},"class_list":["post-3745","page","type-page","status-publish","hentry"],"yoast_head":"<!-- This site is optimized with the Yoast SEO plugin v27.4 - https:\/\/yoast.com\/product\/yoast-seo-wordpress\/ -->\n<title>FAQ | KrimiSpass<\/title>\n<meta name=\"description\" content=\"Hier finden Sie Antworten auf die h\u00e4ufigsten Fragen zu KrimiSpass.\" \/>\n<meta name=\"robots\" content=\"index, follow, max-snippet:-1, max-image-preview:large, max-video-preview:-1\" \/>\n<link rel=\"canonical\" href=\"https:\/\/krimispass.ch\/swiss\/faq\/\" \/>\n<meta property=\"og:locale\" content=\"de_DE\" \/>\n<meta property=\"og:type\" content=\"article\" \/>\n<meta property=\"og:title\" content=\"FAQ | KrimiSpass\" \/>\n<meta property=\"og:description\" content=\"Hier finden Sie Antworten auf die h\u00e4ufigsten Fragen zu KrimiSpass.\" \/>\n<meta property=\"og:url\" content=\"https:\/\/krimispass.ch\/swiss\/faq\/\" \/>\n<meta property=\"og:site_name\" content=\"KrimiSpass\" \/>\n<meta property=\"article:publisher\" content=\"https:\/\/www.facebook.com\/KrimiSpass.ch\" \/>\n<meta property=\"article:modified_time\" content=\"2023-08-26T20:41:52+00:00\" \/>\n<meta property=\"og:image\" content=\"https:\/\/krimispass.ch\/swiss\/wp-content\/uploads\/2017\/02\/titelbild_mit_logo.jpg\" \/>\n\t<meta property=\"og:image:width\" content=\"2356\" \/>\n\t<meta property=\"og:image:height\" content=\"1571\" \/>\n\t<meta property=\"og:image:type\" content=\"image\/jpeg\" \/>\n<meta name=\"twitter:card\" content=\"summary_large_image\" \/>\n<meta name=\"twitter:site\" content=\"@KrimiSpass\" \/>\n<meta name=\"twitter:label1\" content=\"Gesch\u00e4tzte Lesezeit\" \/>\n\t<meta name=\"twitter:data1\" content=\"1\u00a0Minute\" \/>\n<script type=\"application\/ld+json\" class=\"yoast-schema-graph\">{\"@context\":\"https:\\\/\\\/schema.org\",\"@graph\":[{\"@type\":\"WebPage\",\"@id\":\"https:\\\/\\\/krimispass.ch\\\/swiss\\\/faq\\\/\",\"url\":\"https:\\\/\\\/krimispass.ch\\\/swiss\\\/faq\\\/\",\"name\":\"FAQ | KrimiSpass\",\"isPartOf\":{\"@id\":\"https:\\\/\\\/krimispass.ch\\\/swiss\\\/#website\"},\"datePublished\":\"2017-02-05T19:30:53+00:00\",\"dateModified\":\"2023-08-26T20:41:52+00:00\",\"description\":\"Hier finden Sie Antworten auf die h\u00e4ufigsten Fragen zu KrimiSpass.\",\"breadcrumb\":{\"@id\":\"https:\\\/\\\/krimispass.ch\\\/swiss\\\/faq\\\/#breadcrumb\"},\"inLanguage\":\"de\",\"potentialAction\":[{\"@type\":\"ReadAction\",\"target\":[\"https:\\\/\\\/krimispass.ch\\\/swiss\\\/faq\\\/\"]}]},{\"@type\":\"BreadcrumbList\",\"@id\":\"https:\\\/\\\/krimispass.ch\\\/swiss\\\/faq\\\/#breadcrumb\",\"itemListElement\":[{\"@type\":\"ListItem\",\"position\":1,\"name\":\"Startseite\",\"item\":\"https:\\\/\\\/krimispass.ch\\\/swiss\\\/\"},{\"@type\":\"ListItem\",\"position\":2,\"name\":\"FAQ\"}]},{\"@type\":\"WebSite\",\"@id\":\"https:\\\/\\\/krimispass.ch\\\/swiss\\\/#website\",\"url\":\"https:\\\/\\\/krimispass.ch\\\/swiss\\\/\",\"name\":\"KrimiSpass\",\"description\":\"Das Outdoor-Krimispiel\",\"potentialAction\":[{\"@type\":\"SearchAction\",\"target\":{\"@type\":\"EntryPoint\",\"urlTemplate\":\"https:\\\/\\\/krimispass.ch\\\/swiss\\\/?s={search_term_string}\"},\"query-input\":{\"@type\":\"PropertyValueSpecification\",\"valueRequired\":true,\"valueName\":\"search_term_string\"}}],\"inLanguage\":\"de\"}]}<\/script>\n<!-- \/ Yoast SEO plugin. -->","yoast_head_json":{"title":"FAQ | KrimiSpass","description":"Hier finden Sie Antworten auf die h\u00e4ufigsten Fragen zu KrimiSpass.","robots":{"index":"index","follow":"follow","max-snippet":"max-snippet:-1","max-image-preview":"max-image-preview:large","max-video-preview":"max-video-preview:-1"},"canonical":"https:\/\/krimispass.ch\/swiss\/faq\/","og_locale":"de_DE","og_type":"article","og_title":"FAQ | KrimiSpass","og_description":"Hier finden Sie Antworten auf die h\u00e4ufigsten Fragen zu KrimiSpass.","og_url":"https:\/\/krimispass.ch\/swiss\/faq\/","og_site_name":"KrimiSpass","article_publisher":"https:\/\/www.facebook.com\/KrimiSpass.ch","article_modified_time":"2023-08-26T20:41:52+00:00","og_image":[{"width":2356,"height":1571,"url":"https:\/\/krimispass.ch\/swiss\/wp-content\/uploads\/2017\/02\/titelbild_mit_logo.jpg","type":"image\/jpeg"}],"twitter_card":"summary_large_image","twitter_site":"@KrimiSpass","twitter_misc":{"Gesch\u00e4tzte Lesezeit":"1\u00a0Minute"},"schema":{"@context":"https:\/\/schema.org","@graph":[{"@type":"WebPage","@id":"https:\/\/krimispass.ch\/swiss\/faq\/","url":"https:\/\/krimispass.ch\/swiss\/faq\/","name":"FAQ | KrimiSpass","isPartOf":{"@id":"https:\/\/krimispass.ch\/swiss\/#website"},"datePublished":"2017-02-05T19:30:53+00:00","dateModified":"2023-08-26T20:41:52+00:00","description":"Hier finden Sie Antworten auf die h\u00e4ufigsten Fragen zu KrimiSpass.","breadcrumb":{"@id":"https:\/\/krimispass.ch\/swiss\/faq\/#breadcrumb"},"inLanguage":"de","potentialAction":[{"@type":"ReadAction","target":["https:\/\/krimispass.ch\/swiss\/faq\/"]}]},{"@type":"BreadcrumbList","@id":"https:\/\/krimispass.ch\/swiss\/faq\/#breadcrumb","itemListElement":[{"@type":"ListItem","position":1,"name":"Startseite","item":"https:\/\/krimispass.ch\/swiss\/"},{"@type":"ListItem","position":2,"name":"FAQ"}]},{"@type":"WebSite","@id":"https:\/\/krimispass.ch\/swiss\/#website","url":"https:\/\/krimispass.ch\/swiss\/","name":"KrimiSpass","description":"Das Outdoor-Krimispiel","potentialAction":[{"@type":"SearchAction","target":{"@type":"EntryPoint","urlTemplate":"https:\/\/krimispass.ch\/swiss\/?s={search_term_string}"},"query-input":{"@type":"PropertyValueSpecification","valueRequired":true,"valueName":"search_term_string"}}],"inLanguage":"de"}]}},"_links":{"self":[{"href":"https:\/\/krimispass.ch\/swiss\/wp-json\/wp\/v2\/pages\/3745","targetHints":{"allow":["GET"]}}],"collection":[{"href":"https:\/\/krimispass.ch\/swiss\/wp-json\/wp\/v2\/pages"}],"about":[{"href":"https:\/\/krimispass.ch\/swiss\/wp-json\/wp\/v2\/types\/page"}],"author":[{"embeddable":true,"href":"https:\/\/krimispass.ch\/swiss\/wp-json\/wp\/v2\/users\/1"}],"replies":[{"embeddable":true,"href":"https:\/\/krimispass.ch\/swiss\/wp-json\/wp\/v2\/comments?post=3745"}],"version-history":[{"count":10,"href":"https:\/\/krimispass.ch\/swiss\/wp-json\/wp\/v2\/pages\/3745\/revisions"}],"predecessor-version":[{"id":23164,"href":"https:\/\/krimispass.ch\/swiss\/wp-json\/wp\/v2\/pages\/3745\/revisions\/23164"}],"wp:attachment":[{"href":"https:\/\/krimispass.ch\/swiss\/wp-json\/wp\/v2\/media?parent=3745"}],"curies":[{"name":"wp","href":"https:\/\/api.w.org\/{rel}","templated":true}]}}