{"id":3503,"date":"2017-02-03T15:54:39","date_gmt":"2017-02-03T14:54:39","guid":{"rendered":"https:\/\/krimispass.ch\/swiss\/?page_id=3503"},"modified":"2025-03-28T10:31:04","modified_gmt":"2025-03-28T09:31:04","slug":"about","status":"publish","type":"page","link":"https:\/\/krimispass.ch\/swiss\/about\/","title":{"rendered":"About"},"content":{"rendered":"<p><strong>KrimiSpass sind interaktive Krimi-Trails f\u00fcr Jung und Alt.<\/strong><\/p>\n<p>Die Abenteuer k\u00f6nnen das ganze Jahr \u00fcber an verschiedenen Orten in der Schweiz gespielt werden. Sie bestimmen selbst, wo und wann Sie ermitteln. Die Teilnahme ist kostenlos. Alles, was Sie f\u00fcr die Spurensuche brauchen, ist ein Smartphone.<\/p>\n<p>Nehmen Sie die Ermittlungen auf und lassen Sie sich entf\u00fchren in spannende Abenteuer voller R\u00e4tsel, Geheimnisse und unerwartete Wendungen. Bei diesen Krimis sind Sie der Kommissar!<\/p>\n<p>KrimiSpass ist ein Angebot von <a href=\"https:\/\/tourify.ch\" target=\"_blank\" rel=\"noopener noreferrer\">Tourify | Die Erlebnis-Schmiede<\/a>.<\/p>\n<p><iframe loading=\"lazy\" src=\"https:\/\/www.youtube.com\/embed\/NvFrUE8laY4?rel=0\" width=\"800\" height=\"450\" frameborder=\"0\" allowfullscreen=\"allowfullscreen\"><\/iframe><\/p>\n<p>&nbsp;<\/p>\n<h4>In Gedenken an David Baumgartner<\/h4>\n<figure id=\"attachment_24842\" aria-describedby=\"caption-attachment-24842\" style=\"width: 175px\" class=\"wp-caption alignleft\"><img loading=\"lazy\" decoding=\"async\" class=\" wp-image-24842\" src=\"https:\/\/krimispass.ch\/swiss\/wp-content\/uploads\/2025\/03\/David-Baumgartner_schwarzweiss.png\" alt=\"\" width=\"175\" height=\"175\" srcset=\"https:\/\/krimispass.ch\/swiss\/wp-content\/uploads\/2025\/03\/David-Baumgartner_schwarzweiss.png 1013w, https:\/\/krimispass.ch\/swiss\/wp-content\/uploads\/2025\/03\/David-Baumgartner_schwarzweiss-300x300.png 300w, https:\/\/krimispass.ch\/swiss\/wp-content\/uploads\/2025\/03\/David-Baumgartner_schwarzweiss-150x150.png 150w, https:\/\/krimispass.ch\/swiss\/wp-content\/uploads\/2025\/03\/David-Baumgartner_schwarzweiss-768x768.png 768w, https:\/\/krimispass.ch\/swiss\/wp-content\/uploads\/2025\/03\/David-Baumgartner_schwarzweiss-1000x1000.png 1000w, https:\/\/krimispass.ch\/swiss\/wp-content\/uploads\/2025\/03\/David-Baumgartner_schwarzweiss-230x230.png 230w, https:\/\/krimispass.ch\/swiss\/wp-content\/uploads\/2025\/03\/David-Baumgartner_schwarzweiss-350x350.png 350w, https:\/\/krimispass.ch\/swiss\/wp-content\/uploads\/2025\/03\/David-Baumgartner_schwarzweiss-480x480.png 480w\" sizes=\"auto, (max-width: 175px) 100vw, 175px\" \/><figcaption id=\"caption-attachment-24842\" class=\"wp-caption-text\">20.02.1979 \u2013 21.02.2025<\/figcaption><\/figure>\n<p>Mit grosser Betroffenheit teilen wir mit, dass David Baumgartner v\u00f6llig unerwartet verstorben ist. David war der kreative Kopf hinter KrimiSpass. Mit Leidenschaft und Innovationsgeist hat er interaktive R\u00e4tsel-Abenteuer geschaffen, die Menschen begeistern und verbinden.<\/p>\n<p>Sein Werk wird fortgef\u00fchrt \u2013 KrimiSpass geht weiter und bleibt, was es immer war: eine Plattform f\u00fcr spannende Erlebnisse.<\/p>\n<p>&nbsp;<\/p>\n<p>\ud83d\udce7 F\u00fcr Fragen oder Unklarheiten: d.baechtold@tourify.ch<br \/>\n\ud83d\udcde Telefon: +41 33 520 66 00<\/p>\n<p>\ud83d\udc99 <strong>David, dein Wirken bleibt unvergessen.<\/strong><\/p>\n<p>&nbsp;<\/p>\n<h5><\/h5>\n<h5>\u00dcber den Gr\u00fcnder und die Entstehung von KrimiSpass<\/h5>\n<p>David Baumgartner (1979\u20132025) war der Gr\u00fcnder von KrimiSpass und eine treibende Kraft hinter interaktiven Krimi-Erlebnissen in der Schweiz. Gemeinsam mit seiner Familie lebte er im sch\u00f6nen Berner Oberland.<\/p>\n<p>Schon fr\u00fch entwickelte er eine Leidenschaft f\u00fcr Krimis. Im Jahr 2013 hatte er die Idee f\u00fcr ein digitales Detektiv-Abenteuer, das das ganze Jahr \u00fcber gespielt werden kann. Daraus entstand Krimi in a Box, das erste Outdoor-Krimispiel der Schweiz mit Schaupl\u00e4tzen in Kehrsatz bei Bern.<\/p>\n<p>Das Spiel wurde im Fr\u00fchling 2014 lanciert und fand grossen Anklang in der \u00d6ffentlichkeit. Dies motivierte ihn, weitere interaktive Abenteuer zu entwickeln. Mit Mord am Thunersee (2015) und DAS BUCH (2016) entstanden zwei neue Angebote im Berner Oberland.<\/p>\n<p>Anfangs 2017 wurde mit \u00abKrimiSpass Swiss\u00bb ein weiteres Projekt lanciert, dies in Zusammenarbeit mit verschiedenen Partnern. Anders als bei den bisherigen Abenteuern sind diese Kriminalf\u00e4lle standortunabh\u00e4ngig aufgebaut und k\u00f6nnen in mehreren Ortschaften gleichzeitig gespielt werden. Im Mai 2017 wurden in <a href=\"https:\/\/krimispass.ch\/swiss\/?page_id=668\">Laupen<\/a>, <a href=\"https:\/\/krimispass.ch\/swiss\/?page_id=34\">M\u00fcnsingen<\/a> und in <a href=\"https:\/\/krimispass.ch\/swiss\/?page_id=1192\">Utzenstorf<\/a> die ersten solchen KrimiSpass-Rundg\u00e4nge er\u00f6ffnet. Das Projekt wurde im Rahmen der <a href=\"https:\/\/regiosuisse.ch\/neue-regionalpolitik-nrp\" target=\"_blank\" rel=\"noopener noreferrer\">Regionalpolitik<\/a> vom Bund und vom Kanton Bern unterst\u00fctzt.<\/p>\n<p>Im Jahr 2018 folgten weitere Standorte, mit <a href=\"https:\/\/krimispass.ch\/swiss\/?page_id=8585\">Savognin<\/a> und <a href=\"https:\/\/krimispass.ch\/swiss\/?page_id=8586\">Bivio<\/a> erstmals auch ausserhalb des Kantons Bern. In den darauffolgenden Jahren kamen laufend neue Regionen hinzu, und KrimiSpass entwickelte sich zu einem schweizweit bekannten Erlebnis-Angebot mit j\u00e4hrlich rund 50&#8217;000 Teilnehmenden.<\/p>\n<p>Angetrieben von seiner Leidenschaft entschied er sich im Jahr 2019, seinen Job als Marketingleiter einer IT-Firma an den Nagel zu h\u00e4ngen und sein Hobby zum Beruf zu machen. Gemeinsam mit einem Freund gr\u00fcndete er die <a href=\"https:\/\/tourify.ch\" target=\"_blank\" rel=\"noopener noreferrer\">Tourify GmbH<\/a>, ein auf innovative Freizeit- und Tourismusangebote spezialisiertes Startup-Unternehmen. Sein Engagement und seine Kreativit\u00e4t hinterliessen einen nachhaltigen Einfluss auf die Freizeit- und Tourismuslandschaft der Schweiz. Die von ihm entwickelten Abenteuer werden weiterhin von vielen Menschen erlebt und gesch\u00e4tzt.<\/p>\n<p><strong>Meilensteine von KrimiSpass<br \/>\n<\/strong><\/p>\n<ul>\n<li>Neues Angebot seit Fr\u00fchling 2019: <a href=\"https:\/\/krimispass.ch\/swiss\/?page_id=10788\">KrimiSpass f\u00fcr Ihren Event<\/a><\/li>\n<li>Eintragung KrimiSpass<sup><span style=\"font-size: xx-small;\">\u00ae<\/span><\/sup> als gesch\u00fctzte Marke im August 2019<\/li>\n<li>KrimiSpass in englischer Sprache ab April 2020<\/li>\n<li>Lancierung <a href=\"https:\/\/krimispass.ch\/swiss\/?page_id=11834\">KrimiSpass f\u00fcr Hotels<\/a> im Herbst 2020<\/li>\n<li>Mehrt\u00e4giger <a href=\"https:\/\/jungfrauregion.swiss\/krimispass\" target=\"_blank\" rel=\"noopener noreferrer\">KrimiSpass in der Jungfrau Region<\/a> ab Sommer 2021<\/li>\n<li>Er\u00f6ffnung des ersten <a href=\"https:\/\/krimispass.ch\/swiss\/?p=18967\">KrimiSpass Skigebiets<\/a> der Schweiz im Dezember 2021<\/li>\n<li>Gewinn des <a href=\"https:\/\/krimispass.ch\/swiss\/?p=19225\">Innovationspreises Berner Oberland<\/a> im Januar 2022<\/li>\n<li>Implementierung <a href=\"https:\/\/krimispass.ch\/swiss\/?page_id=20100\">Augmented Reality<\/a> im Januar 2022<\/li>\n<li>KrimiSpass in italienischer Sprache ab Juli 2022<\/li>\n<\/ul>\n<p><iframe loading=\"lazy\" title=\"YouTube video player\" src=\"https:\/\/www.youtube.com\/embed\/-ixVTRDoDGg\" width=\"560\" height=\"315\" frameborder=\"0\" allowfullscreen=\"allowfullscreen\"><\/iframe><\/p>\n<p>Dankbar blicken wir auf die vergangenen Jahre zur\u00fcck und darauf, was David Baumgartner mit KrimiSpass und der <a href=\"https:\/\/tourify.ch\/\">Tourify GmbH<\/a> geschaffen hat. Seine Leidenschaft f\u00fcr interaktive Erlebnisse hat unz\u00e4hlige Menschen begeistert und wird auch in Zukunft weiterleben. Sein Engagement und seine Kreativit\u00e4t hinterlassen ein wertvolles Verm\u00e4chtnis, das weiterhin gepflegt und weiterentwickelt wird.<\/p>\n<p>In Erinnerung an David Baumgartner<br \/>\nTourify | Die Erlebnis-Schmiede<\/p>\n","protected":false},"excerpt":{"rendered":"<p>KrimiSpass sind interaktive Krimi-Trails f\u00fcr Jung und Alt. Die Abenteuer k\u00f6nnen das ganze Jahr \u00fcber an verschiedenen Orten in der Schweiz gespielt [&hellip;]<\/p>\n","protected":false},"author":1,"featured_media":0,"parent":0,"menu_order":48,"comment_status":"closed","ping_status":"closed","template":"","meta":{"content-type":"","footnotes":""},"class_list":["post-3503","page","type-page","status-publish","hentry"],"yoast_head":"<!-- This site is optimized with the Yoast SEO plugin v27.4 - https:\/\/yoast.com\/product\/yoast-seo-wordpress\/ -->\n<title>About | KrimiSpass<\/title>\n<meta name=\"description\" content=\"Erfahren Sie mehr \u00fcber KrimiSpass, den Autor und \u00fcber die Entstehungsgeschichte des schweizweit bekannten Krimispiels.\" \/>\n<meta name=\"robots\" content=\"index, follow, max-snippet:-1, max-image-preview:large, max-video-preview:-1\" \/>\n<link rel=\"canonical\" href=\"https:\/\/krimispass.ch\/swiss\/about\/\" \/>\n<meta property=\"og:locale\" content=\"de_DE\" \/>\n<meta property=\"og:type\" content=\"article\" \/>\n<meta property=\"og:title\" content=\"Es war einmal eine Idee... Die Geschichte von KrimiSpass.\" \/>\n<meta property=\"og:description\" content=\"Erfahren Sie mehr \u00fcber KrimiSpass, den Autor und \u00fcber die Entstehungsgeschichte des schweizweit bekannten Krimispiels.\" \/>\n<meta property=\"og:url\" content=\"https:\/\/krimispass.ch\/swiss\/about\/\" \/>\n<meta property=\"og:site_name\" content=\"KrimiSpass\" \/>\n<meta property=\"article:publisher\" content=\"https:\/\/www.facebook.com\/KrimiSpass.ch\" \/>\n<meta property=\"article:modified_time\" content=\"2025-03-28T09:31:04+00:00\" \/>\n<meta property=\"og:image\" content=\"https:\/\/krimispass.ch\/swiss\/wp-content\/uploads\/2017\/02\/titelbild_mit_logo.jpg\" \/>\n\t<meta property=\"og:image:width\" content=\"2356\" \/>\n\t<meta property=\"og:image:height\" content=\"1571\" \/>\n\t<meta property=\"og:image:type\" content=\"image\/jpeg\" \/>\n<meta name=\"twitter:card\" content=\"summary_large_image\" \/>\n<meta name=\"twitter:site\" content=\"@KrimiSpass\" \/>\n<meta name=\"twitter:label1\" content=\"Gesch\u00e4tzte Lesezeit\" \/>\n\t<meta name=\"twitter:data1\" content=\"4\u00a0Minuten\" \/>\n<script type=\"application\/ld+json\" class=\"yoast-schema-graph\">{\"@context\":\"https:\\\/\\\/schema.org\",\"@graph\":[{\"@type\":\"WebPage\",\"@id\":\"https:\\\/\\\/krimispass.ch\\\/swiss\\\/about\\\/\",\"url\":\"https:\\\/\\\/krimispass.ch\\\/swiss\\\/about\\\/\",\"name\":\"About | KrimiSpass\",\"isPartOf\":{\"@id\":\"https:\\\/\\\/krimispass.ch\\\/swiss\\\/#website\"},\"primaryImageOfPage\":{\"@id\":\"https:\\\/\\\/krimispass.ch\\\/swiss\\\/about\\\/#primaryimage\"},\"image\":{\"@id\":\"https:\\\/\\\/krimispass.ch\\\/swiss\\\/about\\\/#primaryimage\"},\"thumbnailUrl\":\"https:\\\/\\\/krimispass.ch\\\/swiss\\\/wp-content\\\/uploads\\\/2025\\\/03\\\/David-Baumgartner_schwarzweiss.png\",\"datePublished\":\"2017-02-03T14:54:39+00:00\",\"dateModified\":\"2025-03-28T09:31:04+00:00\",\"description\":\"Erfahren Sie mehr \u00fcber KrimiSpass, den Autor und \u00fcber die Entstehungsgeschichte des schweizweit bekannten Krimispiels.\",\"breadcrumb\":{\"@id\":\"https:\\\/\\\/krimispass.ch\\\/swiss\\\/about\\\/#breadcrumb\"},\"inLanguage\":\"de\",\"potentialAction\":[{\"@type\":\"ReadAction\",\"target\":[\"https:\\\/\\\/krimispass.ch\\\/swiss\\\/about\\\/\"]}]},{\"@type\":\"ImageObject\",\"inLanguage\":\"de\",\"@id\":\"https:\\\/\\\/krimispass.ch\\\/swiss\\\/about\\\/#primaryimage\",\"url\":\"https:\\\/\\\/krimispass.ch\\\/swiss\\\/wp-content\\\/uploads\\\/2025\\\/03\\\/David-Baumgartner_schwarzweiss.png\",\"contentUrl\":\"https:\\\/\\\/krimispass.ch\\\/swiss\\\/wp-content\\\/uploads\\\/2025\\\/03\\\/David-Baumgartner_schwarzweiss.png\",\"width\":1013,\"height\":1013,\"caption\":\"20.02.1979 \u2013 21.02.2025\"},{\"@type\":\"BreadcrumbList\",\"@id\":\"https:\\\/\\\/krimispass.ch\\\/swiss\\\/about\\\/#breadcrumb\",\"itemListElement\":[{\"@type\":\"ListItem\",\"position\":1,\"name\":\"Startseite\",\"item\":\"https:\\\/\\\/krimispass.ch\\\/swiss\\\/\"},{\"@type\":\"ListItem\",\"position\":2,\"name\":\"About\"}]},{\"@type\":\"WebSite\",\"@id\":\"https:\\\/\\\/krimispass.ch\\\/swiss\\\/#website\",\"url\":\"https:\\\/\\\/krimispass.ch\\\/swiss\\\/\",\"name\":\"KrimiSpass\",\"description\":\"Das Outdoor-Krimispiel\",\"potentialAction\":[{\"@type\":\"SearchAction\",\"target\":{\"@type\":\"EntryPoint\",\"urlTemplate\":\"https:\\\/\\\/krimispass.ch\\\/swiss\\\/?s={search_term_string}\"},\"query-input\":{\"@type\":\"PropertyValueSpecification\",\"valueRequired\":true,\"valueName\":\"search_term_string\"}}],\"inLanguage\":\"de\"}]}<\/script>\n<!-- \/ Yoast SEO plugin. -->","yoast_head_json":{"title":"About | KrimiSpass","description":"Erfahren Sie mehr \u00fcber KrimiSpass, den Autor und \u00fcber die Entstehungsgeschichte des schweizweit bekannten Krimispiels.","robots":{"index":"index","follow":"follow","max-snippet":"max-snippet:-1","max-image-preview":"max-image-preview:large","max-video-preview":"max-video-preview:-1"},"canonical":"https:\/\/krimispass.ch\/swiss\/about\/","og_locale":"de_DE","og_type":"article","og_title":"Es war einmal eine Idee... Die Geschichte von KrimiSpass.","og_description":"Erfahren Sie mehr \u00fcber KrimiSpass, den Autor und \u00fcber die Entstehungsgeschichte des schweizweit bekannten Krimispiels.","og_url":"https:\/\/krimispass.ch\/swiss\/about\/","og_site_name":"KrimiSpass","article_publisher":"https:\/\/www.facebook.com\/KrimiSpass.ch","article_modified_time":"2025-03-28T09:31:04+00:00","og_image":[{"width":2356,"height":1571,"url":"https:\/\/krimispass.ch\/swiss\/wp-content\/uploads\/2017\/02\/titelbild_mit_logo.jpg","type":"image\/jpeg"}],"twitter_card":"summary_large_image","twitter_site":"@KrimiSpass","twitter_misc":{"Gesch\u00e4tzte Lesezeit":"4\u00a0Minuten"},"schema":{"@context":"https:\/\/schema.org","@graph":[{"@type":"WebPage","@id":"https:\/\/krimispass.ch\/swiss\/about\/","url":"https:\/\/krimispass.ch\/swiss\/about\/","name":"About | KrimiSpass","isPartOf":{"@id":"https:\/\/krimispass.ch\/swiss\/#website"},"primaryImageOfPage":{"@id":"https:\/\/krimispass.ch\/swiss\/about\/#primaryimage"},"image":{"@id":"https:\/\/krimispass.ch\/swiss\/about\/#primaryimage"},"thumbnailUrl":"https:\/\/krimispass.ch\/swiss\/wp-content\/uploads\/2025\/03\/David-Baumgartner_schwarzweiss.png","datePublished":"2017-02-03T14:54:39+00:00","dateModified":"2025-03-28T09:31:04+00:00","description":"Erfahren Sie mehr \u00fcber KrimiSpass, den Autor und \u00fcber die Entstehungsgeschichte des schweizweit bekannten Krimispiels.","breadcrumb":{"@id":"https:\/\/krimispass.ch\/swiss\/about\/#breadcrumb"},"inLanguage":"de","potentialAction":[{"@type":"ReadAction","target":["https:\/\/krimispass.ch\/swiss\/about\/"]}]},{"@type":"ImageObject","inLanguage":"de","@id":"https:\/\/krimispass.ch\/swiss\/about\/#primaryimage","url":"https:\/\/krimispass.ch\/swiss\/wp-content\/uploads\/2025\/03\/David-Baumgartner_schwarzweiss.png","contentUrl":"https:\/\/krimispass.ch\/swiss\/wp-content\/uploads\/2025\/03\/David-Baumgartner_schwarzweiss.png","width":1013,"height":1013,"caption":"20.02.1979 \u2013 21.02.2025"},{"@type":"BreadcrumbList","@id":"https:\/\/krimispass.ch\/swiss\/about\/#breadcrumb","itemListElement":[{"@type":"ListItem","position":1,"name":"Startseite","item":"https:\/\/krimispass.ch\/swiss\/"},{"@type":"ListItem","position":2,"name":"About"}]},{"@type":"WebSite","@id":"https:\/\/krimispass.ch\/swiss\/#website","url":"https:\/\/krimispass.ch\/swiss\/","name":"KrimiSpass","description":"Das Outdoor-Krimispiel","potentialAction":[{"@type":"SearchAction","target":{"@type":"EntryPoint","urlTemplate":"https:\/\/krimispass.ch\/swiss\/?s={search_term_string}"},"query-input":{"@type":"PropertyValueSpecification","valueRequired":true,"valueName":"search_term_string"}}],"inLanguage":"de"}]}},"_links":{"self":[{"href":"https:\/\/krimispass.ch\/swiss\/wp-json\/wp\/v2\/pages\/3503","targetHints":{"allow":["GET"]}}],"collection":[{"href":"https:\/\/krimispass.ch\/swiss\/wp-json\/wp\/v2\/pages"}],"about":[{"href":"https:\/\/krimispass.ch\/swiss\/wp-json\/wp\/v2\/types\/page"}],"author":[{"embeddable":true,"href":"https:\/\/krimispass.ch\/swiss\/wp-json\/wp\/v2\/users\/1"}],"replies":[{"embeddable":true,"href":"https:\/\/krimispass.ch\/swiss\/wp-json\/wp\/v2\/comments?post=3503"}],"version-history":[{"count":17,"href":"https:\/\/krimispass.ch\/swiss\/wp-json\/wp\/v2\/pages\/3503\/revisions"}],"predecessor-version":[{"id":24863,"href":"https:\/\/krimispass.ch\/swiss\/wp-json\/wp\/v2\/pages\/3503\/revisions\/24863"}],"wp:attachment":[{"href":"https:\/\/krimispass.ch\/swiss\/wp-json\/wp\/v2\/media?parent=3503"}],"curies":[{"name":"wp","href":"https:\/\/api.w.org\/{rel}","templated":true}]}}