{"id":20918,"date":"2022-07-08T10:34:23","date_gmt":"2022-07-08T08:34:23","guid":{"rendered":"https:\/\/krimispass.ch\/swiss\/?page_id=20918"},"modified":"2023-07-31T10:18:02","modified_gmt":"2023-07-31T08:18:02","slug":"sprachen","status":"publish","type":"page","link":"https:\/\/krimispass.ch\/swiss\/sprachen\/","title":{"rendered":"Sprachen"},"content":{"rendered":"<p><strong>An ausgew\u00e4hlten Standorten k\u00f6nnen Sie KrimiSpass in verschiedenen Sprachen erleben.<\/strong><\/p>\n<p>W\u00e4hrend den Ermittlungen ist es jederzeit m\u00f6glich, zwischen den verf\u00fcgbaren Sprachen hin und her zu wechseln.<\/p>\n<p>&nbsp;<\/p>\n<p id=\"en\">\n<h5>Deutsch &#038; Englisch<\/h5>\n<!-- Final Tiles Grid Gallery for WordPress v3.6.13 premium --><style>#ftg-1515 .tile .icon { color:#ffffff; }#ftg-1515 .ftg-items .loading-bar i { background:#ffffff; }#ftg-1515 .ftg-items .loading-bar { background:#fff; }#ftg-1515 .tile .icon { font-size:14px; }#ftg-1515 .tile .icon { margin: -7px 0 0 -7px; }#ftg-1515 .tile .caption-block .text-wrapper span.text { font-size:14px; }#ftg-1515 .tile .caption-outside .text-wrapper span.text { font-size:14px; }#ftg-1515 .tile .caption-block .text-wrapper span.title { font-size:22px; }#ftg-1515 .tile .caption-outside .text-wrapper span.title { font-size:22px; }#ftg-1515 .tile { background-color: transparent; }#ftg-1515 .tile .caption-block .text-wrapper span.text { color: #ffffff; }#ftg-1515 .tile .caption-block .text-wrapper span.title { color: #ffffff; }#ftg-1515 .tile .caption-outside .text-wrapper span.text { color: #ffffff; }#ftg-1515 .tile .caption-outside .text-wrapper span.title { color: #ffffff; }#ftg-1515 .tile .ftg-social a { color: #ffffff; }#ftg-1515 .tile .caption-block { transition-timing-function:linear; }#ftg-1515 .tile .caption-block { transition-duration:0.25s; }#ftg-1515 .tile .tile-inner:before { background-color: #000000; }#ftg-1515 .tile .tile-inner:before { background-color: rgba(0, 0, 0, 0.8); }#ftg-1515 .tile.ftg-preload { transform: scaleY(1) scaleX(1) translate(0px,0px) rotateX(0deg) rotateY(0deg); }#ftg-1515 .tile.ftg-preload { transition: all ease-out 0s, opacity linear 0.5s; }#ftg-1515 .tile img.item { transition-duration: 0.25s; }<\/style><a name=\"15\"><\/a><div class=\"final-tiles-gallery  ftg-hover-enabled caption-inside  caption-fixed-bottom caption-middle caption-center\" id=\"ftg-1515\" style=\"width: 100%\"><div class='ftg-items'><div class='loading-bar'><i><\/i><\/div><div  class='tile ftg-preload  '><a data-title=\"Grindelwald\"  rel='ftg-1515'  class=' tile-inner  ' href='https:\/\/krimispass.ch\/swiss\/?page_id=22452' ><img alt='Kachel - Grindelwald' class='item skip-lazy' data-class='item' data-ftg-source='https:\/\/krimispass.ch\/swiss\/wp-content\/uploads\/2020\/03\/tumbnail_grindelwald_550x400.jpg' src='https:\/\/krimispass.ch\/swiss\/wp-content\/uploads\/2020\/03\/tumbnail_grindelwald_550x400.jpg' width='550' height='400' \/><div class='caption-block'><div class='text-wrapper'><span class='title'>Grindelwald<\/span><span class='text'>Berner Oberland<\/span><\/div><\/div><\/a><div class='ftg-social'><\/div><\/div><div  class='tile ftg-preload  '><a data-title=\"Burgdorf\"  rel='ftg-1515'  class=' tile-inner  ' href='https:\/\/krimispass.ch\/swiss\/?page_id=15118' ><img alt='Kachel - Burgdorf' class='item skip-lazy' data-class='item' data-ftg-source='https:\/\/krimispass.ch\/swiss\/wp-content\/uploads\/2020\/04\/tumbnail_burgdorf_550x400.jpg' src='https:\/\/krimispass.ch\/swiss\/wp-content\/uploads\/2020\/04\/tumbnail_burgdorf_550x400.jpg' width='550' height='400' \/><div class='caption-block'><div class='text-wrapper'><span class='title'>Burgdorf<\/span><span class='text'>Emmental<\/span><\/div><\/div><\/a><div class='ftg-social'><\/div><\/div><div  class='tile ftg-preload  '><a data-title=\"Ramosch\"  rel='ftg-1515'  class=' tile-inner  ' href='https:\/\/krimispass.ch\/swiss\/?page_id=18689' ><img alt='Kachel - Ramosch' class='item skip-lazy' data-class='item' data-ftg-source='https:\/\/krimispass.ch\/swiss\/wp-content\/uploads\/2021\/11\/tumbnail_ramosch_550x400.jpg' src='https:\/\/krimispass.ch\/swiss\/wp-content\/uploads\/2021\/11\/tumbnail_ramosch_550x400.jpg' width='550' height='400' \/><div class='caption-block'><div class='text-wrapper'><span class='title'>Ramosch<\/span><span class='text'>Unterengadin<\/span><\/div><\/div><\/a><div class='ftg-social'><\/div><\/div><div  class='tile ftg-preload  '><a data-title=\"Monte Tamaro\"  rel='ftg-1515' target='_blank' class=' tile-inner  ' href='https:\/\/krimispass.ch\/monte-tamaro' ><img alt='Kachel - Monte Tamaro' class='item skip-lazy' data-class='item' data-ftg-source='https:\/\/krimispass.ch\/swiss\/wp-content\/uploads\/2022\/06\/tumbnail_monte-tamaro_550x400.jpg' src='https:\/\/krimispass.ch\/swiss\/wp-content\/uploads\/2022\/06\/tumbnail_monte-tamaro_550x400.jpg' width='550' height='400' \/><div class='caption-block'><div class='text-wrapper'><span class='title'>Monte Tamaro<\/span><span class='text'>Tessin<\/span><\/div><\/div><\/a><div class='ftg-social'><\/div><\/div><div  class='tile ftg-preload  '><a data-title=\"Glarus\"  rel='ftg-1515'  class=' tile-inner  ' href='https:\/\/krimispass.ch\/swiss\/?page_id=22972' ><img alt='Kachel - Glarus' class='item skip-lazy' data-class='item' data-ftg-source='https:\/\/krimispass.ch\/swiss\/wp-content\/uploads\/2023\/06\/thumbnail_glarus_550x400.jpg' src='https:\/\/krimispass.ch\/swiss\/wp-content\/uploads\/2023\/06\/thumbnail_glarus_550x400.jpg' width='550' height='400' \/><div class='caption-block'><div class='text-wrapper'><span class='title'>Glarus<\/span><span class='text'>Glarnerland<\/span><\/div><\/div><\/a><div class='ftg-social'><\/div><\/div><div  class='tile ftg-preload  '><a data-title=\"Meiringen\"  rel='ftg-1515'  class=' tile-inner  ' href='https:\/\/krimispass.ch\/swiss\/?page_id=11721' ><img alt='Kachel - Meiringen' class='item skip-lazy' data-class='item' data-ftg-source='https:\/\/krimispass.ch\/swiss\/wp-content\/uploads\/2018\/11\/tumbnail_meiringen_550x400.jpg' src='https:\/\/krimispass.ch\/swiss\/wp-content\/uploads\/2018\/11\/tumbnail_meiringen_550x400.jpg' width='550' height='400' \/><div class='caption-block'><div class='text-wrapper'><span class='title'>Meiringen<\/span><span class='text'>Berner Oberland<\/span><\/div><\/div><\/a><div class='ftg-social'><\/div><\/div><div  class='tile ftg-preload  '><a data-title=\"Spiez\"  rel='ftg-1515'  class=' tile-inner  ' href='https:\/\/krimispass.ch\/swiss\/?page_id=14646' ><img alt='Kachel - Spiez' class='item skip-lazy' data-class='item' data-ftg-source='https:\/\/krimispass.ch\/swiss\/wp-content\/uploads\/2017\/10\/tumbnail_spiez_550x400.jpg' src='https:\/\/krimispass.ch\/swiss\/wp-content\/uploads\/2017\/10\/tumbnail_spiez_550x400.jpg' width='550' height='400' \/><div class='caption-block'><div class='text-wrapper'><span class='title'>Spiez<\/span><span class='text'>Berner Oberland<\/span><\/div><\/div><\/a><div class='ftg-social'><\/div><\/div><\/div><\/div>\n<p>&nbsp;<br \/>\n&nbsp;<\/p>\n<p id=\"it\">\n<h5>Deutsch &#038; Italienisch<\/h5>\n<!-- Final Tiles Grid Gallery for WordPress v3.6.13 premium --><style>#ftg-1919 .tile .icon { color:#ffffff; }#ftg-1919 .ftg-items .loading-bar i { background:#ffffff; }#ftg-1919 .ftg-items .loading-bar { background:#fff; }#ftg-1919 .tile .icon { font-size:14px; }#ftg-1919 .tile .icon { margin: -7px 0 0 -7px; }#ftg-1919 .tile .caption-block .text-wrapper span.text { font-size:14px; }#ftg-1919 .tile .caption-outside .text-wrapper span.text { font-size:14px; }#ftg-1919 .tile .caption-block .text-wrapper span.title { font-size:22px; }#ftg-1919 .tile .caption-outside .text-wrapper span.title { font-size:22px; }#ftg-1919 .tile { background-color: transparent; }#ftg-1919 .tile .caption-block .text-wrapper span.text { color: #ffffff; }#ftg-1919 .tile .caption-block .text-wrapper span.title { color: #ffffff; }#ftg-1919 .tile .caption-outside .text-wrapper span.text { color: #ffffff; }#ftg-1919 .tile .caption-outside .text-wrapper span.title { color: #ffffff; }#ftg-1919 .tile .ftg-social a { color: #ffffff; }#ftg-1919 .tile .caption-block { transition-timing-function:linear; }#ftg-1919 .tile .caption-block { transition-duration:0.25s; }#ftg-1919 .tile .tile-inner:before { background-color: #000000; }#ftg-1919 .tile .tile-inner:before { background-color: rgba(0, 0, 0, 0.8); }#ftg-1919 .tile.ftg-preload { transform: scaleY(1) scaleX(1) translate(0px,0px) rotateX(0deg) rotateY(0deg); }#ftg-1919 .tile.ftg-preload { transition: all ease-out 0s, opacity linear 0.5s; }#ftg-1919 .tile img.item { transition-duration: 0.25s; }<\/style><a name=\"19\"><\/a><div class=\"final-tiles-gallery  ftg-hover-enabled caption-inside  caption-fixed-bottom caption-middle caption-center\" id=\"ftg-1919\" style=\"width: 100%\"><div class='ftg-items'><div class='loading-bar'><i><\/i><\/div><div  class='tile ftg-preload  '><a data-title=\"Monte Tamaro\"  rel='ftg-1919' target='_blank' class=' tile-inner  ' href='https:\/\/krimispass.ch\/monte-tamaro' ><img alt='Kachel - Monte Tamaro' class='item skip-lazy' data-class='item' data-ftg-source='https:\/\/krimispass.ch\/swiss\/wp-content\/uploads\/2022\/06\/tumbnail_monte-tamaro_550x400.jpg' src='https:\/\/krimispass.ch\/swiss\/wp-content\/uploads\/2022\/06\/tumbnail_monte-tamaro_550x400.jpg' width='550' height='400' \/><div class='caption-block'><div class='text-wrapper'><span class='title'>Monte Tamaro<\/span><span class='text'>Tessin<\/span><\/div><\/div><\/a><div class='ftg-social'><\/div><\/div><\/div><\/div>\n<p>&nbsp;<br \/>\n&nbsp;<\/p>\n<p id=\"ro\">\n<h5>Deutsch &#038; R\u00e4toromanisch<\/h5>\n<!-- Final Tiles Grid Gallery for WordPress v3.6.13 premium --><style>#ftg-2020 .tile .icon { color:#ffffff; }#ftg-2020 .ftg-items .loading-bar i { background:#ffffff; }#ftg-2020 .ftg-items .loading-bar { background:#fff; }#ftg-2020 .tile .icon { font-size:14px; }#ftg-2020 .tile .icon { margin: -7px 0 0 -7px; }#ftg-2020 .tile .caption-block .text-wrapper span.text { font-size:14px; }#ftg-2020 .tile .caption-outside .text-wrapper span.text { font-size:14px; }#ftg-2020 .tile .caption-block .text-wrapper span.title { font-size:22px; }#ftg-2020 .tile .caption-outside .text-wrapper span.title { font-size:22px; }#ftg-2020 .tile { background-color: transparent; }#ftg-2020 .tile .caption-block .text-wrapper span.text { color: #ffffff; }#ftg-2020 .tile .caption-block .text-wrapper span.title { color: #ffffff; }#ftg-2020 .tile .caption-outside .text-wrapper span.text { color: #ffffff; }#ftg-2020 .tile .caption-outside .text-wrapper span.title { color: #ffffff; }#ftg-2020 .tile .ftg-social a { color: #ffffff; }#ftg-2020 .tile .caption-block { transition-timing-function:linear; }#ftg-2020 .tile .caption-block { transition-duration:0.25s; }#ftg-2020 .tile .tile-inner:before { background-color: #000000; }#ftg-2020 .tile .tile-inner:before { background-color: rgba(0, 0, 0, 0.8); }#ftg-2020 .tile.ftg-preload { transform: scaleY(1) scaleX(1) translate(0px,0px) rotateX(0deg) rotateY(0deg); }#ftg-2020 .tile.ftg-preload { transition: all ease-out 0s, opacity linear 0.5s; }#ftg-2020 .tile img.item { transition-duration: 0.25s; }<\/style><a name=\"20\"><\/a><div class=\"final-tiles-gallery  ftg-hover-enabled caption-inside  caption-fixed-bottom caption-middle caption-center\" id=\"ftg-2020\" style=\"width: 100%\"><div class='ftg-items'><div class='loading-bar'><i><\/i><\/div><div  class='tile ftg-preload  '><a data-title=\"Samedan\"  rel='ftg-2020'  class=' tile-inner  ' href='https:\/\/krimispass.ch\/swiss\/?page_id=18464' ><img alt='Kachel - Samedan' class='item skip-lazy' data-class='item' data-ftg-source='https:\/\/krimispass.ch\/swiss\/wp-content\/uploads\/2021\/08\/tumbnail_samedan_sommer_550x400.jpg' src='https:\/\/krimispass.ch\/swiss\/wp-content\/uploads\/2021\/08\/tumbnail_samedan_sommer_550x400.jpg' width='550' height='400' \/><div class='caption-block'><div class='text-wrapper'><span class='title'>Samedan<\/span><span class='text'>Engadin<\/span><\/div><\/div><\/a><div class='ftg-social'><\/div><\/div><div  class='tile ftg-preload ftg-hidden-tile '><a data-title=\"Samedan\"  rel='ftg-2020'  class=' tile-inner  ' href='https:\/\/krimispass.ch\/swiss\/?page_id=18464' ><img alt='Kachel - Samedan' class='item skip-lazy' data-class='item' data-ftg-source='https:\/\/krimispass.ch\/swiss\/wp-content\/uploads\/2021\/08\/tumbnail_samedan_winter_550x400.jpg' src='https:\/\/krimispass.ch\/swiss\/wp-content\/uploads\/2021\/08\/tumbnail_samedan_winter_550x400.jpg' width='550' height='400' \/><div class='caption-block'><div class='text-wrapper'><span class='title'>Samedan<\/span><span class='text'>Engadin<\/span><\/div><\/div><\/a><div class='ftg-social'><\/div><\/div><\/div><\/div>\n","protected":false},"excerpt":{"rendered":"<p>An ausgew\u00e4hlten Standorten k\u00f6nnen Sie KrimiSpass in verschiedenen Sprachen erleben. W\u00e4hrend den Ermittlungen ist es jederzeit m\u00f6glich, zwischen den verf\u00fcgbaren Sprachen hin [&hellip;]<\/p>\n","protected":false},"author":1,"featured_media":0,"parent":0,"menu_order":47,"comment_status":"closed","ping_status":"closed","template":"","meta":{"content-type":"","footnotes":""},"class_list":["post-20918","page","type-page","status-publish","hentry"],"yoast_head":"<!-- This site is optimized with the Yoast SEO plugin v27.4 - https:\/\/yoast.com\/product\/yoast-seo-wordpress\/ -->\n<title>Sprachen | KrimiSpass<\/title>\n<meta name=\"description\" content=\"Bei KrimiSpass stehen Ihnen verschiedene Kriminalf\u00e4lle kostenlos zur Verf\u00fcgung, die an unterschiedlichen Orten in der Schweiz gespielt werden k\u00f6nnen.\" \/>\n<meta name=\"robots\" content=\"index, follow, max-snippet:-1, max-image-preview:large, max-video-preview:-1\" \/>\n<link rel=\"canonical\" href=\"https:\/\/krimispass.ch\/swiss\/sprachen\/\" \/>\n<meta property=\"og:locale\" content=\"de_DE\" \/>\n<meta property=\"og:type\" content=\"article\" \/>\n<meta property=\"og:title\" content=\"Sprachen | KrimiSpass\" \/>\n<meta property=\"og:description\" content=\"Bei KrimiSpass stehen Ihnen verschiedene Kriminalf\u00e4lle kostenlos zur Verf\u00fcgung, die an unterschiedlichen Orten in der Schweiz gespielt werden k\u00f6nnen.\" \/>\n<meta property=\"og:url\" content=\"https:\/\/krimispass.ch\/swiss\/sprachen\/\" \/>\n<meta property=\"og:site_name\" content=\"KrimiSpass\" \/>\n<meta property=\"article:publisher\" content=\"https:\/\/www.facebook.com\/KrimiSpass.ch\" \/>\n<meta property=\"article:modified_time\" content=\"2023-07-31T08:18:02+00:00\" \/>\n<meta property=\"og:image\" content=\"https:\/\/krimispass.ch\/swiss\/wp-content\/uploads\/2017\/02\/titelbild_mit_logo.jpg\" \/>\n\t<meta property=\"og:image:width\" content=\"2356\" \/>\n\t<meta property=\"og:image:height\" content=\"1571\" \/>\n\t<meta property=\"og:image:type\" content=\"image\/jpeg\" \/>\n<meta name=\"twitter:card\" content=\"summary_large_image\" \/>\n<meta name=\"twitter:site\" content=\"@KrimiSpass\" \/>\n<meta name=\"twitter:label1\" content=\"Gesch\u00e4tzte Lesezeit\" \/>\n\t<meta name=\"twitter:data1\" content=\"1\u00a0Minute\" \/>\n<script type=\"application\/ld+json\" class=\"yoast-schema-graph\">{\"@context\":\"https:\\\/\\\/schema.org\",\"@graph\":[{\"@type\":\"WebPage\",\"@id\":\"https:\\\/\\\/krimispass.ch\\\/swiss\\\/sprachen\\\/\",\"url\":\"https:\\\/\\\/krimispass.ch\\\/swiss\\\/sprachen\\\/\",\"name\":\"Sprachen | KrimiSpass\",\"isPartOf\":{\"@id\":\"https:\\\/\\\/krimispass.ch\\\/swiss\\\/#website\"},\"datePublished\":\"2022-07-08T08:34:23+00:00\",\"dateModified\":\"2023-07-31T08:18:02+00:00\",\"description\":\"Bei KrimiSpass stehen Ihnen verschiedene Kriminalf\u00e4lle kostenlos zur Verf\u00fcgung, die an unterschiedlichen Orten in der Schweiz gespielt werden k\u00f6nnen.\",\"breadcrumb\":{\"@id\":\"https:\\\/\\\/krimispass.ch\\\/swiss\\\/sprachen\\\/#breadcrumb\"},\"inLanguage\":\"de\",\"potentialAction\":[{\"@type\":\"ReadAction\",\"target\":[\"https:\\\/\\\/krimispass.ch\\\/swiss\\\/sprachen\\\/\"]}]},{\"@type\":\"BreadcrumbList\",\"@id\":\"https:\\\/\\\/krimispass.ch\\\/swiss\\\/sprachen\\\/#breadcrumb\",\"itemListElement\":[{\"@type\":\"ListItem\",\"position\":1,\"name\":\"Startseite\",\"item\":\"https:\\\/\\\/krimispass.ch\\\/swiss\\\/\"},{\"@type\":\"ListItem\",\"position\":2,\"name\":\"Sprachen\"}]},{\"@type\":\"WebSite\",\"@id\":\"https:\\\/\\\/krimispass.ch\\\/swiss\\\/#website\",\"url\":\"https:\\\/\\\/krimispass.ch\\\/swiss\\\/\",\"name\":\"KrimiSpass\",\"description\":\"Das Outdoor-Krimispiel\",\"potentialAction\":[{\"@type\":\"SearchAction\",\"target\":{\"@type\":\"EntryPoint\",\"urlTemplate\":\"https:\\\/\\\/krimispass.ch\\\/swiss\\\/?s={search_term_string}\"},\"query-input\":{\"@type\":\"PropertyValueSpecification\",\"valueRequired\":true,\"valueName\":\"search_term_string\"}}],\"inLanguage\":\"de\"}]}<\/script>\n<!-- \/ Yoast SEO plugin. -->","yoast_head_json":{"title":"Sprachen | KrimiSpass","description":"Bei KrimiSpass stehen Ihnen verschiedene Kriminalf\u00e4lle kostenlos zur Verf\u00fcgung, die an unterschiedlichen Orten in der Schweiz gespielt werden k\u00f6nnen.","robots":{"index":"index","follow":"follow","max-snippet":"max-snippet:-1","max-image-preview":"max-image-preview:large","max-video-preview":"max-video-preview:-1"},"canonical":"https:\/\/krimispass.ch\/swiss\/sprachen\/","og_locale":"de_DE","og_type":"article","og_title":"Sprachen | KrimiSpass","og_description":"Bei KrimiSpass stehen Ihnen verschiedene Kriminalf\u00e4lle kostenlos zur Verf\u00fcgung, die an unterschiedlichen Orten in der Schweiz gespielt werden k\u00f6nnen.","og_url":"https:\/\/krimispass.ch\/swiss\/sprachen\/","og_site_name":"KrimiSpass","article_publisher":"https:\/\/www.facebook.com\/KrimiSpass.ch","article_modified_time":"2023-07-31T08:18:02+00:00","og_image":[{"width":2356,"height":1571,"url":"https:\/\/krimispass.ch\/swiss\/wp-content\/uploads\/2017\/02\/titelbild_mit_logo.jpg","type":"image\/jpeg"}],"twitter_card":"summary_large_image","twitter_site":"@KrimiSpass","twitter_misc":{"Gesch\u00e4tzte Lesezeit":"1\u00a0Minute"},"schema":{"@context":"https:\/\/schema.org","@graph":[{"@type":"WebPage","@id":"https:\/\/krimispass.ch\/swiss\/sprachen\/","url":"https:\/\/krimispass.ch\/swiss\/sprachen\/","name":"Sprachen | KrimiSpass","isPartOf":{"@id":"https:\/\/krimispass.ch\/swiss\/#website"},"datePublished":"2022-07-08T08:34:23+00:00","dateModified":"2023-07-31T08:18:02+00:00","description":"Bei KrimiSpass stehen Ihnen verschiedene Kriminalf\u00e4lle kostenlos zur Verf\u00fcgung, die an unterschiedlichen Orten in der Schweiz gespielt werden k\u00f6nnen.","breadcrumb":{"@id":"https:\/\/krimispass.ch\/swiss\/sprachen\/#breadcrumb"},"inLanguage":"de","potentialAction":[{"@type":"ReadAction","target":["https:\/\/krimispass.ch\/swiss\/sprachen\/"]}]},{"@type":"BreadcrumbList","@id":"https:\/\/krimispass.ch\/swiss\/sprachen\/#breadcrumb","itemListElement":[{"@type":"ListItem","position":1,"name":"Startseite","item":"https:\/\/krimispass.ch\/swiss\/"},{"@type":"ListItem","position":2,"name":"Sprachen"}]},{"@type":"WebSite","@id":"https:\/\/krimispass.ch\/swiss\/#website","url":"https:\/\/krimispass.ch\/swiss\/","name":"KrimiSpass","description":"Das Outdoor-Krimispiel","potentialAction":[{"@type":"SearchAction","target":{"@type":"EntryPoint","urlTemplate":"https:\/\/krimispass.ch\/swiss\/?s={search_term_string}"},"query-input":{"@type":"PropertyValueSpecification","valueRequired":true,"valueName":"search_term_string"}}],"inLanguage":"de"}]}},"_links":{"self":[{"href":"https:\/\/krimispass.ch\/swiss\/wp-json\/wp\/v2\/pages\/20918","targetHints":{"allow":["GET"]}}],"collection":[{"href":"https:\/\/krimispass.ch\/swiss\/wp-json\/wp\/v2\/pages"}],"about":[{"href":"https:\/\/krimispass.ch\/swiss\/wp-json\/wp\/v2\/types\/page"}],"author":[{"embeddable":true,"href":"https:\/\/krimispass.ch\/swiss\/wp-json\/wp\/v2\/users\/1"}],"replies":[{"embeddable":true,"href":"https:\/\/krimispass.ch\/swiss\/wp-json\/wp\/v2\/comments?post=20918"}],"version-history":[{"count":10,"href":"https:\/\/krimispass.ch\/swiss\/wp-json\/wp\/v2\/pages\/20918\/revisions"}],"predecessor-version":[{"id":22752,"href":"https:\/\/krimispass.ch\/swiss\/wp-json\/wp\/v2\/pages\/20918\/revisions\/22752"}],"wp:attachment":[{"href":"https:\/\/krimispass.ch\/swiss\/wp-json\/wp\/v2\/media?parent=20918"}],"curies":[{"name":"wp","href":"https:\/\/api.w.org\/{rel}","templated":true}]}}