{"id":20147,"date":"2020-07-17T22:54:08","date_gmt":"2022-02-10T15:40:52","guid":{"rendered":"https:\/\/krimispass.ch\/swiss\/?page_id=20147"},"modified":"2024-03-27T16:37:21","modified_gmt":"2024-03-27T15:37:21","slug":"roggwil","status":"publish","type":"page","link":"https:\/\/krimispass.ch\/swiss\/roggwil\/","title":{"rendered":"KrimiSpass in Roggwil BE"},"content":{"rendered":"<p><img loading=\"lazy\" decoding=\"async\" src=\"https:\/\/krimispass.ch\/swiss\/wp-content\/uploads\/2022\/03\/banner_roggwil.jpg\" alt=\"Banner - Roggwil BE\" width=\"1200\" height=\"340\" class=\"aligncenter size-full wp-image-20398\" srcset=\"https:\/\/krimispass.ch\/swiss\/wp-content\/uploads\/2022\/03\/banner_roggwil.jpg 1200w, https:\/\/krimispass.ch\/swiss\/wp-content\/uploads\/2022\/03\/banner_roggwil-300x85.jpg 300w, https:\/\/krimispass.ch\/swiss\/wp-content\/uploads\/2022\/03\/banner_roggwil-1024x290.jpg 1024w, https:\/\/krimispass.ch\/swiss\/wp-content\/uploads\/2022\/03\/banner_roggwil-768x218.jpg 768w, https:\/\/krimispass.ch\/swiss\/wp-content\/uploads\/2022\/03\/banner_roggwil-920x261.jpg 920w, https:\/\/krimispass.ch\/swiss\/wp-content\/uploads\/2022\/03\/banner_roggwil-230x65.jpg 230w, https:\/\/krimispass.ch\/swiss\/wp-content\/uploads\/2022\/03\/banner_roggwil-350x99.jpg 350w, https:\/\/krimispass.ch\/swiss\/wp-content\/uploads\/2022\/03\/banner_roggwil-480x136.jpg 480w\" sizes=\"auto, (max-width: 1200px) 100vw, 1200px\" \/><\/p>\n<p>&nbsp;<br \/>\n<strong>Roggwil BE &#8211; eine schmucke Gemeinde in der Region Oberaargau. Dieser Ort wurde Schauplatz eines mysteri\u00f6sen Kriminalfalls, dessen wahre Geschichte seit langer Zeit im Dunkeln liegt. Werden Sie das R\u00e4tsel l\u00f6sen? Nehmen Sie die Ermittlungen auf, denn bei diesem Krimi sind Sie der Kommissar!<\/strong><\/p>\n<p>&nbsp;<br \/>\n&nbsp;<br \/>\n<iframe loading=\"lazy\" width=\"800\" height=\"450\" src=\"https:\/\/www.youtube.com\/embed\/NvFrUE8laY4?rel=0\" frameborder=\"0\" allowfullscreen><\/iframe><\/p>\n<p>&nbsp;<\/p>\n<h5>Minders letzte Klasse<\/h5>\n<p>Ein Klassentreffen mit illustren G\u00e4sten. Die ehemaligen Schulfreunde treffen sich in einem Hotel in Roggwil, um fr\u00fchere Zeiten aufleben zu lassen. Doch dann geschieht etwas, das die Anwesenden in einen Sog von Zwietracht, L\u00fcgen und Verd\u00e4chtigungen reisst. Denn vor 50 Jahren waren sie schon einmal hier &#8211; mit t\u00f6dlichem Ausgang!<\/p>\n<p>Dieses interaktive Krimi-Erlebnis nimmt Sie mit in eine l\u00e4ngt vergangene Geschichte, deren Wahrheit noch immer im Verborgenen liegt. Was ist damals geschehen und warum will bis heute niemand dar\u00fcber sprechen? Nehmen Sie die Ermittlungen auf und l\u00fcften Sie das dunkle Geheimnis von Minders letzter Klasse.<\/p>\n<p>&nbsp;<\/p>\n<p id=\"anmeldung\">\n<h5>Kostenlos mitmachen<\/h5>\n<p>Starten Sie Ihr Krimi-Abenteuer! Sie erhalten umgehend eine E-Mail mit der Spielanleitung und allen wichtigen Informationen \u2013 kostenlos und unverbindlich. Beginnen Sie Ihre Ermittlungen, wann immer Sie m\u00f6chten!<\/p>\n\n<div class=\"wpcf7 no-js\" id=\"wpcf7-f20159-o1\" lang=\"de-DE\" dir=\"ltr\" data-wpcf7-id=\"20159\">\n<div class=\"screen-reader-response\"><p role=\"status\" aria-live=\"polite\" aria-atomic=\"true\"><\/p> <ul><\/ul><\/div>\n<form action=\"\/swiss\/wp-json\/wp\/v2\/pages\/20147#wpcf7-f20159-o1\" method=\"post\" class=\"wpcf7-form init\" aria-label=\"Kontaktformular\" novalidate=\"novalidate\" data-status=\"init\">\n<fieldset class=\"hidden-fields-container\"><input type=\"hidden\" name=\"_wpcf7\" value=\"20159\" \/><input type=\"hidden\" name=\"_wpcf7_version\" value=\"6.1.5\" \/><input type=\"hidden\" name=\"_wpcf7_locale\" value=\"de_DE\" \/><input type=\"hidden\" name=\"_wpcf7_unit_tag\" value=\"wpcf7-f20159-o1\" \/><input type=\"hidden\" name=\"_wpcf7_container_post\" value=\"0\" \/><input type=\"hidden\" name=\"_wpcf7_posted_data_hash\" value=\"\" \/>\n<\/fieldset>\n<p>Name<br \/>\n<span class=\"wpcf7-form-control-wrap\" data-name=\"your-name\"><input size=\"40\" maxlength=\"400\" class=\"wpcf7-form-control wpcf7-text wpcf7-validates-as-required\" aria-required=\"true\" aria-invalid=\"false\" value=\"\" type=\"text\" name=\"your-name\" \/><\/span>\n<\/p>\n<p><span id=\"wpcf7-69e3045385ee6-wrapper\" class=\"wpcf7-form-control-wrap your-vorname-wrap\" style=\"display:none !important; visibility:hidden !important;\"><label for=\"wpcf7-69e3045385ee6-field\" class=\"hp-message\">Bitte lasse dieses Feld leer.<\/label><input id=\"wpcf7-69e3045385ee6-field\"  class=\"wpcf7-form-control wpcf7-text\" type=\"text\" name=\"your-vorname\" value=\"\" size=\"40\" tabindex=\"-1\" autocomplete=\"new-password\" \/><\/span>\n<\/p>\n<p>Wohnort<br \/>\n<span class=\"wpcf7-form-control-wrap\" data-name=\"wohnort\"><input size=\"40\" maxlength=\"400\" class=\"wpcf7-form-control wpcf7-text wpcf7-validates-as-required\" aria-required=\"true\" aria-invalid=\"false\" value=\"\" type=\"text\" name=\"wohnort\" \/><\/span>\n<\/p>\n<p>E-Mail<br \/>\n<span class=\"wpcf7-form-control-wrap\" data-name=\"your-email\"><input size=\"40\" maxlength=\"400\" class=\"wpcf7-form-control wpcf7-email wpcf7-validates-as-required wpcf7-text wpcf7-validates-as-email\" aria-required=\"true\" aria-invalid=\"false\" value=\"\" type=\"email\" name=\"your-email\" \/><\/span>\n<\/p>\n<p>&nbsp;<br \/>\n<!-- Mailchimp for WordPress v4.12.1 - https:\/\/www.mc4wp.com\/ --><input type=\"hidden\" name=\"_mc4wp_subscribe_contact-form-7\" value=\"0\" \/><span class=\"mc4wp-checkbox mc4wp-checkbox-contact-form-7 \"><label><input type=\"checkbox\" name=\"_mc4wp_subscribe_contact-form-7\" value=\"1\" ><span>&nbsp;&nbsp;KrimiSpass-Newsletter abonnieren<\/span><\/label><\/span><!-- \/ Mailchimp for WordPress --><br \/>\n<span class=\"wpcf7-form-control-wrap\" data-name=\"zustimmung\"><span class=\"wpcf7-form-control wpcf7-acceptance\"><span class=\"wpcf7-list-item\"><input type=\"checkbox\" name=\"zustimmung\" value=\"1\" aria-invalid=\"false\" \/><\/span><\/span><\/span>&nbsp;&nbsp;<a href=\"https:\/\/krimispass.ch\/swiss\/?page_id=8\">Datenschutzbestimmungen<\/a> akzeptieren\n<\/p>\n<p>&nbsp;<br \/>\n<input class=\"wpcf7-form-control wpcf7-submit has-spinner\" type=\"submit\" value=\"Los gehts\" \/>\n<\/p>\n<div style=\"display: none !important\">\n\t<p><span class=\"wpcf7-form-control-wrap\" data-name=\"roggwil\"><input size=\"40\" maxlength=\"400\" class=\"wpcf7-form-control wpcf7-text required\" aria-invalid=\"false\" value=\"Ja\" type=\"text\" name=\"roggwil\" \/><\/span>\n\t<\/p>\n<\/div>\n<div style=\"display: none !important\">\n\t<p><span class=\"wpcf7-form-control-wrap\" data-name=\"mc4wp-nlks\"><input size=\"40\" maxlength=\"400\" class=\"wpcf7-form-control wpcf7-text required\" aria-invalid=\"false\" value=\"Ja\" type=\"text\" name=\"mc4wp-nlks\" \/><\/span>\n\t<\/p>\n<\/div><div class=\"wpcf7-response-output\" aria-hidden=\"true\"><\/div>\n<\/form>\n<\/div>\n\n<p>&nbsp;<\/p>\n<h5>Fragen &#038; Antworten<\/h5>\n<div class=\"hrf-faq-list\"><article class=\"hrf-entry\" id=\"hrf-entry-11245\">\n                      <h5 class=\"hrf-title close-faq\" data-content-id=\"hrf-content-11245\"><span><\/span>Wie funktioniert das Spiel?<\/h5>\n                     <div class=\"hrf-content\" id=\"hrf-content-11245\"><p>Bei einem KrimiSpass besuchen Sie verschiedene Schaupl\u00e4tze in einer Ortschaft. An jedem dieser Schaupl\u00e4tze befindet sich ein <a href=\"https:\/\/krimispass.ch\/swiss\/wp-content\/uploads\/2018\/04\/beispiel_informationsschild.jpg\">Informationsschild<\/a> &#8211; darauf stehen eine Internetadresse und ein QR-Code. Geben Sie die Internetadresse im Browser Ihres Smartphones ein, oder scannen Sie mit einer Kamera-App den QR-Code. So sammeln Sie wichtige Indizien.<\/p>\n<p>Wenn Sie alle Schaupl\u00e4tze in der angegebenen Reihenfolge besucht haben und die gewonnenen Informationen scharfsinnig kombinieren, k\u00f6nnen Sie den Fall l\u00f6sen und Ihren Tipp online eingeben.<\/p>\n<p><strong>Eine Spielanleitung sowie alle relevanten Informationen zu den Ermittlungen bekommen Sie per E-Mail, wenn Sie sich auf der <a href=\"https:\/\/krimispass.ch\/swiss#standorte\">Seite des gew\u00fcnschten Standorts<\/a> registrieren.<\/strong><\/p>\n<\/div>\n                  <\/article><article class=\"hrf-entry\" id=\"hrf-entry-24328\">\n                      <h5 class=\"hrf-title close-faq\" data-content-id=\"hrf-content-24328\"><span><\/span>Was kostet es?<\/h5>\n                     <div class=\"hrf-content\" id=\"hrf-content-24328\"><p>Die Teilnahme am Spiel ist kostenlos und mit keinen Verpflichtungen verbunden.<\/p>\n<p>Wenn Sie m\u00f6chten, k\u00f6nnen Sie das Projekt mit einem freiwilligen Beitrag <a href=\"https:\/\/krimispass.ch\/swiss\/?page_id=18310\">unterst\u00fctzen<\/a>.<\/p>\n<\/div>\n                  <\/article><article class=\"hrf-entry\" id=\"hrf-entry-3853\">\n                      <h5 class=\"hrf-title close-faq\" data-content-id=\"hrf-content-3853\"><span><\/span>Welche Utensilien ben\u00f6tigt man f\u00fcr die Ermittlungen?<\/h5>\n                     <div class=\"hrf-content\" id=\"hrf-content-3853\"><p>Alles, was Sie f\u00fcr die Spurensuche brauchen, ist ein internetf\u00e4higes Smartphone. Ausserdem empfiehlt es sich, Papier, Schreibzeug und ggf. Kopfh\u00f6rer dabeizuhaben &#8211; um sich unterwegs die multimedialen Inhalte ungest\u00f6rt anzuh\u00f6ren.<\/p>\n<\/div>\n                  <\/article><article class=\"hrf-entry\" id=\"hrf-entry-5905\">\n                      <h5 class=\"hrf-title close-faq\" data-content-id=\"hrf-content-5905\"><span><\/span>Ist eine Reservation notwendig?<\/h5>\n                     <div class=\"hrf-content\" id=\"hrf-content-5905\"><p>Nein, eine Reservation oder Voranmeldung ist nicht erforderlich. Sie k\u00f6nnen die Ermittlungen in Angriff nehmen, wann immer Sie wollen.<\/p>\n<p>Um einen KrimiSpass zu spielen, m\u00fcssen Sie sich jedoch auf der <a href=\"https:\/\/krimispass.ch\/swiss#standorte\">Seite des gew\u00fcnschten Standorts<\/a> registrieren. Dies dient zur Auswertung, wie viele Personen teilnehmen.<\/p>\n<p>Sie k\u00f6nnen die Anmeldung einige Tage vor den geplanten Ermittlungen vornehmen, wenn Sie sich bereits vorg\u00e4ngig mit der Spielanleitung vertraut machen wollen. Diese bekommen Sie &#8211; nach erfolgter Registrierung &#8211; per E-Mail zugestellt.<\/p>\n<\/div>\n                  <\/article><article class=\"hrf-entry\" id=\"hrf-entry-3858\">\n                      <h5 class=\"hrf-title close-faq\" data-content-id=\"hrf-content-3858\"><span><\/span>Ist das Spiel f\u00fcr Gruppen geeignet?<\/h5>\n                     <div class=\"hrf-content\" id=\"hrf-content-3858\"><p>Ja, das Spiel kann allein oder als gemeinsames Gruppenerlebnis gespielt werden. Bei gr\u00f6sseren Gruppen empfiehlt es sich, verschiedene Teams (idealerweise 4-6 Personen) zu bilden. Die Schaupl\u00e4tze sollten in der angegebenen Reihenfolge besucht werden, da die Geschichten chronologisch aufgebaut sind.<\/p>\n<p><strong>Idealerweise registrieren sich alle Teilnehmenden mit ihrer pers\u00f6nlichen E-Mail-Adresse, um die Spielanleitung und alle notwendigen Informationen auf dem Smartphone zu haben \u2013 und um am Ende der Ermittlungen einen pers\u00f6nlichen Tipp abzugeben.<\/strong><\/p>\n<p>Die Anmeldung kann bereits einige Tage vor den geplanten Ermittlungen erfolgen, damit sich die Teilnehmenden mit der Funktionsweise des Spiels vertraut machen k\u00f6nnen.<\/p>\n<\/div>\n                  <\/article><article class=\"hrf-entry\" id=\"hrf-entry-3860\">\n                      <h5 class=\"hrf-title close-faq\" data-content-id=\"hrf-content-3860\"><span><\/span>Ist das Spiel f\u00fcr Kinder geeignet?<\/h5>\n                     <div class=\"hrf-content\" id=\"hrf-content-3860\"><p>Von der Komplexit\u00e4t her sind die F\u00e4lle eher auf Erwachsene oder Jugendliche ausgelegt. In Begleitung von Erwachsenen k\u00f6nnen die Ermittlungen aber durchaus auch Kindern Spass machen. Es gilt jedoch zu beachten, dass es in der Regel um einen Mordfall geht. Es ist Ihnen \u00fcberlassen, welche Texte Sie Ihren Kindern vorlesen wollen und welche nicht.<\/p>\n<p>F\u00fcr Schulklassen empfehlen wir das Spiel ab der Oberstufe (siehe auch FAQ-Eintrag \u201cIst das Spiel f\u00fcr Gruppen geeignet?\u201d).<\/p>\n<\/div>\n                  <\/article><\/div>\n<p>&nbsp;<br \/>\nAntworten auf weitere h\u00e4ufig gestellte Fragen finden Sie im <a href=\"https:\/\/krimispass.ch\/swiss\/?page_id=3745\">FAQ-Bereich<\/a>.<\/p>\n<p>&nbsp;<\/p>\n<h5>Der Rundgang<\/h5>\n<p>Den KrimiSpass in Roggwil nehmen Sie zu Fuss in Angriff. Das Abenteuer kann das ganze Jahr \u00fcber und rund um die Uhr gespielt werden. Planen Sie f\u00fcr die Ermittlungen etwa zwei Stunden ein.<\/p>\n<p>&nbsp;<br \/>\n<script type=\"text\/javascript\" src=\"https:\/\/www.outdooractive.com\/de\/embed\/800048945\/js?mw=false\"><\/script><\/p>\n<p>&nbsp;<\/p>\n<h5>Informationen zu Roggwil<\/h5>\n<p>Verkehrsm\u00e4ssig gut erschlossen, in der Nachbarschaft eines st\u00e4dtischen Zentrums und doch mitten im Gr\u00fcnen: In diesem Umfeld l\u00e4sst sich ideal arbeiten und wohnen.<\/p>\n<p>Roggwil verf\u00fcgt \u00fcber ein breites Schulangebot mit eigener Sekundarschule und weiterf\u00fchrenden Schulen in unmittelbarer Nachbarschaft, ein grosses Freizeitangebot mit der gr\u00f6ssten Indoor-Kartbahn Europas, Kinderspielpl\u00e4tzen, einem modernen Schwimmbad und Naherholung der Spitzenklasse.<\/p>\n<p>Im Dorf selbst und in unmittelbarer N\u00e4he fehlt es praktisch an Nichts, was das Konsumentenherz begehrt. Ein breites, qualitativ hochstehendes Angebot, Dorfleben mit pers\u00f6nlichem Charakter, Treffpunkte mit besonderer Atmosph\u00e4re, kreative Gastronomie &#8211; all das verk\u00f6rpert unsere Gemeinde.<\/p>\n<p>Mehr Informationen unter <a href=\"http:\/\/www.roggwil.ch\" rel=\"noopener noreferrer\" target=\"_blank\">www.roggwil.ch<\/a>.<\/p>\n<p>&nbsp;<br \/>\n<iframe loading=\"lazy\" width=\"800\" height=\"450\" src=\"https:\/\/www.youtube.com\/embed\/eT3ipO3s7HU?rel=0\" frameborder=\"0\" allowfullscreen><\/iframe><\/p>\n<p>&nbsp;<\/p>\n<h5>Sponsoren<\/h5>\n<!-- Final Tiles Grid Gallery for WordPress v3.6.13 premium --><style>#ftg-1818 .tile { border: 1px solid #cccccc; }#ftg-1818 .tile .icon { color:#ffffff; }#ftg-1818 .ftg-items .loading-bar i { background:#ffffff; }#ftg-1818 .ftg-items .loading-bar { background:#fff; }#ftg-1818 .tile .icon { font-size:14px; }#ftg-1818 .tile .icon { margin: -7px 0 0 -7px; }#ftg-1818 .tile .caption-block .text-wrapper span.text { font-size:14px; }#ftg-1818 .tile .caption-outside .text-wrapper span.text { font-size:14px; }#ftg-1818 .tile .caption-block .text-wrapper span.title { font-size:22px; }#ftg-1818 .tile .caption-outside .text-wrapper span.title { font-size:22px; }#ftg-1818 .tile { background-color: transparent; }#ftg-1818 .tile .caption-block .text-wrapper span.text { color: #ffffff; }#ftg-1818 .tile .caption-block .text-wrapper span.title { color: #ffffff; }#ftg-1818 .tile .caption-outside .text-wrapper span.text { color: #ffffff; }#ftg-1818 .tile .caption-outside .text-wrapper span.title { color: #ffffff; }#ftg-1818 .tile .ftg-social a { color: #ffffff; }#ftg-1818 .tile .caption-block { transition-timing-function:linear; }#ftg-1818 .tile .caption-block { transition-duration:0.25s; }#ftg-1818 .tile .tile-inner:before { background-color: #000000; }#ftg-1818 .tile .tile-inner:before { background-color: rgba(0, 0, 0, 0.8); }#ftg-1818 .tile.ftg-preload { transform: scaleY(1) scaleX(1) translate(0px,0px) rotateX(0deg) rotateY(0deg); }#ftg-1818 .tile.ftg-preload { transition: all ease-out 0s, opacity linear 0.5s; }#ftg-1818 .tile img.item { transition-duration: 0.25s; }<\/style><a name=\"18\"><\/a><div class=\"final-tiles-gallery   caption-inside  caption-never caption-middle caption-center\" id=\"ftg-1818\" style=\"width: 100%\"><div class='ftg-items'><div class='loading-bar'><i><\/i><\/div><div  class='tile ftg-preload  '><a data-title=\"Burgergemeinde Roggwil BE\"  rel='ftg-1818' target='_blank' class=' tile-inner  ' href='https:\/\/www.burgergemeinde-roggwil.ch' ><img alt='Logo Burgergemeinde Roggwil BE' class='item skip-lazy' data-class='item' data-ftg-source='https:\/\/krimispass.ch\/swiss\/wp-content\/uploads\/2022\/03\/logo_bg-roggwil.jpg' src='https:\/\/krimispass.ch\/swiss\/wp-content\/uploads\/2022\/03\/logo_bg-roggwil.jpg' width='550' height='400' \/><div class='caption-block'><div class='text-wrapper'><span class='title'>Burgergemeinde Roggwil BE<\/span><\/div><\/div><\/a><div class='ftg-social'><\/div><\/div><div  class='tile ftg-preload  '><a data-title=\"Frauenverein Roggwil BE\"  rel='ftg-1818' target='_blank' class=' tile-inner  ' href='https:\/\/www.frauenverein-roggwil.ch' ><img alt='Logo Frauenverein Roggwil BE' class='item skip-lazy' data-class='item' data-ftg-source='https:\/\/krimispass.ch\/swiss\/wp-content\/uploads\/2022\/03\/logo_ff-roggwil.jpg' src='https:\/\/krimispass.ch\/swiss\/wp-content\/uploads\/2022\/03\/logo_ff-roggwil.jpg' width='550' height='400' \/><div class='caption-block'><div class='text-wrapper'><span class='title'>Frauenverein Roggwil BE<\/span><\/div><\/div><\/a><div class='ftg-social'><\/div><\/div><\/div><\/div>\n","protected":false},"excerpt":{"rendered":"<p>&nbsp; Roggwil BE &#8211; eine schmucke Gemeinde in der Region Oberaargau. Dieser Ort wurde Schauplatz eines mysteri\u00f6sen Kriminalfalls, dessen wahre Geschichte seit [&hellip;]<\/p>\n","protected":false},"author":1,"featured_media":0,"parent":0,"menu_order":37,"comment_status":"closed","ping_status":"closed","template":"","meta":{"content-type":"","footnotes":""},"class_list":["post-20147","page","type-page","status-publish","hentry"],"yoast_head":"<!-- This site is optimized with the Yoast SEO plugin v27.4 - https:\/\/yoast.com\/product\/yoast-seo-wordpress\/ -->\n<title>KrimiSpass in Roggwil BE<\/title>\n<meta name=\"description\" content=\"Werde zum SHERLOCK HOLMES der Region Oberaargau. Bei diesem Krimi bist du der Kommissar!\" \/>\n<meta name=\"robots\" content=\"index, follow, max-snippet:-1, max-image-preview:large, max-video-preview:-1\" \/>\n<link rel=\"canonical\" href=\"https:\/\/krimispass.ch\/swiss\/roggwil\/\" \/>\n<meta property=\"og:locale\" content=\"de_DE\" \/>\n<meta property=\"og:type\" content=\"article\" \/>\n<meta property=\"og:title\" content=\"KrimiSpass in Roggwil BE\" \/>\n<meta property=\"og:description\" content=\"Bei diesem Krimi sind Sie der Kommissar!\" \/>\n<meta property=\"og:url\" content=\"https:\/\/krimispass.ch\/swiss\/roggwil\/\" \/>\n<meta property=\"og:site_name\" content=\"KrimiSpass\" \/>\n<meta property=\"article:publisher\" content=\"https:\/\/www.facebook.com\/KrimiSpass.ch\" \/>\n<meta property=\"article:modified_time\" content=\"2024-03-27T15:37:21+00:00\" \/>\n<meta property=\"og:image\" content=\"https:\/\/krimispass.ch\/swiss\/wp-content\/uploads\/2017\/02\/titelbild_mit_logo.jpg\" \/>\n\t<meta property=\"og:image:width\" content=\"2356\" \/>\n\t<meta property=\"og:image:height\" content=\"1571\" \/>\n\t<meta property=\"og:image:type\" content=\"image\/jpeg\" \/>\n<meta name=\"twitter:card\" content=\"summary_large_image\" \/>\n<meta name=\"twitter:site\" content=\"@KrimiSpass\" \/>\n<meta name=\"twitter:label1\" content=\"Gesch\u00e4tzte Lesezeit\" \/>\n\t<meta name=\"twitter:data1\" content=\"3\u00a0Minuten\" \/>\n<script type=\"application\/ld+json\" class=\"yoast-schema-graph\">{\"@context\":\"https:\\\/\\\/schema.org\",\"@graph\":[{\"@type\":\"WebPage\",\"@id\":\"https:\\\/\\\/krimispass.ch\\\/swiss\\\/roggwil\\\/\",\"url\":\"https:\\\/\\\/krimispass.ch\\\/swiss\\\/roggwil\\\/\",\"name\":\"KrimiSpass in Roggwil BE\",\"isPartOf\":{\"@id\":\"https:\\\/\\\/krimispass.ch\\\/swiss\\\/#website\"},\"primaryImageOfPage\":{\"@id\":\"https:\\\/\\\/krimispass.ch\\\/swiss\\\/roggwil\\\/#primaryimage\"},\"image\":{\"@id\":\"https:\\\/\\\/krimispass.ch\\\/swiss\\\/roggwil\\\/#primaryimage\"},\"thumbnailUrl\":\"https:\\\/\\\/krimispass.ch\\\/swiss\\\/wp-content\\\/uploads\\\/2022\\\/03\\\/banner_roggwil.jpg\",\"datePublished\":\"2022-02-10T15:40:52+00:00\",\"dateModified\":\"2024-03-27T15:37:21+00:00\",\"description\":\"Werde zum SHERLOCK HOLMES der Region Oberaargau. Bei diesem Krimi bist du der Kommissar!\",\"breadcrumb\":{\"@id\":\"https:\\\/\\\/krimispass.ch\\\/swiss\\\/roggwil\\\/#breadcrumb\"},\"inLanguage\":\"de\",\"potentialAction\":[{\"@type\":\"ReadAction\",\"target\":[\"https:\\\/\\\/krimispass.ch\\\/swiss\\\/roggwil\\\/\"]}]},{\"@type\":\"ImageObject\",\"inLanguage\":\"de\",\"@id\":\"https:\\\/\\\/krimispass.ch\\\/swiss\\\/roggwil\\\/#primaryimage\",\"url\":\"https:\\\/\\\/krimispass.ch\\\/swiss\\\/wp-content\\\/uploads\\\/2022\\\/03\\\/banner_roggwil.jpg\",\"contentUrl\":\"https:\\\/\\\/krimispass.ch\\\/swiss\\\/wp-content\\\/uploads\\\/2022\\\/03\\\/banner_roggwil.jpg\",\"width\":1200,\"height\":340,\"caption\":\"Banner - Roggwil BE\"},{\"@type\":\"BreadcrumbList\",\"@id\":\"https:\\\/\\\/krimispass.ch\\\/swiss\\\/roggwil\\\/#breadcrumb\",\"itemListElement\":[{\"@type\":\"ListItem\",\"position\":1,\"name\":\"Startseite\",\"item\":\"https:\\\/\\\/krimispass.ch\\\/swiss\\\/\"},{\"@type\":\"ListItem\",\"position\":2,\"name\":\"KrimiSpass in Roggwil BE\"}]},{\"@type\":\"WebSite\",\"@id\":\"https:\\\/\\\/krimispass.ch\\\/swiss\\\/#website\",\"url\":\"https:\\\/\\\/krimispass.ch\\\/swiss\\\/\",\"name\":\"KrimiSpass\",\"description\":\"Das Outdoor-Krimispiel\",\"potentialAction\":[{\"@type\":\"SearchAction\",\"target\":{\"@type\":\"EntryPoint\",\"urlTemplate\":\"https:\\\/\\\/krimispass.ch\\\/swiss\\\/?s={search_term_string}\"},\"query-input\":{\"@type\":\"PropertyValueSpecification\",\"valueRequired\":true,\"valueName\":\"search_term_string\"}}],\"inLanguage\":\"de\"}]}<\/script>\n<!-- \/ Yoast SEO plugin. -->","yoast_head_json":{"title":"KrimiSpass in Roggwil BE","description":"Werde zum SHERLOCK HOLMES der Region Oberaargau. Bei diesem Krimi bist du der Kommissar!","robots":{"index":"index","follow":"follow","max-snippet":"max-snippet:-1","max-image-preview":"max-image-preview:large","max-video-preview":"max-video-preview:-1"},"canonical":"https:\/\/krimispass.ch\/swiss\/roggwil\/","og_locale":"de_DE","og_type":"article","og_title":"KrimiSpass in Roggwil BE","og_description":"Bei diesem Krimi sind Sie der Kommissar!","og_url":"https:\/\/krimispass.ch\/swiss\/roggwil\/","og_site_name":"KrimiSpass","article_publisher":"https:\/\/www.facebook.com\/KrimiSpass.ch","article_modified_time":"2024-03-27T15:37:21+00:00","og_image":[{"width":2356,"height":1571,"url":"https:\/\/krimispass.ch\/swiss\/wp-content\/uploads\/2017\/02\/titelbild_mit_logo.jpg","type":"image\/jpeg"}],"twitter_card":"summary_large_image","twitter_site":"@KrimiSpass","twitter_misc":{"Gesch\u00e4tzte Lesezeit":"3\u00a0Minuten"},"schema":{"@context":"https:\/\/schema.org","@graph":[{"@type":"WebPage","@id":"https:\/\/krimispass.ch\/swiss\/roggwil\/","url":"https:\/\/krimispass.ch\/swiss\/roggwil\/","name":"KrimiSpass in Roggwil BE","isPartOf":{"@id":"https:\/\/krimispass.ch\/swiss\/#website"},"primaryImageOfPage":{"@id":"https:\/\/krimispass.ch\/swiss\/roggwil\/#primaryimage"},"image":{"@id":"https:\/\/krimispass.ch\/swiss\/roggwil\/#primaryimage"},"thumbnailUrl":"https:\/\/krimispass.ch\/swiss\/wp-content\/uploads\/2022\/03\/banner_roggwil.jpg","datePublished":"2022-02-10T15:40:52+00:00","dateModified":"2024-03-27T15:37:21+00:00","description":"Werde zum SHERLOCK HOLMES der Region Oberaargau. Bei diesem Krimi bist du der Kommissar!","breadcrumb":{"@id":"https:\/\/krimispass.ch\/swiss\/roggwil\/#breadcrumb"},"inLanguage":"de","potentialAction":[{"@type":"ReadAction","target":["https:\/\/krimispass.ch\/swiss\/roggwil\/"]}]},{"@type":"ImageObject","inLanguage":"de","@id":"https:\/\/krimispass.ch\/swiss\/roggwil\/#primaryimage","url":"https:\/\/krimispass.ch\/swiss\/wp-content\/uploads\/2022\/03\/banner_roggwil.jpg","contentUrl":"https:\/\/krimispass.ch\/swiss\/wp-content\/uploads\/2022\/03\/banner_roggwil.jpg","width":1200,"height":340,"caption":"Banner - Roggwil BE"},{"@type":"BreadcrumbList","@id":"https:\/\/krimispass.ch\/swiss\/roggwil\/#breadcrumb","itemListElement":[{"@type":"ListItem","position":1,"name":"Startseite","item":"https:\/\/krimispass.ch\/swiss\/"},{"@type":"ListItem","position":2,"name":"KrimiSpass in Roggwil BE"}]},{"@type":"WebSite","@id":"https:\/\/krimispass.ch\/swiss\/#website","url":"https:\/\/krimispass.ch\/swiss\/","name":"KrimiSpass","description":"Das Outdoor-Krimispiel","potentialAction":[{"@type":"SearchAction","target":{"@type":"EntryPoint","urlTemplate":"https:\/\/krimispass.ch\/swiss\/?s={search_term_string}"},"query-input":{"@type":"PropertyValueSpecification","valueRequired":true,"valueName":"search_term_string"}}],"inLanguage":"de"}]}},"_links":{"self":[{"href":"https:\/\/krimispass.ch\/swiss\/wp-json\/wp\/v2\/pages\/20147","targetHints":{"allow":["GET"]}}],"collection":[{"href":"https:\/\/krimispass.ch\/swiss\/wp-json\/wp\/v2\/pages"}],"about":[{"href":"https:\/\/krimispass.ch\/swiss\/wp-json\/wp\/v2\/types\/page"}],"author":[{"embeddable":true,"href":"https:\/\/krimispass.ch\/swiss\/wp-json\/wp\/v2\/users\/1"}],"replies":[{"embeddable":true,"href":"https:\/\/krimispass.ch\/swiss\/wp-json\/wp\/v2\/comments?post=20147"}],"version-history":[{"count":10,"href":"https:\/\/krimispass.ch\/swiss\/wp-json\/wp\/v2\/pages\/20147\/revisions"}],"predecessor-version":[{"id":23509,"href":"https:\/\/krimispass.ch\/swiss\/wp-json\/wp\/v2\/pages\/20147\/revisions\/23509"}],"wp:attachment":[{"href":"https:\/\/krimispass.ch\/swiss\/wp-json\/wp\/v2\/media?parent=20147"}],"curies":[{"name":"wp","href":"https:\/\/api.w.org\/{rel}","templated":true}]}}