{"id":20100,"date":"2022-02-07T08:12:25","date_gmt":"2022-02-07T07:12:25","guid":{"rendered":"https:\/\/krimispass.ch\/swiss\/?page_id=20100"},"modified":"2022-05-05T16:41:50","modified_gmt":"2022-05-05T14:41:50","slug":"augmented-reality","status":"publish","type":"page","link":"https:\/\/krimispass.ch\/swiss\/augmented-reality\/","title":{"rendered":"Augmented Reality"},"content":{"rendered":"<p>Erleben Sie KrimiSpass in einer neuen Dimension &#8211; mit <a href=\"https:\/\/tourify.ch\/smartvue\" rel=\"noopener noreferrer\" target=\"_blank\">smartVue<sup><font size=\"1\">&reg;<\/font><\/sup> Augmented Reality<\/a> verschmilzt die Realit\u00e4t mit der digitalen Welt.<\/p>\n<p>Die interaktiven Kriminalf\u00e4lle sind mit 3D-Objekten angereichert, die sich bei den Ermittlungen in die Umgebung projizieren lassen. So k\u00f6nnen Sie sich beispielsweise im B\u00fcro des Mordopfers umsehen und sich frei darin bewegen.<\/p>\n<p>&nbsp;<br \/>\nProbieren Sie es aus:<\/p>\n<p><img loading=\"lazy\" decoding=\"async\" src=\"https:\/\/krimispass.ch\/swiss\/wp-content\/uploads\/2022\/01\/beispiel-ar-krimispass-1024x793.jpg\" alt=\"Beispiel eines 3D-Objekts bei KrimiSpass\" width=\"1024\" height=\"793\" class=\"alignnone size-large wp-image-19789\" srcset=\"https:\/\/krimispass.ch\/swiss\/wp-content\/uploads\/2022\/01\/beispiel-ar-krimispass-1024x793.jpg 1024w, https:\/\/krimispass.ch\/swiss\/wp-content\/uploads\/2022\/01\/beispiel-ar-krimispass-300x232.jpg 300w, https:\/\/krimispass.ch\/swiss\/wp-content\/uploads\/2022\/01\/beispiel-ar-krimispass-768x595.jpg 768w, https:\/\/krimispass.ch\/swiss\/wp-content\/uploads\/2022\/01\/beispiel-ar-krimispass-1536x1190.jpg 1536w, https:\/\/krimispass.ch\/swiss\/wp-content\/uploads\/2022\/01\/beispiel-ar-krimispass-2048x1586.jpg 2048w, https:\/\/krimispass.ch\/swiss\/wp-content\/uploads\/2022\/01\/beispiel-ar-krimispass-920x713.jpg 920w, https:\/\/krimispass.ch\/swiss\/wp-content\/uploads\/2022\/01\/beispiel-ar-krimispass-230x178.jpg 230w, https:\/\/krimispass.ch\/swiss\/wp-content\/uploads\/2022\/01\/beispiel-ar-krimispass-350x271.jpg 350w, https:\/\/krimispass.ch\/swiss\/wp-content\/uploads\/2022\/01\/beispiel-ar-krimispass-480x372.jpg 480w\" sizes=\"auto, (max-width: 1024px) 100vw, 1024px\" \/><\/p>\n<p><a href=\"https:\/\/app.smartvue.ch\/v\/neszhBgULBFo2qeP7pY5\" rel=\"noopener noreferrer\" target=\"_blank\">\u00dcber diesen Link<\/a>, k\u00f6nnen Sie das 3D-Objekt direkten auf Ihrem Smartphone testen.<\/p>\n<p>&nbsp;<br \/>\nDa die eingesetzte Technologie auf \u00e4lteren Ger\u00e4ten und von einigen Browsern nicht unterst\u00fctzt wird, enthalten die 3D-Objekte keine Informationen, welche f\u00fcr die Aufl\u00f6sung der F\u00e4lle erforderlich sind.<\/p>\n<p>Es handelt sich bis auf weiteres um ein optionales Feature mit Zukunftspotential, denn fr\u00fcher oder sp\u00e4ter wird Augmented Reality auf nahezu allen Smartphones verf\u00fcgbar sein.<\/p>\n","protected":false},"excerpt":{"rendered":"<p>Erleben Sie KrimiSpass in einer neuen Dimension &#8211; mit smartVue&reg; Augmented Reality verschmilzt die Realit\u00e4t mit der digitalen Welt. Die interaktiven Kriminalf\u00e4lle [&hellip;]<\/p>\n","protected":false},"author":1,"featured_media":0,"parent":0,"menu_order":56,"comment_status":"closed","ping_status":"closed","template":"","meta":{"content-type":"","footnotes":""},"class_list":["post-20100","page","type-page","status-publish","hentry"],"yoast_head":"<!-- This site is optimized with the Yoast SEO plugin v27.4 - https:\/\/yoast.com\/product\/yoast-seo-wordpress\/ -->\n<title>Augmented Reality | KrimiSpass<\/title>\n<meta name=\"description\" content=\"Erleben Sie KrimiSpass in einer neuen Dimension \u2013 mit Augmented Reality verschmilzt die Realit\u00e4t mit der digitalen Welt.\" \/>\n<meta name=\"robots\" content=\"index, follow, max-snippet:-1, max-image-preview:large, max-video-preview:-1\" \/>\n<link rel=\"canonical\" href=\"https:\/\/krimispass.ch\/swiss\/augmented-reality\/\" \/>\n<meta property=\"og:locale\" content=\"de_DE\" \/>\n<meta property=\"og:type\" content=\"article\" \/>\n<meta property=\"og:title\" content=\"Augmented Reality | KrimiSpass\" \/>\n<meta property=\"og:description\" content=\"Erleben Sie KrimiSpass in einer neuen Dimension \u2013 mit Augmented Reality verschmilzt die Realit\u00e4t mit der digitalen Welt.\" \/>\n<meta property=\"og:url\" content=\"https:\/\/krimispass.ch\/swiss\/augmented-reality\/\" \/>\n<meta property=\"og:site_name\" content=\"KrimiSpass\" \/>\n<meta property=\"article:publisher\" content=\"https:\/\/www.facebook.com\/KrimiSpass.ch\" \/>\n<meta property=\"article:modified_time\" content=\"2022-05-05T14:41:50+00:00\" \/>\n<meta property=\"og:image\" content=\"https:\/\/krimispass.ch\/swiss\/wp-content\/uploads\/2022\/01\/beispiel-ar-krimispass-1024x793.jpg\" \/>\n<meta name=\"twitter:card\" content=\"summary_large_image\" \/>\n<meta name=\"twitter:site\" content=\"@KrimiSpass\" \/>\n<meta name=\"twitter:label1\" content=\"Gesch\u00e4tzte Lesezeit\" \/>\n\t<meta name=\"twitter:data1\" content=\"1\u00a0Minute\" \/>\n<script type=\"application\/ld+json\" class=\"yoast-schema-graph\">{\"@context\":\"https:\\\/\\\/schema.org\",\"@graph\":[{\"@type\":\"WebPage\",\"@id\":\"https:\\\/\\\/krimispass.ch\\\/swiss\\\/augmented-reality\\\/\",\"url\":\"https:\\\/\\\/krimispass.ch\\\/swiss\\\/augmented-reality\\\/\",\"name\":\"Augmented Reality | KrimiSpass\",\"isPartOf\":{\"@id\":\"https:\\\/\\\/krimispass.ch\\\/swiss\\\/#website\"},\"primaryImageOfPage\":{\"@id\":\"https:\\\/\\\/krimispass.ch\\\/swiss\\\/augmented-reality\\\/#primaryimage\"},\"image\":{\"@id\":\"https:\\\/\\\/krimispass.ch\\\/swiss\\\/augmented-reality\\\/#primaryimage\"},\"thumbnailUrl\":\"https:\\\/\\\/krimispass.ch\\\/swiss\\\/wp-content\\\/uploads\\\/2022\\\/01\\\/beispiel-ar-krimispass-1024x793.jpg\",\"datePublished\":\"2022-02-07T07:12:25+00:00\",\"dateModified\":\"2022-05-05T14:41:50+00:00\",\"description\":\"Erleben Sie KrimiSpass in einer neuen Dimension \u2013 mit Augmented Reality verschmilzt die Realit\u00e4t mit der digitalen Welt.\",\"breadcrumb\":{\"@id\":\"https:\\\/\\\/krimispass.ch\\\/swiss\\\/augmented-reality\\\/#breadcrumb\"},\"inLanguage\":\"de\",\"potentialAction\":[{\"@type\":\"ReadAction\",\"target\":[\"https:\\\/\\\/krimispass.ch\\\/swiss\\\/augmented-reality\\\/\"]}]},{\"@type\":\"ImageObject\",\"inLanguage\":\"de\",\"@id\":\"https:\\\/\\\/krimispass.ch\\\/swiss\\\/augmented-reality\\\/#primaryimage\",\"url\":\"https:\\\/\\\/krimispass.ch\\\/swiss\\\/wp-content\\\/uploads\\\/2022\\\/01\\\/beispiel-ar-krimispass.jpg\",\"contentUrl\":\"https:\\\/\\\/krimispass.ch\\\/swiss\\\/wp-content\\\/uploads\\\/2022\\\/01\\\/beispiel-ar-krimispass.jpg\",\"width\":2412,\"height\":1868,\"caption\":\"Beispiel eines 3D-Objekts bei KrimiSpass\"},{\"@type\":\"BreadcrumbList\",\"@id\":\"https:\\\/\\\/krimispass.ch\\\/swiss\\\/augmented-reality\\\/#breadcrumb\",\"itemListElement\":[{\"@type\":\"ListItem\",\"position\":1,\"name\":\"Startseite\",\"item\":\"https:\\\/\\\/krimispass.ch\\\/swiss\\\/\"},{\"@type\":\"ListItem\",\"position\":2,\"name\":\"Augmented Reality\"}]},{\"@type\":\"WebSite\",\"@id\":\"https:\\\/\\\/krimispass.ch\\\/swiss\\\/#website\",\"url\":\"https:\\\/\\\/krimispass.ch\\\/swiss\\\/\",\"name\":\"KrimiSpass\",\"description\":\"Das Outdoor-Krimispiel\",\"potentialAction\":[{\"@type\":\"SearchAction\",\"target\":{\"@type\":\"EntryPoint\",\"urlTemplate\":\"https:\\\/\\\/krimispass.ch\\\/swiss\\\/?s={search_term_string}\"},\"query-input\":{\"@type\":\"PropertyValueSpecification\",\"valueRequired\":true,\"valueName\":\"search_term_string\"}}],\"inLanguage\":\"de\"}]}<\/script>\n<!-- \/ Yoast SEO plugin. -->","yoast_head_json":{"title":"Augmented Reality | KrimiSpass","description":"Erleben Sie KrimiSpass in einer neuen Dimension \u2013 mit Augmented Reality verschmilzt die Realit\u00e4t mit der digitalen Welt.","robots":{"index":"index","follow":"follow","max-snippet":"max-snippet:-1","max-image-preview":"max-image-preview:large","max-video-preview":"max-video-preview:-1"},"canonical":"https:\/\/krimispass.ch\/swiss\/augmented-reality\/","og_locale":"de_DE","og_type":"article","og_title":"Augmented Reality | KrimiSpass","og_description":"Erleben Sie KrimiSpass in einer neuen Dimension \u2013 mit Augmented Reality verschmilzt die Realit\u00e4t mit der digitalen Welt.","og_url":"https:\/\/krimispass.ch\/swiss\/augmented-reality\/","og_site_name":"KrimiSpass","article_publisher":"https:\/\/www.facebook.com\/KrimiSpass.ch","article_modified_time":"2022-05-05T14:41:50+00:00","og_image":[{"url":"https:\/\/krimispass.ch\/swiss\/wp-content\/uploads\/2022\/01\/beispiel-ar-krimispass-1024x793.jpg","type":"","width":"","height":""}],"twitter_card":"summary_large_image","twitter_site":"@KrimiSpass","twitter_misc":{"Gesch\u00e4tzte Lesezeit":"1\u00a0Minute"},"schema":{"@context":"https:\/\/schema.org","@graph":[{"@type":"WebPage","@id":"https:\/\/krimispass.ch\/swiss\/augmented-reality\/","url":"https:\/\/krimispass.ch\/swiss\/augmented-reality\/","name":"Augmented Reality | KrimiSpass","isPartOf":{"@id":"https:\/\/krimispass.ch\/swiss\/#website"},"primaryImageOfPage":{"@id":"https:\/\/krimispass.ch\/swiss\/augmented-reality\/#primaryimage"},"image":{"@id":"https:\/\/krimispass.ch\/swiss\/augmented-reality\/#primaryimage"},"thumbnailUrl":"https:\/\/krimispass.ch\/swiss\/wp-content\/uploads\/2022\/01\/beispiel-ar-krimispass-1024x793.jpg","datePublished":"2022-02-07T07:12:25+00:00","dateModified":"2022-05-05T14:41:50+00:00","description":"Erleben Sie KrimiSpass in einer neuen Dimension \u2013 mit Augmented Reality verschmilzt die Realit\u00e4t mit der digitalen Welt.","breadcrumb":{"@id":"https:\/\/krimispass.ch\/swiss\/augmented-reality\/#breadcrumb"},"inLanguage":"de","potentialAction":[{"@type":"ReadAction","target":["https:\/\/krimispass.ch\/swiss\/augmented-reality\/"]}]},{"@type":"ImageObject","inLanguage":"de","@id":"https:\/\/krimispass.ch\/swiss\/augmented-reality\/#primaryimage","url":"https:\/\/krimispass.ch\/swiss\/wp-content\/uploads\/2022\/01\/beispiel-ar-krimispass.jpg","contentUrl":"https:\/\/krimispass.ch\/swiss\/wp-content\/uploads\/2022\/01\/beispiel-ar-krimispass.jpg","width":2412,"height":1868,"caption":"Beispiel eines 3D-Objekts bei KrimiSpass"},{"@type":"BreadcrumbList","@id":"https:\/\/krimispass.ch\/swiss\/augmented-reality\/#breadcrumb","itemListElement":[{"@type":"ListItem","position":1,"name":"Startseite","item":"https:\/\/krimispass.ch\/swiss\/"},{"@type":"ListItem","position":2,"name":"Augmented Reality"}]},{"@type":"WebSite","@id":"https:\/\/krimispass.ch\/swiss\/#website","url":"https:\/\/krimispass.ch\/swiss\/","name":"KrimiSpass","description":"Das Outdoor-Krimispiel","potentialAction":[{"@type":"SearchAction","target":{"@type":"EntryPoint","urlTemplate":"https:\/\/krimispass.ch\/swiss\/?s={search_term_string}"},"query-input":{"@type":"PropertyValueSpecification","valueRequired":true,"valueName":"search_term_string"}}],"inLanguage":"de"}]}},"_links":{"self":[{"href":"https:\/\/krimispass.ch\/swiss\/wp-json\/wp\/v2\/pages\/20100","targetHints":{"allow":["GET"]}}],"collection":[{"href":"https:\/\/krimispass.ch\/swiss\/wp-json\/wp\/v2\/pages"}],"about":[{"href":"https:\/\/krimispass.ch\/swiss\/wp-json\/wp\/v2\/types\/page"}],"author":[{"embeddable":true,"href":"https:\/\/krimispass.ch\/swiss\/wp-json\/wp\/v2\/users\/1"}],"replies":[{"embeddable":true,"href":"https:\/\/krimispass.ch\/swiss\/wp-json\/wp\/v2\/comments?post=20100"}],"version-history":[{"count":10,"href":"https:\/\/krimispass.ch\/swiss\/wp-json\/wp\/v2\/pages\/20100\/revisions"}],"predecessor-version":[{"id":20724,"href":"https:\/\/krimispass.ch\/swiss\/wp-json\/wp\/v2\/pages\/20100\/revisions\/20724"}],"wp:attachment":[{"href":"https:\/\/krimispass.ch\/swiss\/wp-json\/wp\/v2\/media?parent=20100"}],"curies":[{"name":"wp","href":"https:\/\/api.w.org\/{rel}","templated":true}]}}