{"id":18529,"date":"2020-07-17T22:54:08","date_gmt":"2021-09-10T07:09:46","guid":{"rendered":"https:\/\/krimispass.ch\/swiss\/?page_id=18529"},"modified":"2023-08-26T22:56:05","modified_gmt":"2023-08-26T20:56:05","slug":"faq-krimiinabox","status":"publish","type":"page","link":"https:\/\/krimispass.ch\/swiss\/faq\/faq-krimiinabox\/","title":{"rendered":"FAQ zu \u00abKrimi in a Box\u00bb"},"content":{"rendered":"<p><strong>Hier finden Sie Antworten auf die h\u00e4ufigsten Fragen zu <a href=\"https:\/\/krimispass.ch\/krimiinabox\" rel=\"noopener noreferrer\" target=\"_blank\">Krimi in a Box<\/a>.<\/strong><\/p>\n<p>Haben Sie weitere Fragen oder gibt es nach wie vor Unklarheiten? Gerne d\u00fcrfen Sie sich via <a href=\"https:\/\/krimispass.ch\/chat\" rel=\"noopener noreferrer\" target=\"_blank\">Support-Chat<\/a> oder \u00fcber das <a href=\"https:\/\/krimispass.ch\/swiss\/?page_id=372&#038;via-faq-kriniinabox\">Kontaktformular<\/a> an uns wenden. Wir helfen Ihnen gerne weiter.<\/p>\n<p>&nbsp;<\/p>\n<h5>Fragen zum Spiel<\/h5>\n<div class=\"hrf-faq-list\"><article class=\"hrf-entry\" id=\"hrf-entry-3849\">\n                      <h5 class=\"hrf-title close-faq\" data-content-id=\"hrf-content-3849\"><span><\/span>Was ist \u00abKrimi in a Box\u00bb?<\/h5>\n                     <div class=\"hrf-content\" id=\"hrf-content-3849\"><p>\u00abKrimi in a Box\u00bb ist ein interaktives Outdoor-Krimi-Abenteuer in Kehrsatz bei Bern, welches allein oder als Gruppe gespielt werden kann. Dabei wird man mittels Smartphone Schritt f\u00fcr Schritt durch den Fall gef\u00fchrt.<\/p>\n<\/div>\n                  <\/article><article class=\"hrf-entry\" id=\"hrf-entry-11243\">\n                      <h5 class=\"hrf-title close-faq\" data-content-id=\"hrf-content-11243\"><span><\/span>Wie funktioniert das Spiel?<\/h5>\n                     <div class=\"hrf-content\" id=\"hrf-content-11243\"><p>Unter <a href=\"https:\/\/krimispass.ch\/krimiinabox\/?page_id=75\" rel=\"noopener noreferrer\" target=\"_blank\">diesem Link<\/a> erfahren Sie, wie das Spiel funktioniert und wie Sie bei den Ermittlungen vorgehen.<\/p>\n<\/div>\n                  <\/article><article class=\"hrf-entry\" id=\"hrf-entry-3845\">\n                      <h5 class=\"hrf-title close-faq\" data-content-id=\"hrf-content-3845\"><span><\/span>Was kostet es?<\/h5>\n                     <div class=\"hrf-content\" id=\"hrf-content-3845\"><p>Die Teilnahme am Spiel ist kostenlos und mit keinen Verpflichtungen verbunden.<\/p>\n<p>Wenn Sie m\u00f6chten, k\u00f6nnen Sie das Projekt mit einem freiwilligen Beitrag <a href=\"https:\/\/krimispass.ch\/swiss\/?page_id=18310\">unterst\u00fctzen<\/a>.<\/p>\n<\/div>\n                  <\/article><article class=\"hrf-entry\" id=\"hrf-entry-1088\">\n                      <h5 class=\"hrf-title close-faq\" data-content-id=\"hrf-content-1088\"><span><\/span>Wo spielt sich das Spiel ab?<\/h5>\n                     <div class=\"hrf-content\" id=\"hrf-content-1088\"><p>Der Erlebnis-Krimi spielt sich in Kehrsatz, einem Vorort von Bern ab.<\/p>\n<\/div>\n                  <\/article><article class=\"hrf-entry\" id=\"hrf-entry-3765\">\n                      <h5 class=\"hrf-title close-faq\" data-content-id=\"hrf-content-3765\"><span><\/span>Wie ist man unterwegs?<\/h5>\n                     <div class=\"hrf-content\" id=\"hrf-content-3765\"><p>Sie k\u00f6nnen zu Fuss, mit dem Fahrrad oder mit dem Auto ermitteln. In welcher Reihenfolge Sie die Schaupl\u00e4tze besuchen, ist Ihnen \u00fcberlassen.<\/p>\n<\/div>\n                  <\/article><article class=\"hrf-entry\" id=\"hrf-entry-3854\">\n                      <h5 class=\"hrf-title close-faq\" data-content-id=\"hrf-content-3854\"><span><\/span>Welche Utensilien braucht man f\u00fcr die Ermittlungen?<\/h5>\n                     <div class=\"hrf-content\" id=\"hrf-content-3854\"><p>Alles, was Sie f\u00fcr die Spurensuche brauchen, ist ein internetf\u00e4higes Smartphone. Ausserdem empfiehlt es sich, Papier und Schreibzeug dabeizuhaben.<\/p>\n<\/div>\n                  <\/article><article class=\"hrf-entry\" id=\"hrf-entry-12146\">\n                      <h5 class=\"hrf-title close-faq\" data-content-id=\"hrf-content-12146\"><span><\/span>Braucht man f\u00fcr das Spiel eine App?<\/h5>\n                     <div class=\"hrf-content\" id=\"hrf-content-12146\"><p>Nein. Das Spiel funktioniert mittels einer mobilen Webseite, die sich direkt im Internetbrowser Ihres Smartphones \u00f6ffnen l\u00e4sst. Die Installation einer App ist nicht erforderlich.<\/p>\n<\/div>\n                  <\/article><article class=\"hrf-entry\" id=\"hrf-entry-3786\">\n                      <h5 class=\"hrf-title close-faq\" data-content-id=\"hrf-content-3786\"><span><\/span>Wie lange dauert das Spiel?<\/h5>\n                     <div class=\"hrf-content\" id=\"hrf-content-3786\"><p>Planen Sie f\u00fcr die Ermittlungen etwa 2 bis 5 Stunden ein.<\/p>\n<\/div>\n                  <\/article><article class=\"hrf-entry\" id=\"hrf-entry-3838\">\n                      <h5 class=\"hrf-title close-faq\" data-content-id=\"hrf-content-3838\"><span><\/span>Kann das Spiel rund um die Uhr gespielt werden?<\/h5>\n                     <div class=\"hrf-content\" id=\"hrf-content-3838\"><p>Ja, das Spiel kann zu jeder Tages- und Nachtzeit gespielt werden. Wir bitten Sie, auf Anwohner entsprechend R\u00fccksicht zu nehmen.<\/p>\n<\/div>\n                  <\/article><article class=\"hrf-entry\" id=\"hrf-entry-3841\">\n                      <h5 class=\"hrf-title close-faq\" data-content-id=\"hrf-content-3841\"><span><\/span>Kann das Spiel zu jeder Jahreszeit gespielt werden?<\/h5>\n                     <div class=\"hrf-content\" id=\"hrf-content-3841\"><p>Ja, das Spiel kann das ganze Jahr \u00fcber gespielt werden.<\/p>\n<\/div>\n                  <\/article><article class=\"hrf-entry\" id=\"hrf-entry-3762\">\n                      <h5 class=\"hrf-title close-faq\" data-content-id=\"hrf-content-3762\"><span><\/span>Muss man sich registrieren?<\/h5>\n                     <div class=\"hrf-content\" id=\"hrf-content-3762\"><p>Um \u00abKrimi in a Box\u00bb zu spielen, m\u00fcssen Sie sich nicht registrieren. Erst bei der Eingabe Ihres Tipps m\u00fcssen Sie Ihre E-Mail-Adresse angeben, damit wir Ihnen die Aufl\u00f6sung des Falls zustellen k\u00f6nnen.<\/p>\n<\/div>\n                  <\/article><article class=\"hrf-entry\" id=\"hrf-entry-5904\">\n                      <h5 class=\"hrf-title close-faq\" data-content-id=\"hrf-content-5904\"><span><\/span>Ist eine Reservation notwendig?<\/h5>\n                     <div class=\"hrf-content\" id=\"hrf-content-5904\"><p>Nein, eine Reservation oder Voranmeldung ist nicht erforderlich. Sie k\u00f6nnen die Ermittlungen in Angriff nehmen, wann immer Sie wollen.<\/p>\n<\/div>\n                  <\/article><article class=\"hrf-entry\" id=\"hrf-entry-3856\">\n                      <h5 class=\"hrf-title close-faq\" data-content-id=\"hrf-content-3856\"><span><\/span>Ist das Spiel f\u00fcr Gruppen geeignet?<\/h5>\n                     <div class=\"hrf-content\" id=\"hrf-content-3856\"><p>Ja, das Spiel kann allein oder als gemeinsames Gruppenerlebnis gespielt werden. Bei gr\u00f6sseren Gruppen empfiehlt es sich, verschiedene Teams (idealerweise 4-6 Personen) zu bilden.<\/p>\n<\/div>\n                  <\/article><article class=\"hrf-entry\" id=\"hrf-entry-3769\">\n                      <h5 class=\"hrf-title close-faq\" data-content-id=\"hrf-content-3769\"><span><\/span>Ist das Spiel f\u00fcr Kinder geeignet?<\/h5>\n                     <div class=\"hrf-content\" id=\"hrf-content-3769\"><p>Von der Komplexit\u00e4t her ist der Fall eher auf Erwachsene oder Jugendliche ausgelegt. In Begleitung von Erwachsenen k\u00f6nnen die Ermittlungen aber durchaus auch Kindern Spass machen. Es gilt jedoch zu beachten, dass es um einen Mordfall geht. Es ist Ihnen \u00fcberlassen, welche Texte Sie Ihren Kindern vorlesen wollen und welche nicht.<\/p>\n<p>F\u00fcr Schulklassen empfehlen wir das Spiel ab der Oberstufe.<\/p>\n<\/div>\n                  <\/article><article class=\"hrf-entry\" id=\"hrf-entry-10958\">\n                      <h5 class=\"hrf-title close-faq\" data-content-id=\"hrf-content-10958\"><span><\/span>Gibt es das Spiel auch in anderen Sprachen?<\/h5>\n                     <div class=\"hrf-content\" id=\"hrf-content-10958\"><p>\u00abKrimi in a Box\u00bb ist ausschliesslich in deutscher Sprache verf\u00fcgbar.<\/p>\n<\/div>\n                  <\/article><article class=\"hrf-entry\" id=\"hrf-entry-3760\">\n                      <h5 class=\"hrf-title close-faq\" data-content-id=\"hrf-content-3760\"><span><\/span>Wie kann ich die L\u00f6sung des Falls eingeben?<\/h5>\n                     <div class=\"hrf-content\" id=\"hrf-content-3760\"><p><a href=\"https:\/\/krimispass.ch\/krimiinabox\/?page_id=2515\" rel=\"noopener noreferrer\" target=\"_blank\">Klicken Sie hier<\/a> um Ihren Tipp abzugeben, wenn Sie glauben die T\u00e4terschaft \u00fcberf\u00fchrt zu haben.<\/p>\n<\/div>\n                  <\/article><article class=\"hrf-entry\" id=\"hrf-entry-3759\">\n                      <h5 class=\"hrf-title close-faq\" data-content-id=\"hrf-content-3759\"><span><\/span>Was tun, wenn ich einen Hinweis nicht finde?<\/h5>\n                     <div class=\"hrf-content\" id=\"hrf-content-3759\"><p>Gibt es Probleme bei den Ermittlungen, kommen Sie nicht weiter oder finden Sie einen Hinweis nicht? Dann <a href=\"https:\/\/krimispass.ch\/krimiinabox\/?page_id=2569\" rel=\"noopener noreferrer\" target=\"_blank\">klicken Sie hier<\/a>, um Hilfe zu erhalten.<\/p>\n<\/div>\n                  <\/article><article class=\"hrf-entry\" id=\"hrf-entry-4446\">\n                      <h5 class=\"hrf-title close-faq\" data-content-id=\"hrf-content-4446\"><span><\/span>Was tun, wenn ich die E-Mail mit der Aufl\u00f6sung nicht erhalte?<\/h5>\n                     <div class=\"hrf-content\" id=\"hrf-content-4446\"><p>Wenn Sie nach erfolgter Eingabe Ihres Tipps nicht innert wenigen Minuten eine E-Mail mit der Aufl\u00f6sung erhalten, \u00fcberpr\u00fcfen Sie bitte Ihren SPAM-Ordner. Ist die E-Mail auch dort nicht zu finden, versuchen Sie es bitte erneut \u2013 ggf. mit einer anderen E-Mail-Adresse.<\/p>\n<p>Bringt auch dies keinen Erfolg, kontaktieren Sie uns bitte via <a href=\"https:\/\/krimispass.ch\/chat\" rel=\"noopener noreferrer\" target=\"_blank\">Support-Chat<\/a> oder \u00fcber das <a href=\"https:\/\/krimispass.ch\/swiss\/?page_id=372\">Kontaktformular<\/a>.<\/p>\n<\/div>\n                  <\/article><\/div>\n<p>&nbsp;<br \/>\n&nbsp;<\/p>\n<h5>Allgemeine Fragen<\/h5>\n<div class=\"hrf-faq-list\"><article class=\"hrf-entry\" id=\"hrf-entry-3782\">\n                      <h5 class=\"hrf-title close-faq\" data-content-id=\"hrf-content-3782\"><span><\/span>Was ist KrimiSpass?<\/h5>\n                     <div class=\"hrf-content\" id=\"hrf-content-3782\"><p>KrimiSpass sind interaktive Abenteuer, die allein oder als Gruppe an <a href=\"https:\/\/krimispass.ch\/swiss#standorte\">verschiedenen Orten<\/a> in der Schweiz gespielt werden k\u00f6nnen. Mittels Smartphone wird man Schritt f\u00fcr Schritt durch einen kniffligen Kriminalfall gef\u00fchrt, den es aufzukl\u00e4ren gilt.<\/p>\n<p><a href=\"https:\/\/krimispass.ch\/swiss\/?page_id=3503\">Klicken Sie hier<\/a>, um mehr zu erfahren.<\/p>\n<\/div>\n                  <\/article><article class=\"hrf-entry\" id=\"hrf-entry-22395\">\n                      <h5 class=\"hrf-title close-faq\" data-content-id=\"hrf-content-22395\"><span><\/span>Wer steckt hinter KrimiSpass?<\/h5>\n                     <div class=\"hrf-content\" id=\"hrf-content-22395\"><p>KrimiSpass ist ein Angebot von <a href=\"https:\/\/tourify.ch\" rel=\"noopener noreferrer\" target=\"_blank\">Tourify | Die Erlebnis-Schmiede<\/a>.<\/p>\n<p>Tourify ist ein junges Schweizer Unternehmen, spezialisiert auf die Realisierung von innovativen Freizeit- und Tourismusangeboten.<\/p>\n<p>Unsere Passion liegt in der Schaffung neuartiger Erlebnisse, die begeistern. Ob multimediale Themenwege, spannende R\u00e4tsel-Trails oder interaktive Krimi-Abenteuer \u2013 wir lieben es, Menschen zu unterhalten und zu inspirieren.<\/p>\n<\/div>\n                  <\/article><article class=\"hrf-entry\" id=\"hrf-entry-18359\">\n                      <h5 class=\"hrf-title close-faq\" data-content-id=\"hrf-content-18359\"><span><\/span>Wie wird KrimiSpass finanziert?<\/h5>\n                     <div class=\"hrf-content\" id=\"hrf-content-18359\"><p>Die Teilnahme an den KrimiSpass-Trails ist kostenlos. Die Rundg\u00e4nge werden in erster Linie durch die anbietenden Gemeinden, durch Verkehrs- und Gewerbevereine oder durch lokale Tourismus-Organisationen finanziert.<\/p>\n<p>Weitere Unterst\u00fctzung erh\u00e4lt das Projekt von verschiedenen Sponsoren und G\u00f6nnern.<\/p>\n<p><a href=\"https:\/\/krimispass.ch\/swiss\/?page_id=204\">Informationen f\u00fcr interessierte Gemeinden und Tourismus-Regionen<\/a><\/p>\n<p><a href=\"https:\/\/krimispass.ch\/swiss\/?page_id=731\">Informationen zu den Sponsoring-Paketen<\/a><\/p>\n<p><a href=\"https:\/\/krimispass.ch\/swiss\/?page_id=18310\">Informationen f\u00fcr G\u00f6nner\/innen<\/a><\/p>\n<\/div>\n                  <\/article><article class=\"hrf-entry\" id=\"hrf-entry-10580\">\n                      <h5 class=\"hrf-title close-faq\" data-content-id=\"hrf-content-10580\"><span><\/span>Wo \u00fcberall kann KrimiSpass gespielt werden?<\/h5>\n                     <div class=\"hrf-content\" id=\"hrf-content-10580\"><p>Die Krimi-Abenteuer k\u00f6nnen das ganze Jahr \u00fcber an verschiedenen Orten in der Schweiz gespielt werden.<\/p>\n<p><a href=\"https:\/\/krimispass.ch\/swiss#standorte\">Klicken Sie hier<\/a>, um eine \u00dcbersicht der verschiedenen Standorte zu erhalten.<\/p>\n<\/div>\n                  <\/article><article class=\"hrf-entry\" id=\"hrf-entry-3788\">\n                      <h5 class=\"hrf-title close-faq\" data-content-id=\"hrf-content-3788\"><span><\/span>Ein KrimiSpass in unserer Gemeinde\/Region?<\/h5>\n                     <div class=\"hrf-content\" id=\"hrf-content-3788\"><p>Wir sind daran interessiert, in weiteren Regionen der Schweiz interaktive Erlebnis-Krimis zu realisieren. Warum nicht auch in Ihrer Gemeinde oder Tourismus-Destination?<\/p>\n<p><a href=\"https:\/\/krimispass.ch\/swiss\/?page_id=204\">Klicken Sie hier<\/a>, um mehr zu erfahren.<\/p>\n<\/div>\n                  <\/article><article class=\"hrf-entry\" id=\"hrf-entry-12141\">\n                      <h5 class=\"hrf-title close-faq\" data-content-id=\"hrf-content-12141\"><span><\/span>Ein KrimiSpass in unserem Hotel\/Resort?<\/h5>\n                     <div class=\"hrf-content\" id=\"hrf-content-12141\"><p>KrimiSpass gibt&#8217;s auch f\u00fcr Hotels und Resorts.<\/p>\n<p>Bieten Sie Ihren G\u00e4sten etwas Besonderes! Mit KrimiSpass wird der Aufenthalt bei Ihnen zu einem unvergesslich m\u00f6rderischen Erlebnis.<\/p>\n<p><a href=\"https:\/\/krimispass.ch\/swiss\/?page_id=11834\">Klicken Sie hier<\/a>, um mehr zu erfahren.<\/p>\n<\/div>\n                  <\/article><article class=\"hrf-entry\" id=\"hrf-entry-12142\">\n                      <h5 class=\"hrf-title close-faq\" data-content-id=\"hrf-content-12142\"><span><\/span>Ein KrimiSpass an unserem Firmen-Event?<\/h5>\n                     <div class=\"hrf-content\" id=\"hrf-content-12142\"><p>Steht in Ihrer Firma ein Jubil\u00e4um an oder planen Sie einen Kundenanlass? Mit KrimiSpass wird Ihr Event zu einem einzigartig m\u00f6rderischen Erlebnis, das so schnell keiner vergessen wird.<\/p>\n<p><a href=\"https:\/\/krimispass.ch\/swiss\/?page_id=10788\">Klicken Sie hier<\/a>, um mehr zu erfahren.<\/p>\n<\/div>\n                  <\/article><article class=\"hrf-entry\" id=\"hrf-entry-3787\">\n                      <h5 class=\"hrf-title close-faq\" data-content-id=\"hrf-content-3787\"><span><\/span>Wie kann ich Sponsor werden und mit KrimiSpass werben?<\/h5>\n                     <div class=\"hrf-content\" id=\"hrf-content-3787\"><p>Sie haben die M\u00f6glichkeit, als Sponsor von KrimiSpass aufzutreten und tausende Besucher\/innen mit Ihrer Werbung zu erreichen.<\/p>\n<p><a href=\"https:\/\/krimispass.ch\/swiss\/?page_id=731\">Klicken Sie hier<\/a>, um mehr zu erfahren.<\/p>\n<\/div>\n                  <\/article><article class=\"hrf-entry\" id=\"hrf-entry-18337\">\n                      <h5 class=\"hrf-title close-faq\" data-content-id=\"hrf-content-18337\"><span><\/span>Wie kann ich KrimiSpass-G\u00f6nner\/in werden?<\/h5>\n                     <div class=\"hrf-content\" id=\"hrf-content-18337\"><p>Als G\u00f6nner\/in von KrimiSpass unterst\u00fctzen Sie uns dabei, das kostenlose Angebot weiter auszubauen.<\/p>\n<p><a href=\"https:\/\/krimispass.ch\/swiss\/?page_id=18310\">Klicken Sie hier<\/a>, um mehr zu erfahren.<\/p>\n<\/div>\n                  <\/article><article class=\"hrf-entry\" id=\"hrf-entry-3758\">\n                      <h5 class=\"hrf-title close-faq\" data-content-id=\"hrf-content-3758\"><span><\/span>Wo finde ich Neuigkeiten von KrimiSpass.ch?<\/h5>\n                     <div class=\"hrf-content\" id=\"hrf-content-3758\"><p>Die aktuellsten News zum KrimiSpass finden Sie auf den folgenden Kan\u00e4len:<\/p>\n<p><a href=\"https:\/\/krimispass.ch\/swiss\/?page_id=1825\">KrimiSpass Blog<\/a><br \/>\n<a href=\"https:\/\/krimispass.ch\/swiss\/?page_id=3518\">Newsletter<\/a><br \/>\n<a href=\"https:\/\/krimispass.ch\/whatsapp\" rel=\"noopener noreferrer\" target=\"_blank\">WhatsApp-Kanal<\/a><br \/>\n<a href=\"https:\/\/www.facebook.com\/KrimiSpass.ch\" rel=\"noopener noreferrer\" target=\"_blank\">Facebook<\/a><br \/>\n<a href=\"https:\/\/www.instagram.com\/KrimiSpass.ch\" rel=\"noopener noreferrer\" target=\"_blank\">Instagram<\/a><br \/>\n<a href=\"https:\/\/www.x.com\/KrimiSpass\" rel=\"noopener noreferrer\" target=\"_blank\">X (ehemals Twitter)<\/a><br \/>\n<a href=\"https:\/\/www.linkedin.com\/company\/KrimiSpass.ch\" rel=\"noopener noreferrer\" target=\"_blank\">LinkedIn<\/a><\/p>\n<\/div>\n                  <\/article><article class=\"hrf-entry\" id=\"hrf-entry-20122\">\n                      <h5 class=\"hrf-title close-faq\" data-content-id=\"hrf-content-20122\"><span><\/span>Was ist Augmented Reality?<\/h5>\n                     <div class=\"hrf-content\" id=\"hrf-content-20122\"><p>Die interaktiven Kriminalf\u00e4lle sind mit 3D-Objekten angereichert, die sich bei den Ermittlungen in die Umgebung projizieren lassen.<\/p>\n<p><a href=\"https:\/\/krimispass.ch\/swiss\/?page_id=20100\">Klicken Sie hier<\/a>, um mehr zu erfahren.<\/p>\n<\/div>\n                  <\/article><\/div>\n","protected":false},"excerpt":{"rendered":"<p>Hier finden Sie Antworten auf die h\u00e4ufigsten Fragen zu Krimi in a Box. Haben Sie weitere Fragen oder gibt es nach wie [&hellip;]<\/p>\n","protected":false},"author":1,"featured_media":0,"parent":3745,"menu_order":0,"comment_status":"closed","ping_status":"closed","template":"","meta":{"content-type":"","footnotes":""},"class_list":["post-18529","page","type-page","status-publish","hentry"],"yoast_head":"<!-- This site is optimized with the Yoast SEO plugin v27.4 - https:\/\/yoast.com\/product\/yoast-seo-wordpress\/ -->\n<title>FAQ zu \u00abKrimi in a Box\u00bb<\/title>\n<meta name=\"description\" content=\"Hier finden Sie Antworten auf die h\u00e4ufigsten Fragen zu \u00abKrimi in a Box\u00bb.\" \/>\n<meta name=\"robots\" content=\"noindex, nofollow\" \/>\n<meta property=\"og:locale\" content=\"de_DE\" \/>\n<meta property=\"og:type\" content=\"article\" \/>\n<meta property=\"og:title\" content=\"FAQ zu \u00abKrimi in a Box\u00bb\" \/>\n<meta property=\"og:description\" content=\"Hier finden Sie Antworten auf die h\u00e4ufigsten Fragen zu \u00abKrimi in a Box\u00bb.\" \/>\n<meta property=\"og:url\" content=\"https:\/\/krimispass.ch\/swiss\/faq\/faq-krimiinabox\/\" \/>\n<meta property=\"og:site_name\" content=\"KrimiSpass\" \/>\n<meta property=\"article:publisher\" content=\"https:\/\/www.facebook.com\/KrimiSpass.ch\" \/>\n<meta property=\"article:modified_time\" content=\"2023-08-26T20:56:05+00:00\" \/>\n<meta property=\"og:image\" content=\"https:\/\/krimispass.ch\/swiss\/wp-content\/uploads\/2017\/02\/titelbild_mit_logo.jpg\" \/>\n\t<meta property=\"og:image:width\" content=\"2356\" \/>\n\t<meta property=\"og:image:height\" content=\"1571\" \/>\n\t<meta property=\"og:image:type\" content=\"image\/jpeg\" \/>\n<meta name=\"twitter:card\" content=\"summary_large_image\" \/>\n<meta name=\"twitter:site\" content=\"@KrimiSpass\" \/>\n<meta name=\"twitter:label1\" content=\"Gesch\u00e4tzte Lesezeit\" \/>\n\t<meta name=\"twitter:data1\" content=\"1\u00a0Minute\" \/>\n<script type=\"application\/ld+json\" class=\"yoast-schema-graph\">{\"@context\":\"https:\\\/\\\/schema.org\",\"@graph\":[{\"@type\":\"WebPage\",\"@id\":\"https:\\\/\\\/krimispass.ch\\\/swiss\\\/faq\\\/faq-krimiinabox\\\/\",\"url\":\"https:\\\/\\\/krimispass.ch\\\/swiss\\\/faq\\\/faq-krimiinabox\\\/\",\"name\":\"FAQ zu \u00abKrimi in a Box\u00bb\",\"isPartOf\":{\"@id\":\"https:\\\/\\\/krimispass.ch\\\/swiss\\\/#website\"},\"datePublished\":\"2021-09-10T07:09:46+00:00\",\"dateModified\":\"2023-08-26T20:56:05+00:00\",\"description\":\"Hier finden Sie Antworten auf die h\u00e4ufigsten Fragen zu \u00abKrimi in a Box\u00bb.\",\"breadcrumb\":{\"@id\":\"https:\\\/\\\/krimispass.ch\\\/swiss\\\/faq\\\/faq-krimiinabox\\\/#breadcrumb\"},\"inLanguage\":\"de\",\"potentialAction\":[{\"@type\":\"ReadAction\",\"target\":[\"https:\\\/\\\/krimispass.ch\\\/swiss\\\/faq\\\/faq-krimiinabox\\\/\"]}]},{\"@type\":\"BreadcrumbList\",\"@id\":\"https:\\\/\\\/krimispass.ch\\\/swiss\\\/faq\\\/faq-krimiinabox\\\/#breadcrumb\",\"itemListElement\":[{\"@type\":\"ListItem\",\"position\":1,\"name\":\"Startseite\",\"item\":\"https:\\\/\\\/krimispass.ch\\\/swiss\\\/\"},{\"@type\":\"ListItem\",\"position\":2,\"name\":\"FAQ\",\"item\":\"https:\\\/\\\/krimispass.ch\\\/swiss\\\/faq\\\/\"},{\"@type\":\"ListItem\",\"position\":3,\"name\":\"FAQ zu \u00abKrimi in a Box\u00bb\"}]},{\"@type\":\"WebSite\",\"@id\":\"https:\\\/\\\/krimispass.ch\\\/swiss\\\/#website\",\"url\":\"https:\\\/\\\/krimispass.ch\\\/swiss\\\/\",\"name\":\"KrimiSpass\",\"description\":\"Das Outdoor-Krimispiel\",\"potentialAction\":[{\"@type\":\"SearchAction\",\"target\":{\"@type\":\"EntryPoint\",\"urlTemplate\":\"https:\\\/\\\/krimispass.ch\\\/swiss\\\/?s={search_term_string}\"},\"query-input\":{\"@type\":\"PropertyValueSpecification\",\"valueRequired\":true,\"valueName\":\"search_term_string\"}}],\"inLanguage\":\"de\"}]}<\/script>\n<!-- \/ Yoast SEO plugin. -->","yoast_head_json":{"title":"FAQ zu \u00abKrimi in a Box\u00bb","description":"Hier finden Sie Antworten auf die h\u00e4ufigsten Fragen zu \u00abKrimi in a Box\u00bb.","robots":{"index":"noindex","follow":"nofollow"},"og_locale":"de_DE","og_type":"article","og_title":"FAQ zu \u00abKrimi in a Box\u00bb","og_description":"Hier finden Sie Antworten auf die h\u00e4ufigsten Fragen zu \u00abKrimi in a Box\u00bb.","og_url":"https:\/\/krimispass.ch\/swiss\/faq\/faq-krimiinabox\/","og_site_name":"KrimiSpass","article_publisher":"https:\/\/www.facebook.com\/KrimiSpass.ch","article_modified_time":"2023-08-26T20:56:05+00:00","og_image":[{"width":2356,"height":1571,"url":"https:\/\/krimispass.ch\/swiss\/wp-content\/uploads\/2017\/02\/titelbild_mit_logo.jpg","type":"image\/jpeg"}],"twitter_card":"summary_large_image","twitter_site":"@KrimiSpass","twitter_misc":{"Gesch\u00e4tzte Lesezeit":"1\u00a0Minute"},"schema":{"@context":"https:\/\/schema.org","@graph":[{"@type":"WebPage","@id":"https:\/\/krimispass.ch\/swiss\/faq\/faq-krimiinabox\/","url":"https:\/\/krimispass.ch\/swiss\/faq\/faq-krimiinabox\/","name":"FAQ zu \u00abKrimi in a Box\u00bb","isPartOf":{"@id":"https:\/\/krimispass.ch\/swiss\/#website"},"datePublished":"2021-09-10T07:09:46+00:00","dateModified":"2023-08-26T20:56:05+00:00","description":"Hier finden Sie Antworten auf die h\u00e4ufigsten Fragen zu \u00abKrimi in a Box\u00bb.","breadcrumb":{"@id":"https:\/\/krimispass.ch\/swiss\/faq\/faq-krimiinabox\/#breadcrumb"},"inLanguage":"de","potentialAction":[{"@type":"ReadAction","target":["https:\/\/krimispass.ch\/swiss\/faq\/faq-krimiinabox\/"]}]},{"@type":"BreadcrumbList","@id":"https:\/\/krimispass.ch\/swiss\/faq\/faq-krimiinabox\/#breadcrumb","itemListElement":[{"@type":"ListItem","position":1,"name":"Startseite","item":"https:\/\/krimispass.ch\/swiss\/"},{"@type":"ListItem","position":2,"name":"FAQ","item":"https:\/\/krimispass.ch\/swiss\/faq\/"},{"@type":"ListItem","position":3,"name":"FAQ zu \u00abKrimi in a Box\u00bb"}]},{"@type":"WebSite","@id":"https:\/\/krimispass.ch\/swiss\/#website","url":"https:\/\/krimispass.ch\/swiss\/","name":"KrimiSpass","description":"Das Outdoor-Krimispiel","potentialAction":[{"@type":"SearchAction","target":{"@type":"EntryPoint","urlTemplate":"https:\/\/krimispass.ch\/swiss\/?s={search_term_string}"},"query-input":{"@type":"PropertyValueSpecification","valueRequired":true,"valueName":"search_term_string"}}],"inLanguage":"de"}]}},"_links":{"self":[{"href":"https:\/\/krimispass.ch\/swiss\/wp-json\/wp\/v2\/pages\/18529","targetHints":{"allow":["GET"]}}],"collection":[{"href":"https:\/\/krimispass.ch\/swiss\/wp-json\/wp\/v2\/pages"}],"about":[{"href":"https:\/\/krimispass.ch\/swiss\/wp-json\/wp\/v2\/types\/page"}],"author":[{"embeddable":true,"href":"https:\/\/krimispass.ch\/swiss\/wp-json\/wp\/v2\/users\/1"}],"replies":[{"embeddable":true,"href":"https:\/\/krimispass.ch\/swiss\/wp-json\/wp\/v2\/comments?post=18529"}],"version-history":[{"count":10,"href":"https:\/\/krimispass.ch\/swiss\/wp-json\/wp\/v2\/pages\/18529\/revisions"}],"predecessor-version":[{"id":23165,"href":"https:\/\/krimispass.ch\/swiss\/wp-json\/wp\/v2\/pages\/18529\/revisions\/23165"}],"up":[{"embeddable":true,"href":"https:\/\/krimispass.ch\/swiss\/wp-json\/wp\/v2\/pages\/3745"}],"wp:attachment":[{"href":"https:\/\/krimispass.ch\/swiss\/wp-json\/wp\/v2\/media?parent=18529"}],"curies":[{"name":"wp","href":"https:\/\/api.w.org\/{rel}","templated":true}]}}