{"id":18310,"date":"2021-07-16T12:28:02","date_gmt":"2021-07-16T10:28:02","guid":{"rendered":"https:\/\/krimispass.ch\/swiss\/?page_id=18310"},"modified":"2024-07-31T13:47:41","modified_gmt":"2024-07-31T11:47:41","slug":"goenner","status":"publish","type":"page","link":"https:\/\/krimispass.ch\/swiss\/goenner\/","title":{"rendered":"Danke f\u00fcr Ihre Unterst\u00fctzung"},"content":{"rendered":"<p><strong>Die Teilnahme an den KrimiSpass-Trails ist kostenlos &#8211; denn insbesondere f\u00fcr Familien und f\u00fcr Leute mit kleinem Budget soll es in der Schweiz auch Erlebnisangebote geben, die nichts kosten. KrimiSpass ist eines davon.<\/strong><\/p>\n<p>Gerne d\u00fcrfen Sie das Projekt mit einem freiwilligen Beitrag (einmalig oder wiederkehrend) unterst\u00fctzen und uns damit helfen, das Angebot weiter auszubauen.<\/p>\n<p>Herzlichen Dank f\u00fcr Ihre Unterst\u00fctzung!<\/p>\n<p>&nbsp;<\/p>\n<div id=\"rnw-paylink-button-ksmtd\"><\/div>\n<p><script type=\"module\">\n  import {TwintButton} from \"https:\/\/unpkg.com\/@raisenow\/paylink-button@2\/dist\/TwintButton.js\"\n  TwintButton.render(\"#rnw-paylink-button-ksmtd\", {\n    \"solution-id\": \"ksmtd\",\n    \"solution-type\": \"donate\",\n    \"language\": \"de\",\n    \"size\": \"medium\",\n    \"width\": \"full\",\n    \"color-scheme\": \"dark\",\n  })\n<\/script><\/p>\n<p>&nbsp;<\/p>\n<h5>Angaben f\u00fcr Bank\u00fcberweisungen:<\/h5>\n<p>&nbsp;<br \/>\n<strong>IBAN:<\/strong><br \/>\nCH23 8080 8001 1488 2277 9<\/p>\n<p><strong>Lautend auf:<\/strong><br \/>\nTourify GmbH<br \/>\nBergblick 211<br \/>\nCH-3635 Uebeschi<\/p>\n<p><strong>Vermerk:<\/strong><br \/>\nG\u00f6nnerbeitrag KrimiSpass<\/p>\n<p>&nbsp;<br \/>\nGerne k\u00f6nnen wir Ihnen auch einen Einzahlungsschein per E-Mail zustellen.<\/p>\n<p>Machen Sie dazu bitte folgende Angaben:<br \/>\n&nbsp;<br \/>\n\n<div class=\"wpcf7 no-js\" id=\"wpcf7-f18318-o1\" lang=\"de-DE\" dir=\"ltr\" data-wpcf7-id=\"18318\">\n<div class=\"screen-reader-response\"><p role=\"status\" aria-live=\"polite\" aria-atomic=\"true\"><\/p> <ul><\/ul><\/div>\n<form action=\"\/swiss\/wp-json\/wp\/v2\/pages\/18310#wpcf7-f18318-o1\" method=\"post\" class=\"wpcf7-form init\" aria-label=\"Kontaktformular\" novalidate=\"novalidate\" data-status=\"init\">\n<fieldset class=\"hidden-fields-container\"><input type=\"hidden\" name=\"_wpcf7\" value=\"18318\" \/><input type=\"hidden\" name=\"_wpcf7_version\" value=\"6.1.5\" \/><input type=\"hidden\" name=\"_wpcf7_locale\" value=\"de_DE\" \/><input type=\"hidden\" name=\"_wpcf7_unit_tag\" value=\"wpcf7-f18318-o1\" \/><input type=\"hidden\" name=\"_wpcf7_container_post\" value=\"0\" \/><input type=\"hidden\" name=\"_wpcf7_posted_data_hash\" value=\"\" \/>\n<\/fieldset>\n<p>Name*<br \/>\n<span class=\"wpcf7-form-control-wrap\" data-name=\"your-name\"><input size=\"40\" maxlength=\"400\" class=\"wpcf7-form-control wpcf7-text wpcf7-validates-as-required\" aria-required=\"true\" aria-invalid=\"false\" value=\"\" type=\"text\" name=\"your-name\" \/><\/span>\n<\/p>\n<p><span id=\"wpcf7-69e304554b35d-wrapper\" class=\"wpcf7-form-control-wrap your-vorname-wrap\" style=\"display:none !important; visibility:hidden !important;\"><label for=\"wpcf7-69e304554b35d-field\" class=\"hp-message\">Bitte lasse dieses Feld leer.<\/label><input id=\"wpcf7-69e304554b35d-field\"  class=\"wpcf7-form-control wpcf7-text\" type=\"text\" name=\"your-vorname\" value=\"\" size=\"40\" tabindex=\"-1\" autocomplete=\"new-password\" \/><\/span>\n<\/p>\n<p>Adresse*<br \/>\n<span class=\"wpcf7-form-control-wrap\" data-name=\"adresse\"><input size=\"40\" maxlength=\"400\" class=\"wpcf7-form-control wpcf7-text wpcf7-validates-as-required\" aria-required=\"true\" aria-invalid=\"false\" value=\"\" type=\"text\" name=\"adresse\" \/><\/span>\n<\/p>\n<p>Telefon<br \/>\n<span class=\"wpcf7-form-control-wrap\" data-name=\"telefon\"><input size=\"40\" maxlength=\"400\" class=\"wpcf7-form-control wpcf7-tel wpcf7-text wpcf7-validates-as-tel\" aria-invalid=\"false\" value=\"\" type=\"tel\" name=\"telefon\" \/><\/span>\n<\/p>\n<p>E-Mail*<br \/>\n<span class=\"wpcf7-form-control-wrap\" data-name=\"your-email\"><input size=\"40\" maxlength=\"400\" class=\"wpcf7-form-control wpcf7-email wpcf7-validates-as-required wpcf7-text wpcf7-validates-as-email\" aria-required=\"true\" aria-invalid=\"false\" value=\"\" type=\"email\" name=\"your-email\" \/><\/span>\n<\/p>\n<p>&nbsp;<br \/>\nG\u00f6nnerbeitrag in CHF*\n<\/p>\n<p><span class=\"wpcf7-form-control-wrap\" data-name=\"betrag\"><input class=\"wpcf7-form-control wpcf7-number wpcf7-validates-as-required wpcf7-validates-as-number\" aria-required=\"true\" aria-invalid=\"false\" value=\"\" type=\"number\" name=\"betrag\" \/><\/span>\n<\/p>\n<p><span class=\"wpcf7-form-control-wrap\" data-name=\"regelmaessigkeit\"><span class=\"wpcf7-form-control wpcf7-radio\"><span class=\"wpcf7-list-item first\"><label><input type=\"radio\" name=\"regelmaessigkeit\" value=\"einmalig &nbsp;\" \/><span class=\"wpcf7-list-item-label\">einmalig &nbsp;<\/span><\/label><\/span><span class=\"wpcf7-list-item\"><label><input type=\"radio\" name=\"regelmaessigkeit\" value=\"monatlich &nbsp;\" \/><span class=\"wpcf7-list-item-label\">monatlich &nbsp;<\/span><\/label><\/span><span class=\"wpcf7-list-item last\"><label><input type=\"radio\" name=\"regelmaessigkeit\" value=\"j\u00e4hrlich &nbsp;\" \/><span class=\"wpcf7-list-item-label\">j\u00e4hrlich &nbsp;<\/span><\/label><\/span><\/span><\/span>\n<\/p>\n<p>&nbsp;<br \/>\n<!-- Mailchimp for WordPress v4.12.1 - https:\/\/www.mc4wp.com\/ --><input type=\"hidden\" name=\"_mc4wp_subscribe_contact-form-7\" value=\"0\" \/><span class=\"mc4wp-checkbox mc4wp-checkbox-contact-form-7 \"><label><input type=\"checkbox\" name=\"_mc4wp_subscribe_contact-form-7\" value=\"1\" ><span>&nbsp;&nbsp;KrimiSpass-Newsletter abonnieren<\/span><\/label><\/span><!-- \/ Mailchimp for WordPress --><br \/>\n<span class=\"wpcf7-form-control-wrap\" data-name=\"zustimmung\"><span class=\"wpcf7-form-control wpcf7-acceptance\"><span class=\"wpcf7-list-item\"><input type=\"checkbox\" name=\"zustimmung\" value=\"1\" aria-invalid=\"false\" \/><\/span><\/span><\/span>&nbsp;&nbsp;<a href=\"https:\/\/krimispass.ch\/swiss\/?page_id=8\">Datenschutzbestimmungen<\/a> akzeptieren*\n<\/p>\n<p>&nbsp;<br \/>\nDurch * gekennzeichnete Felder sind erforderlich.\n<\/p>\n<p>&nbsp;<br \/>\n<input class=\"wpcf7-form-control wpcf7-submit has-spinner\" type=\"submit\" value=\"Senden\" \/>\n<\/p>\n<div style=\"display: none !important\">\n\t<p><span class=\"wpcf7-form-control-wrap\" data-name=\"mc4wp-nlks\"><input size=\"40\" maxlength=\"400\" class=\"wpcf7-form-control wpcf7-text required\" aria-invalid=\"false\" value=\"Ja\" type=\"text\" name=\"mc4wp-nlks\" \/><\/span>\n\t<\/p>\n<\/div><div class=\"wpcf7-response-output\" aria-hidden=\"true\"><\/div>\n<\/form>\n<\/div>\n<\/p>\n<p>&nbsp;<br \/>\n&nbsp;<\/p>\n<h5>Mehr zum Thema<\/h5>\n<div class=\"hrf-faq-list\"><article class=\"hrf-entry\" id=\"hrf-entry-18359\">\n                      <h5 class=\"hrf-title close-faq\" data-content-id=\"hrf-content-18359\"><span><\/span>Wie wird KrimiSpass finanziert?<\/h5>\n                     <div class=\"hrf-content\" id=\"hrf-content-18359\"><p>Die Teilnahme an den KrimiSpass-Trails ist kostenlos. Die Rundg\u00e4nge werden in erster Linie durch die anbietenden Gemeinden, durch Verkehrs- und Gewerbevereine oder durch lokale Tourismus-Organisationen finanziert.<\/p>\n<p>Weitere Unterst\u00fctzung erh\u00e4lt das Projekt von verschiedenen Sponsoren und G\u00f6nnern.<\/p>\n<p><a href=\"https:\/\/krimispass.ch\/swiss\/?page_id=204\">Informationen f\u00fcr interessierte Gemeinden und Tourismus-Regionen<\/a><\/p>\n<p><a href=\"https:\/\/krimispass.ch\/swiss\/?page_id=731\">Informationen zu den Sponsoring-Paketen<\/a><\/p>\n<p><a href=\"https:\/\/krimispass.ch\/swiss\/?page_id=18310\">Informationen f\u00fcr G\u00f6nner\/innen<\/a><\/p>\n<\/div>\n                  <\/article><article class=\"hrf-entry\" id=\"hrf-entry-3787\">\n                      <h5 class=\"hrf-title close-faq\" data-content-id=\"hrf-content-3787\"><span><\/span>Wie kann ich Sponsor werden und mit KrimiSpass werben?<\/h5>\n                     <div class=\"hrf-content\" id=\"hrf-content-3787\"><p>Sie haben die M\u00f6glichkeit, als Sponsor von KrimiSpass aufzutreten und tausende Besucher\/innen mit Ihrer Werbung zu erreichen.<\/p>\n<p><a href=\"https:\/\/krimispass.ch\/swiss\/?page_id=731\">Klicken Sie hier<\/a>, um mehr zu erfahren.<\/p>\n<\/div>\n                  <\/article><\/div>\n","protected":false},"excerpt":{"rendered":"<p>Die Teilnahme an den KrimiSpass-Trails ist kostenlos &#8211; denn insbesondere f\u00fcr Familien und f\u00fcr Leute mit kleinem Budget soll es in der [&hellip;]<\/p>\n","protected":false},"author":1,"featured_media":0,"parent":0,"menu_order":54,"comment_status":"closed","ping_status":"closed","template":"","meta":{"content-type":"","footnotes":""},"class_list":["post-18310","page","type-page","status-publish","hentry"],"yoast_head":"<!-- This site is optimized with the Yoast SEO plugin v27.4 - https:\/\/yoast.com\/product\/yoast-seo-wordpress\/ -->\n<title>G\u00f6nner werden | KrimiSpass<\/title>\n<meta name=\"description\" content=\"Unterst\u00fctzen Sie KrimiSpass als G\u00f6nner.\" \/>\n<meta name=\"robots\" content=\"index, follow, max-snippet:-1, max-image-preview:large, max-video-preview:-1\" \/>\n<link rel=\"canonical\" href=\"https:\/\/krimispass.ch\/swiss\/goenner\/\" \/>\n<meta property=\"og:locale\" content=\"de_DE\" \/>\n<meta property=\"og:type\" content=\"article\" \/>\n<meta property=\"og:title\" content=\"G\u00f6nner werden | KrimiSpass\" \/>\n<meta property=\"og:description\" content=\"Unterst\u00fctzen Sie KrimiSpass als G\u00f6nner.\" \/>\n<meta property=\"og:url\" content=\"https:\/\/krimispass.ch\/swiss\/goenner\/\" \/>\n<meta property=\"og:site_name\" content=\"KrimiSpass\" \/>\n<meta property=\"article:publisher\" content=\"https:\/\/www.facebook.com\/KrimiSpass.ch\" \/>\n<meta property=\"article:modified_time\" content=\"2024-07-31T11:47:41+00:00\" \/>\n<meta property=\"og:image\" content=\"https:\/\/krimispass.ch\/swiss\/wp-content\/uploads\/2017\/02\/titelbild_mit_logo.jpg\" \/>\n\t<meta property=\"og:image:width\" content=\"2356\" \/>\n\t<meta property=\"og:image:height\" content=\"1571\" \/>\n\t<meta property=\"og:image:type\" content=\"image\/jpeg\" \/>\n<meta name=\"twitter:card\" content=\"summary_large_image\" \/>\n<meta name=\"twitter:site\" content=\"@KrimiSpass\" \/>\n<meta name=\"twitter:label1\" content=\"Gesch\u00e4tzte Lesezeit\" \/>\n\t<meta name=\"twitter:data1\" content=\"1\u00a0Minute\" \/>\n<script type=\"application\/ld+json\" class=\"yoast-schema-graph\">{\"@context\":\"https:\\\/\\\/schema.org\",\"@graph\":[{\"@type\":\"WebPage\",\"@id\":\"https:\\\/\\\/krimispass.ch\\\/swiss\\\/goenner\\\/\",\"url\":\"https:\\\/\\\/krimispass.ch\\\/swiss\\\/goenner\\\/\",\"name\":\"G\u00f6nner werden | KrimiSpass\",\"isPartOf\":{\"@id\":\"https:\\\/\\\/krimispass.ch\\\/swiss\\\/#website\"},\"datePublished\":\"2021-07-16T10:28:02+00:00\",\"dateModified\":\"2024-07-31T11:47:41+00:00\",\"description\":\"Unterst\u00fctzen Sie KrimiSpass als G\u00f6nner.\",\"breadcrumb\":{\"@id\":\"https:\\\/\\\/krimispass.ch\\\/swiss\\\/goenner\\\/#breadcrumb\"},\"inLanguage\":\"de\",\"potentialAction\":[{\"@type\":\"ReadAction\",\"target\":[\"https:\\\/\\\/krimispass.ch\\\/swiss\\\/goenner\\\/\"]}]},{\"@type\":\"BreadcrumbList\",\"@id\":\"https:\\\/\\\/krimispass.ch\\\/swiss\\\/goenner\\\/#breadcrumb\",\"itemListElement\":[{\"@type\":\"ListItem\",\"position\":1,\"name\":\"Startseite\",\"item\":\"https:\\\/\\\/krimispass.ch\\\/swiss\\\/\"},{\"@type\":\"ListItem\",\"position\":2,\"name\":\"Danke f\u00fcr Ihre Unterst\u00fctzung\"}]},{\"@type\":\"WebSite\",\"@id\":\"https:\\\/\\\/krimispass.ch\\\/swiss\\\/#website\",\"url\":\"https:\\\/\\\/krimispass.ch\\\/swiss\\\/\",\"name\":\"KrimiSpass\",\"description\":\"Das Outdoor-Krimispiel\",\"potentialAction\":[{\"@type\":\"SearchAction\",\"target\":{\"@type\":\"EntryPoint\",\"urlTemplate\":\"https:\\\/\\\/krimispass.ch\\\/swiss\\\/?s={search_term_string}\"},\"query-input\":{\"@type\":\"PropertyValueSpecification\",\"valueRequired\":true,\"valueName\":\"search_term_string\"}}],\"inLanguage\":\"de\"}]}<\/script>\n<!-- \/ Yoast SEO plugin. -->","yoast_head_json":{"title":"G\u00f6nner werden | KrimiSpass","description":"Unterst\u00fctzen Sie KrimiSpass als G\u00f6nner.","robots":{"index":"index","follow":"follow","max-snippet":"max-snippet:-1","max-image-preview":"max-image-preview:large","max-video-preview":"max-video-preview:-1"},"canonical":"https:\/\/krimispass.ch\/swiss\/goenner\/","og_locale":"de_DE","og_type":"article","og_title":"G\u00f6nner werden | KrimiSpass","og_description":"Unterst\u00fctzen Sie KrimiSpass als G\u00f6nner.","og_url":"https:\/\/krimispass.ch\/swiss\/goenner\/","og_site_name":"KrimiSpass","article_publisher":"https:\/\/www.facebook.com\/KrimiSpass.ch","article_modified_time":"2024-07-31T11:47:41+00:00","og_image":[{"width":2356,"height":1571,"url":"https:\/\/krimispass.ch\/swiss\/wp-content\/uploads\/2017\/02\/titelbild_mit_logo.jpg","type":"image\/jpeg"}],"twitter_card":"summary_large_image","twitter_site":"@KrimiSpass","twitter_misc":{"Gesch\u00e4tzte Lesezeit":"1\u00a0Minute"},"schema":{"@context":"https:\/\/schema.org","@graph":[{"@type":"WebPage","@id":"https:\/\/krimispass.ch\/swiss\/goenner\/","url":"https:\/\/krimispass.ch\/swiss\/goenner\/","name":"G\u00f6nner werden | KrimiSpass","isPartOf":{"@id":"https:\/\/krimispass.ch\/swiss\/#website"},"datePublished":"2021-07-16T10:28:02+00:00","dateModified":"2024-07-31T11:47:41+00:00","description":"Unterst\u00fctzen Sie KrimiSpass als G\u00f6nner.","breadcrumb":{"@id":"https:\/\/krimispass.ch\/swiss\/goenner\/#breadcrumb"},"inLanguage":"de","potentialAction":[{"@type":"ReadAction","target":["https:\/\/krimispass.ch\/swiss\/goenner\/"]}]},{"@type":"BreadcrumbList","@id":"https:\/\/krimispass.ch\/swiss\/goenner\/#breadcrumb","itemListElement":[{"@type":"ListItem","position":1,"name":"Startseite","item":"https:\/\/krimispass.ch\/swiss\/"},{"@type":"ListItem","position":2,"name":"Danke f\u00fcr Ihre Unterst\u00fctzung"}]},{"@type":"WebSite","@id":"https:\/\/krimispass.ch\/swiss\/#website","url":"https:\/\/krimispass.ch\/swiss\/","name":"KrimiSpass","description":"Das Outdoor-Krimispiel","potentialAction":[{"@type":"SearchAction","target":{"@type":"EntryPoint","urlTemplate":"https:\/\/krimispass.ch\/swiss\/?s={search_term_string}"},"query-input":{"@type":"PropertyValueSpecification","valueRequired":true,"valueName":"search_term_string"}}],"inLanguage":"de"}]}},"_links":{"self":[{"href":"https:\/\/krimispass.ch\/swiss\/wp-json\/wp\/v2\/pages\/18310","targetHints":{"allow":["GET"]}}],"collection":[{"href":"https:\/\/krimispass.ch\/swiss\/wp-json\/wp\/v2\/pages"}],"about":[{"href":"https:\/\/krimispass.ch\/swiss\/wp-json\/wp\/v2\/types\/page"}],"author":[{"embeddable":true,"href":"https:\/\/krimispass.ch\/swiss\/wp-json\/wp\/v2\/users\/1"}],"replies":[{"embeddable":true,"href":"https:\/\/krimispass.ch\/swiss\/wp-json\/wp\/v2\/comments?post=18310"}],"version-history":[{"count":10,"href":"https:\/\/krimispass.ch\/swiss\/wp-json\/wp\/v2\/pages\/18310\/revisions"}],"predecessor-version":[{"id":24338,"href":"https:\/\/krimispass.ch\/swiss\/wp-json\/wp\/v2\/pages\/18310\/revisions\/24338"}],"wp:attachment":[{"href":"https:\/\/krimispass.ch\/swiss\/wp-json\/wp\/v2\/media?parent=18310"}],"curies":[{"name":"wp","href":"https:\/\/api.w.org\/{rel}","templated":true}]}}