{"id":13383,"date":"2017-02-03T16:14:17","date_gmt":"2019-03-15T14:17:08","guid":{"rendered":"https:\/\/krimispass.ch\/swiss\/utzenstorf-2\/"},"modified":"2026-04-07T17:47:01","modified_gmt":"2026-04-07T15:47:01","slug":"elsigenalp","status":"publish","type":"page","link":"https:\/\/krimispass.ch\/swiss\/elsigenalp\/","title":{"rendered":"KrimiSpass auf der Elsigenalp"},"content":{"rendered":"<p><img loading=\"lazy\" decoding=\"async\" class=\"aligncenter size-full wp-image-14526\" src=\"https:\/\/krimispass.ch\/swiss\/wp-content\/uploads\/2020\/01\/banner_elsigenalp.jpg\" alt=\"Banner - Elsigenalp\" width=\"1200\" height=\"344\" srcset=\"https:\/\/krimispass.ch\/swiss\/wp-content\/uploads\/2020\/01\/banner_elsigenalp.jpg 1200w, https:\/\/krimispass.ch\/swiss\/wp-content\/uploads\/2020\/01\/banner_elsigenalp-300x86.jpg 300w, https:\/\/krimispass.ch\/swiss\/wp-content\/uploads\/2020\/01\/banner_elsigenalp-1024x294.jpg 1024w, https:\/\/krimispass.ch\/swiss\/wp-content\/uploads\/2020\/01\/banner_elsigenalp-768x220.jpg 768w, https:\/\/krimispass.ch\/swiss\/wp-content\/uploads\/2020\/01\/banner_elsigenalp-830x238.jpg 830w, https:\/\/krimispass.ch\/swiss\/wp-content\/uploads\/2020\/01\/banner_elsigenalp-230x66.jpg 230w, https:\/\/krimispass.ch\/swiss\/wp-content\/uploads\/2020\/01\/banner_elsigenalp-350x100.jpg 350w, https:\/\/krimispass.ch\/swiss\/wp-content\/uploads\/2020\/01\/banner_elsigenalp-480x138.jpg 480w\" sizes=\"auto, (max-width: 1200px) 100vw, 1200px\" \/><\/p>\n<p><strong>Elsigen-Metsch &#8211; ein sch\u00f6nes Fleckchen Erde zwischen Frutigen und Adelboden, eingebettet in der imposanten Alpenlandschaft des Berner Oberlands. Diese idyllische Gegend wurde Schauplatz eines Verbrechens, das die Bewohnerinnen und Bewohner in Angst und Schrecken versetzt. Und der M\u00f6rder l\u00e4uft frei herum. Werden Sie ihn \u00fcberf\u00fchren k\u00f6nnen? Nehmen Sie die Ermittlungen auf, denn bei diesem Krimi sind Sie der Kommissar!<\/strong><\/p>\n<p><iframe loading=\"lazy\" src=\"https:\/\/www.youtube.com\/embed\/NvFrUE8laY4?rel=0\" width=\"800\" height=\"450\" frameborder=\"0\" allowfullscreen=\"allowfullscreen\"><\/iframe><\/p>\n<p><span style=\"color: #ff0000;\"><strong>\ud83d\udd75\ufe0f\u200d\u2642\ufe0f Krimispass in der Fr\u00fchlingspause<\/strong><\/span><\/p>\n<p><span style=\"color: #ff0000;\">Aktuell befindet sich der Krimispass Elsigenmetsch in der Zwischensaison. Damit wir f\u00fcr die n\u00e4chsten Ermittlungen alles bereit haben, bleibt der Pfad vor\u00fcbergehend geschlossen.<\/span><\/p>\n<p><span style=\"color: #ff0000;\">Wir freuen uns darauf, euch ab dem 23. Mai 2026 zum Start der Sommersaison wieder als Detektive begr\u00fcssen zu d\u00fcrfen!<\/span><\/p>\n<h5>Der Fall \u00abCarmen Keller\u00bb<\/h5>\n<p>Auf der Elsigenalp wird eine Frau leblos in ihrer Wohnung aufgefunden. Bei der Toten handelt es sich um Carmen Keller, eine junge Serviceangestellte. Die Spurenlage l\u00e4sst darauf schliessen, dass ein T\u00f6tungsdelikt vorliegt. Aber wer k\u00f6nnte f\u00fcr den Mord verantwortlich sein? Hatte Carmen Keller Feinde, geriet sie an die falschen Leute oder steht ein Beziehungsdelikt hinter der Tat?<\/p>\n<p>In diesem interaktiven R\u00e4tsel-Krimi begeben Sie sich als Kommissar\/in der Kantonspolizei Bern auf Spurensuche. H\u00f6ren Sie sich im Ort und im Umfeld des Opfers um. Vielleicht erfahren Sie etwas, das Ihnen weiterhilft und Sie auf die Spur des M\u00f6rders f\u00fchrt.<\/p>\n<p><!--&nbsp;\n\n\n\n<p id=\"anmeldung\">\n\n\n<h5><span style=\"color: #f36d6d;\">Zwischensaison-Pause<\/span><\/h5>\n\n\n<span style=\"color: #f36d6d;\">Der KrimiSpass-Trail auf der Elsigenalp kann zurzeit nicht gespielt werden. Sobald das Skigebiet in Betrieb ist, wird hier die erste KrimiSpass-Skipiste der Schweiz wiederer\u00f6ffnet. Abonnieren Sie unseren <a href=\"https:\/\/krimispass.ch\/whatsapp\" target=\"_blank\"><u>WhatsApp-Kanal<\/u><\/a> und lassen Sie sich informieren, wenn es so weit ist.<\/span>--><\/p>\n<h5>Kostenlos mitmachen<\/h5>\n<p>Starten Sie Ihr Krimi-Abenteuer! Sie erhalten umgehend eine E-Mail mit der Spielanleitung und allen wichtigen Informationen \u2013 kostenlos und unverbindlich. Beginnen Sie Ihre Ermittlungen, wann immer Sie m\u00f6chten!<\/p>\n\n<div class=\"wpcf7 no-js\" id=\"wpcf7-f13406-o1\" lang=\"de-DE\" dir=\"ltr\" data-wpcf7-id=\"13406\">\n<div class=\"screen-reader-response\"><p role=\"status\" aria-live=\"polite\" aria-atomic=\"true\"><\/p> <ul><\/ul><\/div>\n<form action=\"\/swiss\/wp-json\/wp\/v2\/pages\/13383#wpcf7-f13406-o1\" method=\"post\" class=\"wpcf7-form init\" aria-label=\"Kontaktformular\" novalidate=\"novalidate\" data-status=\"init\">\n<fieldset class=\"hidden-fields-container\"><input type=\"hidden\" name=\"_wpcf7\" value=\"13406\" \/><input type=\"hidden\" name=\"_wpcf7_version\" value=\"6.1.5\" \/><input type=\"hidden\" name=\"_wpcf7_locale\" value=\"de_DE\" \/><input type=\"hidden\" name=\"_wpcf7_unit_tag\" value=\"wpcf7-f13406-o1\" \/><input type=\"hidden\" name=\"_wpcf7_container_post\" value=\"0\" \/><input type=\"hidden\" name=\"_wpcf7_posted_data_hash\" value=\"\" \/>\n<\/fieldset>\n<p>Name<br \/>\n<span class=\"wpcf7-form-control-wrap\" data-name=\"your-name\"><input size=\"40\" maxlength=\"400\" class=\"wpcf7-form-control wpcf7-text wpcf7-validates-as-required\" aria-required=\"true\" aria-invalid=\"false\" value=\"\" type=\"text\" name=\"your-name\" \/><\/span>\n<\/p>\n<p><span id=\"wpcf7-69e2f3f3b5779-wrapper\" class=\"wpcf7-form-control-wrap your-vorname-wrap\" style=\"display:none !important; visibility:hidden !important;\"><label for=\"wpcf7-69e2f3f3b5779-field\" class=\"hp-message\">Bitte lasse dieses Feld leer.<\/label><input id=\"wpcf7-69e2f3f3b5779-field\"  class=\"wpcf7-form-control wpcf7-text\" type=\"text\" name=\"your-vorname\" value=\"\" size=\"40\" tabindex=\"-1\" autocomplete=\"new-password\" \/><\/span>\n<\/p>\n<p>Wohnort<br \/>\n<span class=\"wpcf7-form-control-wrap\" data-name=\"wohnort\"><input size=\"40\" maxlength=\"400\" class=\"wpcf7-form-control wpcf7-text wpcf7-validates-as-required\" aria-required=\"true\" aria-invalid=\"false\" value=\"\" type=\"text\" name=\"wohnort\" \/><\/span>\n<\/p>\n<p>E-Mail<br \/>\n<span class=\"wpcf7-form-control-wrap\" data-name=\"your-email\"><input size=\"40\" maxlength=\"400\" class=\"wpcf7-form-control wpcf7-email wpcf7-validates-as-required wpcf7-text wpcf7-validates-as-email\" aria-required=\"true\" aria-invalid=\"false\" value=\"\" type=\"email\" name=\"your-email\" \/><\/span>\n<\/p>\n<p>&nbsp;<br \/>\n<!-- Mailchimp for WordPress v4.12.1 - https:\/\/www.mc4wp.com\/ --><input type=\"hidden\" name=\"_mc4wp_subscribe_contact-form-7\" value=\"0\" \/><span class=\"mc4wp-checkbox mc4wp-checkbox-contact-form-7 \"><label><input type=\"checkbox\" name=\"_mc4wp_subscribe_contact-form-7\" value=\"1\" ><span>&nbsp;&nbsp;KrimiSpass-Newsletter abonnieren<\/span><\/label><\/span><!-- \/ Mailchimp for WordPress --><br \/>\n<span class=\"wpcf7-form-control-wrap\" data-name=\"zustimmung\"><span class=\"wpcf7-form-control wpcf7-acceptance\"><span class=\"wpcf7-list-item\"><input type=\"checkbox\" name=\"zustimmung\" value=\"1\" aria-invalid=\"false\" \/><\/span><\/span><\/span>&nbsp;&nbsp;<a href=\"https:\/\/krimispass.ch\/swiss\/?page_id=8\">Datenschutzbestimmungen<\/a> akzeptieren\n<\/p>\n<p>&nbsp;<br \/>\n<input class=\"wpcf7-form-control wpcf7-submit has-spinner\" type=\"submit\" value=\"Los gehts\" \/>\n<\/p>\n<div style=\"display: none !important\">\n\t<p><span class=\"wpcf7-form-control-wrap\" data-name=\"elsigenalp\"><input size=\"40\" maxlength=\"400\" class=\"wpcf7-form-control wpcf7-text required\" aria-invalid=\"false\" value=\"Ja\" type=\"text\" name=\"elsigenalp\" \/><\/span>\n\t<\/p>\n<\/div>\n<div style=\"display: none !important\">\n\t<p><span class=\"wpcf7-form-control-wrap\" data-name=\"mc4wp-nlks\"><input size=\"40\" maxlength=\"400\" class=\"wpcf7-form-control wpcf7-text required\" aria-invalid=\"false\" value=\"Ja\" type=\"text\" name=\"mc4wp-nlks\" \/><\/span>\n\t<\/p>\n<\/div><div class=\"wpcf7-response-output\" aria-hidden=\"true\"><\/div>\n<\/form>\n<\/div>\n\n<p>&nbsp;<\/p>\n<h5><span style=\"color: #f36d6d;\">Wichtiger Hinweis<\/span><\/h5>\n<p><span style=\"color: #f36d6d;\">F\u00fcr das Spiel ist eine Internetverbindung erforderlich. Mit einem Mobile-Abo von Swisscom oder Salt haben Sie auf der Elsigenalp ausreichend Empfang. Mit Sunrise ist dieser leider nicht gew\u00e4hrleistet.\u00a0<\/span><\/p>\n<h5>Der Rundgang<\/h5>\n<p>Der KrimiSpass-Trail auf der Elsigenalp verl\u00e4uft entlang von Wanderwegen. Das Abenteuer kann von Fr\u00fchling bis Herbst rund um die Uhr gespielt werden. Planen Sie f\u00fcr die Ermittlungen etwa drei Stunden ein. Mit der Gondel gelangen sie bequem zum Start des Rundgangs auf der Elsigenalp und wieder zur\u00fcck. Bitte beachten Sie den aktuellen <a href=\"https:\/\/elsigen-metsch.ch\/\" target=\"_blank\" rel=\"noopener noreferrer\">Fahrplan<\/a>.<\/p>\n<p><script type=\"text\/javascript\" src=\"https:\/\/www.outdooractive.com\/de\/embed\/168542246\/js?mw=false\"><\/script><\/p>\n<p>Mehr Informationen unter <a href=\"https:\/\/www.elsigen-metsch.ch\" target=\"_blank\" rel=\"noopener noreferrer\">www.elsigen-metsch.ch<\/a>.<\/p>\n<p><iframe loading=\"lazy\" src=\"https:\/\/www.youtube.com\/embed\/A9-6bYWVnrc?rel=0\" width=\"800\" height=\"450\" frameborder=\"0\" allowfullscreen=\"allowfullscreen\"><\/iframe><\/p>\n","protected":false},"excerpt":{"rendered":"<p>Elsigen-Metsch &#8211; ein sch\u00f6nes Fleckchen Erde zwischen Frutigen und Adelboden, eingebettet in der imposanten Alpenlandschaft des Berner Oberlands. Diese idyllische Gegend wurde [&hellip;]<\/p>\n","protected":false},"author":1,"featured_media":0,"parent":0,"menu_order":21,"comment_status":"closed","ping_status":"closed","template":"","meta":{"content-type":"","footnotes":""},"class_list":["post-13383","page","type-page","status-publish","hentry"],"yoast_head":"<!-- This site is optimized with the Yoast SEO plugin v27.4 - https:\/\/yoast.com\/product\/yoast-seo-wordpress\/ -->\n<title>KrimiSpass auf der Elsigenalp<\/title>\n<meta name=\"description\" content=\"Werde zum SHERLOCK HOLMES des Berner Oberlands. Bei diesem Krimi bist du der Kommissar!\" \/>\n<meta name=\"robots\" content=\"index, follow, max-snippet:-1, max-image-preview:large, max-video-preview:-1\" \/>\n<link rel=\"canonical\" href=\"https:\/\/krimispass.ch\/swiss\/elsigenalp\/\" \/>\n<meta property=\"og:locale\" content=\"de_DE\" \/>\n<meta property=\"og:type\" content=\"article\" \/>\n<meta property=\"og:title\" content=\"KrimiSpass auf der Elsigenalp\" \/>\n<meta property=\"og:description\" content=\"Bei diesem Krimi sind Sie der Kommissar!\" \/>\n<meta property=\"og:url\" content=\"https:\/\/krimispass.ch\/swiss\/elsigenalp\/\" \/>\n<meta property=\"og:site_name\" content=\"KrimiSpass\" \/>\n<meta property=\"article:publisher\" content=\"https:\/\/www.facebook.com\/KrimiSpass.ch\" \/>\n<meta property=\"article:modified_time\" content=\"2026-04-07T15:47:01+00:00\" \/>\n<meta property=\"og:image\" content=\"https:\/\/krimispass.ch\/swiss\/wp-content\/uploads\/2017\/02\/titelbild_mit_logo.jpg\" \/>\n\t<meta property=\"og:image:width\" content=\"2356\" \/>\n\t<meta property=\"og:image:height\" content=\"1571\" \/>\n\t<meta property=\"og:image:type\" content=\"image\/jpeg\" \/>\n<meta name=\"twitter:card\" content=\"summary_large_image\" \/>\n<meta name=\"twitter:site\" content=\"@KrimiSpass\" \/>\n<meta name=\"twitter:label1\" content=\"Gesch\u00e4tzte Lesezeit\" \/>\n\t<meta name=\"twitter:data1\" content=\"3\u00a0Minuten\" \/>\n<script type=\"application\/ld+json\" class=\"yoast-schema-graph\">{\"@context\":\"https:\\\/\\\/schema.org\",\"@graph\":[{\"@type\":\"WebPage\",\"@id\":\"https:\\\/\\\/krimispass.ch\\\/swiss\\\/elsigenalp\\\/\",\"url\":\"https:\\\/\\\/krimispass.ch\\\/swiss\\\/elsigenalp\\\/\",\"name\":\"KrimiSpass auf der Elsigenalp\",\"isPartOf\":{\"@id\":\"https:\\\/\\\/krimispass.ch\\\/swiss\\\/#website\"},\"primaryImageOfPage\":{\"@id\":\"https:\\\/\\\/krimispass.ch\\\/swiss\\\/elsigenalp\\\/#primaryimage\"},\"image\":{\"@id\":\"https:\\\/\\\/krimispass.ch\\\/swiss\\\/elsigenalp\\\/#primaryimage\"},\"thumbnailUrl\":\"https:\\\/\\\/krimispass.ch\\\/swiss\\\/wp-content\\\/uploads\\\/2020\\\/01\\\/banner_elsigenalp.jpg\",\"datePublished\":\"2019-03-15T14:17:08+00:00\",\"dateModified\":\"2026-04-07T15:47:01+00:00\",\"description\":\"Werde zum SHERLOCK HOLMES des Berner Oberlands. Bei diesem Krimi bist du der Kommissar!\",\"breadcrumb\":{\"@id\":\"https:\\\/\\\/krimispass.ch\\\/swiss\\\/elsigenalp\\\/#breadcrumb\"},\"inLanguage\":\"de\",\"potentialAction\":[{\"@type\":\"ReadAction\",\"target\":[\"https:\\\/\\\/krimispass.ch\\\/swiss\\\/elsigenalp\\\/\"]}]},{\"@type\":\"ImageObject\",\"inLanguage\":\"de\",\"@id\":\"https:\\\/\\\/krimispass.ch\\\/swiss\\\/elsigenalp\\\/#primaryimage\",\"url\":\"https:\\\/\\\/krimispass.ch\\\/swiss\\\/wp-content\\\/uploads\\\/2020\\\/01\\\/banner_elsigenalp.jpg\",\"contentUrl\":\"https:\\\/\\\/krimispass.ch\\\/swiss\\\/wp-content\\\/uploads\\\/2020\\\/01\\\/banner_elsigenalp.jpg\",\"width\":1200,\"height\":344,\"caption\":\"Banner - Elsigenalp\"},{\"@type\":\"BreadcrumbList\",\"@id\":\"https:\\\/\\\/krimispass.ch\\\/swiss\\\/elsigenalp\\\/#breadcrumb\",\"itemListElement\":[{\"@type\":\"ListItem\",\"position\":1,\"name\":\"Startseite\",\"item\":\"https:\\\/\\\/krimispass.ch\\\/swiss\\\/\"},{\"@type\":\"ListItem\",\"position\":2,\"name\":\"KrimiSpass auf der Elsigenalp\"}]},{\"@type\":\"WebSite\",\"@id\":\"https:\\\/\\\/krimispass.ch\\\/swiss\\\/#website\",\"url\":\"https:\\\/\\\/krimispass.ch\\\/swiss\\\/\",\"name\":\"KrimiSpass\",\"description\":\"Das Outdoor-Krimispiel\",\"potentialAction\":[{\"@type\":\"SearchAction\",\"target\":{\"@type\":\"EntryPoint\",\"urlTemplate\":\"https:\\\/\\\/krimispass.ch\\\/swiss\\\/?s={search_term_string}\"},\"query-input\":{\"@type\":\"PropertyValueSpecification\",\"valueRequired\":true,\"valueName\":\"search_term_string\"}}],\"inLanguage\":\"de\"}]}<\/script>\n<!-- \/ Yoast SEO plugin. -->","yoast_head_json":{"title":"KrimiSpass auf der Elsigenalp","description":"Werde zum SHERLOCK HOLMES des Berner Oberlands. Bei diesem Krimi bist du der Kommissar!","robots":{"index":"index","follow":"follow","max-snippet":"max-snippet:-1","max-image-preview":"max-image-preview:large","max-video-preview":"max-video-preview:-1"},"canonical":"https:\/\/krimispass.ch\/swiss\/elsigenalp\/","og_locale":"de_DE","og_type":"article","og_title":"KrimiSpass auf der Elsigenalp","og_description":"Bei diesem Krimi sind Sie der Kommissar!","og_url":"https:\/\/krimispass.ch\/swiss\/elsigenalp\/","og_site_name":"KrimiSpass","article_publisher":"https:\/\/www.facebook.com\/KrimiSpass.ch","article_modified_time":"2026-04-07T15:47:01+00:00","og_image":[{"width":2356,"height":1571,"url":"https:\/\/krimispass.ch\/swiss\/wp-content\/uploads\/2017\/02\/titelbild_mit_logo.jpg","type":"image\/jpeg"}],"twitter_card":"summary_large_image","twitter_site":"@KrimiSpass","twitter_misc":{"Gesch\u00e4tzte Lesezeit":"3\u00a0Minuten"},"schema":{"@context":"https:\/\/schema.org","@graph":[{"@type":"WebPage","@id":"https:\/\/krimispass.ch\/swiss\/elsigenalp\/","url":"https:\/\/krimispass.ch\/swiss\/elsigenalp\/","name":"KrimiSpass auf der Elsigenalp","isPartOf":{"@id":"https:\/\/krimispass.ch\/swiss\/#website"},"primaryImageOfPage":{"@id":"https:\/\/krimispass.ch\/swiss\/elsigenalp\/#primaryimage"},"image":{"@id":"https:\/\/krimispass.ch\/swiss\/elsigenalp\/#primaryimage"},"thumbnailUrl":"https:\/\/krimispass.ch\/swiss\/wp-content\/uploads\/2020\/01\/banner_elsigenalp.jpg","datePublished":"2019-03-15T14:17:08+00:00","dateModified":"2026-04-07T15:47:01+00:00","description":"Werde zum SHERLOCK HOLMES des Berner Oberlands. Bei diesem Krimi bist du der Kommissar!","breadcrumb":{"@id":"https:\/\/krimispass.ch\/swiss\/elsigenalp\/#breadcrumb"},"inLanguage":"de","potentialAction":[{"@type":"ReadAction","target":["https:\/\/krimispass.ch\/swiss\/elsigenalp\/"]}]},{"@type":"ImageObject","inLanguage":"de","@id":"https:\/\/krimispass.ch\/swiss\/elsigenalp\/#primaryimage","url":"https:\/\/krimispass.ch\/swiss\/wp-content\/uploads\/2020\/01\/banner_elsigenalp.jpg","contentUrl":"https:\/\/krimispass.ch\/swiss\/wp-content\/uploads\/2020\/01\/banner_elsigenalp.jpg","width":1200,"height":344,"caption":"Banner - Elsigenalp"},{"@type":"BreadcrumbList","@id":"https:\/\/krimispass.ch\/swiss\/elsigenalp\/#breadcrumb","itemListElement":[{"@type":"ListItem","position":1,"name":"Startseite","item":"https:\/\/krimispass.ch\/swiss\/"},{"@type":"ListItem","position":2,"name":"KrimiSpass auf der Elsigenalp"}]},{"@type":"WebSite","@id":"https:\/\/krimispass.ch\/swiss\/#website","url":"https:\/\/krimispass.ch\/swiss\/","name":"KrimiSpass","description":"Das Outdoor-Krimispiel","potentialAction":[{"@type":"SearchAction","target":{"@type":"EntryPoint","urlTemplate":"https:\/\/krimispass.ch\/swiss\/?s={search_term_string}"},"query-input":{"@type":"PropertyValueSpecification","valueRequired":true,"valueName":"search_term_string"}}],"inLanguage":"de"}]}},"_links":{"self":[{"href":"https:\/\/krimispass.ch\/swiss\/wp-json\/wp\/v2\/pages\/13383","targetHints":{"allow":["GET"]}}],"collection":[{"href":"https:\/\/krimispass.ch\/swiss\/wp-json\/wp\/v2\/pages"}],"about":[{"href":"https:\/\/krimispass.ch\/swiss\/wp-json\/wp\/v2\/types\/page"}],"author":[{"embeddable":true,"href":"https:\/\/krimispass.ch\/swiss\/wp-json\/wp\/v2\/users\/1"}],"replies":[{"embeddable":true,"href":"https:\/\/krimispass.ch\/swiss\/wp-json\/wp\/v2\/comments?post=13383"}],"version-history":[{"count":24,"href":"https:\/\/krimispass.ch\/swiss\/wp-json\/wp\/v2\/pages\/13383\/revisions"}],"predecessor-version":[{"id":25084,"href":"https:\/\/krimispass.ch\/swiss\/wp-json\/wp\/v2\/pages\/13383\/revisions\/25084"}],"wp:attachment":[{"href":"https:\/\/krimispass.ch\/swiss\/wp-json\/wp\/v2\/media?parent=13383"}],"curies":[{"name":"wp","href":"https:\/\/api.w.org\/{rel}","templated":true}]}}