{"id":1192,"date":"2016-11-12T11:48:47","date_gmt":"2016-11-12T10:48:47","guid":{"rendered":"https:\/\/krimispass.ch\/swiss\/?page_id=1192"},"modified":"2025-05-02T08:10:51","modified_gmt":"2025-05-02T06:10:51","slug":"utzenstorf","status":"publish","type":"page","link":"https:\/\/krimispass.ch\/swiss\/utzenstorf\/","title":{"rendered":"KrimiSpass in Utzenstorf"},"content":{"rendered":"<p><img loading=\"lazy\" decoding=\"async\" class=\"aligncenter size-full wp-image-3934\" src=\"https:\/\/krimispass.ch\/swiss\/wp-content\/uploads\/2017\/02\/banner_utzenstorf.jpg\" alt=\"Banner - Utzenstorf\" width=\"1200\" height=\"375\" srcset=\"https:\/\/krimispass.ch\/swiss\/wp-content\/uploads\/2017\/02\/banner_utzenstorf.jpg 1200w, https:\/\/krimispass.ch\/swiss\/wp-content\/uploads\/2017\/02\/banner_utzenstorf-300x94.jpg 300w, https:\/\/krimispass.ch\/swiss\/wp-content\/uploads\/2017\/02\/banner_utzenstorf-768x240.jpg 768w, https:\/\/krimispass.ch\/swiss\/wp-content\/uploads\/2017\/02\/banner_utzenstorf-1024x320.jpg 1024w, https:\/\/krimispass.ch\/swiss\/wp-content\/uploads\/2017\/02\/banner_utzenstorf-830x259.jpg 830w, https:\/\/krimispass.ch\/swiss\/wp-content\/uploads\/2017\/02\/banner_utzenstorf-230x72.jpg 230w, https:\/\/krimispass.ch\/swiss\/wp-content\/uploads\/2017\/02\/banner_utzenstorf-350x109.jpg 350w, https:\/\/krimispass.ch\/swiss\/wp-content\/uploads\/2017\/02\/banner_utzenstorf-480x150.jpg 480w\" sizes=\"auto, (max-width: 1200px) 100vw, 1200px\" \/><\/p>\n<p><strong>Utzenstorf \u2013 ein idyllisches Dorf im Berner Mittelland, umgeben von Feldern, W\u00e4ldern und dem ruhigen Lauf der Emme. Doch hinter der friedlichen Fassade ersch\u00fcttert ein spektakul\u00e4rer Kunstraub die beschauliche Gemeinde. Ein wertvolles Gem\u00e4lde ist spurlos verschwunden \u2013 und niemand weiss, wie die T\u00e4ter entkommen konnten. War es ein perfekt geplanter Coup oder steckt mehr dahinter? Nehmen Sie die Ermittlungen auf, denn bei diesem Krimi sind Sie der Kommissar!<\/strong><\/p>\n<p><iframe loading=\"lazy\" src=\"https:\/\/www.youtube.com\/embed\/NvFrUE8laY4?rel=0\" width=\"800\" height=\"450\" frameborder=\"0\" allowfullscreen=\"allowfullscreen\"><\/iframe><\/p>\n<p>&nbsp;<\/p>\n<h5>Der Kunstraub<\/h5>\n<p>Die Tische sind gedeckt, der Champagner gek\u00fchlt \u2013 alles ist bereit f\u00fcr die grosse Vernissage in Utzenstorf. Hinter einer robusten Panzerglasscheibe pr\u00e4sentiert sich dem Publikum das Highlight des Abends: Ein Gem\u00e4lde des renommierten Malers Albrecht Anken. Doch kurz vor der feierlichen Er\u00f6ffnung ist das Bild pl\u00f6tzlich verschwunden \u2013 wie vom Erdboden verschluckt!<\/p>\n<p>Wie konnte das geschehen und wer steckt hinter dem raffinierten Coup? Als Kommissar\/in der Berner Kantonspolizei \u00fcbernehmen Sie die Ermittlungen in diesem spektakul\u00e4ren Fall. Setzen Sie alles daran, den Kunstdieb zu \u00fcberf\u00fchren und das gestohlene Meisterwerk wiederzufinden!<\/p>\n<h5><\/h5>\n<p>&nbsp;<\/p>\n<h5>Kostenlos mitmachen<\/h5>\n<p>Starten Sie Ihr Krimi-Abenteuer! Sie erhalten umgehend eine E-Mail mit der Spielanleitung und allen wichtigen Informationen \u2013 kostenlos und unverbindlich. Beginnen Sie Ihre Ermittlungen, wann immer Sie m\u00f6chten!<\/p>\n\n<div class=\"wpcf7 no-js\" id=\"wpcf7-f1191-o1\" lang=\"de-DE\" dir=\"ltr\" data-wpcf7-id=\"1191\">\n<div class=\"screen-reader-response\"><p role=\"status\" aria-live=\"polite\" aria-atomic=\"true\"><\/p> <ul><\/ul><\/div>\n<form action=\"\/swiss\/wp-json\/wp\/v2\/pages\/1192#wpcf7-f1191-o1\" method=\"post\" class=\"wpcf7-form init\" aria-label=\"Kontaktformular\" novalidate=\"novalidate\" data-status=\"init\">\n<fieldset class=\"hidden-fields-container\"><input type=\"hidden\" name=\"_wpcf7\" value=\"1191\" \/><input type=\"hidden\" name=\"_wpcf7_version\" value=\"6.1.5\" \/><input type=\"hidden\" name=\"_wpcf7_locale\" value=\"de_DE\" \/><input type=\"hidden\" name=\"_wpcf7_unit_tag\" value=\"wpcf7-f1191-o1\" \/><input type=\"hidden\" name=\"_wpcf7_container_post\" value=\"0\" \/><input type=\"hidden\" name=\"_wpcf7_posted_data_hash\" value=\"\" \/>\n<\/fieldset>\n<p>Name<br \/>\n<span class=\"wpcf7-form-control-wrap\" data-name=\"your-name\"><input size=\"40\" maxlength=\"400\" class=\"wpcf7-form-control wpcf7-text wpcf7-validates-as-required\" aria-required=\"true\" aria-invalid=\"false\" value=\"\" type=\"text\" name=\"your-name\" \/><\/span>\n<\/p>\n<p><span id=\"wpcf7-69e319ff10fff-wrapper\" class=\"wpcf7-form-control-wrap your-vorname-wrap\" style=\"display:none !important; visibility:hidden !important;\"><label for=\"wpcf7-69e319ff10fff-field\" class=\"hp-message\">Bitte lasse dieses Feld leer.<\/label><input id=\"wpcf7-69e319ff10fff-field\"  class=\"wpcf7-form-control wpcf7-text\" type=\"text\" name=\"your-vorname\" value=\"\" size=\"40\" tabindex=\"-1\" autocomplete=\"new-password\" \/><\/span>\n<\/p>\n<p>Wohnort<br \/>\n<span class=\"wpcf7-form-control-wrap\" data-name=\"wohnort\"><input size=\"40\" maxlength=\"400\" class=\"wpcf7-form-control wpcf7-text wpcf7-validates-as-required\" aria-required=\"true\" aria-invalid=\"false\" value=\"\" type=\"text\" name=\"wohnort\" \/><\/span>\n<\/p>\n<p>E-Mail<br \/>\n<span class=\"wpcf7-form-control-wrap\" data-name=\"your-email\"><input size=\"40\" maxlength=\"400\" class=\"wpcf7-form-control wpcf7-email wpcf7-validates-as-required wpcf7-text wpcf7-validates-as-email\" aria-required=\"true\" aria-invalid=\"false\" value=\"\" type=\"email\" name=\"your-email\" \/><\/span>\n<\/p>\n<p>&nbsp;<br \/>\n<!-- Mailchimp for WordPress v4.12.1 - https:\/\/www.mc4wp.com\/ --><input type=\"hidden\" name=\"_mc4wp_subscribe_contact-form-7\" value=\"0\" \/><span class=\"mc4wp-checkbox mc4wp-checkbox-contact-form-7 \"><label><input type=\"checkbox\" name=\"_mc4wp_subscribe_contact-form-7\" value=\"1\" ><span>&nbsp;&nbsp;KrimiSpass-Newsletter abonnieren<\/span><\/label><\/span><!-- \/ Mailchimp for WordPress --><br \/>\n<span class=\"wpcf7-form-control-wrap\" data-name=\"zustimmung\"><span class=\"wpcf7-form-control wpcf7-acceptance\"><span class=\"wpcf7-list-item\"><input type=\"checkbox\" name=\"zustimmung\" value=\"1\" aria-invalid=\"false\" \/><\/span><\/span><\/span>&nbsp;&nbsp;<a href=\"https:\/\/krimispass.ch\/swiss\/?page_id=8\">Datenschutzbestimmungen<\/a> akzeptieren\n<\/p>\n<p>&nbsp;<br \/>\n<input class=\"wpcf7-form-control wpcf7-submit has-spinner\" type=\"submit\" value=\"Los gehts\" \/>\n<\/p>\n<div style=\"display: none !important\">\n\t<p><span class=\"wpcf7-form-control-wrap\" data-name=\"utzenstorf\"><input size=\"40\" maxlength=\"400\" class=\"wpcf7-form-control wpcf7-text required\" aria-invalid=\"false\" value=\"Ja\" type=\"text\" name=\"utzenstorf\" \/><\/span>\n\t<\/p>\n<\/div>\n<div style=\"display: none !important\">\n\t<p><span class=\"wpcf7-form-control-wrap\" data-name=\"mc4wp-nlks\"><input size=\"40\" maxlength=\"400\" class=\"wpcf7-form-control wpcf7-text required\" aria-invalid=\"false\" value=\"Ja\" type=\"text\" name=\"mc4wp-nlks\" \/><\/span>\n\t<\/p>\n<\/div><div class=\"wpcf7-response-output\" aria-hidden=\"true\"><\/div>\n<\/form>\n<\/div>\n\n<p>&nbsp;<\/p>\n<h5>Fragen &amp; Antworten<\/h5>\n<div class=\"hrf-faq-list\"><article class=\"hrf-entry\" id=\"hrf-entry-11245\">\n                      <h5 class=\"hrf-title close-faq\" data-content-id=\"hrf-content-11245\"><span><\/span>Wie funktioniert das Spiel?<\/h5>\n                     <div class=\"hrf-content\" id=\"hrf-content-11245\"><p>Bei einem KrimiSpass besuchen Sie verschiedene Schaupl\u00e4tze in einer Ortschaft. An jedem dieser Schaupl\u00e4tze befindet sich ein <a href=\"https:\/\/krimispass.ch\/swiss\/wp-content\/uploads\/2018\/04\/beispiel_informationsschild.jpg\">Informationsschild<\/a> &#8211; darauf stehen eine Internetadresse und ein QR-Code. Geben Sie die Internetadresse im Browser Ihres Smartphones ein, oder scannen Sie mit einer Kamera-App den QR-Code. So sammeln Sie wichtige Indizien.<\/p>\n<p>Wenn Sie alle Schaupl\u00e4tze in der angegebenen Reihenfolge besucht haben und die gewonnenen Informationen scharfsinnig kombinieren, k\u00f6nnen Sie den Fall l\u00f6sen und Ihren Tipp online eingeben.<\/p>\n<p><strong>Eine Spielanleitung sowie alle relevanten Informationen zu den Ermittlungen bekommen Sie per E-Mail, wenn Sie sich auf der <a href=\"https:\/\/krimispass.ch\/swiss#standorte\">Seite des gew\u00fcnschten Standorts<\/a> registrieren.<\/strong><\/p>\n<\/div>\n                  <\/article><article class=\"hrf-entry\" id=\"hrf-entry-24328\">\n                      <h5 class=\"hrf-title close-faq\" data-content-id=\"hrf-content-24328\"><span><\/span>Was kostet es?<\/h5>\n                     <div class=\"hrf-content\" id=\"hrf-content-24328\"><p>Die Teilnahme am Spiel ist kostenlos und mit keinen Verpflichtungen verbunden.<\/p>\n<p>Wenn Sie m\u00f6chten, k\u00f6nnen Sie das Projekt mit einem freiwilligen Beitrag <a href=\"https:\/\/krimispass.ch\/swiss\/?page_id=18310\">unterst\u00fctzen<\/a>.<\/p>\n<\/div>\n                  <\/article><article class=\"hrf-entry\" id=\"hrf-entry-3853\">\n                      <h5 class=\"hrf-title close-faq\" data-content-id=\"hrf-content-3853\"><span><\/span>Welche Utensilien ben\u00f6tigt man f\u00fcr die Ermittlungen?<\/h5>\n                     <div class=\"hrf-content\" id=\"hrf-content-3853\"><p>Alles, was Sie f\u00fcr die Spurensuche brauchen, ist ein internetf\u00e4higes Smartphone. Ausserdem empfiehlt es sich, Papier, Schreibzeug und ggf. Kopfh\u00f6rer dabeizuhaben &#8211; um sich unterwegs die multimedialen Inhalte ungest\u00f6rt anzuh\u00f6ren.<\/p>\n<\/div>\n                  <\/article><article class=\"hrf-entry\" id=\"hrf-entry-5905\">\n                      <h5 class=\"hrf-title close-faq\" data-content-id=\"hrf-content-5905\"><span><\/span>Ist eine Reservation notwendig?<\/h5>\n                     <div class=\"hrf-content\" id=\"hrf-content-5905\"><p>Nein, eine Reservation oder Voranmeldung ist nicht erforderlich. Sie k\u00f6nnen die Ermittlungen in Angriff nehmen, wann immer Sie wollen.<\/p>\n<p>Um einen KrimiSpass zu spielen, m\u00fcssen Sie sich jedoch auf der <a href=\"https:\/\/krimispass.ch\/swiss#standorte\">Seite des gew\u00fcnschten Standorts<\/a> registrieren. Dies dient zur Auswertung, wie viele Personen teilnehmen.<\/p>\n<p>Sie k\u00f6nnen die Anmeldung einige Tage vor den geplanten Ermittlungen vornehmen, wenn Sie sich bereits vorg\u00e4ngig mit der Spielanleitung vertraut machen wollen. Diese bekommen Sie &#8211; nach erfolgter Registrierung &#8211; per E-Mail zugestellt.<\/p>\n<\/div>\n                  <\/article><article class=\"hrf-entry\" id=\"hrf-entry-3858\">\n                      <h5 class=\"hrf-title close-faq\" data-content-id=\"hrf-content-3858\"><span><\/span>Ist das Spiel f\u00fcr Gruppen geeignet?<\/h5>\n                     <div class=\"hrf-content\" id=\"hrf-content-3858\"><p>Ja, das Spiel kann allein oder als gemeinsames Gruppenerlebnis gespielt werden. Bei gr\u00f6sseren Gruppen empfiehlt es sich, verschiedene Teams (idealerweise 4-6 Personen) zu bilden. Die Schaupl\u00e4tze sollten in der angegebenen Reihenfolge besucht werden, da die Geschichten chronologisch aufgebaut sind.<\/p>\n<p><strong>Idealerweise registrieren sich alle Teilnehmenden mit ihrer pers\u00f6nlichen E-Mail-Adresse, um die Spielanleitung und alle notwendigen Informationen auf dem Smartphone zu haben \u2013 und um am Ende der Ermittlungen einen pers\u00f6nlichen Tipp abzugeben.<\/strong><\/p>\n<p>Die Anmeldung kann bereits einige Tage vor den geplanten Ermittlungen erfolgen, damit sich die Teilnehmenden mit der Funktionsweise des Spiels vertraut machen k\u00f6nnen.<\/p>\n<\/div>\n                  <\/article><article class=\"hrf-entry\" id=\"hrf-entry-3860\">\n                      <h5 class=\"hrf-title close-faq\" data-content-id=\"hrf-content-3860\"><span><\/span>Ist das Spiel f\u00fcr Kinder geeignet?<\/h5>\n                     <div class=\"hrf-content\" id=\"hrf-content-3860\"><p>Von der Komplexit\u00e4t her sind die F\u00e4lle eher auf Erwachsene oder Jugendliche ausgelegt. In Begleitung von Erwachsenen k\u00f6nnen die Ermittlungen aber durchaus auch Kindern Spass machen. Es gilt jedoch zu beachten, dass es in der Regel um einen Mordfall geht. Es ist Ihnen \u00fcberlassen, welche Texte Sie Ihren Kindern vorlesen wollen und welche nicht.<\/p>\n<p>F\u00fcr Schulklassen empfehlen wir das Spiel ab der Oberstufe (siehe auch FAQ-Eintrag \u201cIst das Spiel f\u00fcr Gruppen geeignet?\u201d).<\/p>\n<\/div>\n                  <\/article><\/div>\n<p>Antworten auf weitere h\u00e4ufig gestellte Fragen finden Sie im <a href=\"https:\/\/krimispass.ch\/swiss\/?page_id=3745\">FAQ-Bereich<\/a>.<\/p>\n<p>&nbsp;<\/p>\n<h5>Der Rundgang<\/h5>\n<p>Den KrimiSpass in Utzenstorf nehmen Sie zu Fuss in Angriff. Das Abenteuer kann das ganze Jahr \u00fcber und rund um die Uhr gespielt werden. Planen Sie f\u00fcr die Ermittlungen etwa zwei Stunden ein.<\/p>\n<p><script type=\"text\/javascript\" src=\"https:\/\/www.outdooractive.com\/de\/embed\/122897054\/js?mw=false\"><\/script><\/p>\n<p>&nbsp;<\/p>\n<h5>Radio-Beitr\u00e4ge<\/h5>\n<p>Im Mai 2017 berichtete <a href=\"https:\/\/www.radio32.ch\" target=\"_blank\" rel=\"noopener noreferrer\">Radio 32<\/a> mit zwei Beitr\u00e4gen \u00fcber den KrimiSpass in Utzenstorf.<\/p>\n<p><iframe loading=\"lazy\" src=\"https:\/\/www.youtube.com\/embed\/FBECwwSOBIg?rel=0\" width=\"800\" height=\"450\" frameborder=\"0\" allowfullscreen=\"allowfullscreen\"><\/iframe><\/p>\n<p><iframe loading=\"lazy\" src=\"https:\/\/www.youtube.com\/embed\/cy6ZGI6sLdU?rel=0\" width=\"800\" height=\"450\" frameborder=\"0\" allowfullscreen=\"allowfullscreen\"><\/iframe><\/p>\n<p>&nbsp;<\/p>\n<h5>Informationen zu Utzenstorf<\/h5>\n<p>M\u00e4chtig streckt und dehnt sich eine fruchtbare Ebene am Unterlauf der Emme, ein einziger Fleckenteppich von ausgedehnten Getreide-, Raps- und Maisfeldern, von bl\u00fchenden Kartoffel\u00e4ckern und darin verstreut beh\u00e4bige, vorwiegend landwirtschaftlich gepr\u00e4gte Siedlungen.<\/p>\n<p>Utzenstorf verf\u00fcgt \u00fcber 4&#8217;213 Einwohner\/-innen (Stand 31.12.2015), umfasst eine Gesamtfl\u00e4che von 1&#8217;699 Hektaren (davon 452 Hektaren Wald) und geh\u00f6rt seit 1. Januar 2010 zum Verwaltungskreis Emmental. Eine harmonische Entwicklung bewahrte den l\u00e4ndlichen Charakter des Dorfbildes.<\/p>\n<p>Der Blick rundum ist frei, im S\u00fcden der grossartige Kranz der Berner Gletscherriesen, vorgelagert die Voralpen und die bewaldeten H\u00fcgelz\u00fcge des Emmentals, im Osten die Wynigenberge, im Westen der solothurnische Bucheggberg mit dem Chasseral im Hintergrund und im Norden als Abschluss die Jurakette mit Weissenstein, R\u00f6tifluh und Hasenmatt.<\/p>\n<p>Die Emme bildet \u00fcber mehrere Kilometer die Gemeindegrenze von Utzenstorf und bietet ein einzigartiges Naherholungsgebiet. Zahlreiche \u00f6ffentliche Anlagen erm\u00f6glichen vielf\u00e4ltige Freizeit- und Sportaktivit\u00e4ten.<\/p>\n<p>Industrie-, Dienstleistungs- und Gewerbebetriebe decken fast l\u00fcckenlos die Palette des t\u00e4glichen Gebrauchs ab.<\/p>\n<p>Mehr Informationen unter <a href=\"https:\/\/www.utzenstorf.ch\" target=\"_blank\" rel=\"noopener noreferrer\">www.utzenstorf.ch<\/a>.<\/p>\n<p><iframe loading=\"lazy\" src=\"https:\/\/www.youtube.com\/embed\/Jcst_enicWI?rel=0\" width=\"800\" height=\"450\" frameborder=\"0\" allowfullscreen=\"allowfullscreen\"><\/iframe><\/p>\n","protected":false},"excerpt":{"rendered":"<p>Utzenstorf \u2013 ein idyllisches Dorf im Berner Mittelland, umgeben von Feldern, W\u00e4ldern und dem ruhigen Lauf der Emme. Doch hinter der friedlichen [&hellip;]<\/p>\n","protected":false},"author":1,"featured_media":0,"parent":0,"menu_order":12,"comment_status":"closed","ping_status":"closed","template":"","meta":{"content-type":"","footnotes":""},"class_list":["post-1192","page","type-page","status-publish","hentry"],"yoast_head":"<!-- This site is optimized with the Yoast SEO plugin v27.4 - https:\/\/yoast.com\/product\/yoast-seo-wordpress\/ -->\n<title>KrimiSpass in Utzenstorf<\/title>\n<meta name=\"description\" content=\"Werde zum SHERLOCK HOLMES von Utzenstorf. Bei diesem Krimi bist du der Kommissar!\" \/>\n<meta name=\"robots\" content=\"index, follow, max-snippet:-1, max-image-preview:large, max-video-preview:-1\" \/>\n<link rel=\"canonical\" href=\"https:\/\/krimispass.ch\/swiss\/utzenstorf\/\" \/>\n<meta property=\"og:locale\" content=\"de_DE\" \/>\n<meta property=\"og:type\" content=\"article\" \/>\n<meta property=\"og:title\" content=\"KrimiSpass in Utzenstorf\" \/>\n<meta property=\"og:description\" content=\"Bei diesem Krimi sind Sie der Kommissar!\" \/>\n<meta property=\"og:url\" content=\"https:\/\/krimispass.ch\/swiss\/utzenstorf\/\" \/>\n<meta property=\"og:site_name\" content=\"KrimiSpass\" \/>\n<meta property=\"article:publisher\" content=\"https:\/\/www.facebook.com\/KrimiSpass.ch\" \/>\n<meta property=\"article:modified_time\" content=\"2025-05-02T06:10:51+00:00\" \/>\n<meta property=\"og:image\" content=\"https:\/\/krimispass.ch\/swiss\/wp-content\/uploads\/2017\/02\/titelbild_mit_logo.jpg\" \/>\n\t<meta property=\"og:image:width\" content=\"2356\" \/>\n\t<meta property=\"og:image:height\" content=\"1571\" \/>\n\t<meta property=\"og:image:type\" content=\"image\/jpeg\" \/>\n<meta name=\"twitter:card\" content=\"summary_large_image\" \/>\n<meta name=\"twitter:site\" content=\"@KrimiSpass\" \/>\n<meta name=\"twitter:label1\" content=\"Gesch\u00e4tzte Lesezeit\" \/>\n\t<meta name=\"twitter:data1\" content=\"3\u00a0Minuten\" \/>\n<script type=\"application\/ld+json\" class=\"yoast-schema-graph\">{\"@context\":\"https:\\\/\\\/schema.org\",\"@graph\":[{\"@type\":\"WebPage\",\"@id\":\"https:\\\/\\\/krimispass.ch\\\/swiss\\\/utzenstorf\\\/\",\"url\":\"https:\\\/\\\/krimispass.ch\\\/swiss\\\/utzenstorf\\\/\",\"name\":\"KrimiSpass in Utzenstorf\",\"isPartOf\":{\"@id\":\"https:\\\/\\\/krimispass.ch\\\/swiss\\\/#website\"},\"primaryImageOfPage\":{\"@id\":\"https:\\\/\\\/krimispass.ch\\\/swiss\\\/utzenstorf\\\/#primaryimage\"},\"image\":{\"@id\":\"https:\\\/\\\/krimispass.ch\\\/swiss\\\/utzenstorf\\\/#primaryimage\"},\"thumbnailUrl\":\"https:\\\/\\\/krimispass.ch\\\/swiss\\\/wp-content\\\/uploads\\\/2017\\\/02\\\/banner_utzenstorf.jpg\",\"datePublished\":\"2016-11-12T10:48:47+00:00\",\"dateModified\":\"2025-05-02T06:10:51+00:00\",\"description\":\"Werde zum SHERLOCK HOLMES von Utzenstorf. Bei diesem Krimi bist du der Kommissar!\",\"breadcrumb\":{\"@id\":\"https:\\\/\\\/krimispass.ch\\\/swiss\\\/utzenstorf\\\/#breadcrumb\"},\"inLanguage\":\"de\",\"potentialAction\":[{\"@type\":\"ReadAction\",\"target\":[\"https:\\\/\\\/krimispass.ch\\\/swiss\\\/utzenstorf\\\/\"]}]},{\"@type\":\"ImageObject\",\"inLanguage\":\"de\",\"@id\":\"https:\\\/\\\/krimispass.ch\\\/swiss\\\/utzenstorf\\\/#primaryimage\",\"url\":\"https:\\\/\\\/krimispass.ch\\\/swiss\\\/wp-content\\\/uploads\\\/2017\\\/02\\\/banner_utzenstorf.jpg\",\"contentUrl\":\"https:\\\/\\\/krimispass.ch\\\/swiss\\\/wp-content\\\/uploads\\\/2017\\\/02\\\/banner_utzenstorf.jpg\",\"width\":1200,\"height\":375,\"caption\":\"Banner - Utzenstorf\"},{\"@type\":\"BreadcrumbList\",\"@id\":\"https:\\\/\\\/krimispass.ch\\\/swiss\\\/utzenstorf\\\/#breadcrumb\",\"itemListElement\":[{\"@type\":\"ListItem\",\"position\":1,\"name\":\"Startseite\",\"item\":\"https:\\\/\\\/krimispass.ch\\\/swiss\\\/\"},{\"@type\":\"ListItem\",\"position\":2,\"name\":\"KrimiSpass in Utzenstorf\"}]},{\"@type\":\"WebSite\",\"@id\":\"https:\\\/\\\/krimispass.ch\\\/swiss\\\/#website\",\"url\":\"https:\\\/\\\/krimispass.ch\\\/swiss\\\/\",\"name\":\"KrimiSpass\",\"description\":\"Das Outdoor-Krimispiel\",\"potentialAction\":[{\"@type\":\"SearchAction\",\"target\":{\"@type\":\"EntryPoint\",\"urlTemplate\":\"https:\\\/\\\/krimispass.ch\\\/swiss\\\/?s={search_term_string}\"},\"query-input\":{\"@type\":\"PropertyValueSpecification\",\"valueRequired\":true,\"valueName\":\"search_term_string\"}}],\"inLanguage\":\"de\"}]}<\/script>\n<!-- \/ Yoast SEO plugin. -->","yoast_head_json":{"title":"KrimiSpass in Utzenstorf","description":"Werde zum SHERLOCK HOLMES von Utzenstorf. Bei diesem Krimi bist du der Kommissar!","robots":{"index":"index","follow":"follow","max-snippet":"max-snippet:-1","max-image-preview":"max-image-preview:large","max-video-preview":"max-video-preview:-1"},"canonical":"https:\/\/krimispass.ch\/swiss\/utzenstorf\/","og_locale":"de_DE","og_type":"article","og_title":"KrimiSpass in Utzenstorf","og_description":"Bei diesem Krimi sind Sie der Kommissar!","og_url":"https:\/\/krimispass.ch\/swiss\/utzenstorf\/","og_site_name":"KrimiSpass","article_publisher":"https:\/\/www.facebook.com\/KrimiSpass.ch","article_modified_time":"2025-05-02T06:10:51+00:00","og_image":[{"width":2356,"height":1571,"url":"https:\/\/krimispass.ch\/swiss\/wp-content\/uploads\/2017\/02\/titelbild_mit_logo.jpg","type":"image\/jpeg"}],"twitter_card":"summary_large_image","twitter_site":"@KrimiSpass","twitter_misc":{"Gesch\u00e4tzte Lesezeit":"3\u00a0Minuten"},"schema":{"@context":"https:\/\/schema.org","@graph":[{"@type":"WebPage","@id":"https:\/\/krimispass.ch\/swiss\/utzenstorf\/","url":"https:\/\/krimispass.ch\/swiss\/utzenstorf\/","name":"KrimiSpass in Utzenstorf","isPartOf":{"@id":"https:\/\/krimispass.ch\/swiss\/#website"},"primaryImageOfPage":{"@id":"https:\/\/krimispass.ch\/swiss\/utzenstorf\/#primaryimage"},"image":{"@id":"https:\/\/krimispass.ch\/swiss\/utzenstorf\/#primaryimage"},"thumbnailUrl":"https:\/\/krimispass.ch\/swiss\/wp-content\/uploads\/2017\/02\/banner_utzenstorf.jpg","datePublished":"2016-11-12T10:48:47+00:00","dateModified":"2025-05-02T06:10:51+00:00","description":"Werde zum SHERLOCK HOLMES von Utzenstorf. Bei diesem Krimi bist du der Kommissar!","breadcrumb":{"@id":"https:\/\/krimispass.ch\/swiss\/utzenstorf\/#breadcrumb"},"inLanguage":"de","potentialAction":[{"@type":"ReadAction","target":["https:\/\/krimispass.ch\/swiss\/utzenstorf\/"]}]},{"@type":"ImageObject","inLanguage":"de","@id":"https:\/\/krimispass.ch\/swiss\/utzenstorf\/#primaryimage","url":"https:\/\/krimispass.ch\/swiss\/wp-content\/uploads\/2017\/02\/banner_utzenstorf.jpg","contentUrl":"https:\/\/krimispass.ch\/swiss\/wp-content\/uploads\/2017\/02\/banner_utzenstorf.jpg","width":1200,"height":375,"caption":"Banner - Utzenstorf"},{"@type":"BreadcrumbList","@id":"https:\/\/krimispass.ch\/swiss\/utzenstorf\/#breadcrumb","itemListElement":[{"@type":"ListItem","position":1,"name":"Startseite","item":"https:\/\/krimispass.ch\/swiss\/"},{"@type":"ListItem","position":2,"name":"KrimiSpass in Utzenstorf"}]},{"@type":"WebSite","@id":"https:\/\/krimispass.ch\/swiss\/#website","url":"https:\/\/krimispass.ch\/swiss\/","name":"KrimiSpass","description":"Das Outdoor-Krimispiel","potentialAction":[{"@type":"SearchAction","target":{"@type":"EntryPoint","urlTemplate":"https:\/\/krimispass.ch\/swiss\/?s={search_term_string}"},"query-input":{"@type":"PropertyValueSpecification","valueRequired":true,"valueName":"search_term_string"}}],"inLanguage":"de"}]}},"_links":{"self":[{"href":"https:\/\/krimispass.ch\/swiss\/wp-json\/wp\/v2\/pages\/1192","targetHints":{"allow":["GET"]}}],"collection":[{"href":"https:\/\/krimispass.ch\/swiss\/wp-json\/wp\/v2\/pages"}],"about":[{"href":"https:\/\/krimispass.ch\/swiss\/wp-json\/wp\/v2\/types\/page"}],"author":[{"embeddable":true,"href":"https:\/\/krimispass.ch\/swiss\/wp-json\/wp\/v2\/users\/1"}],"replies":[{"embeddable":true,"href":"https:\/\/krimispass.ch\/swiss\/wp-json\/wp\/v2\/comments?post=1192"}],"version-history":[{"count":16,"href":"https:\/\/krimispass.ch\/swiss\/wp-json\/wp\/v2\/pages\/1192\/revisions"}],"predecessor-version":[{"id":24893,"href":"https:\/\/krimispass.ch\/swiss\/wp-json\/wp\/v2\/pages\/1192\/revisions\/24893"}],"wp:attachment":[{"href":"https:\/\/krimispass.ch\/swiss\/wp-json\/wp\/v2\/media?parent=1192"}],"curies":[{"name":"wp","href":"https:\/\/api.w.org\/{rel}","templated":true}]}}