{"id":11121,"date":"2017-02-03T16:14:17","date_gmt":"2018-08-18T21:52:46","guid":{"rendered":"https:\/\/krimispass.ch\/swiss\/?page_id=11121"},"modified":"2023-07-02T12:30:27","modified_gmt":"2023-07-02T10:30:27","slug":"assistent","status":"publish","type":"page","link":"https:\/\/krimispass.ch\/swiss\/assistent\/","title":{"rendered":"Automatischer Hilfe-Assistent"},"content":{"rendered":"<p>Hier bekommen Sie Unterst\u00fctzung, wenn ein Informationsschild nicht auffindbar, nicht lesbar oder nicht zug\u00e4nglich ist.<\/p>\n<p><img loading=\"lazy\" decoding=\"async\" src=\"https:\/\/krimispass.ch\/swiss\/wp-content\/uploads\/2018\/08\/iphone_300x455.png\" alt=\"iPhone\" width=\"300\" height=\"455\" class=\"alignleft size-full wp-image-11112\" srcset=\"https:\/\/krimispass.ch\/swiss\/wp-content\/uploads\/2018\/08\/iphone_300x455.png 300w, https:\/\/krimispass.ch\/swiss\/wp-content\/uploads\/2018\/08\/iphone_300x455-198x300.png 198w, https:\/\/krimispass.ch\/swiss\/wp-content\/uploads\/2018\/08\/iphone_300x455-230x349.png 230w\" sizes=\"auto, (max-width: 300px) 100vw, 300px\" \/><br \/>\nSenden Sie eine SMS an <strong>+41 (0)79 807 25 00<\/strong>. Nennen Sie zuerst die <strong>Ortschaft<\/strong>, dann die <strong>Nummer<\/strong> des betroffenen Schauplatzes und anschliessend das vorliegende <strong>Problem<\/strong>.<\/p>\n<p><strong>Beispiel:<\/strong><br \/>\n<em>Arosa 4 wegen Baustelle nicht zug\u00e4nglich.<\/em><\/p>\n<p>&nbsp;<br \/>\nSie erhalten umgehend eine SMS mit den fehlenden Informationen. So k\u00f6nnen Sie Ihre Ermittlungen trotzdem fortsetzen.<\/p>\n<p><strong>Dieser Service ist kostenlos. Die SMS l\u00f6sen f\u00fcr uns aber Geb\u00fchren aus. Besten Dank, dass Sie den Assistenten nur bei effektivem Bedarf nutzen.<\/strong><\/p>\n<p>&nbsp;<br \/>\n<strong>Rechtlicher Hinweis:<\/strong><br \/>\nDie SMS werden \u00fcber den Online-Dienst <a href=\"https:\/\/twilio.com\" rel=\"noopener\" target=\"_blank\">Twilio<\/a> versendet. Unter <a href=\"https:\/\/www.twilio.com\/legal\/privacy\" rel=\"noopener\" target=\"_blank\">diesem Link<\/a> finden Sie die Datenschutzbestimmungen von Twilio.<\/p>\n","protected":false},"excerpt":{"rendered":"<p>Hier bekommen Sie Unterst\u00fctzung, wenn ein Informationsschild nicht auffindbar, nicht lesbar oder nicht zug\u00e4nglich ist. Senden Sie eine SMS an +41 (0)79 [&hellip;]<\/p>\n","protected":false},"author":1,"featured_media":0,"parent":0,"menu_order":57,"comment_status":"closed","ping_status":"closed","template":"","meta":{"content-type":"","footnotes":""},"class_list":["post-11121","page","type-page","status-publish","hentry"],"yoast_head":"<!-- This site is optimized with the Yoast SEO plugin v27.4 - https:\/\/yoast.com\/product\/yoast-seo-wordpress\/ -->\n<title>Automatischer Hilfe-Assistent | KrimiSpass<\/title>\n<meta name=\"robots\" content=\"noindex, nofollow\" \/>\n<meta property=\"og:locale\" content=\"de_DE\" \/>\n<meta property=\"og:type\" content=\"article\" \/>\n<meta property=\"og:title\" content=\"Automatischer Hilfe-Assistent | KrimiSpass\" \/>\n<meta property=\"og:description\" content=\"Hier bekommen Sie Unterst\u00fctzung, wenn ein Informationsschild nicht auffindbar, nicht lesbar oder nicht zug\u00e4nglich ist. Senden Sie eine SMS an +41 (0)79 [&hellip;]\" \/>\n<meta property=\"og:url\" content=\"https:\/\/krimispass.ch\/swiss\/assistent\/\" \/>\n<meta property=\"og:site_name\" content=\"KrimiSpass\" \/>\n<meta property=\"article:publisher\" content=\"https:\/\/www.facebook.com\/KrimiSpass.ch\" \/>\n<meta property=\"article:modified_time\" content=\"2023-07-02T10:30:27+00:00\" \/>\n<meta property=\"og:image\" content=\"https:\/\/krimispass.ch\/swiss\/wp-content\/uploads\/2018\/08\/iphone_300x455.png\" \/>\n<meta name=\"twitter:card\" content=\"summary_large_image\" \/>\n<meta name=\"twitter:site\" content=\"@KrimiSpass\" \/>\n<meta name=\"twitter:label1\" content=\"Gesch\u00e4tzte Lesezeit\" \/>\n\t<meta name=\"twitter:data1\" content=\"1\u00a0Minute\" \/>\n<script type=\"application\/ld+json\" class=\"yoast-schema-graph\">{\"@context\":\"https:\\\/\\\/schema.org\",\"@graph\":[{\"@type\":\"WebPage\",\"@id\":\"https:\\\/\\\/krimispass.ch\\\/swiss\\\/assistent\\\/\",\"url\":\"https:\\\/\\\/krimispass.ch\\\/swiss\\\/assistent\\\/\",\"name\":\"Automatischer Hilfe-Assistent | KrimiSpass\",\"isPartOf\":{\"@id\":\"https:\\\/\\\/krimispass.ch\\\/swiss\\\/#website\"},\"primaryImageOfPage\":{\"@id\":\"https:\\\/\\\/krimispass.ch\\\/swiss\\\/assistent\\\/#primaryimage\"},\"image\":{\"@id\":\"https:\\\/\\\/krimispass.ch\\\/swiss\\\/assistent\\\/#primaryimage\"},\"thumbnailUrl\":\"https:\\\/\\\/krimispass.ch\\\/swiss\\\/wp-content\\\/uploads\\\/2018\\\/08\\\/iphone_300x455.png\",\"datePublished\":\"2018-08-18T21:52:46+00:00\",\"dateModified\":\"2023-07-02T10:30:27+00:00\",\"breadcrumb\":{\"@id\":\"https:\\\/\\\/krimispass.ch\\\/swiss\\\/assistent\\\/#breadcrumb\"},\"inLanguage\":\"de\",\"potentialAction\":[{\"@type\":\"ReadAction\",\"target\":[\"https:\\\/\\\/krimispass.ch\\\/swiss\\\/assistent\\\/\"]}]},{\"@type\":\"ImageObject\",\"inLanguage\":\"de\",\"@id\":\"https:\\\/\\\/krimispass.ch\\\/swiss\\\/assistent\\\/#primaryimage\",\"url\":\"https:\\\/\\\/krimispass.ch\\\/swiss\\\/wp-content\\\/uploads\\\/2018\\\/08\\\/iphone_300x455.png\",\"contentUrl\":\"https:\\\/\\\/krimispass.ch\\\/swiss\\\/wp-content\\\/uploads\\\/2018\\\/08\\\/iphone_300x455.png\",\"width\":300,\"height\":455,\"caption\":\"iPhone\"},{\"@type\":\"BreadcrumbList\",\"@id\":\"https:\\\/\\\/krimispass.ch\\\/swiss\\\/assistent\\\/#breadcrumb\",\"itemListElement\":[{\"@type\":\"ListItem\",\"position\":1,\"name\":\"Startseite\",\"item\":\"https:\\\/\\\/krimispass.ch\\\/swiss\\\/\"},{\"@type\":\"ListItem\",\"position\":2,\"name\":\"Automatischer Hilfe-Assistent\"}]},{\"@type\":\"WebSite\",\"@id\":\"https:\\\/\\\/krimispass.ch\\\/swiss\\\/#website\",\"url\":\"https:\\\/\\\/krimispass.ch\\\/swiss\\\/\",\"name\":\"KrimiSpass\",\"description\":\"Das Outdoor-Krimispiel\",\"potentialAction\":[{\"@type\":\"SearchAction\",\"target\":{\"@type\":\"EntryPoint\",\"urlTemplate\":\"https:\\\/\\\/krimispass.ch\\\/swiss\\\/?s={search_term_string}\"},\"query-input\":{\"@type\":\"PropertyValueSpecification\",\"valueRequired\":true,\"valueName\":\"search_term_string\"}}],\"inLanguage\":\"de\"}]}<\/script>\n<!-- \/ Yoast SEO plugin. -->","yoast_head_json":{"title":"Automatischer Hilfe-Assistent | KrimiSpass","robots":{"index":"noindex","follow":"nofollow"},"og_locale":"de_DE","og_type":"article","og_title":"Automatischer Hilfe-Assistent | KrimiSpass","og_description":"Hier bekommen Sie Unterst\u00fctzung, wenn ein Informationsschild nicht auffindbar, nicht lesbar oder nicht zug\u00e4nglich ist. Senden Sie eine SMS an +41 (0)79 [&hellip;]","og_url":"https:\/\/krimispass.ch\/swiss\/assistent\/","og_site_name":"KrimiSpass","article_publisher":"https:\/\/www.facebook.com\/KrimiSpass.ch","article_modified_time":"2023-07-02T10:30:27+00:00","og_image":[{"url":"https:\/\/krimispass.ch\/swiss\/wp-content\/uploads\/2018\/08\/iphone_300x455.png","type":"","width":"","height":""}],"twitter_card":"summary_large_image","twitter_site":"@KrimiSpass","twitter_misc":{"Gesch\u00e4tzte Lesezeit":"1\u00a0Minute"},"schema":{"@context":"https:\/\/schema.org","@graph":[{"@type":"WebPage","@id":"https:\/\/krimispass.ch\/swiss\/assistent\/","url":"https:\/\/krimispass.ch\/swiss\/assistent\/","name":"Automatischer Hilfe-Assistent | KrimiSpass","isPartOf":{"@id":"https:\/\/krimispass.ch\/swiss\/#website"},"primaryImageOfPage":{"@id":"https:\/\/krimispass.ch\/swiss\/assistent\/#primaryimage"},"image":{"@id":"https:\/\/krimispass.ch\/swiss\/assistent\/#primaryimage"},"thumbnailUrl":"https:\/\/krimispass.ch\/swiss\/wp-content\/uploads\/2018\/08\/iphone_300x455.png","datePublished":"2018-08-18T21:52:46+00:00","dateModified":"2023-07-02T10:30:27+00:00","breadcrumb":{"@id":"https:\/\/krimispass.ch\/swiss\/assistent\/#breadcrumb"},"inLanguage":"de","potentialAction":[{"@type":"ReadAction","target":["https:\/\/krimispass.ch\/swiss\/assistent\/"]}]},{"@type":"ImageObject","inLanguage":"de","@id":"https:\/\/krimispass.ch\/swiss\/assistent\/#primaryimage","url":"https:\/\/krimispass.ch\/swiss\/wp-content\/uploads\/2018\/08\/iphone_300x455.png","contentUrl":"https:\/\/krimispass.ch\/swiss\/wp-content\/uploads\/2018\/08\/iphone_300x455.png","width":300,"height":455,"caption":"iPhone"},{"@type":"BreadcrumbList","@id":"https:\/\/krimispass.ch\/swiss\/assistent\/#breadcrumb","itemListElement":[{"@type":"ListItem","position":1,"name":"Startseite","item":"https:\/\/krimispass.ch\/swiss\/"},{"@type":"ListItem","position":2,"name":"Automatischer Hilfe-Assistent"}]},{"@type":"WebSite","@id":"https:\/\/krimispass.ch\/swiss\/#website","url":"https:\/\/krimispass.ch\/swiss\/","name":"KrimiSpass","description":"Das Outdoor-Krimispiel","potentialAction":[{"@type":"SearchAction","target":{"@type":"EntryPoint","urlTemplate":"https:\/\/krimispass.ch\/swiss\/?s={search_term_string}"},"query-input":{"@type":"PropertyValueSpecification","valueRequired":true,"valueName":"search_term_string"}}],"inLanguage":"de"}]}},"_links":{"self":[{"href":"https:\/\/krimispass.ch\/swiss\/wp-json\/wp\/v2\/pages\/11121","targetHints":{"allow":["GET"]}}],"collection":[{"href":"https:\/\/krimispass.ch\/swiss\/wp-json\/wp\/v2\/pages"}],"about":[{"href":"https:\/\/krimispass.ch\/swiss\/wp-json\/wp\/v2\/types\/page"}],"author":[{"embeddable":true,"href":"https:\/\/krimispass.ch\/swiss\/wp-json\/wp\/v2\/users\/1"}],"replies":[{"embeddable":true,"href":"https:\/\/krimispass.ch\/swiss\/wp-json\/wp\/v2\/comments?post=11121"}],"version-history":[{"count":10,"href":"https:\/\/krimispass.ch\/swiss\/wp-json\/wp\/v2\/pages\/11121\/revisions"}],"predecessor-version":[{"id":23048,"href":"https:\/\/krimispass.ch\/swiss\/wp-json\/wp\/v2\/pages\/11121\/revisions\/23048"}],"wp:attachment":[{"href":"https:\/\/krimispass.ch\/swiss\/wp-json\/wp\/v2\/media?parent=11121"}],"curies":[{"name":"wp","href":"https:\/\/api.w.org\/{rel}","templated":true}]}}