{"id":10788,"date":"2017-02-03T16:14:17","date_gmt":"2018-06-08T13:33:04","guid":{"rendered":"https:\/\/krimispass.ch\/swiss\/?page_id=10788"},"modified":"2024-11-25T15:58:31","modified_gmt":"2024-11-25T14:58:31","slug":"events","status":"publish","type":"page","link":"https:\/\/krimispass.ch\/swiss\/events\/","title":{"rendered":"KrimiSpass<sup><font size=\"2\">&reg;<\/font><\/sup> f\u00fcr Ihren Event"},"content":{"rendered":"<p><strong>Steht in Ihrer Firma ein Jubil\u00e4um an oder planen Sie einen Kundenanlass? Bieten Sie Ihren G\u00e4sten etwas Besonderes! Mit KrimiSpass wird Ihr Event zu einem einzigartig m\u00f6rderischen Erlebnis.<\/strong><\/p>\n<p>&nbsp;<br \/>\n<img loading=\"lazy\" decoding=\"async\" src=\"https:\/\/krimispass.ch\/swiss\/wp-content\/uploads\/2024\/02\/sherlock_profilbild-150x150.jpg\" alt=\"\" width=\"150\" height=\"150\" class=\"alignleft size-thumbnail wp-image-4663\" \/>Ihr Unternehmen feiert ein grosses Fest. Doch dann geschieht das Unfassbare: Ein langj\u00e4hriger Mitarbeiter wird tot auf dem Firmengel\u00e4nde aufgefunden. Wurde der Mann ermordet und wenn ja, von wem? Pl\u00f6tzlich befinden sich Ihre G\u00e4ste mitten in einem verworrenen Kriminalfall und schl\u00fcpfen in die Rolle des Ermittlers. Spannung und jede Menge Spass sind garantiert!<\/p>\n<p>&nbsp;<br \/>\n&nbsp;<\/p>\n<h5>Success Story \u00abMord im Autohaus\u00bb<\/h5>\n<p>Im <a href=\"https:\/\/www.autohaus-vonkaenel.ch\" rel=\"noopener noreferrer\" target=\"_blank\">Autohaus von K\u00e4nel<\/a> in Frutigen fand ein einmaliges Krimi-Spektakel statt. W\u00e4hrend acht Tagen konnte sich die \u00d6ffentlichkeit auf dem neu er\u00f6ffneten Firmengel\u00e4nde an der Jagd nach einem M\u00f6rder beteiligen. Der Anlass war ein voller Erfolg und lockte hunderte Besucher\/innen nach Frutigen.<\/p>\n<p><a href=\"https:\/\/krimispass.ch\/swiss\/wp-content\/uploads\/2018\/11\/mord-im-autohaus1.jpg\"><img decoding=\"async\" src=\"https:\/\/krimispass.ch\/swiss\/wp-content\/uploads\/2018\/11\/mord-im-autohaus1-300x225.jpg\" alt=\"Impressionen von \u00abMord im Autohaus\u00bb\" width=\"31%\" class=\"alignnone size-medium wp-image-11566\" \/><\/a> <a href=\"https:\/\/krimispass.ch\/swiss\/wp-content\/uploads\/2018\/11\/mord-im-autohaus2.jpg\"><img decoding=\"async\" src=\"https:\/\/krimispass.ch\/swiss\/wp-content\/uploads\/2018\/11\/mord-im-autohaus2-300x225.jpg\" alt=\"Impressionen von \u00abMord im Autohaus\u00bb\" width=\"31%\" class=\"alignnone size-medium wp-image-11562\" \/><\/a> <a href=\"https:\/\/krimispass.ch\/swiss\/wp-content\/uploads\/2018\/11\/mord-im-autohaus3.jpg\"><img decoding=\"async\" src=\"https:\/\/krimispass.ch\/swiss\/wp-content\/uploads\/2018\/11\/mord-im-autohaus3-300x225.jpg\" alt=\"Impressionen von \u00abMord im Autohaus\u00bb\" width=\"31%\" class=\"alignnone size-medium wp-image-11561\" \/><\/a><\/p>\n<p>&nbsp;<br \/>\nBei den Ermittlungen mussten die Hobby-Detektive verd\u00e4chtige Mitarbeiterinnen und Mitarbeiter befragen, den Fundort der Leiche untersuchen und bei der Belegschaft wichtige Indizien sammeln. Nachdem die Teilnehmenden alle Schaupl\u00e4tze besucht und die Hinweise scharfsinnig kombiniert hatten, konnte der Fall gel\u00f6st, mittels Talons einen Tipp abgegeben und so am Wettbewerb teilgenommen werden.<\/p>\n<p><a href=\"https:\/\/krimispass.ch\/swiss\/wp-content\/uploads\/2018\/11\/mord-im-autohaus4.jpg\"><img decoding=\"async\" src=\"https:\/\/krimispass.ch\/swiss\/wp-content\/uploads\/2018\/11\/mord-im-autohaus4-300x225.jpg\" alt=\"Impressionen von \u00abMord im Autohaus\u00bb\" width=\"31%\" class=\"alignnone size-medium wp-image-11566\" \/><\/a> <a href=\"https:\/\/krimispass.ch\/swiss\/wp-content\/uploads\/2018\/11\/mord-im-autohaus5.jpg\"><img decoding=\"async\" src=\"https:\/\/krimispass.ch\/swiss\/wp-content\/uploads\/2018\/11\/mord-im-autohaus5-300x225.jpg\" alt=\"Impressionen von \u00abMord im Autohaus\u00bb\" width=\"31%\" class=\"alignnone size-medium wp-image-11561\" \/><\/a> <a href=\"https:\/\/krimispass.ch\/swiss\/wp-content\/uploads\/2018\/11\/mord-im-autohaus6.jpg\"><img decoding=\"async\" src=\"https:\/\/krimispass.ch\/swiss\/wp-content\/uploads\/2018\/11\/mord-im-autohaus6-300x225.jpg\" alt=\"Impressionen von \u00abMord im Autohaus\u00bb\" width=\"31%\" class=\"alignnone size-medium wp-image-11562\" \/><\/a><\/p>\n<p>&nbsp;<\/p>\n<h5>Unser Angebot<\/h5>\n<p>Wir realisieren in Ihrer Firma ein einzigartiges Krimi-Erlebnis. Dabei nehmen wir Ihre individuellen W\u00fcnsche auf und lassen sie in die Story einfliessen. Wir k\u00fcmmern uns um alles, von der Konzeption \u00fcber die Werbung bis zur Umsetzung.<\/p>\n<p>&nbsp;<br \/>\n<img loading=\"lazy\" decoding=\"async\" src=\"https:\/\/krimispass.ch\/swiss\/wp-content\/uploads\/2016\/12\/gutzeichen.jpg\" alt=\"Gutzeichen\" width=\"30\" height=\"30\" class=\"alignleft size-full wp-image-1374\" \/>Einmaliges und unvergessliches Krimi-Erlebnis in Ihrer Firma<\/p>\n<p><img loading=\"lazy\" decoding=\"async\" src=\"https:\/\/krimispass.ch\/swiss\/wp-content\/uploads\/2016\/12\/gutzeichen.jpg\" alt=\"Gutzeichen\" width=\"30\" height=\"30\" class=\"alignleft size-full wp-image-1374\" \/>Individuelles, auf Ihre Bed\u00fcrfnisse zugeschnittenes Gesamtpaket<\/p>\n<p><img loading=\"lazy\" decoding=\"async\" src=\"https:\/\/krimispass.ch\/swiss\/wp-content\/uploads\/2016\/12\/gutzeichen.jpg\" alt=\"Gutzeichen\" width=\"30\" height=\"30\" class=\"alignleft size-full wp-image-1374\" \/>Miteinbezug Ihrer W\u00fcnsche und Ideen in die Krimi-Geschichte<\/p>\n<p><img loading=\"lazy\" decoding=\"async\" src=\"https:\/\/krimispass.ch\/swiss\/wp-content\/uploads\/2016\/12\/gutzeichen.jpg\" alt=\"Gutzeichen\" width=\"30\" height=\"30\" class=\"alignleft size-full wp-image-1374\" \/>Auf Wunsch: Teilnehmer-Support w\u00e4hrend des Anlasses<\/p>\n<p><img loading=\"lazy\" decoding=\"async\" src=\"https:\/\/krimispass.ch\/swiss\/wp-content\/uploads\/2016\/12\/gutzeichen.jpg\" alt=\"Gutzeichen\" width=\"30\" height=\"30\" class=\"alignleft size-full wp-image-1374\" \/>Auf Wunsch: Professioneller Catering Service<\/p>\n<p><img loading=\"lazy\" decoding=\"async\" src=\"https:\/\/krimispass.ch\/swiss\/wp-content\/uploads\/2016\/12\/gutzeichen.jpg\" alt=\"Gutzeichen\" width=\"30\" height=\"30\" class=\"alignleft size-full wp-image-1374\" \/>Auf Wunsch: Marketing und PR durch Partner-Werbeagentur<\/p>\n<p><img loading=\"lazy\" decoding=\"async\" src=\"https:\/\/krimispass.ch\/swiss\/wp-content\/uploads\/2016\/12\/gutzeichen.jpg\" alt=\"Gutzeichen\" width=\"30\" height=\"30\" class=\"alignleft size-full wp-image-1374\" \/>Auf Wunsch: Folgeroman in Buchform als Geschenk f\u00fcr G\u00e4ste<\/p>\n<p>&nbsp;<\/p>\n<h5>Der Folgeroman<\/h5>\n<p><a href=\"https:\/\/krimispass.ch\/swiss\/wp-content\/uploads\/2018\/11\/blitzeis-titelseite.jpg\"><img decoding=\"async\" src=\"https:\/\/krimispass.ch\/swiss\/wp-content\/uploads\/2018\/11\/blitzeis-titelseite.jpg\" alt=\"Blitzeis Titelseite\" width=\"145\" class=\"alignleft size-full wp-image-11879\" srcset=\"https:\/\/krimispass.ch\/swiss\/wp-content\/uploads\/2018\/11\/blitzeis-titelseite.jpg 1134w, https:\/\/krimispass.ch\/swiss\/wp-content\/uploads\/2018\/11\/blitzeis-titelseite-197x300.jpg 197w, https:\/\/krimispass.ch\/swiss\/wp-content\/uploads\/2018\/11\/blitzeis-titelseite-768x1168.jpg 768w, https:\/\/krimispass.ch\/swiss\/wp-content\/uploads\/2018\/11\/blitzeis-titelseite-674x1024.jpg 674w, https:\/\/krimispass.ch\/swiss\/wp-content\/uploads\/2018\/11\/blitzeis-titelseite-830x1262.jpg 830w, https:\/\/krimispass.ch\/swiss\/wp-content\/uploads\/2018\/11\/blitzeis-titelseite-230x350.jpg 230w, https:\/\/krimispass.ch\/swiss\/wp-content\/uploads\/2018\/11\/blitzeis-titelseite-350x532.jpg 350w, https:\/\/krimispass.ch\/swiss\/wp-content\/uploads\/2018\/11\/blitzeis-titelseite-480x730.jpg 480w\" sizes=\"(max-width: 1134px) 100vw, 1134px\" \/><\/a>Als besonderen Leckerbissen k\u00f6nnen Sie Ihren G\u00e4sten als Geschenk einen Folgeroman zum KrimiSpass mit auf den Nachhauseweg geben. Der Roman beginnt n\u00e4mlich genau da, wo der KrimiSpass endet: mit der Verhaftung der T\u00e4terschaft. Seite f\u00fcr Seite f\u00fchrt er den Leser tiefer in die Ermittlungen rund um den Mord. Denn was gestern noch als gesichert galt, erscheint pl\u00f6tzlich in einem ganz anderen Licht. Schuldige werden zu Opfern und neue Entwicklungen zwingen die ganze Region zu einem Spiel auf Leben und Tod.<\/p>\n<p>&nbsp;<br \/>\n<a href=\"https:\/\/krimispass.ch\/swiss\/wp-content\/uploads\/2018\/11\/blitzeis_leseprobe.pdf\" rel=\"noopener noreferrer\" target=\"_blank\">Hier geht&#8217;s zur Leseprobe<\/a> des Folgeromans zum Krimi im Autohaus von K\u00e4nel.<\/p>\n<p>&nbsp;<br \/>\n<img loading=\"lazy\" decoding=\"async\" src=\"https:\/\/krimispass.ch\/swiss\/wp-content\/uploads\/2016\/12\/gutzeichen.jpg\" alt=\"Gutzeichen\" width=\"30\" height=\"30\" class=\"alignleft size-full wp-image-1374\" \/><strong>Flexibel:<\/strong> Der Inhalt des Buches ist so aufgebaut, dass er sich dem Arbeitsumfeld Ihrer Firma und den \u00f6rtlichen Gegebenheiten anpassen l\u00e4sst.<\/p>\n<p><img loading=\"lazy\" decoding=\"async\" src=\"https:\/\/krimispass.ch\/swiss\/wp-content\/uploads\/2016\/12\/gutzeichen.jpg\" alt=\"Gutzeichen\" width=\"30\" height=\"30\" class=\"alignleft size-full wp-image-1374\" \/><strong>Individuell:<\/strong> Sie haben die M\u00f6glichkeit, Sponsoren und Partnerfirmen einen Auftritt im Buch zu offerieren. Sei es durch die Erw\u00e4hnung der Firma oder durch die Integration von Personen.<\/p>\n<p>&nbsp;<\/p>\n<h5>Interessiert?<\/h5>\n<p>Bieten auch Sie Ihren G\u00e4sten ein Krimi-Erlebnis der besonderen Art. Kontaktieren Sie uns, wir geben Ihnen gerne weitere Ausk\u00fcnfte und unterbreiten Ihnen ein konkretes Angebot.<br \/>\n&nbsp;<br \/>\n\n<div class=\"wpcf7 no-js\" id=\"wpcf7-f368-o1\" lang=\"de-DE\" dir=\"ltr\" data-wpcf7-id=\"368\">\n<div class=\"screen-reader-response\"><p role=\"status\" aria-live=\"polite\" aria-atomic=\"true\"><\/p> <ul><\/ul><\/div>\n<form action=\"\/swiss\/wp-json\/wp\/v2\/pages\/10788#wpcf7-f368-o1\" method=\"post\" class=\"wpcf7-form init\" aria-label=\"Kontaktformular\" novalidate=\"novalidate\" data-status=\"init\">\n<fieldset class=\"hidden-fields-container\"><input type=\"hidden\" name=\"_wpcf7\" value=\"368\" \/><input type=\"hidden\" name=\"_wpcf7_version\" value=\"6.1.5\" \/><input type=\"hidden\" name=\"_wpcf7_locale\" value=\"de_DE\" \/><input type=\"hidden\" name=\"_wpcf7_unit_tag\" value=\"wpcf7-f368-o1\" \/><input type=\"hidden\" name=\"_wpcf7_container_post\" value=\"0\" \/><input type=\"hidden\" name=\"_wpcf7_posted_data_hash\" value=\"\" \/>\n<\/fieldset>\n<p>Name*<br \/>\n<span class=\"wpcf7-form-control-wrap\" data-name=\"your-name\"><input size=\"40\" maxlength=\"400\" class=\"wpcf7-form-control wpcf7-text wpcf7-validates-as-required\" aria-required=\"true\" aria-invalid=\"false\" value=\"\" type=\"text\" name=\"your-name\" \/><\/span>\n<\/p>\n<p><span id=\"wpcf7-69e318f42656b-wrapper\" class=\"wpcf7-form-control-wrap your-vorname-wrap\" style=\"display:none !important; visibility:hidden !important;\"><label for=\"wpcf7-69e318f42656b-field\" class=\"hp-message\">Bitte lasse dieses Feld leer.<\/label><input id=\"wpcf7-69e318f42656b-field\"  class=\"wpcf7-form-control wpcf7-text\" type=\"text\" name=\"your-vorname\" value=\"\" size=\"40\" tabindex=\"-1\" autocomplete=\"new-password\" \/><\/span>\n<\/p>\n<p>E-Mail*<br \/>\n<span class=\"wpcf7-form-control-wrap\" data-name=\"your-email\"><input size=\"40\" maxlength=\"400\" class=\"wpcf7-form-control wpcf7-email wpcf7-validates-as-required wpcf7-text wpcf7-validates-as-email\" aria-required=\"true\" aria-invalid=\"false\" value=\"\" type=\"email\" name=\"your-email\" \/><\/span>\n<\/p>\n<p>Telefon<br \/>\n<span class=\"wpcf7-form-control-wrap\" data-name=\"telefon\"><input size=\"40\" maxlength=\"400\" class=\"wpcf7-form-control wpcf7-tel wpcf7-text wpcf7-validates-as-tel\" aria-invalid=\"false\" value=\"\" type=\"tel\" name=\"telefon\" \/><\/span>\n<\/p>\n<p>&nbsp;<br \/>\nMitteilung<br \/>\n<span class=\"wpcf7-form-control-wrap\" data-name=\"your-message\"><textarea cols=\"40\" rows=\"10\" maxlength=\"2000\" class=\"wpcf7-form-control wpcf7-textarea\" aria-invalid=\"false\" name=\"your-message\"><\/textarea><\/span>\n<\/p>\n<p><!-- Mailchimp for WordPress v4.12.1 - https:\/\/www.mc4wp.com\/ --><input type=\"hidden\" name=\"_mc4wp_subscribe_contact-form-7\" value=\"0\" \/><span class=\"mc4wp-checkbox mc4wp-checkbox-contact-form-7 \"><label><input type=\"checkbox\" name=\"_mc4wp_subscribe_contact-form-7\" value=\"1\" ><span>&nbsp;&nbsp;KrimiSpass-Newsletter abonnieren<\/span><\/label><\/span><!-- \/ Mailchimp for WordPress --><br \/>\n<span class=\"wpcf7-form-control-wrap\" data-name=\"zustimmung\"><span class=\"wpcf7-form-control wpcf7-acceptance\"><span class=\"wpcf7-list-item\"><input type=\"checkbox\" name=\"zustimmung\" value=\"1\" aria-invalid=\"false\" \/><\/span><\/span><\/span>&nbsp;&nbsp;<a href=\"https:\/\/krimispass.ch\/swiss\/?page_id=8\">Datenschutzbestimmungen<\/a> akzeptieren*\n<\/p>\n<p>&nbsp;<br \/>\nDurch * gekennzeichnete Felder sind erforderlich.\n<\/p>\n<p>&nbsp;<br \/>\n<input class=\"wpcf7-form-control wpcf7-submit has-spinner\" type=\"submit\" value=\"Senden\" \/>\n<\/p>\n<div style=\"display: none !important\">\n\t<p><span class=\"wpcf7-form-control-wrap\" data-name=\"mc4wp-nlks\"><input size=\"40\" maxlength=\"400\" class=\"wpcf7-form-control wpcf7-text required\" aria-invalid=\"false\" value=\"Ja\" type=\"text\" name=\"mc4wp-nlks\" \/><\/span>\n\t<\/p>\n<\/div><div class=\"wpcf7-response-output\" aria-hidden=\"true\"><\/div>\n<\/form>\n<\/div>\n<\/p>\n","protected":false},"excerpt":{"rendered":"<p>Steht in Ihrer Firma ein Jubil\u00e4um an oder planen Sie einen Kundenanlass? Bieten Sie Ihren G\u00e4sten etwas Besonderes! Mit KrimiSpass wird Ihr [&hellip;]<\/p>\n","protected":false},"author":1,"featured_media":11899,"parent":0,"menu_order":52,"comment_status":"closed","ping_status":"closed","template":"","meta":{"content-type":"","footnotes":""},"class_list":["post-10788","page","type-page","status-publish","has-post-thumbnail","hentry"],"yoast_head":"<!-- This site is optimized with the Yoast SEO plugin v27.4 - https:\/\/yoast.com\/product\/yoast-seo-wordpress\/ -->\n<title>KrimiSpass f\u00fcr Ihren Event<\/title>\n<meta name=\"description\" content=\"\u00dcberraschen Sie Ihre G\u00e4ste mit einem Mord! Mit KrimiSpass wird Ihr Firmenanlass zu einem einzigartigen und unvergesslichen Erlebnis.\" \/>\n<meta name=\"robots\" content=\"index, follow, max-snippet:-1, max-image-preview:large, max-video-preview:-1\" \/>\n<link rel=\"canonical\" href=\"https:\/\/krimispass.ch\/swiss\/events\/\" \/>\n<meta property=\"og:locale\" content=\"de_DE\" \/>\n<meta property=\"og:type\" content=\"article\" \/>\n<meta property=\"og:title\" content=\"KrimiSpass f\u00fcr Ihren Event\" \/>\n<meta property=\"og:description\" content=\"\u00dcberraschen Sie Ihre G\u00e4ste mit einem Mord!\" \/>\n<meta property=\"og:url\" content=\"https:\/\/krimispass.ch\/swiss\/events\/\" \/>\n<meta property=\"og:site_name\" content=\"KrimiSpass\" \/>\n<meta property=\"article:publisher\" content=\"https:\/\/www.facebook.com\/KrimiSpass.ch\" \/>\n<meta property=\"article:modified_time\" content=\"2024-11-25T14:58:31+00:00\" \/>\n<meta property=\"og:image\" content=\"https:\/\/krimispass.ch\/swiss\/wp-content\/uploads\/2018\/11\/mord-im-autohaus3.jpg\" \/>\n\t<meta property=\"og:image:width\" content=\"1600\" \/>\n\t<meta property=\"og:image:height\" content=\"1200\" \/>\n\t<meta property=\"og:image:type\" content=\"image\/jpeg\" \/>\n<meta name=\"twitter:card\" content=\"summary_large_image\" \/>\n<meta name=\"twitter:site\" content=\"@KrimiSpass\" \/>\n<meta name=\"twitter:label1\" content=\"Gesch\u00e4tzte Lesezeit\" \/>\n\t<meta name=\"twitter:data1\" content=\"7\u00a0Minuten\" \/>\n<script type=\"application\/ld+json\" class=\"yoast-schema-graph\">{\"@context\":\"https:\\\/\\\/schema.org\",\"@graph\":[{\"@type\":\"WebPage\",\"@id\":\"https:\\\/\\\/krimispass.ch\\\/swiss\\\/events\\\/\",\"url\":\"https:\\\/\\\/krimispass.ch\\\/swiss\\\/events\\\/\",\"name\":\"KrimiSpass f\u00fcr Ihren Event\",\"isPartOf\":{\"@id\":\"https:\\\/\\\/krimispass.ch\\\/swiss\\\/#website\"},\"primaryImageOfPage\":{\"@id\":\"https:\\\/\\\/krimispass.ch\\\/swiss\\\/events\\\/#primaryimage\"},\"image\":{\"@id\":\"https:\\\/\\\/krimispass.ch\\\/swiss\\\/events\\\/#primaryimage\"},\"thumbnailUrl\":\"https:\\\/\\\/krimispass.ch\\\/swiss\\\/wp-content\\\/uploads\\\/2018\\\/11\\\/mord-im-autohaus3.jpg\",\"datePublished\":\"2018-06-08T13:33:04+00:00\",\"dateModified\":\"2024-11-25T14:58:31+00:00\",\"description\":\"\u00dcberraschen Sie Ihre G\u00e4ste mit einem Mord! Mit KrimiSpass wird Ihr Firmenanlass zu einem einzigartigen und unvergesslichen Erlebnis.\",\"breadcrumb\":{\"@id\":\"https:\\\/\\\/krimispass.ch\\\/swiss\\\/events\\\/#breadcrumb\"},\"inLanguage\":\"de\",\"potentialAction\":[{\"@type\":\"ReadAction\",\"target\":[\"https:\\\/\\\/krimispass.ch\\\/swiss\\\/events\\\/\"]}]},{\"@type\":\"ImageObject\",\"inLanguage\":\"de\",\"@id\":\"https:\\\/\\\/krimispass.ch\\\/swiss\\\/events\\\/#primaryimage\",\"url\":\"https:\\\/\\\/krimispass.ch\\\/swiss\\\/wp-content\\\/uploads\\\/2018\\\/11\\\/mord-im-autohaus3.jpg\",\"contentUrl\":\"https:\\\/\\\/krimispass.ch\\\/swiss\\\/wp-content\\\/uploads\\\/2018\\\/11\\\/mord-im-autohaus3.jpg\",\"width\":1600,\"height\":1200,\"caption\":\"Impressionen von \u00abMord im Autohaus\u00bb\"},{\"@type\":\"BreadcrumbList\",\"@id\":\"https:\\\/\\\/krimispass.ch\\\/swiss\\\/events\\\/#breadcrumb\",\"itemListElement\":[{\"@type\":\"ListItem\",\"position\":1,\"name\":\"Startseite\",\"item\":\"https:\\\/\\\/krimispass.ch\\\/swiss\\\/\"},{\"@type\":\"ListItem\",\"position\":2,\"name\":\"KrimiSpass&reg; f\u00fcr Ihren Event\"}]},{\"@type\":\"WebSite\",\"@id\":\"https:\\\/\\\/krimispass.ch\\\/swiss\\\/#website\",\"url\":\"https:\\\/\\\/krimispass.ch\\\/swiss\\\/\",\"name\":\"KrimiSpass\",\"description\":\"Das Outdoor-Krimispiel\",\"potentialAction\":[{\"@type\":\"SearchAction\",\"target\":{\"@type\":\"EntryPoint\",\"urlTemplate\":\"https:\\\/\\\/krimispass.ch\\\/swiss\\\/?s={search_term_string}\"},\"query-input\":{\"@type\":\"PropertyValueSpecification\",\"valueRequired\":true,\"valueName\":\"search_term_string\"}}],\"inLanguage\":\"de\"}]}<\/script>\n<!-- \/ Yoast SEO plugin. -->","yoast_head_json":{"title":"KrimiSpass f\u00fcr Ihren Event","description":"\u00dcberraschen Sie Ihre G\u00e4ste mit einem Mord! Mit KrimiSpass wird Ihr Firmenanlass zu einem einzigartigen und unvergesslichen Erlebnis.","robots":{"index":"index","follow":"follow","max-snippet":"max-snippet:-1","max-image-preview":"max-image-preview:large","max-video-preview":"max-video-preview:-1"},"canonical":"https:\/\/krimispass.ch\/swiss\/events\/","og_locale":"de_DE","og_type":"article","og_title":"KrimiSpass f\u00fcr Ihren Event","og_description":"\u00dcberraschen Sie Ihre G\u00e4ste mit einem Mord!","og_url":"https:\/\/krimispass.ch\/swiss\/events\/","og_site_name":"KrimiSpass","article_publisher":"https:\/\/www.facebook.com\/KrimiSpass.ch","article_modified_time":"2024-11-25T14:58:31+00:00","og_image":[{"width":1600,"height":1200,"url":"https:\/\/krimispass.ch\/swiss\/wp-content\/uploads\/2018\/11\/mord-im-autohaus3.jpg","type":"image\/jpeg"}],"twitter_card":"summary_large_image","twitter_site":"@KrimiSpass","twitter_misc":{"Gesch\u00e4tzte Lesezeit":"7\u00a0Minuten"},"schema":{"@context":"https:\/\/schema.org","@graph":[{"@type":"WebPage","@id":"https:\/\/krimispass.ch\/swiss\/events\/","url":"https:\/\/krimispass.ch\/swiss\/events\/","name":"KrimiSpass f\u00fcr Ihren Event","isPartOf":{"@id":"https:\/\/krimispass.ch\/swiss\/#website"},"primaryImageOfPage":{"@id":"https:\/\/krimispass.ch\/swiss\/events\/#primaryimage"},"image":{"@id":"https:\/\/krimispass.ch\/swiss\/events\/#primaryimage"},"thumbnailUrl":"https:\/\/krimispass.ch\/swiss\/wp-content\/uploads\/2018\/11\/mord-im-autohaus3.jpg","datePublished":"2018-06-08T13:33:04+00:00","dateModified":"2024-11-25T14:58:31+00:00","description":"\u00dcberraschen Sie Ihre G\u00e4ste mit einem Mord! Mit KrimiSpass wird Ihr Firmenanlass zu einem einzigartigen und unvergesslichen Erlebnis.","breadcrumb":{"@id":"https:\/\/krimispass.ch\/swiss\/events\/#breadcrumb"},"inLanguage":"de","potentialAction":[{"@type":"ReadAction","target":["https:\/\/krimispass.ch\/swiss\/events\/"]}]},{"@type":"ImageObject","inLanguage":"de","@id":"https:\/\/krimispass.ch\/swiss\/events\/#primaryimage","url":"https:\/\/krimispass.ch\/swiss\/wp-content\/uploads\/2018\/11\/mord-im-autohaus3.jpg","contentUrl":"https:\/\/krimispass.ch\/swiss\/wp-content\/uploads\/2018\/11\/mord-im-autohaus3.jpg","width":1600,"height":1200,"caption":"Impressionen von \u00abMord im Autohaus\u00bb"},{"@type":"BreadcrumbList","@id":"https:\/\/krimispass.ch\/swiss\/events\/#breadcrumb","itemListElement":[{"@type":"ListItem","position":1,"name":"Startseite","item":"https:\/\/krimispass.ch\/swiss\/"},{"@type":"ListItem","position":2,"name":"KrimiSpass&reg; f\u00fcr Ihren Event"}]},{"@type":"WebSite","@id":"https:\/\/krimispass.ch\/swiss\/#website","url":"https:\/\/krimispass.ch\/swiss\/","name":"KrimiSpass","description":"Das Outdoor-Krimispiel","potentialAction":[{"@type":"SearchAction","target":{"@type":"EntryPoint","urlTemplate":"https:\/\/krimispass.ch\/swiss\/?s={search_term_string}"},"query-input":{"@type":"PropertyValueSpecification","valueRequired":true,"valueName":"search_term_string"}}],"inLanguage":"de"}]}},"_links":{"self":[{"href":"https:\/\/krimispass.ch\/swiss\/wp-json\/wp\/v2\/pages\/10788","targetHints":{"allow":["GET"]}}],"collection":[{"href":"https:\/\/krimispass.ch\/swiss\/wp-json\/wp\/v2\/pages"}],"about":[{"href":"https:\/\/krimispass.ch\/swiss\/wp-json\/wp\/v2\/types\/page"}],"author":[{"embeddable":true,"href":"https:\/\/krimispass.ch\/swiss\/wp-json\/wp\/v2\/users\/1"}],"replies":[{"embeddable":true,"href":"https:\/\/krimispass.ch\/swiss\/wp-json\/wp\/v2\/comments?post=10788"}],"version-history":[{"count":10,"href":"https:\/\/krimispass.ch\/swiss\/wp-json\/wp\/v2\/pages\/10788\/revisions"}],"predecessor-version":[{"id":24385,"href":"https:\/\/krimispass.ch\/swiss\/wp-json\/wp\/v2\/pages\/10788\/revisions\/24385"}],"wp:featuredmedia":[{"embeddable":true,"href":"https:\/\/krimispass.ch\/swiss\/wp-json\/wp\/v2\/media\/11899"}],"wp:attachment":[{"href":"https:\/\/krimispass.ch\/swiss\/wp-json\/wp\/v2\/media?parent=10788"}],"curies":[{"name":"wp","href":"https:\/\/api.w.org\/{rel}","templated":true}]}}