{"id":90,"date":"2014-07-23T19:07:00","date_gmt":"2014-07-23T19:07:00","guid":{"rendered":"https:\/\/krimispass.ch\/mordamthunersee\/?page_id=90"},"modified":"2019-07-08T23:47:41","modified_gmt":"2019-07-08T21:47:41","slug":"die-schauplaetze","status":"publish","type":"page","link":"https:\/\/krimispass.ch\/mordamthunersee\/?page_id=90","title":{"rendered":"Die Schaupl\u00e4tze"},"content":{"rendered":"<p>&nbsp;<br \/>\n<strong>Im Verlauf der Ermittlungen im Mordfall \u201cHannelore Burgunder\u201d werden Sie zehn verschiedene Schaupl\u00e4tze besuchen. \u00dcber diese Seite k\u00f6nnen Sie direkt zu den Informationen der einzelnen Orte gelangen.<\/strong><\/p>\n<p>\u201cMord am Thunersee\u201d ist als kriminalistischer Rundgang um den Thunersee konzipiert. Bei welchem Schauplatz Sie mit den Ermittlungen starten, ist Ihnen \u00fcberlassen.<\/p>\n<p>&nbsp;<\/p>\n<h5><a href=\"https:\/\/krimispass.ch\/mordamthunersee\/wp-content\/uploads\/2014\/07\/Bonstettenpark.jpg\"><img loading=\"lazy\" decoding=\"async\" src=\"https:\/\/krimispass.ch\/mordamthunersee\/wp-content\/uploads\/2014\/07\/Bonstettenpark-300x199.jpg\" alt=\"Bonstettenpark\" width=\"300\" height=\"199\" class=\"alignleft size-medium wp-image-1028\" srcset=\"https:\/\/krimispass.ch\/mordamthunersee\/wp-content\/uploads\/2014\/07\/Bonstettenpark-300x199.jpg 300w, https:\/\/krimispass.ch\/mordamthunersee\/wp-content\/uploads\/2014\/07\/Bonstettenpark-1024x680.jpg 1024w, https:\/\/krimispass.ch\/mordamthunersee\/wp-content\/uploads\/2014\/07\/Bonstettenpark-900x598.jpg 900w\" sizes=\"auto, (max-width: 300px) 100vw, 300px\" \/><\/a>Thun, Bonstettenpark<\/h5>\n<p>&nbsp;<br \/>\nKoordinaten: 46\u00b043&#8217;31.3&#8243;N 7\u00b037&#8217;30.9&#8243;E<br \/>\n<a href=\"https:\/\/www.google.de\/maps\/place\/46%C2%B043'31.3%22N+7%C2%B037'30.9%22E\/@46.725364,7.625242,519m\/data=!3m1!1e3!4m2!3m1!1s0x0:0x0\" rel=\"noopener noreferrer\" target=\"_blank\">Google Maps<\/a><\/p>\n<p>&nbsp;<br \/>\n<a href=\"https:\/\/krimispass.ch\/mordamthunersee\/?page_id=357\" title=\"Schauplatz 1\">Hier geht&#8217;s direkt zum Schauplatz<\/a><\/p>\n<p>Passwort:<br \/>\nNummer der Strassenlampe beim Parkzugang<\/p>\n<p>&nbsp;<br \/>\n&nbsp;<\/p>\n<h5><a href=\"https:\/\/krimispass.ch\/mordamthunersee\/wp-content\/uploads\/2014\/07\/Einigen.jpg\"><img loading=\"lazy\" decoding=\"async\" src=\"https:\/\/krimispass.ch\/mordamthunersee\/wp-content\/uploads\/2014\/07\/Einigen-300x199.jpg\" alt=\"Einigen\" width=\"300\" height=\"199\" class=\"alignleft size-medium wp-image-1029\" srcset=\"https:\/\/krimispass.ch\/mordamthunersee\/wp-content\/uploads\/2014\/07\/Einigen-300x199.jpg 300w, https:\/\/krimispass.ch\/mordamthunersee\/wp-content\/uploads\/2014\/07\/Einigen-1024x680.jpg 1024w, https:\/\/krimispass.ch\/mordamthunersee\/wp-content\/uploads\/2014\/07\/Einigen-900x598.jpg 900w\" sizes=\"auto, (max-width: 300px) 100vw, 300px\" \/><\/a>Einigen<\/h5>\n<p>&nbsp;<br \/>\nKoordinaten: 46\u00b042&#8217;33.6&#8243;N 7\u00b038&#8217;46.8&#8243;E<br \/>\n<a href=\"https:\/\/www.google.ch\/maps\/place\/46%C2%B042'33.6%22N+7%C2%B038'46.8%22E\/@46.7092414,7.6462924,260m\/data=!3m1!1e3!4m2!3m1!1s0x0:0x0?hl=de\" rel=\"noopener noreferrer\" target=\"_blank\">Google Maps<\/a><\/p>\n<p>&nbsp;<br \/>\n<a href=\"https:\/\/krimispass.ch\/mordamthunersee\/?page_id=359\" title=\"Schauplatz 2\">Hier geht&#8217;s direkt zum Schauplatz<\/a><\/p>\n<p>Passwort:<br \/>\nNummer auf T\u00fcr des seitlichen Anbaus der Kirche<\/p>\n<p>&nbsp;<br \/>\n&nbsp;<\/p>\n<h5><a href=\"https:\/\/krimispass.ch\/mordamthunersee\/wp-content\/uploads\/2014\/07\/Faulensee.jpg\"><img loading=\"lazy\" decoding=\"async\" src=\"https:\/\/krimispass.ch\/mordamthunersee\/wp-content\/uploads\/2014\/07\/Faulensee-300x199.jpg\" alt=\"Faulensee\" width=\"300\" height=\"199\" class=\"alignleft size-medium wp-image-1030\" srcset=\"https:\/\/krimispass.ch\/mordamthunersee\/wp-content\/uploads\/2014\/07\/Faulensee-300x199.jpg 300w, https:\/\/krimispass.ch\/mordamthunersee\/wp-content\/uploads\/2014\/07\/Faulensee-1024x680.jpg 1024w, https:\/\/krimispass.ch\/mordamthunersee\/wp-content\/uploads\/2014\/07\/Faulensee-900x598.jpg 900w\" sizes=\"auto, (max-width: 300px) 100vw, 300px\" \/><\/a>Faulensee<\/h5>\n<p>&nbsp;<br \/>\nKoordinaten: 46\u00b040&#8217;33.5&#8243;N 7\u00b042&#8217;12.6&#8243;E<br \/>\n<a href=\"https:\/\/www.google.ch\/maps\/place\/46%C2%B040'33.5%22N+7%C2%B042'12.6%22E\/@46.6758134,7.7039533,520m\/data=!3m1!1e3!4m2!3m1!1s0x0:0x0?hl=de\" rel=\"noopener noreferrer\" target=\"_blank\">Google Maps<\/a><\/p>\n<p>&nbsp;<br \/>\n<a href=\"https:\/\/krimispass.ch\/mordamthunersee\/?page_id=362\" title=\"Schauplatz 3\">Hier geht&#8217;s direkt zum Schauplatz<\/a><\/p>\n<p>Passwort:<br \/>\nSeit wann gibt es den Strandweg?<\/p>\n<p>&nbsp;<br \/>\n&nbsp;<\/p>\n<h5><a href=\"https:\/\/krimispass.ch\/mordamthunersee\/wp-content\/uploads\/2014\/07\/Leissigen.jpg\"><img loading=\"lazy\" decoding=\"async\" src=\"https:\/\/krimispass.ch\/mordamthunersee\/wp-content\/uploads\/2014\/07\/Leissigen-300x199.jpg\" alt=\"Leissigen\" width=\"300\" height=\"199\" class=\"alignleft size-medium wp-image-1031\" srcset=\"https:\/\/krimispass.ch\/mordamthunersee\/wp-content\/uploads\/2014\/07\/Leissigen-300x199.jpg 300w, https:\/\/krimispass.ch\/mordamthunersee\/wp-content\/uploads\/2014\/07\/Leissigen-1024x680.jpg 1024w, https:\/\/krimispass.ch\/mordamthunersee\/wp-content\/uploads\/2014\/07\/Leissigen-900x598.jpg 900w\" sizes=\"auto, (max-width: 300px) 100vw, 300px\" \/><\/a>Leissigen<\/h5>\n<p>&nbsp;<br \/>\nKoordinaten: 46\u00b039&#8217;18.7&#8243;N 7\u00b046&#8217;30.5&#8243;E<br \/>\n<a href=\"https:\/\/www.google.ch\/maps\/place\/46%C2%B039'18.7%22N+7%C2%B046'30.5%22E\/@46.6550894,7.7750026,260m\/data=!3m1!1e3!4m2!3m1!1s0x0:0x0?hl=de\" rel=\"noopener noreferrer\" target=\"_blank\">Google Maps<\/a><\/p>\n<p>&nbsp;<br \/>\n<a href=\"https:\/\/krimispass.ch\/mordamthunersee\/?page_id=364\" title=\"Schauplatz 4\">Hier geht&#8217;s direkt zum Schauplatz<\/a><\/p>\n<p>Passwort:<br \/>\nWann wurde die Gleisunterf\u00fchrung gebaut?<\/p>\n<p>&nbsp;<br \/>\n&nbsp;<\/p>\n<h5><a href=\"https:\/\/krimispass.ch\/mordamthunersee\/wp-content\/uploads\/2014\/07\/Daerligen.jpg\"><img loading=\"lazy\" decoding=\"async\" src=\"https:\/\/krimispass.ch\/mordamthunersee\/wp-content\/uploads\/2014\/07\/Daerligen-300x199.jpg\" alt=\"Daerligen\" width=\"300\" height=\"199\" class=\"alignleft size-medium wp-image-1032\" srcset=\"https:\/\/krimispass.ch\/mordamthunersee\/wp-content\/uploads\/2014\/07\/Daerligen-300x199.jpg 300w, https:\/\/krimispass.ch\/mordamthunersee\/wp-content\/uploads\/2014\/07\/Daerligen-1024x680.jpg 1024w, https:\/\/krimispass.ch\/mordamthunersee\/wp-content\/uploads\/2014\/07\/Daerligen-900x598.jpg 900w\" sizes=\"auto, (max-width: 300px) 100vw, 300px\" \/><\/a>D\u00e4rligen<\/h5>\n<p>&nbsp;<br \/>\nKoordinaten: 46\u00b039&#8217;48.0&#8243;N 7\u00b048&#8217;26.6&#8243;E<br \/>\n<a href=\"https:\/\/www.google.ch\/maps\/place\/46%C2%B039'48.0%22N+7%C2%B048'26.6%22E\/@46.6632179,7.8076555,520m\/data=!3m1!1e3!4m2!3m1!1s0x0:0x0?hl=de\" rel=\"noopener noreferrer\" target=\"_blank\">Google Maps<\/a><\/p>\n<p>&nbsp;<br \/>\n<a href=\"https:\/\/krimispass.ch\/mordamthunersee\/?page_id=366\" title=\"Schauplatz 5\">Hier geht&#8217;s direkt zum Schauplatz<\/a><\/p>\n<p>Passwort:<br \/>\nNummer auf blauem Hydranten vor dem Parkplatz<\/p>\n<p>&nbsp;<br \/>\n&nbsp;<\/p>\n<h5><a href=\"https:\/\/krimispass.ch\/mordamthunersee\/wp-content\/uploads\/2014\/07\/Interlaken.jpg\"><img loading=\"lazy\" decoding=\"async\" src=\"https:\/\/krimispass.ch\/mordamthunersee\/wp-content\/uploads\/2014\/07\/Interlaken-300x199.jpg\" alt=\"Interlaken\" width=\"300\" height=\"199\" class=\"alignleft size-medium wp-image-1033\" srcset=\"https:\/\/krimispass.ch\/mordamthunersee\/wp-content\/uploads\/2014\/07\/Interlaken-300x199.jpg 300w, https:\/\/krimispass.ch\/mordamthunersee\/wp-content\/uploads\/2014\/07\/Interlaken-1024x680.jpg 1024w, https:\/\/krimispass.ch\/mordamthunersee\/wp-content\/uploads\/2014\/07\/Interlaken-900x598.jpg 900w\" sizes=\"auto, (max-width: 300px) 100vw, 300px\" \/><\/a>Interlaken West<\/h5>\n<p>&nbsp;<br \/>\nKoordinaten: 46\u00b040&#8217;58.5&#8243;N 7\u00b051&#8217;06.7&#8243;E<br \/>\n<a href=\"https:\/\/www.google.ch\/maps\/place\/46%C2%B040'58.5%22N+7%C2%B051'06.7%22E\/@46.6824088,7.8519314,520m\/data=!3m1!1e3!4m2!3m1!1s0x0:0x0?hl=de\" rel=\"noopener noreferrer\" target=\"_blank\">Google Maps<\/a><\/p>\n<p>&nbsp;<br \/>\n<a href=\"https:\/\/krimispass.ch\/mordamthunersee\/?page_id=368\" title=\"Schauplatz 6\">Hier geht&#8217;s direkt zum Schauplatz<\/a><\/p>\n<p>Passwort:<br \/>\nH\u00f6henlage Interlaken West (m \u00fc. M.)<\/p>\n<p>&nbsp;<br \/>\n&nbsp;<\/p>\n<h5><a href=\"https:\/\/krimispass.ch\/mordamthunersee\/wp-content\/uploads\/2014\/07\/Beatenbucht.jpg\"><img loading=\"lazy\" decoding=\"async\" src=\"https:\/\/krimispass.ch\/mordamthunersee\/wp-content\/uploads\/2014\/07\/Beatenbucht-300x199.jpg\" alt=\"Beatenbucht\" width=\"300\" height=\"199\" class=\"alignleft size-medium wp-image-1034\" srcset=\"https:\/\/krimispass.ch\/mordamthunersee\/wp-content\/uploads\/2014\/07\/Beatenbucht-300x199.jpg 300w, https:\/\/krimispass.ch\/mordamthunersee\/wp-content\/uploads\/2014\/07\/Beatenbucht-1024x680.jpg 1024w, https:\/\/krimispass.ch\/mordamthunersee\/wp-content\/uploads\/2014\/07\/Beatenbucht-900x598.jpg 900w\" sizes=\"auto, (max-width: 300px) 100vw, 300px\" \/><\/a>Beatenbucht<\/h5>\n<p>&nbsp;<br \/>\nKoordinaten: 46\u00b041&#8217;10.9&#8243;N 7\u00b044&#8217;47.1&#8243;E<br \/>\n<a href=\"https:\/\/www.google.ch\/maps\/place\/46%C2%B041'10.9%22N+7%C2%B044'47.1%22E\/@46.686361,7.746421,260m\/data=!3m1!1e3!4m2!3m1!1s0x0:0x0?hl=de\" rel=\"noopener noreferrer\" target=\"_blank\">Google Maps<\/a><\/p>\n<p>&nbsp;<br \/>\n<a href=\"https:\/\/krimispass.ch\/mordamthunersee\/?page_id=370\" title=\"Schauplatz 7\">Hier geht&#8217;s direkt zum Schauplatz<\/a><\/p>\n<p>Passwort:<br \/>\nNummer der Strassenlampe nahe der Schiffsstation<\/p>\n<p>&nbsp;<br \/>\n&nbsp;<\/p>\n<h5><a href=\"https:\/\/krimispass.ch\/mordamthunersee\/wp-content\/uploads\/2014\/07\/Merligen.jpg\"><img loading=\"lazy\" decoding=\"async\" src=\"https:\/\/krimispass.ch\/mordamthunersee\/wp-content\/uploads\/2014\/07\/Merligen-300x199.jpg\" alt=\"Merligen\" width=\"300\" height=\"199\" class=\"alignleft size-medium wp-image-1035\" srcset=\"https:\/\/krimispass.ch\/mordamthunersee\/wp-content\/uploads\/2014\/07\/Merligen-300x199.jpg 300w, https:\/\/krimispass.ch\/mordamthunersee\/wp-content\/uploads\/2014\/07\/Merligen-1024x680.jpg 1024w, https:\/\/krimispass.ch\/mordamthunersee\/wp-content\/uploads\/2014\/07\/Merligen-900x598.jpg 900w\" sizes=\"auto, (max-width: 300px) 100vw, 300px\" \/><\/a>Merligen<\/h5>\n<p>&nbsp;<br \/>\nKoordinaten: 46\u00b041&#8217;47.9&#8243;N 7\u00b044&#8217;13.7&#8243;E<br \/>\n<a href=\"https:\/\/www.google.ch\/maps\/place\/46%C2%B041'47.9%22N+7%C2%B044'13.7%22E\/@46.6965512,7.7373895,260m\/data=!3m1!1e3!4m2!3m1!1s0x0:0x0?hl=de\" rel=\"noopener noreferrer\" target=\"_blank\">Google Maps<\/a><\/p>\n<p>&nbsp;<br \/>\n<a href=\"https:\/\/krimispass.ch\/mordamthunersee\/?page_id=372\" title=\"Schauplatz 8\">Hier geht&#8217;s direkt zum Schauplatz<\/a><\/p>\n<p>Passwort:<br \/>\nBerg rechts neben Stockhorn (auf Panoramatafel)<\/p>\n<p>&nbsp;<br \/>\n&nbsp;<\/p>\n<h5><a href=\"https:\/\/krimispass.ch\/mordamthunersee\/wp-content\/uploads\/2014\/07\/Oberhofen.jpg\"><img loading=\"lazy\" decoding=\"async\" src=\"https:\/\/krimispass.ch\/mordamthunersee\/wp-content\/uploads\/2014\/07\/Oberhofen-300x199.jpg\" alt=\"Oberhofen\" width=\"300\" height=\"199\" class=\"alignleft size-medium wp-image-1036\" srcset=\"https:\/\/krimispass.ch\/mordamthunersee\/wp-content\/uploads\/2014\/07\/Oberhofen-300x199.jpg 300w, https:\/\/krimispass.ch\/mordamthunersee\/wp-content\/uploads\/2014\/07\/Oberhofen-1024x680.jpg 1024w, https:\/\/krimispass.ch\/mordamthunersee\/wp-content\/uploads\/2014\/07\/Oberhofen-900x598.jpg 900w\" sizes=\"auto, (max-width: 300px) 100vw, 300px\" \/><\/a>Oberhofen<\/h5>\n<p>&nbsp;<br \/>\nKoordinaten: 46\u00b043&#8217;49.9&#8243;N 7\u00b040&#8217;04.7&#8243;E<br \/>\n<a href=\"https:\/\/www.google.de\/maps\/place\/46%C2%B043'49.9%22N+7%C2%B040'04.7%22E\/@46.7303976,7.6688203,260m\/data=!3m1!1e3!4m2!3m1!1s0x0:0x0\" rel=\"noopener noreferrer\" target=\"_blank\">Google Maps<\/a><\/p>\n<p>&nbsp;<br \/>\n<a href=\"https:\/\/krimispass.ch\/mordamthunersee\/?page_id=374\" title=\"Schauplatz 9\">Hier geht&#8217;s direkt zum Schauplatz<\/a><\/p>\n<p>Passwort:<br \/>\nJahrgang der Wetterwarte<\/p>\n<p>&nbsp;<br \/>\n&nbsp;<\/p>\n<h5><a href=\"https:\/\/krimispass.ch\/mordamthunersee\/wp-content\/uploads\/2014\/07\/Thun.jpg\"><img loading=\"lazy\" decoding=\"async\" src=\"https:\/\/krimispass.ch\/mordamthunersee\/wp-content\/uploads\/2014\/07\/Thun-300x199.jpg\" alt=\"Thun\" width=\"300\" height=\"199\" class=\"alignleft size-medium wp-image-1037\" srcset=\"https:\/\/krimispass.ch\/mordamthunersee\/wp-content\/uploads\/2014\/07\/Thun-300x199.jpg 300w, https:\/\/krimispass.ch\/mordamthunersee\/wp-content\/uploads\/2014\/07\/Thun-1024x680.jpg 1024w, https:\/\/krimispass.ch\/mordamthunersee\/wp-content\/uploads\/2014\/07\/Thun-900x598.jpg 900w\" sizes=\"auto, (max-width: 300px) 100vw, 300px\" \/><\/a>Thun, Schiffsstation<\/h5>\n<p>&nbsp;<br \/>\nKoordinaten: 46\u00b045&#8217;16.3&#8243;N 7\u00b037&#8217;51.2&#8243;E<br \/>\n<a href=\"https:\/\/www.google.de\/maps\/place\/46%C2%B045'16.3%22N+7%C2%B037'51.2%22E\/@46.754526,7.630879,260m\/data=!3m2!1e3!4b1!4m2!3m1!1s0x0:0x0\" rel=\"noopener noreferrer\" target=\"_blank\">Google Maps<\/a><\/p>\n<p>&nbsp;<br \/>\n<a href=\"https:\/\/krimispass.ch\/mordamthunersee\/?page_id=376\" title=\"Schauplatz 10\">Hier geht&#8217;s direkt zum Schauplatz<\/a><\/p>\n<p>Passwort:<br \/>\nNummer der Strassenlampe neben den digitalen Anzeigetafeln<\/p>\n","protected":false},"excerpt":{"rendered":"<p>&nbsp; Im Verlauf der Ermittlungen im Mordfall \u201cHannelore Burgunder\u201d werden Sie zehn verschiedene Schaupl\u00e4tze besuchen. \u00dcber diese Seite k\u00f6nnen Sie direkt zu den Informationen der einzelnen Orte gelangen. \u201cMord am Thunersee\u201d ist als kriminalistischer Rundgang um den Thunersee konzipiert. Bei welchem Schauplatz Sie mit den Ermittlungen starten, ist Ihnen \u00fcberlassen. &nbsp; Thun, Bonstettenpark &nbsp; Koordinaten: &hellip; <a class=\"read-excerpt\" href=\"https:\/\/krimispass.ch\/mordamthunersee\/?page_id=90\">Weiterlesen <span class=\"meta-nav\">&raquo;<\/span><\/a><\/p>\n","protected":false},"author":1,"featured_media":0,"parent":0,"menu_order":3,"comment_status":"closed","ping_status":"closed","template":"","meta":{"content-type":"","footnotes":""},"class_list":["post-90","page","type-page","status-publish","hentry"],"yoast_head":"<!-- This site is optimized with the Yoast SEO plugin v24.5 - https:\/\/yoast.com\/wordpress\/plugins\/seo\/ -->\n<title>Die Schaupl\u00e4tze | Mord am Thunersee<\/title>\n<meta name=\"robots\" content=\"noindex, follow, max-snippet:-1, max-image-preview:large, max-video-preview:-1\" \/>\n<meta property=\"og:locale\" content=\"de_DE\" \/>\n<meta property=\"og:type\" content=\"article\" \/>\n<meta property=\"og:title\" content=\"Die Schaupl\u00e4tze | Mord am Thunersee\" \/>\n<meta property=\"og:description\" content=\"&nbsp; Im Verlauf der Ermittlungen im Mordfall \u201cHannelore Burgunder\u201d werden Sie zehn verschiedene Schaupl\u00e4tze besuchen. \u00dcber diese Seite k\u00f6nnen Sie direkt zu den Informationen der einzelnen Orte gelangen. \u201cMord am Thunersee\u201d ist als kriminalistischer Rundgang um den Thunersee konzipiert. Bei welchem Schauplatz Sie mit den Ermittlungen starten, ist Ihnen \u00fcberlassen. &nbsp; Thun, Bonstettenpark &nbsp; Koordinaten: &hellip; Weiterlesen &raquo;\" \/>\n<meta property=\"og:url\" content=\"https:\/\/krimispass.ch\/mordamthunersee\/?page_id=90\" \/>\n<meta property=\"og:site_name\" content=\"Mord am Thunersee\" \/>\n<meta property=\"article:modified_time\" content=\"2019-07-08T21:47:41+00:00\" \/>\n<meta property=\"og:image\" content=\"https:\/\/krimispass.ch\/mordamthunersee\/wp-content\/uploads\/2014\/07\/Bonstettenpark-300x199.jpg\" \/>\n<meta name=\"twitter:card\" content=\"summary_large_image\" \/>\n<meta name=\"twitter:label1\" content=\"Gesch\u00e4tzte Lesezeit\" \/>\n\t<meta name=\"twitter:data1\" content=\"1\u00a0Minute\" \/>\n<script type=\"application\/ld+json\" class=\"yoast-schema-graph\">{\"@context\":\"https:\/\/schema.org\",\"@graph\":[{\"@type\":\"WebPage\",\"@id\":\"https:\/\/krimispass.ch\/mordamthunersee\/?page_id=90\",\"url\":\"https:\/\/krimispass.ch\/mordamthunersee\/?page_id=90\",\"name\":\"Die Schaupl\u00e4tze | Mord am Thunersee\",\"isPartOf\":{\"@id\":\"https:\/\/krimispass.ch\/mordamthunersee\/#website\"},\"primaryImageOfPage\":{\"@id\":\"https:\/\/krimispass.ch\/mordamthunersee\/?page_id=90#primaryimage\"},\"image\":{\"@id\":\"https:\/\/krimispass.ch\/mordamthunersee\/?page_id=90#primaryimage\"},\"thumbnailUrl\":\"https:\/\/krimispass.ch\/mordamthunersee\/wp-content\/uploads\/2014\/07\/Bonstettenpark-300x199.jpg\",\"datePublished\":\"2014-07-23T19:07:00+00:00\",\"dateModified\":\"2019-07-08T21:47:41+00:00\",\"breadcrumb\":{\"@id\":\"https:\/\/krimispass.ch\/mordamthunersee\/?page_id=90#breadcrumb\"},\"inLanguage\":\"de\",\"potentialAction\":[{\"@type\":\"ReadAction\",\"target\":[\"https:\/\/krimispass.ch\/mordamthunersee\/?page_id=90\"]}]},{\"@type\":\"ImageObject\",\"inLanguage\":\"de\",\"@id\":\"https:\/\/krimispass.ch\/mordamthunersee\/?page_id=90#primaryimage\",\"url\":\"https:\/\/krimispass.ch\/mordamthunersee\/wp-content\/uploads\/2014\/07\/Bonstettenpark.jpg\",\"contentUrl\":\"https:\/\/krimispass.ch\/mordamthunersee\/wp-content\/uploads\/2014\/07\/Bonstettenpark.jpg\",\"width\":4288,\"height\":2848,\"caption\":\"Bonstettenpark\"},{\"@type\":\"BreadcrumbList\",\"@id\":\"https:\/\/krimispass.ch\/mordamthunersee\/?page_id=90#breadcrumb\",\"itemListElement\":[{\"@type\":\"ListItem\",\"position\":1,\"name\":\"Startseite\",\"item\":\"https:\/\/krimispass.ch\/mordamthunersee\/\"},{\"@type\":\"ListItem\",\"position\":2,\"name\":\"Die Schaupl\u00e4tze\"}]},{\"@type\":\"WebSite\",\"@id\":\"https:\/\/krimispass.ch\/mordamthunersee\/#website\",\"url\":\"https:\/\/krimispass.ch\/mordamthunersee\/\",\"name\":\"Mord am Thunersee\",\"description\":\"Das Krimi-Erlebnis im Berner Oberland\",\"potentialAction\":[{\"@type\":\"SearchAction\",\"target\":{\"@type\":\"EntryPoint\",\"urlTemplate\":\"https:\/\/krimispass.ch\/mordamthunersee\/?s={search_term_string}\"},\"query-input\":{\"@type\":\"PropertyValueSpecification\",\"valueRequired\":true,\"valueName\":\"search_term_string\"}}],\"inLanguage\":\"de\"}]}<\/script>\n<!-- \/ Yoast SEO plugin. -->","yoast_head_json":{"title":"Die Schaupl\u00e4tze | Mord am Thunersee","robots":{"index":"noindex","follow":"follow","max-snippet":"max-snippet:-1","max-image-preview":"max-image-preview:large","max-video-preview":"max-video-preview:-1"},"og_locale":"de_DE","og_type":"article","og_title":"Die Schaupl\u00e4tze | Mord am Thunersee","og_description":"&nbsp; Im Verlauf der Ermittlungen im Mordfall \u201cHannelore Burgunder\u201d werden Sie zehn verschiedene Schaupl\u00e4tze besuchen. \u00dcber diese Seite k\u00f6nnen Sie direkt zu den Informationen der einzelnen Orte gelangen. \u201cMord am Thunersee\u201d ist als kriminalistischer Rundgang um den Thunersee konzipiert. Bei welchem Schauplatz Sie mit den Ermittlungen starten, ist Ihnen \u00fcberlassen. &nbsp; Thun, Bonstettenpark &nbsp; Koordinaten: &hellip; Weiterlesen &raquo;","og_url":"https:\/\/krimispass.ch\/mordamthunersee\/?page_id=90","og_site_name":"Mord am Thunersee","article_modified_time":"2019-07-08T21:47:41+00:00","og_image":[{"url":"https:\/\/krimispass.ch\/mordamthunersee\/wp-content\/uploads\/2014\/07\/Bonstettenpark-300x199.jpg","type":"","width":"","height":""}],"twitter_card":"summary_large_image","twitter_misc":{"Gesch\u00e4tzte Lesezeit":"1\u00a0Minute"},"schema":{"@context":"https:\/\/schema.org","@graph":[{"@type":"WebPage","@id":"https:\/\/krimispass.ch\/mordamthunersee\/?page_id=90","url":"https:\/\/krimispass.ch\/mordamthunersee\/?page_id=90","name":"Die Schaupl\u00e4tze | Mord am Thunersee","isPartOf":{"@id":"https:\/\/krimispass.ch\/mordamthunersee\/#website"},"primaryImageOfPage":{"@id":"https:\/\/krimispass.ch\/mordamthunersee\/?page_id=90#primaryimage"},"image":{"@id":"https:\/\/krimispass.ch\/mordamthunersee\/?page_id=90#primaryimage"},"thumbnailUrl":"https:\/\/krimispass.ch\/mordamthunersee\/wp-content\/uploads\/2014\/07\/Bonstettenpark-300x199.jpg","datePublished":"2014-07-23T19:07:00+00:00","dateModified":"2019-07-08T21:47:41+00:00","breadcrumb":{"@id":"https:\/\/krimispass.ch\/mordamthunersee\/?page_id=90#breadcrumb"},"inLanguage":"de","potentialAction":[{"@type":"ReadAction","target":["https:\/\/krimispass.ch\/mordamthunersee\/?page_id=90"]}]},{"@type":"ImageObject","inLanguage":"de","@id":"https:\/\/krimispass.ch\/mordamthunersee\/?page_id=90#primaryimage","url":"https:\/\/krimispass.ch\/mordamthunersee\/wp-content\/uploads\/2014\/07\/Bonstettenpark.jpg","contentUrl":"https:\/\/krimispass.ch\/mordamthunersee\/wp-content\/uploads\/2014\/07\/Bonstettenpark.jpg","width":4288,"height":2848,"caption":"Bonstettenpark"},{"@type":"BreadcrumbList","@id":"https:\/\/krimispass.ch\/mordamthunersee\/?page_id=90#breadcrumb","itemListElement":[{"@type":"ListItem","position":1,"name":"Startseite","item":"https:\/\/krimispass.ch\/mordamthunersee\/"},{"@type":"ListItem","position":2,"name":"Die Schaupl\u00e4tze"}]},{"@type":"WebSite","@id":"https:\/\/krimispass.ch\/mordamthunersee\/#website","url":"https:\/\/krimispass.ch\/mordamthunersee\/","name":"Mord am Thunersee","description":"Das Krimi-Erlebnis im Berner Oberland","potentialAction":[{"@type":"SearchAction","target":{"@type":"EntryPoint","urlTemplate":"https:\/\/krimispass.ch\/mordamthunersee\/?s={search_term_string}"},"query-input":{"@type":"PropertyValueSpecification","valueRequired":true,"valueName":"search_term_string"}}],"inLanguage":"de"}]}},"_links":{"self":[{"href":"https:\/\/krimispass.ch\/mordamthunersee\/index.php?rest_route=\/wp\/v2\/pages\/90","targetHints":{"allow":["GET"]}}],"collection":[{"href":"https:\/\/krimispass.ch\/mordamthunersee\/index.php?rest_route=\/wp\/v2\/pages"}],"about":[{"href":"https:\/\/krimispass.ch\/mordamthunersee\/index.php?rest_route=\/wp\/v2\/types\/page"}],"author":[{"embeddable":true,"href":"https:\/\/krimispass.ch\/mordamthunersee\/index.php?rest_route=\/wp\/v2\/users\/1"}],"replies":[{"embeddable":true,"href":"https:\/\/krimispass.ch\/mordamthunersee\/index.php?rest_route=%2Fwp%2Fv2%2Fcomments&post=90"}],"version-history":[{"count":0,"href":"https:\/\/krimispass.ch\/mordamthunersee\/index.php?rest_route=\/wp\/v2\/pages\/90\/revisions"}],"wp:attachment":[{"href":"https:\/\/krimispass.ch\/mordamthunersee\/index.php?rest_route=%2Fwp%2Fv2%2Fmedia&parent=90"}],"curies":[{"name":"wp","href":"https:\/\/api.w.org\/{rel}","templated":true}]}}