{"id":84,"date":"2014-07-23T18:57:24","date_gmt":"2014-07-23T18:57:24","guid":{"rendered":"https:\/\/krimispass.ch\/mordamthunersee\/?page_id=84"},"modified":"2022-04-03T16:57:22","modified_gmt":"2022-04-03T14:57:22","slug":"ermittlungen-starten","status":"publish","type":"page","link":"https:\/\/krimispass.ch\/mordamthunersee\/?page_id=84","title":{"rendered":"Ermittlungen starten"},"content":{"rendered":"<p>&nbsp;<br \/>\n<strong>Dieses Outdoor-Abenteuer nimmt Sie mit auf eine kriminalistische Reise rund um den Thunersee. An zehn verschiedenen <a href=\"https:\/\/krimispass.ch\/mordamthunersee\/?page_id=90\" title=\"Die Schaupl\u00e4tze\">Schaupl\u00e4tzen<\/a> werden Sie nach Hinweisen suchen, die Informationen zum Mord an Hannelore Burgunder liefern. Wenn Sie diese richtig kombinieren und Ihren Scharfsinn einsetzen, werden Sie <a href=\"https:\/\/krimispass.ch\/mordamthunersee\/?page_id=312\" title=\"Der Mordfall\">den Mordfall<\/a> l\u00f6sen und <a href=\"https:\/\/krimispass.ch\/mordamthunersee\/?page_id=295\" title=\"Die Verd\u00e4chtigen\">den T\u00e4ter<\/a> \u00fcberf\u00fchren k\u00f6nnen.<\/strong><\/p>\n<p>&nbsp;<br \/>\n<img loading=\"lazy\" decoding=\"async\" src=\"https:\/\/krimispass.ch\/mordamthunersee\/wp-content\/uploads\/2015\/02\/Detektiv_klein_transparent.png\" alt=\"Detektiv\" width=\"110\" height=\"110\" class=\"alignleft size-full wp-image-333\" \/>Es ist von Vorteil, wenn Sie motorisiert oder mit dem Fahrrad unterwegs sind. Planen Sie f\u00fcr die Ermittlungen drei bis f\u00fcnf Stunden ein. Ausserdem sollten Sie Ihr Smartphone dabei haben. Ansonsten m\u00fcssen Sie nichts vorbereiten, Sie werden \u00fcber diese Webseite Schritt f\u00fcr Schritt durch den Fall gef\u00fchrt.<\/p>\n<p>Einem unterhaltsamen Krimi-Erlebnis steht also nichts mehr im Weg. Viel Spass! <\/p>\n<p>&nbsp;<\/p>\n<h5>Los geht&#8217;s&#8230;<\/h5>\n<p>&nbsp;<br \/>\nSie schl\u00fcpfen in die Rolle eines Kommissars der Berner Kriminalpolizei. Soeben haben Sie einen Anruf erhalten. Am Ufer des Thunersees wurde eine Leiche gefunden.<\/p>\n<p>Begeben Sie sich zum Bonstettenpark bei Thun, wo die Leiche entdeckt wurde. Auf der folgenden Karte sehen Sie einen der Zug\u00e4nge zum Park. Dort bekommen Sie weitere Informationen.<\/p>\n<p><iframe loading=\"lazy\" src=\"https:\/\/www.google.com\/maps\/embed?pb=!1m18!1m12!1m3!1d1135.1338351869779!2d7.624693488178672!3d46.7253649180117!2m3!1f0!2f0!3f0!3m2!1i1024!2i768!4f13.1!3m3!1m2!1s0x0%3A0x0!2zNDbCsDQzJzMxLjMiTiA3wrAzNyczMC45IkU!5e1!3m2!1sde!2sch!4v1541687982342\" width=\"98%\" height=\"450\" frameborder=\"0\" style=\"border:0\"><\/iframe><\/p>\n<p>Koordinaten: 46\u00b043&#8217;31.3&#8243;N 7\u00b037&#8217;30.9&#8243;E | <a href=\"https:\/\/www.google.de\/maps\/place\/46%C2%B043'31.3%22N+7%C2%B037'30.9%22E\/@46.725364,7.625242,519m\/data=!3m1!1e3!4m2!3m1!1s0x0:0x0\" rel=\"noopener\" target=\"_blank\">Google Maps<\/a><\/p>\n<p>&nbsp;<br \/>\nIn der N\u00e4he des Parkzugangs befindet sich eine Strassenlampe. Die Nummer dieser Laterne ist gleichzeitig das Passwort zur Freischaltung des n\u00e4chsten Schritts.<\/p>\n<p><a href=\"https:\/\/krimispass.ch\/mordamthunersee\/?page_id=357\" title=\"Schauplatz 1\">Ermittlungen fortsetzen<\/a> | Passwort: Nummer der Strassenlampe beim Parkzugang<\/p>\n<p>&nbsp;<br \/>\n<strong>Wichtig<\/strong><br \/>\nM\u00f6chten Sie Ihre Ermittlungen an einem anderen Ort starten? Kein Problem! Es spielt keine Rolle, in welcher Reihenfolge Sie die <a href=\"https:\/\/krimispass.ch\/mordamthunersee\/?page_id=90\" title=\"Die Schaupl\u00e4tze\">verschiedenen Schaupl\u00e4tze<\/a> besuchen.<\/p>\n<p>Notieren Sie sich w\u00e4hrend den Ermittlungen unbedingt alle Passw\u00f6rter! \u00dcber den Men\u00fcpunkt <a href=\"https:\/\/krimispass.ch\/mordamthunersee\/?page_id=90\" title=\"Die Schaupl\u00e4tze\">Die Schaupl\u00e4tze<\/a> k\u00f6nnen Sie damit jederzeit auf die einzelnen Ermittlungsschritte zugreifen.<\/p>\n<p>&nbsp;<br \/>\n&nbsp;<br \/>\n<strong>Haftungsausschluss<\/strong><br \/>\nDie Teilnahme am Spiel erfolgt auf eigenes Risiko und auf eigene Verantwortung und Gefahr. Versicherung ist Sache des Teilnehmers oder der Teilnehmerin. Die Haftung f\u00fcr Sch\u00e4den jeder Art wird ausgeschlossen.<\/p>\n","protected":false},"excerpt":{"rendered":"<p>&nbsp; Dieses Outdoor-Abenteuer nimmt Sie mit auf eine kriminalistische Reise rund um den Thunersee. An zehn verschiedenen Schaupl\u00e4tzen werden Sie nach Hinweisen suchen, die Informationen zum Mord an Hannelore Burgunder liefern. Wenn Sie diese richtig kombinieren und Ihren Scharfsinn einsetzen, werden Sie den Mordfall l\u00f6sen und den T\u00e4ter \u00fcberf\u00fchren k\u00f6nnen. &nbsp; Es ist von Vorteil, &hellip; <a class=\"read-excerpt\" href=\"https:\/\/krimispass.ch\/mordamthunersee\/?page_id=84\">Weiterlesen <span class=\"meta-nav\">&raquo;<\/span><\/a><\/p>\n","protected":false},"author":1,"featured_media":0,"parent":0,"menu_order":4,"comment_status":"closed","ping_status":"closed","template":"","meta":{"content-type":"","footnotes":""},"class_list":["post-84","page","type-page","status-publish","hentry"],"yoast_head":"<!-- This site is optimized with the Yoast SEO plugin v24.5 - https:\/\/yoast.com\/wordpress\/plugins\/seo\/ -->\n<title>Ermittlungen starten | Mord am Thunersee<\/title>\n<meta name=\"robots\" content=\"noindex, follow, max-snippet:-1, max-image-preview:large, max-video-preview:-1\" \/>\n<meta property=\"og:locale\" content=\"de_DE\" \/>\n<meta property=\"og:type\" content=\"article\" \/>\n<meta property=\"og:title\" content=\"Ermittlungen starten | Mord am Thunersee\" \/>\n<meta property=\"og:description\" content=\"&nbsp; Dieses Outdoor-Abenteuer nimmt Sie mit auf eine kriminalistische Reise rund um den Thunersee. An zehn verschiedenen Schaupl\u00e4tzen werden Sie nach Hinweisen suchen, die Informationen zum Mord an Hannelore Burgunder liefern. Wenn Sie diese richtig kombinieren und Ihren Scharfsinn einsetzen, werden Sie den Mordfall l\u00f6sen und den T\u00e4ter \u00fcberf\u00fchren k\u00f6nnen. &nbsp; Es ist von Vorteil, &hellip; Weiterlesen &raquo;\" \/>\n<meta property=\"og:url\" content=\"https:\/\/krimispass.ch\/mordamthunersee\/?page_id=84\" \/>\n<meta property=\"og:site_name\" content=\"Mord am Thunersee\" \/>\n<meta property=\"article:modified_time\" content=\"2022-04-03T14:57:22+00:00\" \/>\n<meta property=\"og:image\" content=\"https:\/\/krimispass.ch\/mordamthunersee\/wp-content\/uploads\/2015\/02\/Detektiv_klein_transparent.png\" \/>\n<meta name=\"twitter:card\" content=\"summary_large_image\" \/>\n<meta name=\"twitter:label1\" content=\"Gesch\u00e4tzte Lesezeit\" \/>\n\t<meta name=\"twitter:data1\" content=\"2\u00a0Minuten\" \/>\n<script type=\"application\/ld+json\" class=\"yoast-schema-graph\">{\"@context\":\"https:\/\/schema.org\",\"@graph\":[{\"@type\":\"WebPage\",\"@id\":\"https:\/\/krimispass.ch\/mordamthunersee\/?page_id=84\",\"url\":\"https:\/\/krimispass.ch\/mordamthunersee\/?page_id=84\",\"name\":\"Ermittlungen starten | Mord am Thunersee\",\"isPartOf\":{\"@id\":\"https:\/\/krimispass.ch\/mordamthunersee\/#website\"},\"primaryImageOfPage\":{\"@id\":\"https:\/\/krimispass.ch\/mordamthunersee\/?page_id=84#primaryimage\"},\"image\":{\"@id\":\"https:\/\/krimispass.ch\/mordamthunersee\/?page_id=84#primaryimage\"},\"thumbnailUrl\":\"https:\/\/krimispass.ch\/mordamthunersee\/wp-content\/uploads\/2015\/02\/Detektiv_klein_transparent.png\",\"datePublished\":\"2014-07-23T18:57:24+00:00\",\"dateModified\":\"2022-04-03T14:57:22+00:00\",\"breadcrumb\":{\"@id\":\"https:\/\/krimispass.ch\/mordamthunersee\/?page_id=84#breadcrumb\"},\"inLanguage\":\"de\",\"potentialAction\":[{\"@type\":\"ReadAction\",\"target\":[\"https:\/\/krimispass.ch\/mordamthunersee\/?page_id=84\"]}]},{\"@type\":\"ImageObject\",\"inLanguage\":\"de\",\"@id\":\"https:\/\/krimispass.ch\/mordamthunersee\/?page_id=84#primaryimage\",\"url\":\"https:\/\/krimispass.ch\/mordamthunersee\/wp-content\/uploads\/2015\/02\/Detektiv_klein_transparent.png\",\"contentUrl\":\"https:\/\/krimispass.ch\/mordamthunersee\/wp-content\/uploads\/2015\/02\/Detektiv_klein_transparent.png\",\"width\":210,\"height\":210},{\"@type\":\"BreadcrumbList\",\"@id\":\"https:\/\/krimispass.ch\/mordamthunersee\/?page_id=84#breadcrumb\",\"itemListElement\":[{\"@type\":\"ListItem\",\"position\":1,\"name\":\"Startseite\",\"item\":\"https:\/\/krimispass.ch\/mordamthunersee\/\"},{\"@type\":\"ListItem\",\"position\":2,\"name\":\"Ermittlungen starten\"}]},{\"@type\":\"WebSite\",\"@id\":\"https:\/\/krimispass.ch\/mordamthunersee\/#website\",\"url\":\"https:\/\/krimispass.ch\/mordamthunersee\/\",\"name\":\"Mord am Thunersee\",\"description\":\"Das Krimi-Erlebnis im Berner Oberland\",\"potentialAction\":[{\"@type\":\"SearchAction\",\"target\":{\"@type\":\"EntryPoint\",\"urlTemplate\":\"https:\/\/krimispass.ch\/mordamthunersee\/?s={search_term_string}\"},\"query-input\":{\"@type\":\"PropertyValueSpecification\",\"valueRequired\":true,\"valueName\":\"search_term_string\"}}],\"inLanguage\":\"de\"}]}<\/script>\n<!-- \/ Yoast SEO plugin. -->","yoast_head_json":{"title":"Ermittlungen starten | Mord am Thunersee","robots":{"index":"noindex","follow":"follow","max-snippet":"max-snippet:-1","max-image-preview":"max-image-preview:large","max-video-preview":"max-video-preview:-1"},"og_locale":"de_DE","og_type":"article","og_title":"Ermittlungen starten | Mord am Thunersee","og_description":"&nbsp; Dieses Outdoor-Abenteuer nimmt Sie mit auf eine kriminalistische Reise rund um den Thunersee. An zehn verschiedenen Schaupl\u00e4tzen werden Sie nach Hinweisen suchen, die Informationen zum Mord an Hannelore Burgunder liefern. Wenn Sie diese richtig kombinieren und Ihren Scharfsinn einsetzen, werden Sie den Mordfall l\u00f6sen und den T\u00e4ter \u00fcberf\u00fchren k\u00f6nnen. &nbsp; Es ist von Vorteil, &hellip; Weiterlesen &raquo;","og_url":"https:\/\/krimispass.ch\/mordamthunersee\/?page_id=84","og_site_name":"Mord am Thunersee","article_modified_time":"2022-04-03T14:57:22+00:00","og_image":[{"url":"https:\/\/krimispass.ch\/mordamthunersee\/wp-content\/uploads\/2015\/02\/Detektiv_klein_transparent.png","type":"","width":"","height":""}],"twitter_card":"summary_large_image","twitter_misc":{"Gesch\u00e4tzte Lesezeit":"2\u00a0Minuten"},"schema":{"@context":"https:\/\/schema.org","@graph":[{"@type":"WebPage","@id":"https:\/\/krimispass.ch\/mordamthunersee\/?page_id=84","url":"https:\/\/krimispass.ch\/mordamthunersee\/?page_id=84","name":"Ermittlungen starten | Mord am Thunersee","isPartOf":{"@id":"https:\/\/krimispass.ch\/mordamthunersee\/#website"},"primaryImageOfPage":{"@id":"https:\/\/krimispass.ch\/mordamthunersee\/?page_id=84#primaryimage"},"image":{"@id":"https:\/\/krimispass.ch\/mordamthunersee\/?page_id=84#primaryimage"},"thumbnailUrl":"https:\/\/krimispass.ch\/mordamthunersee\/wp-content\/uploads\/2015\/02\/Detektiv_klein_transparent.png","datePublished":"2014-07-23T18:57:24+00:00","dateModified":"2022-04-03T14:57:22+00:00","breadcrumb":{"@id":"https:\/\/krimispass.ch\/mordamthunersee\/?page_id=84#breadcrumb"},"inLanguage":"de","potentialAction":[{"@type":"ReadAction","target":["https:\/\/krimispass.ch\/mordamthunersee\/?page_id=84"]}]},{"@type":"ImageObject","inLanguage":"de","@id":"https:\/\/krimispass.ch\/mordamthunersee\/?page_id=84#primaryimage","url":"https:\/\/krimispass.ch\/mordamthunersee\/wp-content\/uploads\/2015\/02\/Detektiv_klein_transparent.png","contentUrl":"https:\/\/krimispass.ch\/mordamthunersee\/wp-content\/uploads\/2015\/02\/Detektiv_klein_transparent.png","width":210,"height":210},{"@type":"BreadcrumbList","@id":"https:\/\/krimispass.ch\/mordamthunersee\/?page_id=84#breadcrumb","itemListElement":[{"@type":"ListItem","position":1,"name":"Startseite","item":"https:\/\/krimispass.ch\/mordamthunersee\/"},{"@type":"ListItem","position":2,"name":"Ermittlungen starten"}]},{"@type":"WebSite","@id":"https:\/\/krimispass.ch\/mordamthunersee\/#website","url":"https:\/\/krimispass.ch\/mordamthunersee\/","name":"Mord am Thunersee","description":"Das Krimi-Erlebnis im Berner Oberland","potentialAction":[{"@type":"SearchAction","target":{"@type":"EntryPoint","urlTemplate":"https:\/\/krimispass.ch\/mordamthunersee\/?s={search_term_string}"},"query-input":{"@type":"PropertyValueSpecification","valueRequired":true,"valueName":"search_term_string"}}],"inLanguage":"de"}]}},"_links":{"self":[{"href":"https:\/\/krimispass.ch\/mordamthunersee\/index.php?rest_route=\/wp\/v2\/pages\/84","targetHints":{"allow":["GET"]}}],"collection":[{"href":"https:\/\/krimispass.ch\/mordamthunersee\/index.php?rest_route=\/wp\/v2\/pages"}],"about":[{"href":"https:\/\/krimispass.ch\/mordamthunersee\/index.php?rest_route=\/wp\/v2\/types\/page"}],"author":[{"embeddable":true,"href":"https:\/\/krimispass.ch\/mordamthunersee\/index.php?rest_route=\/wp\/v2\/users\/1"}],"replies":[{"embeddable":true,"href":"https:\/\/krimispass.ch\/mordamthunersee\/index.php?rest_route=%2Fwp%2Fv2%2Fcomments&post=84"}],"version-history":[{"count":5,"href":"https:\/\/krimispass.ch\/mordamthunersee\/index.php?rest_route=\/wp\/v2\/pages\/84\/revisions"}],"predecessor-version":[{"id":2716,"href":"https:\/\/krimispass.ch\/mordamthunersee\/index.php?rest_route=\/wp\/v2\/pages\/84\/revisions\/2716"}],"wp:attachment":[{"href":"https:\/\/krimispass.ch\/mordamthunersee\/index.php?rest_route=%2Fwp%2Fv2%2Fmedia&parent=84"}],"curies":[{"name":"wp","href":"https:\/\/api.w.org\/{rel}","templated":true}]}}