{"id":69,"date":"2014-07-23T13:33:49","date_gmt":"2014-07-23T11:33:49","guid":{"rendered":"https:\/\/krimispass.ch\/mordamthunersee\/?page_id=69"},"modified":"2020-12-24T16:11:08","modified_gmt":"2020-12-24T15:11:08","slug":"feedbacks","status":"publish","type":"page","link":"https:\/\/krimispass.ch\/mordamthunersee\/?page_id=69","title":{"rendered":"Feedbacks"},"content":{"rendered":"<p>&nbsp;<br \/>\n<strong>Auf dieser Seite lesen Sie Feedbacks, die wir von verschiedenen Hobby-Detektiven erhalten haben.<\/strong><\/p>\n<p>M\u00f6chten auch Sie ein Feedback geben? Dann <a href=\"https:\/\/krimispass.ch\/kontakt&#038;mordamthunersee\" rel=\"noopener\" target=\"_blank\">schreiben Sie uns<\/a> oder f\u00fcllen Sie das <a href=\"https:\/\/de.surveymonkey.com\/r\/2H6JZXZ\" rel=\"noopener\" target=\"_blank\">Feedback-Formular<\/a> aus. Wir freuen uns auf Ihre R\u00fcckmeldung.<\/p>\n<p>&nbsp;<\/p>\n<h5>R\u00fcckmeldungen zu \u201cMord am Thunersee\u201d<\/h5>\n<p>&nbsp;<br \/>\n&nbsp;<br \/>\n<img loading=\"lazy\" decoding=\"async\" src=\"https:\/\/krimispass.ch\/mordamthunersee\/wp-content\/uploads\/2015\/02\/Detektiv_klein_transparent.png\" alt=\"Detektiv\" width=\"70\" height=\"70\" class=\"alignleft size-full wp-image-333\" \/>Supercoole Schnitzeljagd der besonderen Art! Macht Lust auf mehr.<\/p>\n<p>&nbsp;<br \/>\n&nbsp;<br \/>\n&nbsp;<br \/>\n<img loading=\"lazy\" decoding=\"async\" src=\"https:\/\/krimispass.ch\/mordamthunersee\/wp-content\/uploads\/2015\/02\/Detektiv_klein_transparent.png\" alt=\"Detektiv\" width=\"70\" height=\"70\" class=\"alignleft size-full wp-image-333\" \/>Wir hatten viel Spass. Eine tolle Sache! Wir freuen uns schon, die weiteren F\u00e4lle zu erkunden.<\/p>\n<p>&nbsp;<br \/>\n&nbsp;<br \/>\n&nbsp;<br \/>\n<img loading=\"lazy\" decoding=\"async\" src=\"https:\/\/krimispass.ch\/mordamthunersee\/wp-content\/uploads\/2015\/02\/Detektiv_klein_transparent.png\" alt=\"Detektiv\" width=\"70\" height=\"70\" class=\"alignleft size-full wp-image-333\" \/>Danke f\u00fcr den toll aufgemachten und durchdachten Krimi. Super Arbeit! Wir hatten unseren Spass!<\/p>\n<p>&nbsp;<br \/>\n&nbsp;<br \/>\n<img loading=\"lazy\" decoding=\"async\" src=\"https:\/\/krimispass.ch\/mordamthunersee\/wp-content\/uploads\/2015\/02\/Detektiv_klein_transparent.png\" alt=\"Detektiv\" width=\"70\" height=\"70\" class=\"alignleft size-full wp-image-333\" \/>Herzlichen Dank an dieser Stelle f\u00fcr die geleistete Arbeit! Wir werden auch den Fall in Kehrsatz und k\u00fcnftige F\u00e4lle mit Spannung angehen!<\/p>\n<p>&nbsp;<br \/>\n&nbsp;<br \/>\n<img loading=\"lazy\" decoding=\"async\" src=\"https:\/\/krimispass.ch\/mordamthunersee\/wp-content\/uploads\/2015\/02\/Detektiv_klein_transparent.png\" alt=\"Detektiv\" width=\"70\" height=\"70\" class=\"alignleft size-full wp-image-333\" \/>Durch den Krimi haben wir neue Orte rund um den Thunersee entdeckt und konnten ohne Zeitdruck auf den nahegelegenen Spielpl\u00e4tzen verweilen, bevor es zum n\u00e4chsten Tipp weiterging. War ein super Familienausflug, danke. Wir freuen uns auf das n\u00e4chste Abenteuer!<\/p>\n<p>&nbsp;<br \/>\n<img loading=\"lazy\" decoding=\"async\" src=\"https:\/\/krimispass.ch\/mordamthunersee\/wp-content\/uploads\/2015\/02\/Detektiv_klein_transparent.png\" alt=\"Detektiv\" width=\"70\" height=\"70\" class=\"alignleft size-full wp-image-333\" \/>Die Suche hat uns m\u00e4chtig Spass gemacht! Eine ideale Besch\u00e4ftigung, wenn das Wetter nicht zum wandern einl\u00e4dt.<\/p>\n<p>&nbsp;<br \/>\n&nbsp;<br \/>\n<img loading=\"lazy\" decoding=\"async\" src=\"https:\/\/krimispass.ch\/mordamthunersee\/wp-content\/uploads\/2015\/02\/Detektiv_klein_transparent.png\" alt=\"Detektiv\" width=\"70\" height=\"70\" class=\"alignleft size-full wp-image-333\" \/>Besten Dank f\u00fcr das Gestalten des Krimispass \u2013 war super!<\/p>\n<p>&nbsp;<br \/>\n&nbsp;<br \/>\n&nbsp;<br \/>\n<img loading=\"lazy\" decoding=\"async\" src=\"https:\/\/krimispass.ch\/mordamthunersee\/wp-content\/uploads\/2015\/02\/Detektiv_klein_transparent.png\" alt=\"Detektiv\" width=\"70\" height=\"70\" class=\"alignleft size-full wp-image-333\" \/>Es hat uns sehr viel Spass gemacht, diesen Mord aufzukl\u00e4ren. Alle Stationen liessen sich gut finden und es war stets klar, was als n\u00e4chstes zu tun war. Wir f\u00fchrten akribisch Buch \u00fcber die T\u00e4tigkeiten der Verd\u00e4chtigen und rekonstruierten so den Tatverlauf.<\/p>\n<p>&nbsp;<br \/>\n<img loading=\"lazy\" decoding=\"async\" src=\"https:\/\/krimispass.ch\/mordamthunersee\/wp-content\/uploads\/2015\/02\/Detektiv_klein_transparent.png\" alt=\"Detektiv\" width=\"70\" height=\"70\" class=\"alignleft size-full wp-image-333\" \/>Es hat sehr Spass gemacht. Die Kinder waren, wie auch wir Erwachsenen, mit Herz und Seele dabei. <\/p>\n<p>&nbsp;<br \/>\n&nbsp;<br \/>\n<img loading=\"lazy\" decoding=\"async\" src=\"https:\/\/krimispass.ch\/mordamthunersee\/wp-content\/uploads\/2015\/02\/Detektiv_klein_transparent.png\" alt=\"Detektiv\" width=\"70\" height=\"70\" class=\"alignleft size-full wp-image-333\" \/>Noch ein meeega Kompliment zu dieser super Krimi-Geschichte. F\u00e4gt! Mir hat&#8217;s Mords-Spass gemacht den M\u00f6rder zu suchen und zu finden.<\/p>\n<p>&nbsp;<br \/>\n&nbsp;<br \/>\n<img loading=\"lazy\" decoding=\"async\" src=\"https:\/\/krimispass.ch\/mordamthunersee\/wp-content\/uploads\/2015\/02\/Detektiv_klein_transparent.png\" alt=\"Detektiv\" width=\"70\" height=\"70\" class=\"alignleft size-full wp-image-333\" \/>Wir haben gestern einen Familienausflug ins Berner Oberland unternommen und sind den Hinweisen des toll gemachten Krimis nachgejagt. Weil wir das spannende Erlebnis gleich noch etwas verl\u00e4ngern wollten, haben wir auf dem Nachhauseweg auch noch den Hinweisen der aufwendig gemachten Krimigeschichte in Kehrsatz nachgesp\u00fcrt. Vielen Dank f\u00fcr die tolle Arbeit!<\/p>\n<p>&nbsp;<br \/>\n&nbsp;<\/p>\n<h5>Ihr Feedback<\/h5>\n<p>&nbsp;<br \/>\nGeben auch Sie uns ein Feedback zu \u201cMord am Thunersee\u201d. Damit wir unsere Krimi-Abenteuer stetig verbessern k\u00f6nnen, sind wir sehr an Ihrer R\u00fcckmeldung interessiert. Besten Dank.<\/p>\n<p><a href=\"https:\/\/de.surveymonkey.com\/r\/2H6JZXZ\" rel=\"noopener\" target=\"_blank\">Zum Feedback-Formular<\/a><\/p>\n","protected":false},"excerpt":{"rendered":"<p>&nbsp; Auf dieser Seite lesen Sie Feedbacks, die wir von verschiedenen Hobby-Detektiven erhalten haben. M\u00f6chten auch Sie ein Feedback geben? Dann schreiben Sie uns oder f\u00fcllen Sie das Feedback-Formular aus. Wir freuen uns auf Ihre R\u00fcckmeldung. &nbsp; R\u00fcckmeldungen zu \u201cMord am Thunersee\u201d &nbsp; &nbsp; Supercoole Schnitzeljagd der besonderen Art! Macht Lust auf mehr. &nbsp; &nbsp; &hellip; <a class=\"read-excerpt\" href=\"https:\/\/krimispass.ch\/mordamthunersee\/?page_id=69\">Weiterlesen <span class=\"meta-nav\">&raquo;<\/span><\/a><\/p>\n","protected":false},"author":1,"featured_media":0,"parent":0,"menu_order":7,"comment_status":"closed","ping_status":"closed","template":"","meta":{"content-type":"","footnotes":""},"class_list":["post-69","page","type-page","status-publish","hentry"],"yoast_head":"<!-- This site is optimized with the Yoast SEO plugin v24.5 - https:\/\/yoast.com\/wordpress\/plugins\/seo\/ -->\n<title>Feedbacks | Mord am Thunersee<\/title>\n<meta name=\"robots\" content=\"noindex, follow, max-snippet:-1, max-image-preview:large, max-video-preview:-1\" \/>\n<meta property=\"og:locale\" content=\"de_DE\" \/>\n<meta property=\"og:type\" content=\"article\" \/>\n<meta property=\"og:title\" content=\"Feedbacks | Mord am Thunersee\" \/>\n<meta property=\"og:description\" content=\"&nbsp; Auf dieser Seite lesen Sie Feedbacks, die wir von verschiedenen Hobby-Detektiven erhalten haben. M\u00f6chten auch Sie ein Feedback geben? Dann schreiben Sie uns oder f\u00fcllen Sie das Feedback-Formular aus. Wir freuen uns auf Ihre R\u00fcckmeldung. &nbsp; R\u00fcckmeldungen zu \u201cMord am Thunersee\u201d &nbsp; &nbsp; Supercoole Schnitzeljagd der besonderen Art! Macht Lust auf mehr. &nbsp; &nbsp; &hellip; Weiterlesen &raquo;\" \/>\n<meta property=\"og:url\" content=\"https:\/\/krimispass.ch\/mordamthunersee\/?page_id=69\" \/>\n<meta property=\"og:site_name\" content=\"Mord am Thunersee\" \/>\n<meta property=\"article:modified_time\" content=\"2020-12-24T15:11:08+00:00\" \/>\n<meta property=\"og:image\" content=\"https:\/\/krimispass.ch\/mordamthunersee\/wp-content\/uploads\/2015\/02\/Detektiv_klein_transparent.png\" \/>\n<meta name=\"twitter:card\" content=\"summary_large_image\" \/>\n<meta name=\"twitter:label1\" content=\"Gesch\u00e4tzte Lesezeit\" \/>\n\t<meta name=\"twitter:data1\" content=\"2\u00a0Minuten\" \/>\n<script type=\"application\/ld+json\" class=\"yoast-schema-graph\">{\"@context\":\"https:\/\/schema.org\",\"@graph\":[{\"@type\":\"WebPage\",\"@id\":\"https:\/\/krimispass.ch\/mordamthunersee\/?page_id=69\",\"url\":\"https:\/\/krimispass.ch\/mordamthunersee\/?page_id=69\",\"name\":\"Feedbacks | Mord am Thunersee\",\"isPartOf\":{\"@id\":\"https:\/\/krimispass.ch\/mordamthunersee\/#website\"},\"primaryImageOfPage\":{\"@id\":\"https:\/\/krimispass.ch\/mordamthunersee\/?page_id=69#primaryimage\"},\"image\":{\"@id\":\"https:\/\/krimispass.ch\/mordamthunersee\/?page_id=69#primaryimage\"},\"thumbnailUrl\":\"https:\/\/krimispass.ch\/mordamthunersee\/wp-content\/uploads\/2015\/02\/Detektiv_klein_transparent.png\",\"datePublished\":\"2014-07-23T11:33:49+00:00\",\"dateModified\":\"2020-12-24T15:11:08+00:00\",\"breadcrumb\":{\"@id\":\"https:\/\/krimispass.ch\/mordamthunersee\/?page_id=69#breadcrumb\"},\"inLanguage\":\"de\",\"potentialAction\":[{\"@type\":\"ReadAction\",\"target\":[\"https:\/\/krimispass.ch\/mordamthunersee\/?page_id=69\"]}]},{\"@type\":\"ImageObject\",\"inLanguage\":\"de\",\"@id\":\"https:\/\/krimispass.ch\/mordamthunersee\/?page_id=69#primaryimage\",\"url\":\"https:\/\/krimispass.ch\/mordamthunersee\/wp-content\/uploads\/2015\/02\/Detektiv_klein_transparent.png\",\"contentUrl\":\"https:\/\/krimispass.ch\/mordamthunersee\/wp-content\/uploads\/2015\/02\/Detektiv_klein_transparent.png\",\"width\":210,\"height\":210},{\"@type\":\"BreadcrumbList\",\"@id\":\"https:\/\/krimispass.ch\/mordamthunersee\/?page_id=69#breadcrumb\",\"itemListElement\":[{\"@type\":\"ListItem\",\"position\":1,\"name\":\"Startseite\",\"item\":\"https:\/\/krimispass.ch\/mordamthunersee\/\"},{\"@type\":\"ListItem\",\"position\":2,\"name\":\"Feedbacks\"}]},{\"@type\":\"WebSite\",\"@id\":\"https:\/\/krimispass.ch\/mordamthunersee\/#website\",\"url\":\"https:\/\/krimispass.ch\/mordamthunersee\/\",\"name\":\"Mord am Thunersee\",\"description\":\"Das Krimi-Erlebnis im Berner Oberland\",\"potentialAction\":[{\"@type\":\"SearchAction\",\"target\":{\"@type\":\"EntryPoint\",\"urlTemplate\":\"https:\/\/krimispass.ch\/mordamthunersee\/?s={search_term_string}\"},\"query-input\":{\"@type\":\"PropertyValueSpecification\",\"valueRequired\":true,\"valueName\":\"search_term_string\"}}],\"inLanguage\":\"de\"}]}<\/script>\n<!-- \/ Yoast SEO plugin. -->","yoast_head_json":{"title":"Feedbacks | Mord am Thunersee","robots":{"index":"noindex","follow":"follow","max-snippet":"max-snippet:-1","max-image-preview":"max-image-preview:large","max-video-preview":"max-video-preview:-1"},"og_locale":"de_DE","og_type":"article","og_title":"Feedbacks | Mord am Thunersee","og_description":"&nbsp; Auf dieser Seite lesen Sie Feedbacks, die wir von verschiedenen Hobby-Detektiven erhalten haben. M\u00f6chten auch Sie ein Feedback geben? Dann schreiben Sie uns oder f\u00fcllen Sie das Feedback-Formular aus. Wir freuen uns auf Ihre R\u00fcckmeldung. &nbsp; R\u00fcckmeldungen zu \u201cMord am Thunersee\u201d &nbsp; &nbsp; Supercoole Schnitzeljagd der besonderen Art! Macht Lust auf mehr. &nbsp; &nbsp; &hellip; Weiterlesen &raquo;","og_url":"https:\/\/krimispass.ch\/mordamthunersee\/?page_id=69","og_site_name":"Mord am Thunersee","article_modified_time":"2020-12-24T15:11:08+00:00","og_image":[{"url":"https:\/\/krimispass.ch\/mordamthunersee\/wp-content\/uploads\/2015\/02\/Detektiv_klein_transparent.png","type":"","width":"","height":""}],"twitter_card":"summary_large_image","twitter_misc":{"Gesch\u00e4tzte Lesezeit":"2\u00a0Minuten"},"schema":{"@context":"https:\/\/schema.org","@graph":[{"@type":"WebPage","@id":"https:\/\/krimispass.ch\/mordamthunersee\/?page_id=69","url":"https:\/\/krimispass.ch\/mordamthunersee\/?page_id=69","name":"Feedbacks | Mord am Thunersee","isPartOf":{"@id":"https:\/\/krimispass.ch\/mordamthunersee\/#website"},"primaryImageOfPage":{"@id":"https:\/\/krimispass.ch\/mordamthunersee\/?page_id=69#primaryimage"},"image":{"@id":"https:\/\/krimispass.ch\/mordamthunersee\/?page_id=69#primaryimage"},"thumbnailUrl":"https:\/\/krimispass.ch\/mordamthunersee\/wp-content\/uploads\/2015\/02\/Detektiv_klein_transparent.png","datePublished":"2014-07-23T11:33:49+00:00","dateModified":"2020-12-24T15:11:08+00:00","breadcrumb":{"@id":"https:\/\/krimispass.ch\/mordamthunersee\/?page_id=69#breadcrumb"},"inLanguage":"de","potentialAction":[{"@type":"ReadAction","target":["https:\/\/krimispass.ch\/mordamthunersee\/?page_id=69"]}]},{"@type":"ImageObject","inLanguage":"de","@id":"https:\/\/krimispass.ch\/mordamthunersee\/?page_id=69#primaryimage","url":"https:\/\/krimispass.ch\/mordamthunersee\/wp-content\/uploads\/2015\/02\/Detektiv_klein_transparent.png","contentUrl":"https:\/\/krimispass.ch\/mordamthunersee\/wp-content\/uploads\/2015\/02\/Detektiv_klein_transparent.png","width":210,"height":210},{"@type":"BreadcrumbList","@id":"https:\/\/krimispass.ch\/mordamthunersee\/?page_id=69#breadcrumb","itemListElement":[{"@type":"ListItem","position":1,"name":"Startseite","item":"https:\/\/krimispass.ch\/mordamthunersee\/"},{"@type":"ListItem","position":2,"name":"Feedbacks"}]},{"@type":"WebSite","@id":"https:\/\/krimispass.ch\/mordamthunersee\/#website","url":"https:\/\/krimispass.ch\/mordamthunersee\/","name":"Mord am Thunersee","description":"Das Krimi-Erlebnis im Berner Oberland","potentialAction":[{"@type":"SearchAction","target":{"@type":"EntryPoint","urlTemplate":"https:\/\/krimispass.ch\/mordamthunersee\/?s={search_term_string}"},"query-input":{"@type":"PropertyValueSpecification","valueRequired":true,"valueName":"search_term_string"}}],"inLanguage":"de"}]}},"_links":{"self":[{"href":"https:\/\/krimispass.ch\/mordamthunersee\/index.php?rest_route=\/wp\/v2\/pages\/69","targetHints":{"allow":["GET"]}}],"collection":[{"href":"https:\/\/krimispass.ch\/mordamthunersee\/index.php?rest_route=\/wp\/v2\/pages"}],"about":[{"href":"https:\/\/krimispass.ch\/mordamthunersee\/index.php?rest_route=\/wp\/v2\/types\/page"}],"author":[{"embeddable":true,"href":"https:\/\/krimispass.ch\/mordamthunersee\/index.php?rest_route=\/wp\/v2\/users\/1"}],"replies":[{"embeddable":true,"href":"https:\/\/krimispass.ch\/mordamthunersee\/index.php?rest_route=%2Fwp%2Fv2%2Fcomments&post=69"}],"version-history":[{"count":3,"href":"https:\/\/krimispass.ch\/mordamthunersee\/index.php?rest_route=\/wp\/v2\/pages\/69\/revisions"}],"predecessor-version":[{"id":2610,"href":"https:\/\/krimispass.ch\/mordamthunersee\/index.php?rest_route=\/wp\/v2\/pages\/69\/revisions\/2610"}],"wp:attachment":[{"href":"https:\/\/krimispass.ch\/mordamthunersee\/index.php?rest_route=%2Fwp%2Fv2%2Fmedia&parent=69"}],"curies":[{"name":"wp","href":"https:\/\/api.w.org\/{rel}","templated":true}]}}