{"id":6,"date":"2014-07-23T08:38:42","date_gmt":"2014-07-23T06:38:42","guid":{"rendered":"https:\/\/krimispass.ch\/mordamthunersee\/?page_id=6"},"modified":"2023-02-06T08:48:26","modified_gmt":"2023-02-06T07:48:26","slug":"home","status":"publish","type":"page","link":"https:\/\/krimispass.ch\/mordamthunersee\/","title":{"rendered":"Der Fall \u201cHannelore Burgunder\u201d"},"content":{"rendered":"<p>&nbsp;<br \/>\n<strong>Willkommen beim zweiten interaktiven Outdoor-Krimispiel von <a href=\"https:\/\/krimispass.ch\" rel=\"noopener noreferrer\" target=\"_blank\">KrimiSpass.ch<\/a> aus dem Jahr 2015. Schauplatz ist diesmal das sch\u00f6ne Berner Oberland. Doch die idyllische Kulisse tr\u00fcgt, denn der Thunersee h\u00e4lt so manch dunkles Geheimnis f\u00fcr Sie bereit.<\/strong><\/p>\n<p>Lassen Sie sich entf\u00fchren in ein spannendes Abenteuer voller R\u00e4tsel, Geheimnisse und unerwartete Wendungen. Aber seien Sie gewarnt: Bei diesem Krimi sind Sie mittendrin statt nur dabei!<\/p>\n<p>&nbsp;<br \/>\n<iframe loading=\"lazy\" src=\"https:\/\/www.youtube.com\/embed\/MhKyYlt3c3Y?rel=0\" width=\"665\" height=\"374\" frameborder=\"0\" allowfullscreen><\/iframe><br \/>\n&nbsp;<\/p>\n<h5>Das Spiel<\/h5>\n<p>&nbsp;<br \/>\nDie Teilnahme ist kostenlos und mit keinerlei Verpflichtungen verbunden. Der Krimi kann das ganze Jahr \u00fcber gespielt werden. Sie bestimmen selbst, wie und wann Sie ermitteln. Dabei recherchieren Sie nicht nur im Internet, sondern f\u00fchren Ihre Nachforschungen auch am Ort des Geschehens durch. Ob alleine oder im Team, dieses m\u00f6rderische Abenteuer wird Ihrem Sp\u00fcrsinn einiges abverlangen.<\/p>\n<p><a href=\"https:\/\/krimispass.ch\/mordamthunersee\/?page_id=84\" title=\"Ermittlungen starten\">Ermittlungen starten<\/a><\/p>\n","protected":false},"excerpt":{"rendered":"<p>&nbsp; Willkommen beim zweiten interaktiven Outdoor-Krimispiel von KrimiSpass.ch aus dem Jahr 2015. Schauplatz ist diesmal das sch\u00f6ne Berner Oberland. Doch die idyllische Kulisse tr\u00fcgt, denn der Thunersee h\u00e4lt so manch dunkles Geheimnis f\u00fcr Sie bereit. Lassen Sie sich entf\u00fchren in ein spannendes Abenteuer voller R\u00e4tsel, Geheimnisse und unerwartete Wendungen. Aber seien Sie gewarnt: Bei diesem &hellip; <a class=\"read-excerpt\" href=\"https:\/\/krimispass.ch\/mordamthunersee\/\">Weiterlesen <span class=\"meta-nav\">&raquo;<\/span><\/a><\/p>\n","protected":false},"author":1,"featured_media":2434,"parent":0,"menu_order":0,"comment_status":"closed","ping_status":"closed","template":"","meta":{"content-type":"","footnotes":""},"class_list":["post-6","page","type-page","status-publish","has-post-thumbnail","hentry"],"yoast_head":"<!-- This site is optimized with the Yoast SEO plugin v24.5 - https:\/\/yoast.com\/wordpress\/plugins\/seo\/ -->\n<title>Mord am Thunersee | Das Krimi-Erlebnis im Berner Oberland<\/title>\n<meta name=\"description\" content=\"\u00abMord am Thunersee\u00bb ist ein kostenloses interaktives Krimi-Abenteuer, welches mit dem Smartphone gespielt werden kann.\" \/>\n<meta name=\"robots\" content=\"noindex, follow, max-snippet:-1, max-image-preview:large, max-video-preview:-1\" \/>\n<meta property=\"og:locale\" content=\"de_DE\" \/>\n<meta property=\"og:type\" content=\"article\" \/>\n<meta property=\"og:title\" content=\"Mord am Thunersee | Das Krimi-Erlebnis im Berner Oberland\" \/>\n<meta property=\"og:description\" content=\"\u00abMord am Thunersee\u00bb ist ein kostenloses interaktives Krimi-Abenteuer, welches mit dem Smartphone gespielt werden kann.\" \/>\n<meta property=\"og:url\" content=\"https:\/\/krimispass.ch\/mordamthunersee\/\" \/>\n<meta property=\"og:site_name\" content=\"Mord am Thunersee\" \/>\n<meta property=\"article:modified_time\" content=\"2023-02-06T07:48:26+00:00\" \/>\n<meta property=\"og:image\" content=\"https:\/\/krimispass.ch\/mordamthunersee\/wp-content\/uploads\/2018\/12\/titelbild.jpg\" \/>\n\t<meta property=\"og:image:width\" content=\"1688\" \/>\n\t<meta property=\"og:image:height\" content=\"799\" \/>\n\t<meta property=\"og:image:type\" content=\"image\/jpeg\" \/>\n<meta name=\"twitter:card\" content=\"summary_large_image\" \/>\n<meta name=\"twitter:label1\" content=\"Gesch\u00e4tzte Lesezeit\" \/>\n\t<meta name=\"twitter:data1\" content=\"1\u00a0Minute\" \/>\n<script type=\"application\/ld+json\" class=\"yoast-schema-graph\">{\"@context\":\"https:\/\/schema.org\",\"@graph\":[{\"@type\":\"WebPage\",\"@id\":\"https:\/\/krimispass.ch\/mordamthunersee\/\",\"url\":\"https:\/\/krimispass.ch\/mordamthunersee\/\",\"name\":\"Mord am Thunersee | Das Krimi-Erlebnis im Berner Oberland\",\"isPartOf\":{\"@id\":\"https:\/\/krimispass.ch\/mordamthunersee\/#website\"},\"primaryImageOfPage\":{\"@id\":\"https:\/\/krimispass.ch\/mordamthunersee\/#primaryimage\"},\"image\":{\"@id\":\"https:\/\/krimispass.ch\/mordamthunersee\/#primaryimage\"},\"thumbnailUrl\":\"https:\/\/krimispass.ch\/mordamthunersee\/wp-content\/uploads\/2018\/12\/titelbild.jpg\",\"datePublished\":\"2014-07-23T06:38:42+00:00\",\"dateModified\":\"2023-02-06T07:48:26+00:00\",\"description\":\"\u00abMord am Thunersee\u00bb ist ein kostenloses interaktives Krimi-Abenteuer, welches mit dem Smartphone gespielt werden kann.\",\"breadcrumb\":{\"@id\":\"https:\/\/krimispass.ch\/mordamthunersee\/#breadcrumb\"},\"inLanguage\":\"de\",\"potentialAction\":[{\"@type\":\"ReadAction\",\"target\":[\"https:\/\/krimispass.ch\/mordamthunersee\/\"]}]},{\"@type\":\"ImageObject\",\"inLanguage\":\"de\",\"@id\":\"https:\/\/krimispass.ch\/mordamthunersee\/#primaryimage\",\"url\":\"https:\/\/krimispass.ch\/mordamthunersee\/wp-content\/uploads\/2018\/12\/titelbild.jpg\",\"contentUrl\":\"https:\/\/krimispass.ch\/mordamthunersee\/wp-content\/uploads\/2018\/12\/titelbild.jpg\",\"width\":1688,\"height\":799,\"caption\":\"Titelbild\"},{\"@type\":\"BreadcrumbList\",\"@id\":\"https:\/\/krimispass.ch\/mordamthunersee\/#breadcrumb\",\"itemListElement\":[{\"@type\":\"ListItem\",\"position\":1,\"name\":\"Startseite\",\"item\":\"https:\/\/krimispass.ch\/mordamthunersee\/\"},{\"@type\":\"ListItem\",\"position\":2,\"name\":\"Der Fall \u201cHannelore Burgunder\u201d\"}]},{\"@type\":\"WebSite\",\"@id\":\"https:\/\/krimispass.ch\/mordamthunersee\/#website\",\"url\":\"https:\/\/krimispass.ch\/mordamthunersee\/\",\"name\":\"Mord am Thunersee\",\"description\":\"Das Krimi-Erlebnis im Berner Oberland\",\"potentialAction\":[{\"@type\":\"SearchAction\",\"target\":{\"@type\":\"EntryPoint\",\"urlTemplate\":\"https:\/\/krimispass.ch\/mordamthunersee\/?s={search_term_string}\"},\"query-input\":{\"@type\":\"PropertyValueSpecification\",\"valueRequired\":true,\"valueName\":\"search_term_string\"}}],\"inLanguage\":\"de\"}]}<\/script>\n<!-- \/ Yoast SEO plugin. -->","yoast_head_json":{"title":"Mord am Thunersee | Das Krimi-Erlebnis im Berner Oberland","description":"\u00abMord am Thunersee\u00bb ist ein kostenloses interaktives Krimi-Abenteuer, welches mit dem Smartphone gespielt werden kann.","robots":{"index":"noindex","follow":"follow","max-snippet":"max-snippet:-1","max-image-preview":"max-image-preview:large","max-video-preview":"max-video-preview:-1"},"og_locale":"de_DE","og_type":"article","og_title":"Mord am Thunersee | Das Krimi-Erlebnis im Berner Oberland","og_description":"\u00abMord am Thunersee\u00bb ist ein kostenloses interaktives Krimi-Abenteuer, welches mit dem Smartphone gespielt werden kann.","og_url":"https:\/\/krimispass.ch\/mordamthunersee\/","og_site_name":"Mord am Thunersee","article_modified_time":"2023-02-06T07:48:26+00:00","og_image":[{"width":1688,"height":799,"url":"https:\/\/krimispass.ch\/mordamthunersee\/wp-content\/uploads\/2018\/12\/titelbild.jpg","type":"image\/jpeg"}],"twitter_card":"summary_large_image","twitter_misc":{"Gesch\u00e4tzte Lesezeit":"1\u00a0Minute"},"schema":{"@context":"https:\/\/schema.org","@graph":[{"@type":"WebPage","@id":"https:\/\/krimispass.ch\/mordamthunersee\/","url":"https:\/\/krimispass.ch\/mordamthunersee\/","name":"Mord am Thunersee | Das Krimi-Erlebnis im Berner Oberland","isPartOf":{"@id":"https:\/\/krimispass.ch\/mordamthunersee\/#website"},"primaryImageOfPage":{"@id":"https:\/\/krimispass.ch\/mordamthunersee\/#primaryimage"},"image":{"@id":"https:\/\/krimispass.ch\/mordamthunersee\/#primaryimage"},"thumbnailUrl":"https:\/\/krimispass.ch\/mordamthunersee\/wp-content\/uploads\/2018\/12\/titelbild.jpg","datePublished":"2014-07-23T06:38:42+00:00","dateModified":"2023-02-06T07:48:26+00:00","description":"\u00abMord am Thunersee\u00bb ist ein kostenloses interaktives Krimi-Abenteuer, welches mit dem Smartphone gespielt werden kann.","breadcrumb":{"@id":"https:\/\/krimispass.ch\/mordamthunersee\/#breadcrumb"},"inLanguage":"de","potentialAction":[{"@type":"ReadAction","target":["https:\/\/krimispass.ch\/mordamthunersee\/"]}]},{"@type":"ImageObject","inLanguage":"de","@id":"https:\/\/krimispass.ch\/mordamthunersee\/#primaryimage","url":"https:\/\/krimispass.ch\/mordamthunersee\/wp-content\/uploads\/2018\/12\/titelbild.jpg","contentUrl":"https:\/\/krimispass.ch\/mordamthunersee\/wp-content\/uploads\/2018\/12\/titelbild.jpg","width":1688,"height":799,"caption":"Titelbild"},{"@type":"BreadcrumbList","@id":"https:\/\/krimispass.ch\/mordamthunersee\/#breadcrumb","itemListElement":[{"@type":"ListItem","position":1,"name":"Startseite","item":"https:\/\/krimispass.ch\/mordamthunersee\/"},{"@type":"ListItem","position":2,"name":"Der Fall \u201cHannelore Burgunder\u201d"}]},{"@type":"WebSite","@id":"https:\/\/krimispass.ch\/mordamthunersee\/#website","url":"https:\/\/krimispass.ch\/mordamthunersee\/","name":"Mord am Thunersee","description":"Das Krimi-Erlebnis im Berner Oberland","potentialAction":[{"@type":"SearchAction","target":{"@type":"EntryPoint","urlTemplate":"https:\/\/krimispass.ch\/mordamthunersee\/?s={search_term_string}"},"query-input":{"@type":"PropertyValueSpecification","valueRequired":true,"valueName":"search_term_string"}}],"inLanguage":"de"}]}},"_links":{"self":[{"href":"https:\/\/krimispass.ch\/mordamthunersee\/index.php?rest_route=\/wp\/v2\/pages\/6","targetHints":{"allow":["GET"]}}],"collection":[{"href":"https:\/\/krimispass.ch\/mordamthunersee\/index.php?rest_route=\/wp\/v2\/pages"}],"about":[{"href":"https:\/\/krimispass.ch\/mordamthunersee\/index.php?rest_route=\/wp\/v2\/types\/page"}],"author":[{"embeddable":true,"href":"https:\/\/krimispass.ch\/mordamthunersee\/index.php?rest_route=\/wp\/v2\/users\/1"}],"replies":[{"embeddable":true,"href":"https:\/\/krimispass.ch\/mordamthunersee\/index.php?rest_route=%2Fwp%2Fv2%2Fcomments&post=6"}],"version-history":[{"count":5,"href":"https:\/\/krimispass.ch\/mordamthunersee\/index.php?rest_route=\/wp\/v2\/pages\/6\/revisions"}],"predecessor-version":[{"id":2732,"href":"https:\/\/krimispass.ch\/mordamthunersee\/index.php?rest_route=\/wp\/v2\/pages\/6\/revisions\/2732"}],"wp:featuredmedia":[{"embeddable":true,"href":"https:\/\/krimispass.ch\/mordamthunersee\/index.php?rest_route=\/wp\/v2\/media\/2434"}],"wp:attachment":[{"href":"https:\/\/krimispass.ch\/mordamthunersee\/index.php?rest_route=%2Fwp%2Fv2%2Fmedia&parent=6"}],"curies":[{"name":"wp","href":"https:\/\/api.w.org\/{rel}","templated":true}]}}