{"id":395,"date":"2015-02-17T21:44:57","date_gmt":"2015-02-17T21:44:57","guid":{"rendered":"https:\/\/krimispass.ch\/mordamthunersee\/?page_id=395"},"modified":"2019-07-04T08:21:55","modified_gmt":"2019-07-04T06:21:55","slug":"sind-sie-sicher","status":"publish","type":"page","link":"https:\/\/krimispass.ch\/mordamthunersee\/?page_id=395","title":{"rendered":"Sind Sie sicher?"},"content":{"rendered":"<p>&nbsp;<br \/>\n&nbsp;<br \/>\n<img loading=\"lazy\" decoding=\"async\" src=\"https:\/\/krimispass.ch\/mordamthunersee\/wp-content\/uploads\/2015\/02\/Detektiv_klein_transparent.png\" alt=\"Detektiv\" width=\"180\" height=\"180\" class=\"alignleft size-full wp-image-333\" \/>Die folgende Seite verr\u00e4t Ihnen, wie Sie bei den Ermittlungen am besten vorgehen und den Mordfall l\u00f6sen k\u00f6nnen. Wir empfehlen diese Information nur zu lesen, wenn Sie alleine nicht mehr weiterkommen. <\/p>\n<p><a href=\"https:\/\/krimispass.ch\/mordamthunersee\/?page_id=397\" title=\"Geheimtipp\">Ja, ich m\u00f6chte den Tipp lesen<\/a><\/p>\n","protected":false},"excerpt":{"rendered":"<p>&nbsp; &nbsp; Die folgende Seite verr\u00e4t Ihnen, wie Sie bei den Ermittlungen am besten vorgehen und den Mordfall l\u00f6sen k\u00f6nnen. Wir empfehlen diese Information nur zu lesen, wenn Sie alleine nicht mehr weiterkommen. Ja, ich m\u00f6chte den Tipp lesen<\/p>\n","protected":false},"author":1,"featured_media":0,"parent":102,"menu_order":0,"comment_status":"closed","ping_status":"closed","template":"","meta":{"content-type":"","footnotes":""},"class_list":["post-395","page","type-page","status-publish","hentry"],"yoast_head":"<!-- This site is optimized with the Yoast SEO plugin v24.5 - https:\/\/yoast.com\/wordpress\/plugins\/seo\/ -->\n<title>Sind Sie sicher? | Mord am Thunersee<\/title>\n<meta name=\"robots\" content=\"noindex, nofollow\" \/>\n<meta property=\"og:locale\" content=\"de_DE\" \/>\n<meta property=\"og:type\" content=\"article\" \/>\n<meta property=\"og:title\" content=\"Sind Sie sicher? | Mord am Thunersee\" \/>\n<meta property=\"og:description\" content=\"&nbsp; &nbsp; Die folgende Seite verr\u00e4t Ihnen, wie Sie bei den Ermittlungen am besten vorgehen und den Mordfall l\u00f6sen k\u00f6nnen. Wir empfehlen diese Information nur zu lesen, wenn Sie alleine nicht mehr weiterkommen. Ja, ich m\u00f6chte den Tipp lesen\" \/>\n<meta property=\"og:url\" content=\"https:\/\/krimispass.ch\/mordamthunersee\/?page_id=395\" \/>\n<meta property=\"og:site_name\" content=\"Mord am Thunersee\" \/>\n<meta property=\"article:modified_time\" content=\"2019-07-04T06:21:55+00:00\" \/>\n<meta property=\"og:image\" content=\"https:\/\/krimispass.ch\/mordamthunersee\/wp-content\/uploads\/2015\/02\/Detektiv_klein_transparent.png\" \/>\n<meta name=\"twitter:card\" content=\"summary_large_image\" \/>\n<script type=\"application\/ld+json\" class=\"yoast-schema-graph\">{\"@context\":\"https:\/\/schema.org\",\"@graph\":[{\"@type\":\"WebPage\",\"@id\":\"https:\/\/krimispass.ch\/mordamthunersee\/?page_id=395\",\"url\":\"https:\/\/krimispass.ch\/mordamthunersee\/?page_id=395\",\"name\":\"Sind Sie sicher? | Mord am Thunersee\",\"isPartOf\":{\"@id\":\"https:\/\/krimispass.ch\/mordamthunersee\/#website\"},\"primaryImageOfPage\":{\"@id\":\"https:\/\/krimispass.ch\/mordamthunersee\/?page_id=395#primaryimage\"},\"image\":{\"@id\":\"https:\/\/krimispass.ch\/mordamthunersee\/?page_id=395#primaryimage\"},\"thumbnailUrl\":\"https:\/\/krimispass.ch\/mordamthunersee\/wp-content\/uploads\/2015\/02\/Detektiv_klein_transparent.png\",\"datePublished\":\"2015-02-17T21:44:57+00:00\",\"dateModified\":\"2019-07-04T06:21:55+00:00\",\"breadcrumb\":{\"@id\":\"https:\/\/krimispass.ch\/mordamthunersee\/?page_id=395#breadcrumb\"},\"inLanguage\":\"de\",\"potentialAction\":[{\"@type\":\"ReadAction\",\"target\":[\"https:\/\/krimispass.ch\/mordamthunersee\/?page_id=395\"]}]},{\"@type\":\"ImageObject\",\"inLanguage\":\"de\",\"@id\":\"https:\/\/krimispass.ch\/mordamthunersee\/?page_id=395#primaryimage\",\"url\":\"https:\/\/krimispass.ch\/mordamthunersee\/wp-content\/uploads\/2015\/02\/Detektiv_klein_transparent.png\",\"contentUrl\":\"https:\/\/krimispass.ch\/mordamthunersee\/wp-content\/uploads\/2015\/02\/Detektiv_klein_transparent.png\",\"width\":210,\"height\":210},{\"@type\":\"BreadcrumbList\",\"@id\":\"https:\/\/krimispass.ch\/mordamthunersee\/?page_id=395#breadcrumb\",\"itemListElement\":[{\"@type\":\"ListItem\",\"position\":1,\"name\":\"Startseite\",\"item\":\"https:\/\/krimispass.ch\/mordamthunersee\/\"},{\"@type\":\"ListItem\",\"position\":2,\"name\":\"Hilfe\",\"item\":\"https:\/\/krimispass.ch\/mordamthunersee\/?page_id=102\"},{\"@type\":\"ListItem\",\"position\":3,\"name\":\"Sind Sie sicher?\"}]},{\"@type\":\"WebSite\",\"@id\":\"https:\/\/krimispass.ch\/mordamthunersee\/#website\",\"url\":\"https:\/\/krimispass.ch\/mordamthunersee\/\",\"name\":\"Mord am Thunersee\",\"description\":\"Das Krimi-Erlebnis im Berner Oberland\",\"potentialAction\":[{\"@type\":\"SearchAction\",\"target\":{\"@type\":\"EntryPoint\",\"urlTemplate\":\"https:\/\/krimispass.ch\/mordamthunersee\/?s={search_term_string}\"},\"query-input\":{\"@type\":\"PropertyValueSpecification\",\"valueRequired\":true,\"valueName\":\"search_term_string\"}}],\"inLanguage\":\"de\"}]}<\/script>\n<!-- \/ Yoast SEO plugin. -->","yoast_head_json":{"title":"Sind Sie sicher? | Mord am Thunersee","robots":{"index":"noindex","follow":"nofollow"},"og_locale":"de_DE","og_type":"article","og_title":"Sind Sie sicher? | Mord am Thunersee","og_description":"&nbsp; &nbsp; Die folgende Seite verr\u00e4t Ihnen, wie Sie bei den Ermittlungen am besten vorgehen und den Mordfall l\u00f6sen k\u00f6nnen. Wir empfehlen diese Information nur zu lesen, wenn Sie alleine nicht mehr weiterkommen. Ja, ich m\u00f6chte den Tipp lesen","og_url":"https:\/\/krimispass.ch\/mordamthunersee\/?page_id=395","og_site_name":"Mord am Thunersee","article_modified_time":"2019-07-04T06:21:55+00:00","og_image":[{"url":"https:\/\/krimispass.ch\/mordamthunersee\/wp-content\/uploads\/2015\/02\/Detektiv_klein_transparent.png","type":"","width":"","height":""}],"twitter_card":"summary_large_image","schema":{"@context":"https:\/\/schema.org","@graph":[{"@type":"WebPage","@id":"https:\/\/krimispass.ch\/mordamthunersee\/?page_id=395","url":"https:\/\/krimispass.ch\/mordamthunersee\/?page_id=395","name":"Sind Sie sicher? | Mord am Thunersee","isPartOf":{"@id":"https:\/\/krimispass.ch\/mordamthunersee\/#website"},"primaryImageOfPage":{"@id":"https:\/\/krimispass.ch\/mordamthunersee\/?page_id=395#primaryimage"},"image":{"@id":"https:\/\/krimispass.ch\/mordamthunersee\/?page_id=395#primaryimage"},"thumbnailUrl":"https:\/\/krimispass.ch\/mordamthunersee\/wp-content\/uploads\/2015\/02\/Detektiv_klein_transparent.png","datePublished":"2015-02-17T21:44:57+00:00","dateModified":"2019-07-04T06:21:55+00:00","breadcrumb":{"@id":"https:\/\/krimispass.ch\/mordamthunersee\/?page_id=395#breadcrumb"},"inLanguage":"de","potentialAction":[{"@type":"ReadAction","target":["https:\/\/krimispass.ch\/mordamthunersee\/?page_id=395"]}]},{"@type":"ImageObject","inLanguage":"de","@id":"https:\/\/krimispass.ch\/mordamthunersee\/?page_id=395#primaryimage","url":"https:\/\/krimispass.ch\/mordamthunersee\/wp-content\/uploads\/2015\/02\/Detektiv_klein_transparent.png","contentUrl":"https:\/\/krimispass.ch\/mordamthunersee\/wp-content\/uploads\/2015\/02\/Detektiv_klein_transparent.png","width":210,"height":210},{"@type":"BreadcrumbList","@id":"https:\/\/krimispass.ch\/mordamthunersee\/?page_id=395#breadcrumb","itemListElement":[{"@type":"ListItem","position":1,"name":"Startseite","item":"https:\/\/krimispass.ch\/mordamthunersee\/"},{"@type":"ListItem","position":2,"name":"Hilfe","item":"https:\/\/krimispass.ch\/mordamthunersee\/?page_id=102"},{"@type":"ListItem","position":3,"name":"Sind Sie sicher?"}]},{"@type":"WebSite","@id":"https:\/\/krimispass.ch\/mordamthunersee\/#website","url":"https:\/\/krimispass.ch\/mordamthunersee\/","name":"Mord am Thunersee","description":"Das Krimi-Erlebnis im Berner Oberland","potentialAction":[{"@type":"SearchAction","target":{"@type":"EntryPoint","urlTemplate":"https:\/\/krimispass.ch\/mordamthunersee\/?s={search_term_string}"},"query-input":{"@type":"PropertyValueSpecification","valueRequired":true,"valueName":"search_term_string"}}],"inLanguage":"de"}]}},"_links":{"self":[{"href":"https:\/\/krimispass.ch\/mordamthunersee\/index.php?rest_route=\/wp\/v2\/pages\/395","targetHints":{"allow":["GET"]}}],"collection":[{"href":"https:\/\/krimispass.ch\/mordamthunersee\/index.php?rest_route=\/wp\/v2\/pages"}],"about":[{"href":"https:\/\/krimispass.ch\/mordamthunersee\/index.php?rest_route=\/wp\/v2\/types\/page"}],"author":[{"embeddable":true,"href":"https:\/\/krimispass.ch\/mordamthunersee\/index.php?rest_route=\/wp\/v2\/users\/1"}],"replies":[{"embeddable":true,"href":"https:\/\/krimispass.ch\/mordamthunersee\/index.php?rest_route=%2Fwp%2Fv2%2Fcomments&post=395"}],"version-history":[{"count":0,"href":"https:\/\/krimispass.ch\/mordamthunersee\/index.php?rest_route=\/wp\/v2\/pages\/395\/revisions"}],"up":[{"embeddable":true,"href":"https:\/\/krimispass.ch\/mordamthunersee\/index.php?rest_route=\/wp\/v2\/pages\/102"}],"wp:attachment":[{"href":"https:\/\/krimispass.ch\/mordamthunersee\/index.php?rest_route=%2Fwp%2Fv2%2Fmedia&parent=395"}],"curies":[{"name":"wp","href":"https:\/\/api.w.org\/{rel}","templated":true}]}}