{"id":295,"date":"2015-02-02T21:32:41","date_gmt":"2015-02-02T21:32:41","guid":{"rendered":"https:\/\/krimispass.ch\/mordamthunersee\/?page_id=295"},"modified":"2017-07-17T01:49:00","modified_gmt":"2017-07-16T23:49:00","slug":"die-verdaechtigen","status":"publish","type":"page","link":"https:\/\/krimispass.ch\/mordamthunersee\/?page_id=295","title":{"rendered":"Die Verd\u00e4chtigen"},"content":{"rendered":"<p>&nbsp;<br \/>\n<strong>Im Mordfall \u201cHannelore Burgunder\u201d gibt es mehrere Hauptverd\u00e4chtige. Im Verlauf der Ermittlungen werden Sie mehr \u00fcber die f\u00fcnf Personen erfahren.<\/strong><\/p>\n<p>&nbsp;<\/p>\n<h5><img decoding=\"async\" src=\"https:\/\/krimispass.ch\/mordamthunersee\/wp-content\/uploads\/2015\/03\/Eduard_Burgunder.jpg\" alt=\"Eduard_Burgunder\" width=\"300\" class=\"alignleft size-full wp-image-541\" srcset=\"https:\/\/krimispass.ch\/mordamthunersee\/wp-content\/uploads\/2015\/03\/Eduard_Burgunder.jpg 424w, https:\/\/krimispass.ch\/mordamthunersee\/wp-content\/uploads\/2015\/03\/Eduard_Burgunder-420x289.jpg 420w\" sizes=\"(max-width: 424px) 100vw, 424px\" \/>Eduard Burgunder<\/h5>\n<p>&nbsp;<br \/>\nEx-Mann des Mordopfers<br \/>\nAlter: 67 Jahre<br \/>\nWohnort: Oberhofen<\/p>\n<p>&nbsp;<br \/>\n&nbsp;<br \/>\n&nbsp;<br \/>\n&nbsp;<br \/>\n&nbsp;<\/p>\n<h5><img decoding=\"async\" src=\"https:\/\/krimispass.ch\/mordamthunersee\/wp-content\/uploads\/2015\/03\/Sandy_Zumbuehl.jpg\" alt=\"Sandy Zumbuehl\" width=\"300\" class=\"alignleft size-full wp-image-544\" srcset=\"https:\/\/krimispass.ch\/mordamthunersee\/wp-content\/uploads\/2015\/03\/Sandy_Zumbuehl.jpg 424w, https:\/\/krimispass.ch\/mordamthunersee\/wp-content\/uploads\/2015\/03\/Sandy_Zumbuehl-420x289.jpg 420w\" sizes=\"(max-width: 424px) 100vw, 424px\" \/>Sandy Zumb\u00fchl<\/h5>\n<p>&nbsp;<br \/>\nPutzfrau des Mordopfers<br \/>\nAlter: 29 Jahre<br \/>\nWohnort: Spiez<\/p>\n<p>&nbsp;<br \/>\n&nbsp;<br \/>\n&nbsp;<br \/>\n&nbsp;<br \/>\n&nbsp;<\/p>\n<h5><img decoding=\"async\" src=\"https:\/\/krimispass.ch\/mordamthunersee\/wp-content\/uploads\/2015\/03\/Maximilian_Burgunder.jpg\" alt=\"Maximilian Burgunder\" width=\"300\" class=\"alignleft size-full wp-image-543\" srcset=\"https:\/\/krimispass.ch\/mordamthunersee\/wp-content\/uploads\/2015\/03\/Maximilian_Burgunder.jpg 424w, https:\/\/krimispass.ch\/mordamthunersee\/wp-content\/uploads\/2015\/03\/Maximilian_Burgunder-420x289.jpg 420w\" sizes=\"(max-width: 424px) 100vw, 424px\" \/>Maximilian Burgunder<\/h5>\n<p>&nbsp;<br \/>\nSohn des Mordopfers<br \/>\nAlter: 32 Jahre<br \/>\nWohnort: Bern<\/p>\n<p>&nbsp;<br \/>\n&nbsp;<br \/>\n&nbsp;<br \/>\n&nbsp;<br \/>\n&nbsp;<\/p>\n<h5><img decoding=\"async\" src=\"https:\/\/krimispass.ch\/mordamthunersee\/wp-content\/uploads\/2015\/03\/Juerg_Stucki.jpg\" alt=\"Juerg Stucki\" width=\"300\" class=\"alignleft size-full wp-image-542\" srcset=\"https:\/\/krimispass.ch\/mordamthunersee\/wp-content\/uploads\/2015\/03\/Juerg_Stucki.jpg 424w, https:\/\/krimispass.ch\/mordamthunersee\/wp-content\/uploads\/2015\/03\/Juerg_Stucki-420x289.jpg 420w\" sizes=\"(max-width: 424px) 100vw, 424px\" \/>J\u00fcrg Stucki<\/h5>\n<p>&nbsp;<br \/>\nTreuh\u00e4nder des Mordopfers<br \/>\nAlter: 68 Jahre<br \/>\nWohnort: Thun<\/p>\n<p>&nbsp;<br \/>\n&nbsp;<br \/>\n&nbsp;<br \/>\n&nbsp;<br \/>\n&nbsp;<\/p>\n<h5><img decoding=\"async\" src=\"https:\/\/krimispass.ch\/mordamthunersee\/wp-content\/uploads\/2015\/03\/Bertha_Winkler.jpg\" alt=\"Bertha Winkler\" width=\"300\" class=\"alignleft size-full wp-image-540\" srcset=\"https:\/\/krimispass.ch\/mordamthunersee\/wp-content\/uploads\/2015\/03\/Bertha_Winkler.jpg 424w, https:\/\/krimispass.ch\/mordamthunersee\/wp-content\/uploads\/2015\/03\/Bertha_Winkler-420x289.jpg 420w\" sizes=\"(max-width: 424px) 100vw, 424px\" \/>Bertha Winkler<\/h5>\n<p>&nbsp;<br \/>\nAlte Bekannte des Mordopfers<br \/>\nAlter: 71 Jahre<br \/>\nWohnort: D\u00e4rligen<\/p>\n<p>&nbsp;<br \/>\n&nbsp;<br \/>\n&nbsp;<br \/>\n&nbsp;<\/p>\n","protected":false},"excerpt":{"rendered":"<p>&nbsp; Im Mordfall \u201cHannelore Burgunder\u201d gibt es mehrere Hauptverd\u00e4chtige. Im Verlauf der Ermittlungen werden Sie mehr \u00fcber die f\u00fcnf Personen erfahren. &nbsp; Eduard Burgunder &nbsp; Ex-Mann des Mordopfers Alter: 67 Jahre Wohnort: Oberhofen &nbsp; &nbsp; &nbsp; &nbsp; &nbsp; Sandy Zumb\u00fchl &nbsp; Putzfrau des Mordopfers Alter: 29 Jahre Wohnort: Spiez &nbsp; &nbsp; &nbsp; &nbsp; &nbsp; Maximilian &hellip; <a class=\"read-excerpt\" href=\"https:\/\/krimispass.ch\/mordamthunersee\/?page_id=295\">Weiterlesen <span class=\"meta-nav\">&raquo;<\/span><\/a><\/p>\n","protected":false},"author":1,"featured_media":0,"parent":0,"menu_order":2,"comment_status":"closed","ping_status":"closed","template":"","meta":{"content-type":"","footnotes":""},"class_list":["post-295","page","type-page","status-publish","hentry"],"yoast_head":"<!-- This site is optimized with the Yoast SEO plugin v24.5 - https:\/\/yoast.com\/wordpress\/plugins\/seo\/ -->\n<title>Die Verd\u00e4chtigen | Mord am Thunersee<\/title>\n<meta name=\"robots\" content=\"noindex, follow, max-snippet:-1, max-image-preview:large, max-video-preview:-1\" \/>\n<meta property=\"og:locale\" content=\"de_DE\" \/>\n<meta property=\"og:type\" content=\"article\" \/>\n<meta property=\"og:title\" content=\"Die Verd\u00e4chtigen | Mord am Thunersee\" \/>\n<meta property=\"og:description\" content=\"&nbsp; Im Mordfall \u201cHannelore Burgunder\u201d gibt es mehrere Hauptverd\u00e4chtige. Im Verlauf der Ermittlungen werden Sie mehr \u00fcber die f\u00fcnf Personen erfahren. &nbsp; Eduard Burgunder &nbsp; Ex-Mann des Mordopfers Alter: 67 Jahre Wohnort: Oberhofen &nbsp; &nbsp; &nbsp; &nbsp; &nbsp; Sandy Zumb\u00fchl &nbsp; Putzfrau des Mordopfers Alter: 29 Jahre Wohnort: Spiez &nbsp; &nbsp; &nbsp; &nbsp; &nbsp; Maximilian &hellip; Weiterlesen &raquo;\" \/>\n<meta property=\"og:url\" content=\"https:\/\/krimispass.ch\/mordamthunersee\/?page_id=295\" \/>\n<meta property=\"og:site_name\" content=\"Mord am Thunersee\" \/>\n<meta property=\"article:modified_time\" content=\"2017-07-16T23:49:00+00:00\" \/>\n<meta property=\"og:image\" content=\"https:\/\/krimispass.ch\/mordamthunersee\/wp-content\/uploads\/2015\/03\/Eduard_Burgunder.jpg\" \/>\n<meta name=\"twitter:card\" content=\"summary_large_image\" \/>\n<meta name=\"twitter:label1\" content=\"Gesch\u00e4tzte Lesezeit\" \/>\n\t<meta name=\"twitter:data1\" content=\"1\u00a0Minute\" \/>\n<script type=\"application\/ld+json\" class=\"yoast-schema-graph\">{\"@context\":\"https:\/\/schema.org\",\"@graph\":[{\"@type\":\"WebPage\",\"@id\":\"https:\/\/krimispass.ch\/mordamthunersee\/?page_id=295\",\"url\":\"https:\/\/krimispass.ch\/mordamthunersee\/?page_id=295\",\"name\":\"Die Verd\u00e4chtigen | Mord am Thunersee\",\"isPartOf\":{\"@id\":\"https:\/\/krimispass.ch\/mordamthunersee\/#website\"},\"primaryImageOfPage\":{\"@id\":\"https:\/\/krimispass.ch\/mordamthunersee\/?page_id=295#primaryimage\"},\"image\":{\"@id\":\"https:\/\/krimispass.ch\/mordamthunersee\/?page_id=295#primaryimage\"},\"thumbnailUrl\":\"https:\/\/krimispass.ch\/mordamthunersee\/wp-content\/uploads\/2015\/03\/Eduard_Burgunder.jpg\",\"datePublished\":\"2015-02-02T21:32:41+00:00\",\"dateModified\":\"2017-07-16T23:49:00+00:00\",\"breadcrumb\":{\"@id\":\"https:\/\/krimispass.ch\/mordamthunersee\/?page_id=295#breadcrumb\"},\"inLanguage\":\"de\",\"potentialAction\":[{\"@type\":\"ReadAction\",\"target\":[\"https:\/\/krimispass.ch\/mordamthunersee\/?page_id=295\"]}]},{\"@type\":\"ImageObject\",\"inLanguage\":\"de\",\"@id\":\"https:\/\/krimispass.ch\/mordamthunersee\/?page_id=295#primaryimage\",\"url\":\"https:\/\/krimispass.ch\/mordamthunersee\/wp-content\/uploads\/2015\/03\/Eduard_Burgunder.jpg\",\"contentUrl\":\"https:\/\/krimispass.ch\/mordamthunersee\/wp-content\/uploads\/2015\/03\/Eduard_Burgunder.jpg\",\"width\":424,\"height\":292},{\"@type\":\"BreadcrumbList\",\"@id\":\"https:\/\/krimispass.ch\/mordamthunersee\/?page_id=295#breadcrumb\",\"itemListElement\":[{\"@type\":\"ListItem\",\"position\":1,\"name\":\"Startseite\",\"item\":\"https:\/\/krimispass.ch\/mordamthunersee\/\"},{\"@type\":\"ListItem\",\"position\":2,\"name\":\"Die Verd\u00e4chtigen\"}]},{\"@type\":\"WebSite\",\"@id\":\"https:\/\/krimispass.ch\/mordamthunersee\/#website\",\"url\":\"https:\/\/krimispass.ch\/mordamthunersee\/\",\"name\":\"Mord am Thunersee\",\"description\":\"Das Krimi-Erlebnis im Berner Oberland\",\"potentialAction\":[{\"@type\":\"SearchAction\",\"target\":{\"@type\":\"EntryPoint\",\"urlTemplate\":\"https:\/\/krimispass.ch\/mordamthunersee\/?s={search_term_string}\"},\"query-input\":{\"@type\":\"PropertyValueSpecification\",\"valueRequired\":true,\"valueName\":\"search_term_string\"}}],\"inLanguage\":\"de\"}]}<\/script>\n<!-- \/ Yoast SEO plugin. -->","yoast_head_json":{"title":"Die Verd\u00e4chtigen | Mord am Thunersee","robots":{"index":"noindex","follow":"follow","max-snippet":"max-snippet:-1","max-image-preview":"max-image-preview:large","max-video-preview":"max-video-preview:-1"},"og_locale":"de_DE","og_type":"article","og_title":"Die Verd\u00e4chtigen | Mord am Thunersee","og_description":"&nbsp; Im Mordfall \u201cHannelore Burgunder\u201d gibt es mehrere Hauptverd\u00e4chtige. Im Verlauf der Ermittlungen werden Sie mehr \u00fcber die f\u00fcnf Personen erfahren. &nbsp; Eduard Burgunder &nbsp; Ex-Mann des Mordopfers Alter: 67 Jahre Wohnort: Oberhofen &nbsp; &nbsp; &nbsp; &nbsp; &nbsp; Sandy Zumb\u00fchl &nbsp; Putzfrau des Mordopfers Alter: 29 Jahre Wohnort: Spiez &nbsp; &nbsp; &nbsp; &nbsp; &nbsp; Maximilian &hellip; Weiterlesen &raquo;","og_url":"https:\/\/krimispass.ch\/mordamthunersee\/?page_id=295","og_site_name":"Mord am Thunersee","article_modified_time":"2017-07-16T23:49:00+00:00","og_image":[{"url":"https:\/\/krimispass.ch\/mordamthunersee\/wp-content\/uploads\/2015\/03\/Eduard_Burgunder.jpg","type":"","width":"","height":""}],"twitter_card":"summary_large_image","twitter_misc":{"Gesch\u00e4tzte Lesezeit":"1\u00a0Minute"},"schema":{"@context":"https:\/\/schema.org","@graph":[{"@type":"WebPage","@id":"https:\/\/krimispass.ch\/mordamthunersee\/?page_id=295","url":"https:\/\/krimispass.ch\/mordamthunersee\/?page_id=295","name":"Die Verd\u00e4chtigen | Mord am Thunersee","isPartOf":{"@id":"https:\/\/krimispass.ch\/mordamthunersee\/#website"},"primaryImageOfPage":{"@id":"https:\/\/krimispass.ch\/mordamthunersee\/?page_id=295#primaryimage"},"image":{"@id":"https:\/\/krimispass.ch\/mordamthunersee\/?page_id=295#primaryimage"},"thumbnailUrl":"https:\/\/krimispass.ch\/mordamthunersee\/wp-content\/uploads\/2015\/03\/Eduard_Burgunder.jpg","datePublished":"2015-02-02T21:32:41+00:00","dateModified":"2017-07-16T23:49:00+00:00","breadcrumb":{"@id":"https:\/\/krimispass.ch\/mordamthunersee\/?page_id=295#breadcrumb"},"inLanguage":"de","potentialAction":[{"@type":"ReadAction","target":["https:\/\/krimispass.ch\/mordamthunersee\/?page_id=295"]}]},{"@type":"ImageObject","inLanguage":"de","@id":"https:\/\/krimispass.ch\/mordamthunersee\/?page_id=295#primaryimage","url":"https:\/\/krimispass.ch\/mordamthunersee\/wp-content\/uploads\/2015\/03\/Eduard_Burgunder.jpg","contentUrl":"https:\/\/krimispass.ch\/mordamthunersee\/wp-content\/uploads\/2015\/03\/Eduard_Burgunder.jpg","width":424,"height":292},{"@type":"BreadcrumbList","@id":"https:\/\/krimispass.ch\/mordamthunersee\/?page_id=295#breadcrumb","itemListElement":[{"@type":"ListItem","position":1,"name":"Startseite","item":"https:\/\/krimispass.ch\/mordamthunersee\/"},{"@type":"ListItem","position":2,"name":"Die Verd\u00e4chtigen"}]},{"@type":"WebSite","@id":"https:\/\/krimispass.ch\/mordamthunersee\/#website","url":"https:\/\/krimispass.ch\/mordamthunersee\/","name":"Mord am Thunersee","description":"Das Krimi-Erlebnis im Berner Oberland","potentialAction":[{"@type":"SearchAction","target":{"@type":"EntryPoint","urlTemplate":"https:\/\/krimispass.ch\/mordamthunersee\/?s={search_term_string}"},"query-input":{"@type":"PropertyValueSpecification","valueRequired":true,"valueName":"search_term_string"}}],"inLanguage":"de"}]}},"_links":{"self":[{"href":"https:\/\/krimispass.ch\/mordamthunersee\/index.php?rest_route=\/wp\/v2\/pages\/295","targetHints":{"allow":["GET"]}}],"collection":[{"href":"https:\/\/krimispass.ch\/mordamthunersee\/index.php?rest_route=\/wp\/v2\/pages"}],"about":[{"href":"https:\/\/krimispass.ch\/mordamthunersee\/index.php?rest_route=\/wp\/v2\/types\/page"}],"author":[{"embeddable":true,"href":"https:\/\/krimispass.ch\/mordamthunersee\/index.php?rest_route=\/wp\/v2\/users\/1"}],"replies":[{"embeddable":true,"href":"https:\/\/krimispass.ch\/mordamthunersee\/index.php?rest_route=%2Fwp%2Fv2%2Fcomments&post=295"}],"version-history":[{"count":0,"href":"https:\/\/krimispass.ch\/mordamthunersee\/index.php?rest_route=\/wp\/v2\/pages\/295\/revisions"}],"wp:attachment":[{"href":"https:\/\/krimispass.ch\/mordamthunersee\/index.php?rest_route=%2Fwp%2Fv2%2Fmedia&parent=295"}],"curies":[{"name":"wp","href":"https:\/\/api.w.org\/{rel}","templated":true}]}}