{"id":75,"date":"2013-12-13T15:51:02","date_gmt":"2013-12-13T15:51:02","guid":{"rendered":"https:\/\/krimispass.ch\/krimiinabox\/?page_id=75"},"modified":"2024-05-18T22:08:38","modified_gmt":"2024-05-18T20:08:38","slug":"spielanleitung","status":"publish","type":"page","link":"https:\/\/krimispass.ch\/krimiinabox\/?page_id=75","title":{"rendered":"Spielanleitung"},"content":{"rendered":"<p><img loading=\"lazy\" decoding=\"async\" class=\"alignright size-medium wp-image-936\" src=\"https:\/\/krimispass.ch\/krimiinabox\/wp-content\/uploads\/2013\/12\/Krimi_in_a_Box_transparent-300x199.png\" alt=\"Krimi in a Box\" width=\"300\" height=\"199\" srcset=\"https:\/\/krimispass.ch\/krimiinabox\/wp-content\/uploads\/2013\/12\/Krimi_in_a_Box_transparent-300x199.png 300w, https:\/\/krimispass.ch\/krimiinabox\/wp-content\/uploads\/2013\/12\/Krimi_in_a_Box_transparent-1024x682.png 1024w, https:\/\/krimispass.ch\/krimiinabox\/wp-content\/uploads\/2013\/12\/Krimi_in_a_Box_transparent.png 1688w\" sizes=\"auto, (max-width: 300px) 100vw, 300px\" \/><strong>\u201cKrimi in a Box\u201d ist ein\u00a0Outdoor-Krimi-Erlebnis der besonderen Art, bei dem Sie selbst in die Rolle des Ermittlers schl\u00fcpfen.<\/strong><\/p>\n<p>Alles was Sie f\u00fcr eine Teilnahme ben\u00f6tigen ist ein Smartphone, etwas Zeit und einen ausgepr\u00e4gten Scharfsinn. Informieren Sie sich auf dieser Seite, wie Sie bei Ihren Ermittlungen am besten vorgehen.<\/p>\n<p>&nbsp;<\/p>\n<h5>Los geht&#8217;s&#8230;<\/h5>\n<p>Zu Beginn Ihrer Ermittlungen sollten Sie die\u00a0<a title=\"Was bisher geschah\" href=\"https:\/\/krimispass.ch\/krimiinabox\/?page_id=64\">bisherigen Geschehnisse\u00a0im Mordfall\u00a0\u201cPaul S.\u201d<\/a> studieren und die vorliegenden <a title=\"Die Verd\u00e4chtigen\" href=\"https:\/\/krimispass.ch\/krimiinabox\/?page_id=66\">Informationen zu den Verd\u00e4chtigen<\/a> durchlesen. Danach fahren Sie nach <a href=\"https:\/\/www.kehrsatz.ch\" rel=\"noopener noreferrer\" target=\"_blank\">Kehrsatz<\/a>, wo Sie Ihre Ermittlungen vor Ort aufnehmen. An den <a href=\"https:\/\/krimispass.ch\/krimiinabox\/?page_id=68\" title=\"Die Schaupl\u00e4tze\">verschiedenen Schaupl\u00e4tzen<\/a> gibt es wertvolle Informationen, die Sie \u00fcber Ihr Smartphone abrufen k\u00f6nnen. Zeugenaussagen, Polizeiberichte und brisante Hinweise aus dem Umfeld des Opfers helfen Ihnen, dem Verbrechen auf die Spur zu kommen. Die Informationen sind alle mit einem Zugangscode gesichert, den es zu \u00fcberlisten gilt. Schauen Sie sich an den Schaupl\u00e4tzen\u00a0genau um, und Sie werden die notwendigen Passw\u00f6rter knacken k\u00f6nnen.<\/p>\n<p>Sie k\u00f6nnen zu Fuss, mit dem Fahrrad oder mit dem Auto ermitteln. Planen Sie f\u00fcr das L\u00f6sen des Falls etwa zwei bis f\u00fcnf Stunden ein. In welcher Reihenfolge Sie die Schaupl\u00e4tze besuchen, ist Ihnen \u00fcberlassen. Wir empfehlen, die ideale Route bereits vorg\u00e4ngig zu Hause am PC zu planen.<br \/>\n&nbsp;<\/p>\n<h5><img loading=\"lazy\" decoding=\"async\" class=\"alignleft  wp-image-1005\" src=\"https:\/\/krimispass.ch\/krimiinabox\/wp-content\/uploads\/2013\/12\/Detektiv_klein_transparent.png\" alt=\"Detektiv\" width=\"175\" height=\"175\" srcset=\"https:\/\/krimispass.ch\/krimiinabox\/wp-content\/uploads\/2013\/12\/Detektiv_klein_transparent.png 210w, https:\/\/krimispass.ch\/krimiinabox\/wp-content\/uploads\/2013\/12\/Detektiv_klein_transparent-150x150.png 150w\" sizes=\"auto, (max-width: 175px) 100vw, 175px\" \/>Fall gel\u00f6st?<\/h5>\n<p>Wenn Sie glauben die T\u00e4terschaft \u00fcberf\u00fchrt zu haben, k\u00f6nnen Sie <a href=\"https:\/\/krimispass.ch\/krimiinabox\/?page_id=2515\">Ihre L\u00f6sung online eingeben<\/a>. Anschliessend bekommen Sie innert wenigen Minuten eine E-Mail mit einem Link zur Aufl\u00f6sung. So k\u00f6nnen Sie die Ergebnisse Ihrer Ermittlungen mit den tats\u00e4chlichen Vorkommnissen vergleichen und nachpr\u00fcfen, ob Sie mit Ihrer Vermutung richtig lagen.<\/p>\n<p>Wir w\u00fcnschen viel\u00a0Erfolg und viel Spass bei \u201cKrimi in a Box\u201d.<\/p>\n<p>&nbsp;<\/p>\n<h5>Brauchen Sie Hilfe?<\/h5>\n<p>Wenn bei den Ermittlungen Fragen oder Probleme auftauchen oder Sie einen Hinweis nicht finden, bekommen Sie im Men\u00fc unter <a href=\"https:\/\/krimispass.ch\/krimiinabox\/?page_id=2569\">Hilfe erhalten<\/a> entsprechende Unterst\u00fctzung.<br \/>\n&nbsp;<\/p>\n<h5>Was ist Geocaching?<\/h5>\n<p><strong>Einer der Hinweise im Mordfall \u201cPaul S.\u201d ist in einem sogenannten \u201cGeocache\u201d hinterlegt, daher auch der Name \u201cKrimi in a Box\u201d. Es handelt sich dabei um einen kleinen Kunststoff-Beh\u00e4lter, der an einem der <a title=\"Die Schaupl\u00e4tze\" href=\"https:\/\/krimispass.ch\/krimiinabox\/?page_id=68\">Schaupl\u00e4tze<\/a> versteckt ist. Die entsprechenden Koordinaten sind auf <a title=\"Die Schaupl\u00e4tze\" href=\"https:\/\/krimispass.ch\/krimiinabox\/?page_id=68\">dieser Webseite<\/a> publiziert. Sie m\u00fcssen sich also nicht bei <a href=\"https:\/\/www.geocaching.com\" rel=\"noopener noreferrer\" target=\"_blank\">geocaching.com<\/a> registrieren, um den Geocache von \u201cKrimi in a Box&#8220; zu finden.<\/strong><\/p>\n<p>Geocaching ist eine Art elektronische Schatzsuche in der realen Welt, \u00e4hnlich einer Schnitzeljagd. Die Verstecke der Geocaches werden anhand geografischer Koordinaten im Internet ver\u00f6ffentlicht. Die Schatzsucher versuchen dann, die versteckten Beh\u00e4lter mithilfe eines GPS-Empf\u00e4ngers oder eines Smartphones zu finden.<\/p>\n<p><a href=\"https:\/\/de.wikipedia.org\/wiki\/Geocaching\" rel=\"noopener noreferrer\" target=\"_blank\">Geocaching bei Wikipedia<\/a><br \/>\n<a href=\"https:\/\/www.geocaching.com\/guide\/\" rel=\"noopener noreferrer\" target=\"_blank\">Das 1&#215;1 des Geocaching<\/a><br \/>\n<a href=\"https:\/\/www.geocaching.com\" rel=\"noopener noreferrer\" target=\"_blank\">www.geocaching.com<\/a><\/p>\n<p>&nbsp;<br \/>\n<iframe loading=\"lazy\" width=\"640\" height=\"360\" src=\"https:\/\/www.youtube.com\/embed\/4JrEBedGJqc?rel=0\" frameborder=\"0\" allowfullscreen><\/iframe><\/p>\n<p>&nbsp;<\/p>\n<h5>Haftungsausschluss<\/h5>\n<p>Die Teilnahme am Spiel erfolgt auf eigenes Risiko und auf eigene Verantwortung und Gefahr. Versicherung ist Sache des Teilnehmers oder der Teilnehmerin. Die Haftung f\u00fcr Sch\u00e4den jeder Art wird ausgeschlossen.<\/p>\n<p>&nbsp;<\/p>\n","protected":false},"excerpt":{"rendered":"<p>\u201cKrimi in a Box\u201d ist ein\u00a0Outdoor-Krimi-Erlebnis der besonderen Art, bei dem Sie selbst in die Rolle des Ermittlers schl\u00fcpfen. Alles was Sie f\u00fcr eine Teilnahme ben\u00f6tigen ist ein Smartphone, etwas Zeit und einen ausgepr\u00e4gten Scharfsinn. Informieren Sie sich auf dieser Seite, wie Sie bei Ihren Ermittlungen am besten vorgehen. &nbsp; Los geht&#8217;s&#8230; Zu Beginn Ihrer [&hellip;]<\/p>\n","protected":false},"author":1,"featured_media":0,"parent":0,"menu_order":4,"comment_status":"closed","ping_status":"closed","template":"","meta":{"content-type":"","footnotes":""},"class_list":["post-75","page","type-page","status-publish","hentry"],"yoast_head":"<!-- This site is optimized with the Yoast SEO plugin v24.5 - https:\/\/yoast.com\/wordpress\/plugins\/seo\/ -->\n<title>Spielanleitung | Krimi in a Box<\/title>\n<meta name=\"robots\" content=\"noindex, follow, max-snippet:-1, max-image-preview:large, max-video-preview:-1\" \/>\n<meta property=\"og:locale\" content=\"de_DE\" \/>\n<meta property=\"og:type\" content=\"article\" \/>\n<meta property=\"og:title\" content=\"Spielanleitung | Krimi in a Box\" \/>\n<meta property=\"og:description\" content=\"\u201cKrimi in a Box\u201d ist ein\u00a0Outdoor-Krimi-Erlebnis der besonderen Art, bei dem Sie selbst in die Rolle des Ermittlers schl\u00fcpfen. Alles was Sie f\u00fcr eine Teilnahme ben\u00f6tigen ist ein Smartphone, etwas Zeit und einen ausgepr\u00e4gten Scharfsinn. Informieren Sie sich auf dieser Seite, wie Sie bei Ihren Ermittlungen am besten vorgehen. &nbsp; Los geht&#8217;s&#8230; Zu Beginn Ihrer [&hellip;]\" \/>\n<meta property=\"og:url\" content=\"https:\/\/krimispass.ch\/krimiinabox\/?page_id=75\" \/>\n<meta property=\"og:site_name\" content=\"Krimi in a Box\" \/>\n<meta property=\"article:modified_time\" content=\"2024-05-18T20:08:38+00:00\" \/>\n<meta property=\"og:image\" content=\"https:\/\/krimispass.ch\/krimiinabox\/wp-content\/uploads\/2013\/12\/Krimi_in_a_Box_transparent-300x199.png\" \/>\n<meta name=\"twitter:card\" content=\"summary_large_image\" \/>\n<meta name=\"twitter:label1\" content=\"Gesch\u00e4tzte Lesezeit\" \/>\n\t<meta name=\"twitter:data1\" content=\"3\u00a0Minuten\" \/>\n<script type=\"application\/ld+json\" class=\"yoast-schema-graph\">{\"@context\":\"https:\/\/schema.org\",\"@graph\":[{\"@type\":\"WebPage\",\"@id\":\"https:\/\/krimispass.ch\/krimiinabox\/?page_id=75\",\"url\":\"https:\/\/krimispass.ch\/krimiinabox\/?page_id=75\",\"name\":\"Spielanleitung | Krimi in a Box\",\"isPartOf\":{\"@id\":\"https:\/\/krimispass.ch\/krimiinabox\/#website\"},\"primaryImageOfPage\":{\"@id\":\"https:\/\/krimispass.ch\/krimiinabox\/?page_id=75#primaryimage\"},\"image\":{\"@id\":\"https:\/\/krimispass.ch\/krimiinabox\/?page_id=75#primaryimage\"},\"thumbnailUrl\":\"https:\/\/krimispass.ch\/krimiinabox\/wp-content\/uploads\/2013\/12\/Krimi_in_a_Box_transparent-300x199.png\",\"datePublished\":\"2013-12-13T15:51:02+00:00\",\"dateModified\":\"2024-05-18T20:08:38+00:00\",\"breadcrumb\":{\"@id\":\"https:\/\/krimispass.ch\/krimiinabox\/?page_id=75#breadcrumb\"},\"inLanguage\":\"de\",\"potentialAction\":[{\"@type\":\"ReadAction\",\"target\":[\"https:\/\/krimispass.ch\/krimiinabox\/?page_id=75\"]}]},{\"@type\":\"ImageObject\",\"inLanguage\":\"de\",\"@id\":\"https:\/\/krimispass.ch\/krimiinabox\/?page_id=75#primaryimage\",\"url\":\"https:\/\/krimispass.ch\/krimiinabox\/wp-content\/uploads\/2013\/12\/Krimi_in_a_Box_transparent.png\",\"contentUrl\":\"https:\/\/krimispass.ch\/krimiinabox\/wp-content\/uploads\/2013\/12\/Krimi_in_a_Box_transparent.png\",\"width\":1688,\"height\":1125},{\"@type\":\"BreadcrumbList\",\"@id\":\"https:\/\/krimispass.ch\/krimiinabox\/?page_id=75#breadcrumb\",\"itemListElement\":[{\"@type\":\"ListItem\",\"position\":1,\"name\":\"Startseite\",\"item\":\"https:\/\/krimispass.ch\/krimiinabox\/\"},{\"@type\":\"ListItem\",\"position\":2,\"name\":\"Spielanleitung\"}]},{\"@type\":\"WebSite\",\"@id\":\"https:\/\/krimispass.ch\/krimiinabox\/#website\",\"url\":\"https:\/\/krimispass.ch\/krimiinabox\/\",\"name\":\"Krimi in a Box\",\"description\":\"Ein m\u00f6rderisches Outdoor-Abenteuer\",\"potentialAction\":[{\"@type\":\"SearchAction\",\"target\":{\"@type\":\"EntryPoint\",\"urlTemplate\":\"https:\/\/krimispass.ch\/krimiinabox\/?s={search_term_string}\"},\"query-input\":{\"@type\":\"PropertyValueSpecification\",\"valueRequired\":true,\"valueName\":\"search_term_string\"}}],\"inLanguage\":\"de\"}]}<\/script>\n<!-- \/ Yoast SEO plugin. -->","yoast_head_json":{"title":"Spielanleitung | Krimi in a Box","robots":{"index":"noindex","follow":"follow","max-snippet":"max-snippet:-1","max-image-preview":"max-image-preview:large","max-video-preview":"max-video-preview:-1"},"og_locale":"de_DE","og_type":"article","og_title":"Spielanleitung | Krimi in a Box","og_description":"\u201cKrimi in a Box\u201d ist ein\u00a0Outdoor-Krimi-Erlebnis der besonderen Art, bei dem Sie selbst in die Rolle des Ermittlers schl\u00fcpfen. Alles was Sie f\u00fcr eine Teilnahme ben\u00f6tigen ist ein Smartphone, etwas Zeit und einen ausgepr\u00e4gten Scharfsinn. Informieren Sie sich auf dieser Seite, wie Sie bei Ihren Ermittlungen am besten vorgehen. &nbsp; Los geht&#8217;s&#8230; Zu Beginn Ihrer [&hellip;]","og_url":"https:\/\/krimispass.ch\/krimiinabox\/?page_id=75","og_site_name":"Krimi in a Box","article_modified_time":"2024-05-18T20:08:38+00:00","og_image":[{"url":"https:\/\/krimispass.ch\/krimiinabox\/wp-content\/uploads\/2013\/12\/Krimi_in_a_Box_transparent-300x199.png","type":"","width":"","height":""}],"twitter_card":"summary_large_image","twitter_misc":{"Gesch\u00e4tzte Lesezeit":"3\u00a0Minuten"},"schema":{"@context":"https:\/\/schema.org","@graph":[{"@type":"WebPage","@id":"https:\/\/krimispass.ch\/krimiinabox\/?page_id=75","url":"https:\/\/krimispass.ch\/krimiinabox\/?page_id=75","name":"Spielanleitung | Krimi in a Box","isPartOf":{"@id":"https:\/\/krimispass.ch\/krimiinabox\/#website"},"primaryImageOfPage":{"@id":"https:\/\/krimispass.ch\/krimiinabox\/?page_id=75#primaryimage"},"image":{"@id":"https:\/\/krimispass.ch\/krimiinabox\/?page_id=75#primaryimage"},"thumbnailUrl":"https:\/\/krimispass.ch\/krimiinabox\/wp-content\/uploads\/2013\/12\/Krimi_in_a_Box_transparent-300x199.png","datePublished":"2013-12-13T15:51:02+00:00","dateModified":"2024-05-18T20:08:38+00:00","breadcrumb":{"@id":"https:\/\/krimispass.ch\/krimiinabox\/?page_id=75#breadcrumb"},"inLanguage":"de","potentialAction":[{"@type":"ReadAction","target":["https:\/\/krimispass.ch\/krimiinabox\/?page_id=75"]}]},{"@type":"ImageObject","inLanguage":"de","@id":"https:\/\/krimispass.ch\/krimiinabox\/?page_id=75#primaryimage","url":"https:\/\/krimispass.ch\/krimiinabox\/wp-content\/uploads\/2013\/12\/Krimi_in_a_Box_transparent.png","contentUrl":"https:\/\/krimispass.ch\/krimiinabox\/wp-content\/uploads\/2013\/12\/Krimi_in_a_Box_transparent.png","width":1688,"height":1125},{"@type":"BreadcrumbList","@id":"https:\/\/krimispass.ch\/krimiinabox\/?page_id=75#breadcrumb","itemListElement":[{"@type":"ListItem","position":1,"name":"Startseite","item":"https:\/\/krimispass.ch\/krimiinabox\/"},{"@type":"ListItem","position":2,"name":"Spielanleitung"}]},{"@type":"WebSite","@id":"https:\/\/krimispass.ch\/krimiinabox\/#website","url":"https:\/\/krimispass.ch\/krimiinabox\/","name":"Krimi in a Box","description":"Ein m\u00f6rderisches Outdoor-Abenteuer","potentialAction":[{"@type":"SearchAction","target":{"@type":"EntryPoint","urlTemplate":"https:\/\/krimispass.ch\/krimiinabox\/?s={search_term_string}"},"query-input":{"@type":"PropertyValueSpecification","valueRequired":true,"valueName":"search_term_string"}}],"inLanguage":"de"}]}},"_links":{"self":[{"href":"https:\/\/krimispass.ch\/krimiinabox\/index.php?rest_route=\/wp\/v2\/pages\/75","targetHints":{"allow":["GET"]}}],"collection":[{"href":"https:\/\/krimispass.ch\/krimiinabox\/index.php?rest_route=\/wp\/v2\/pages"}],"about":[{"href":"https:\/\/krimispass.ch\/krimiinabox\/index.php?rest_route=\/wp\/v2\/types\/page"}],"author":[{"embeddable":true,"href":"https:\/\/krimispass.ch\/krimiinabox\/index.php?rest_route=\/wp\/v2\/users\/1"}],"replies":[{"embeddable":true,"href":"https:\/\/krimispass.ch\/krimiinabox\/index.php?rest_route=%2Fwp%2Fv2%2Fcomments&post=75"}],"version-history":[{"count":2,"href":"https:\/\/krimispass.ch\/krimiinabox\/index.php?rest_route=\/wp\/v2\/pages\/75\/revisions"}],"predecessor-version":[{"id":4488,"href":"https:\/\/krimispass.ch\/krimiinabox\/index.php?rest_route=\/wp\/v2\/pages\/75\/revisions\/4488"}],"wp:attachment":[{"href":"https:\/\/krimispass.ch\/krimiinabox\/index.php?rest_route=%2Fwp%2Fv2%2Fmedia&parent=75"}],"curies":[{"name":"wp","href":"https:\/\/api.w.org\/{rel}","templated":true}]}}