{"id":66,"date":"2013-12-13T15:40:07","date_gmt":"2013-12-13T15:40:07","guid":{"rendered":"https:\/\/krimispass.ch\/krimiinabox\/?page_id=66"},"modified":"2017-07-17T01:42:52","modified_gmt":"2017-07-16T23:42:52","slug":"die-verdaechtigen","status":"publish","type":"page","link":"https:\/\/krimispass.ch\/krimiinabox\/?page_id=66","title":{"rendered":"Die Verd\u00e4chtigen"},"content":{"rendered":"<p><img loading=\"lazy\" decoding=\"async\" class=\"alignright size-medium wp-image-936\" src=\"https:\/\/krimispass.ch\/krimiinabox\/wp-content\/uploads\/2013\/12\/Krimi_in_a_Box_transparent-300x199.png\" alt=\"Krimi in a Box\" width=\"300\" height=\"199\" srcset=\"https:\/\/krimispass.ch\/krimiinabox\/wp-content\/uploads\/2013\/12\/Krimi_in_a_Box_transparent-300x199.png 300w, https:\/\/krimispass.ch\/krimiinabox\/wp-content\/uploads\/2013\/12\/Krimi_in_a_Box_transparent-1024x682.png 1024w, https:\/\/krimispass.ch\/krimiinabox\/wp-content\/uploads\/2013\/12\/Krimi_in_a_Box_transparent.png 1688w\" sizes=\"auto, (max-width: 300px) 100vw, 300px\" \/><strong>Im Mordfall \u201cPaul S.\u201d gibt es mehrere Verd\u00e4chtige. Sie alle wurden bereits von der Polizei vernommen, jedoch erh\u00e4rtete sich gegen keine der Personen einen dringenden Tatverdacht.<\/strong><\/p>\n<p>In dieser Akte\u00a0wurden die wichtigsten Informationen zu den Verd\u00e4chtigen\u00a0gesammelt. Ausserdem\u00a0finden Sie hier\u00a0die Aussagen, welche w\u00e4hrend dem Verh\u00f6r bei der Polizei gemacht wurden.<\/p>\n<p>&nbsp;<\/p>\n<h5><img loading=\"lazy\" decoding=\"async\" class=\"alignleft size-medium wp-image-270\" src=\"https:\/\/krimispass.ch\/krimiinabox\/wp-content\/uploads\/2013\/12\/Patricia_M-200x300.jpg\" alt=\"Patricia M.\" width=\"200\" height=\"300\" srcset=\"https:\/\/krimispass.ch\/krimiinabox\/wp-content\/uploads\/2013\/12\/Patricia_M-200x300.jpg 200w, https:\/\/krimispass.ch\/krimiinabox\/wp-content\/uploads\/2013\/12\/Patricia_M.jpg 283w\" sizes=\"auto, (max-width: 200px) 100vw, 200px\" \/>Patricia M.<br \/>\nSekret\u00e4rin von Paul S.<\/h5>\n<p>Alter: 35 Jahre<br \/>\nWohnort: Kehrsatz<br \/>\nHand: Rechtsh\u00e4nderin<br \/>\nAuto: ein schwarzer Fiat<br \/>\nInteressen: Kosmetik, Schmuck, teure Autos<\/p>\n<p>&nbsp;<\/p>\n<p>&nbsp;<\/p>\n<p>&nbsp;<\/p>\n<p>&nbsp;<br \/>\n<strong>Haben Sie Paul S. umgebracht?<\/strong><br \/>\nUm Himmels Willen, nein! Ich habe Herrn S. nicht umgebracht! Warum sollte ich das tun? Er war immer ein sehr f\u00fcrsorglicher Chef und hat mich immer&#8230; wie soll ich sagen&#8230; vorz\u00fcglich behandelt. Ausserdem w\u00e4re ich gar nicht in der Lage, so etwas zu tun. Ich kann n\u00e4mlich kein Blut sehen!<\/p>\n<p><strong>Wo waren Sie zur Tatzeit?<\/strong><br \/>\nIch war an diesem Abend alleine zu Hause und habe ein Eukalyptus-Bad genossen. Danach ging ich ins Bett und schlief sofort ein. Sp\u00e4ter bin ich noch einmal aufgewacht, weil vor unserem Haus kurz die Alarmanlage eines parkierten Autos losging. Das war exakt um 22:41 Uhr. Ich habe n\u00e4mlich kurz auf den Wecker geschaut. Danach bin ich\u00a0bald wieder eingeschlafen. Meine G\u00fcte, wenn ich gewusst h\u00e4tte was an diesem Abend Schreckliches passiert, ich h\u00e4tte die ganze Nacht kein Auge zugetan.<\/p>\n<p><strong>Was denken Sie, wer Paul S. umgebracht hat?<\/strong><br \/>\nF\u00fcr mich ist klar, das war Lee! Er und Paul&#8230; eh, ich meine er und Herr S. hatten st\u00e4ndig Krach wegen irgendwelchen gesch\u00e4ftlichen Angelegenheiten. Dieser Lee ist sowieso ein komischer Typ! Er hat im Vietnam-Krieg gek\u00e4mpft und dort\u00a0im Gefecht seine rechte Hand verloren. Es lief mir immer heiss und kalt den R\u00fccken hinunter, wenn ich manchmal alleine mit ihm im B\u00fcro war. Ein unheimlicher Typ! Es war Lee, darauf w\u00fcrde ich meine Fingern\u00e4gel verwetten.<\/p>\n<p><strong>M\u00f6chten Sie sonst noch etwas sagen?<\/strong><br \/>\nEs ist einfach schrecklich, was passiert ist! Ich habe an jenem Tag vor seinem Verschwinden noch mehrmals mit ihm telefoniert&#8230; rein gesch\u00e4ftlich versteht sich. Der arme Herr S.! Er wird mir fehlen&#8230; ich meine nat\u00fcrlich uns&#8230; uns als Firma wird er fehlen! \u00c4hm&#8230; wissen Sie zuf\u00e4llig, wer seinen silbergrauen Mercedes erben wird?<\/p>\n<p>&nbsp;<\/p>\n<h5><img loading=\"lazy\" decoding=\"async\" class=\"alignleft size-medium wp-image-309\" src=\"https:\/\/krimispass.ch\/krimiinabox\/wp-content\/uploads\/2013\/12\/Lee_H-200x300.jpg\" alt=\"Lee H.\" width=\"200\" height=\"300\" srcset=\"https:\/\/krimispass.ch\/krimiinabox\/wp-content\/uploads\/2013\/12\/Lee_H-200x300.jpg 200w, https:\/\/krimispass.ch\/krimiinabox\/wp-content\/uploads\/2013\/12\/Lee_H.jpg 283w\" sizes=\"auto, (max-width: 200px) 100vw, 200px\" \/>Lee H.<br \/>\nGesch\u00e4ftspartner von Paul S.<\/h5>\n<p>Alter: 56 Jahre<br \/>\nWohnort: Belp<br \/>\nHand: Linksh\u00e4nder (hat die rechte Hand im Krieg verloren)<br \/>\nAuto: kein Auto, ist oft mit dem Zug unterwegs<br \/>\nInteressen: Asiatische K\u00fcche, Bonsai, Malen<\/p>\n<p>&nbsp;<\/p>\n<p>&nbsp;<\/p>\n<p>&nbsp;<\/p>\n<p>&nbsp;<br \/>\n<strong>Haben Sie etwas mit dem Mord an Paul S. zu tun?<\/strong><br \/>\nNein! Wissen Sie, ich bin praktizierender Buddhist. Eine solche\u00a0Tat w\u00fcrde mein Karma sehr negativ beeinflussen, das kann ich mir nicht leisten. Nein, im Ernst, warum sollte ich Paul umbringen? Er war mein Gesch\u00e4ftspartner. Unser Verh\u00e4ltnis war gut. Ich mache mir Sorgen, wie es ohne ihn weitergehen soll in der Firma. Nein, wirklich, ich habe mit dieser Sache nichts zu tun.<\/p>\n<p><strong>Haben Sie f\u00fcr die Tatzeit ein Alibi?<\/strong><br \/>\nIch war den ganzen Abend in der Firma und habe gearbeitet, bis sp\u00e4t in die Nacht hinein. Ich ging nur einmal kurz zum Bahnhof um am Selecta-Automaten Kaugummis zu holen. Das war kurz nach 22.00 Uhr. Danach bin\u00a0ich wieder ins B\u00fcro gegangen. Nach Hause ging ich erst\u00a0nach Mitternacht, mit dem letzten Zug.\u00a0Vermutlich werden Sie aber keinen\u00a0Zeugen finden, der das best\u00e4tigen kann. Der Bahnhof war menschenleer.<\/p>\n<p><strong>Wer k\u00f6nnte aus Ihrer Sicht der M\u00f6rder sein?<\/strong><br \/>\nNa wer wohl? Nat\u00fcrlich dieser Danilo. Der war mir von Anfang an suspekt! Ihm werden Verbindungen zur Mafia in Norditalien nachgesagt. Ich habe Paul immer gewarnt, er soll sich nicht mit diesem Typ einlassen. Aber Paul wollte nicht auf mich h\u00f6ren. Die beiden haben irgendwelche krummen Gesch\u00e4fte gemacht. Ich habe mich da aber raus gehalten, und kann deshalb\u00a0nicht mehr dazu sagen.<\/p>\n<p><strong>Sonst noch was?<\/strong><br \/>\nPaul war ein guter Mensch. Ich hoffe, dass wir uns in einem sp\u00e4teren Leben wieder einmal begegnen werden.<\/p>\n<p>&nbsp;<\/p>\n<h5><img loading=\"lazy\" decoding=\"async\" class=\"alignleft size-medium wp-image-268\" src=\"https:\/\/krimispass.ch\/krimiinabox\/wp-content\/uploads\/2013\/12\/Johanna_S-200x300.jpg\" alt=\"Johanna S.\" width=\"200\" height=\"300\" srcset=\"https:\/\/krimispass.ch\/krimiinabox\/wp-content\/uploads\/2013\/12\/Johanna_S-200x300.jpg 200w, https:\/\/krimispass.ch\/krimiinabox\/wp-content\/uploads\/2013\/12\/Johanna_S.jpg 283w\" sizes=\"auto, (max-width: 200px) 100vw, 200px\" \/>Johanna S.<br \/>\nWitwe des ermordeten Paul S.<\/h5>\n<p>Alter: 69 Jahre<br \/>\nWohnort: Kehrsatz<br \/>\nHand: Rechtsh\u00e4nderin<br \/>\nAuto: ein blauer Volvo<br \/>\nInteressen: Klassische Musik, Kunstausstellungen, Lesen<\/p>\n<p>&nbsp;<\/p>\n<p>&nbsp;<\/p>\n<p>&nbsp;<\/p>\n<p>&nbsp;<br \/>\n<strong>Haben Sie Ihren Mann ermordet?<\/strong><br \/>\nEin etwas piet\u00e4tloser Einstieg f\u00fcr die Einvernahme einer Frau, deren\u00a0Ehemann vor kurzem ermordet wurde, finden Sie nicht auch? &#8211; Nein, ich war es nicht. Sehen Sie mich doch an! Von meiner Postur her w\u00e4re ich unm\u00f6glich in der Lage gewesen, diese Tat zu ver\u00fcben. Wenn Sie mir nicht glauben, mein Arzt kann ihnen meine altersbedingten Gebrechen gerne best\u00e4tigen. Wie dem auch sei, es erstaunt mich offen gesagt nicht, dass es mit Paul ein solches Ende nahm. Mein Mann war ein\u00a0egozentrischer, hinterh\u00e4ltiger und\u00a0r\u00fccksichtsloser Mensch. Er hatte immer nur den eigenen Vorteil und Profit im Kopf.\u00a0Ich darf gar nicht daran denken, wie viele Leute er in seinem Leben \u00fcber den Tisch gezogen hat.<\/p>\n<p><strong>Wo waren Sie zur Tatzeit?<\/strong><br \/>\nNa wo wohl? Zu Hause nat\u00fcrlich! Um diese Zeit gehe ich doch nicht mehr raus. Mein Mann war an diesem Tag an einer Antiquit\u00e4tenmesse in Deutschland. Kurz nach 21:30 Uhr hat er mich angerufen und gesagt, dass er sp\u00e4ter nach Hause komme. Er\u00a0habe noch\u00a0kurzfristig eine Verabredung, sagte\u00a0er. Danach bin ich ins Bett gegangen. Als ich am Morgen erwachte und Paul nicht da war, ahnte ich bereits, dass etwas\u00a0Schlimmes passiert ist.<\/p>\n<p><strong>Haben Sie eine Idee, wer der M\u00f6rder Ihres Mannes sein k\u00f6nnte?<\/strong><br \/>\nFragen Sie lieber, wer es nicht sein k\u00f6nnte. Wie gesagt, mein Mann schuf sich in seinem Leben viele Feinde. Am ehesten vermute ich diesen&#8230; wie hiess er noch gleich&#8230; ah ja, genau, Armin P.! Mein Mann hat mir mehrmals erz\u00e4hlt, dass Herr P. ihm gegen\u00fcber handgreiflich geworden sei und ihm sogar drohte, ihn umzubringen. Gut m\u00f6glich, dass er dies nun in die Tat umgesetzt hat.<\/p>\n<p><strong>Gibt es sonst noch etwas, das Sie loswerden m\u00f6chten?<\/strong><br \/>\nWas der Mensch s\u00e4t, das wird er ernten. Mehr gibt es dazu nicht zu sagen.<\/p>\n<p>&nbsp;<\/p>\n<h5><img loading=\"lazy\" decoding=\"async\" class=\"alignleft size-medium wp-image-354\" src=\"https:\/\/krimispass.ch\/krimiinabox\/wp-content\/uploads\/2013\/12\/Danilo_F-200x300.jpg\" alt=\"Danilo F.\" width=\"200\" height=\"300\" srcset=\"https:\/\/krimispass.ch\/krimiinabox\/wp-content\/uploads\/2013\/12\/Danilo_F-200x300.jpg 200w, https:\/\/krimispass.ch\/krimiinabox\/wp-content\/uploads\/2013\/12\/Danilo_F.jpg 283w\" sizes=\"auto, (max-width: 200px) 100vw, 200px\" \/>Danilo F.<br \/>\nalter Bekannter von Paul S.<\/h5>\n<p>Alter: 41 Jahre<br \/>\nWohnort: Bern<br \/>\nHand: Linksh\u00e4nder<br \/>\nAuto: ein roter Maserati<br \/>\nInteressen: keine<\/p>\n<p>&nbsp;<\/p>\n<p>&nbsp;<\/p>\n<p>&nbsp;<\/p>\n<p>&nbsp;<br \/>\n<strong>Haben Sie etwas mit dem Mord an Paul S. zu tun?<\/strong><br \/>\nHeilige Mutter Maria, nein! Er war wie ein Bruder f\u00fcr mich.<\/p>\n<p><strong>Wo waren Sie zu der Zeit, als Paul S. ermordet wurde?<\/strong><br \/>\nIch war joggen. Im K\u00f6niztal. Ohne Scheiss Mann, das ist die Wahrheit! Ein solch\u00a0durchtrainierter K\u00f6rper\u00a0hat seinen Preis.<\/p>\n<p><strong>Was denken Sie, wer Paul S. umgebracht hat?<\/strong><br \/>\nSeine Frau. Ihre Ehe war eine einzige Katastrophe, ausserdem hatte Paul ein Verh\u00e4ltnis mit seiner Sekret\u00e4rin. Das hat seine Frau vermutlich herausgefunden und ihn umgelegt. Meine Meinung!<\/p>\n<p><strong>Sonst noch was?<\/strong><br \/>\nNein. Ich bin nicht sehr gespr\u00e4chig, wie sie vielleicht merken.<\/p>\n<p>&nbsp;<\/p>\n<h5><img loading=\"lazy\" decoding=\"async\" class=\"alignleft size-medium wp-image-355\" src=\"https:\/\/krimispass.ch\/krimiinabox\/wp-content\/uploads\/2013\/12\/Armin_P-200x300.jpg\" alt=\"Armin P.\" width=\"200\" height=\"300\" srcset=\"https:\/\/krimispass.ch\/krimiinabox\/wp-content\/uploads\/2013\/12\/Armin_P-200x300.jpg 200w, https:\/\/krimispass.ch\/krimiinabox\/wp-content\/uploads\/2013\/12\/Armin_P.jpg 283w\" sizes=\"auto, (max-width: 200px) 100vw, 200px\" \/>Armin P.<br \/>\nehemaliger Kunde von Paul S.<\/h5>\n<p>Alter:\u00a072 Jahre<br \/>\nWohnort: K\u00fchlewil bei Englisberg<br \/>\nHand: Rechtsh\u00e4nder<br \/>\nAuto: ein gr\u00fcner Citro\u00ebn<br \/>\nInteressen: Antiquit\u00e4ten, alte Heimatfilme, Garten<\/p>\n<p>&nbsp;<\/p>\n<p>&nbsp;<\/p>\n<p>&nbsp;<\/p>\n<p>&nbsp;<br \/>\n<strong>Haben Sie Paul S. umgebracht?<\/strong><br \/>\nNein, leider nicht! Aber es h\u00e4tte nicht mehr lange gedauert, und ich h\u00e4tte es getan! Aber wie es aussieht, ist mir nun jemand zuvor gekommen. Ich jedenfalls werde ihm keine Sekunde nachtrauern, diesem verlogene Gauner! Er hat mir vor Jahren ein paar wundersch\u00f6ne Antiquit\u00e4tenm\u00f6bel verkauft. Ich\u00a0habe ihm ein Verm\u00f6gen daf\u00fcr bezahlt! Schliesslich stellte sich heraus, dass alles Lug und Betrug war. Die M\u00f6bel waren eine F\u00e4lschung und absolut wertlos. Ich habe jahrelang einen Rechtsstreit gegen Paul S. gef\u00fchrt, aber immer verloren. Er stritt vor jedem Gericht systematisch ab, dass jemals Geld geflossen ist. Ich konnte leider nie das Gegenteil beweisen.<\/p>\n<p><strong>Wo waren Sie zur Tatzeit?<\/strong><br \/>\nNun&#8230; wie soll ich sagen? Ich weiss es nicht mehr. Das t\u00f6nt jetzt etwas komisch, ich weiss, aber es ist die Wahrheit. Ich war an diesem Abend im Restaurant Brunello und habe wohl etwas viel getrunken. Ich weiss weder was ich an diesem Abend noch alles gemacht habe, noch wie ich nach Hause gekommen bin. Aber einen Mord zu begehen, dazu w\u00e4re ich definitiv nicht mehr in der Lage gewesen. Das k\u00f6nnen Sie mir glauben.<\/p>\n<p><strong>Wer war es dann?<\/strong><br \/>\nIch k\u00f6nnte mir vorstellen, dass es die\u00a0reizende Frau M. war, seine Sekret\u00e4rin. In der Beiz\u00a0wurde mal das Ger\u00fccht herumgereicht, dass die beiden ein Verh\u00e4ltnis haben. Offenbar wollte Paul S. seine Frau aber nicht verlassen, vermutlich aus finanziellen Gr\u00fcnden. Das hat Frau M. zutiefst gekr\u00e4nkt und sie hat sich entschlossen, ihn\u00a0umzubringen. Aber wie gesagt, das ist lediglich eine Mutmassung die auf\u00a0Stammtisch-Ger\u00fcchten beruht. Bei all den krummen Gesch\u00e4ften die Paul S. gemacht hat, k\u00f6nnte es der halbe Kanton Bern gewesen sein.<\/p>\n<p><strong>M\u00f6chten Sie\u00a0sonst noch etwas sagen?<\/strong><br \/>\nNun, auch wenn ich Paul S. nicht ausstehen konnte&#8230; es ist mir ein Anliegen, seiner Familie mein Beileid auszusprechen.<\/p>\n<p>&nbsp;<\/p>\n<h5>Lesen Sie auch<\/h5>\n<p><a title=\"Was bisher geschah\" href=\"https:\/\/krimispass.ch\/krimiinabox\/?page_id=64\">Was bisher geschah<\/a><br \/>\n<a title=\"Die Schaupl\u00e4tze\" href=\"https:\/\/krimispass.ch\/krimiinabox\/?page_id=68\">Die Schaupl\u00e4tze<\/a><br \/>\n<a title=\"Spielanleitung\" href=\"https:\/\/krimispass.ch\/krimiinabox\/?page_id=75\">Spielanleitung<\/a><\/p>\n<p>&nbsp;<\/p>\n","protected":false},"excerpt":{"rendered":"<p>Im Mordfall \u201cPaul S.\u201d gibt es mehrere Verd\u00e4chtige. Sie alle wurden bereits von der Polizei vernommen, jedoch erh\u00e4rtete sich gegen keine der Personen einen dringenden Tatverdacht. In dieser Akte\u00a0wurden die wichtigsten Informationen zu den Verd\u00e4chtigen\u00a0gesammelt. Ausserdem\u00a0finden Sie hier\u00a0die Aussagen, welche w\u00e4hrend dem Verh\u00f6r bei der Polizei gemacht wurden. &nbsp; Patricia M. Sekret\u00e4rin von Paul S. [&hellip;]<\/p>\n","protected":false},"author":1,"featured_media":0,"parent":0,"menu_order":2,"comment_status":"closed","ping_status":"closed","template":"","meta":{"content-type":"","footnotes":""},"class_list":["post-66","page","type-page","status-publish","hentry"],"yoast_head":"<!-- This site is optimized with the Yoast SEO plugin v24.5 - https:\/\/yoast.com\/wordpress\/plugins\/seo\/ -->\n<title>Die Verd\u00e4chtigen | Krimi in a Box<\/title>\n<meta name=\"robots\" content=\"noindex, follow, max-snippet:-1, max-image-preview:large, max-video-preview:-1\" \/>\n<meta property=\"og:locale\" content=\"de_DE\" \/>\n<meta property=\"og:type\" content=\"article\" \/>\n<meta property=\"og:title\" content=\"Die Verd\u00e4chtigen | Krimi in a Box\" \/>\n<meta property=\"og:description\" content=\"Im Mordfall \u201cPaul S.\u201d gibt es mehrere Verd\u00e4chtige. Sie alle wurden bereits von der Polizei vernommen, jedoch erh\u00e4rtete sich gegen keine der Personen einen dringenden Tatverdacht. In dieser Akte\u00a0wurden die wichtigsten Informationen zu den Verd\u00e4chtigen\u00a0gesammelt. Ausserdem\u00a0finden Sie hier\u00a0die Aussagen, welche w\u00e4hrend dem Verh\u00f6r bei der Polizei gemacht wurden. &nbsp; Patricia M. Sekret\u00e4rin von Paul S. [&hellip;]\" \/>\n<meta property=\"og:url\" content=\"https:\/\/krimispass.ch\/krimiinabox\/?page_id=66\" \/>\n<meta property=\"og:site_name\" content=\"Krimi in a Box\" \/>\n<meta property=\"article:modified_time\" content=\"2017-07-16T23:42:52+00:00\" \/>\n<meta property=\"og:image\" content=\"https:\/\/krimispass.ch\/krimiinabox\/wp-content\/uploads\/2013\/12\/Krimi_in_a_Box_transparent-300x199.png\" \/>\n<meta name=\"twitter:card\" content=\"summary_large_image\" \/>\n<meta name=\"twitter:label1\" content=\"Gesch\u00e4tzte Lesezeit\" \/>\n\t<meta name=\"twitter:data1\" content=\"8\u00a0Minuten\" \/>\n<script type=\"application\/ld+json\" class=\"yoast-schema-graph\">{\"@context\":\"https:\/\/schema.org\",\"@graph\":[{\"@type\":\"WebPage\",\"@id\":\"https:\/\/krimispass.ch\/krimiinabox\/?page_id=66\",\"url\":\"https:\/\/krimispass.ch\/krimiinabox\/?page_id=66\",\"name\":\"Die Verd\u00e4chtigen | Krimi in a Box\",\"isPartOf\":{\"@id\":\"https:\/\/krimispass.ch\/krimiinabox\/#website\"},\"primaryImageOfPage\":{\"@id\":\"https:\/\/krimispass.ch\/krimiinabox\/?page_id=66#primaryimage\"},\"image\":{\"@id\":\"https:\/\/krimispass.ch\/krimiinabox\/?page_id=66#primaryimage\"},\"thumbnailUrl\":\"https:\/\/krimispass.ch\/krimiinabox\/wp-content\/uploads\/2013\/12\/Krimi_in_a_Box_transparent-300x199.png\",\"datePublished\":\"2013-12-13T15:40:07+00:00\",\"dateModified\":\"2017-07-16T23:42:52+00:00\",\"breadcrumb\":{\"@id\":\"https:\/\/krimispass.ch\/krimiinabox\/?page_id=66#breadcrumb\"},\"inLanguage\":\"de\",\"potentialAction\":[{\"@type\":\"ReadAction\",\"target\":[\"https:\/\/krimispass.ch\/krimiinabox\/?page_id=66\"]}]},{\"@type\":\"ImageObject\",\"inLanguage\":\"de\",\"@id\":\"https:\/\/krimispass.ch\/krimiinabox\/?page_id=66#primaryimage\",\"url\":\"https:\/\/krimispass.ch\/krimiinabox\/wp-content\/uploads\/2013\/12\/Krimi_in_a_Box_transparent.png\",\"contentUrl\":\"https:\/\/krimispass.ch\/krimiinabox\/wp-content\/uploads\/2013\/12\/Krimi_in_a_Box_transparent.png\",\"width\":1688,\"height\":1125},{\"@type\":\"BreadcrumbList\",\"@id\":\"https:\/\/krimispass.ch\/krimiinabox\/?page_id=66#breadcrumb\",\"itemListElement\":[{\"@type\":\"ListItem\",\"position\":1,\"name\":\"Startseite\",\"item\":\"https:\/\/krimispass.ch\/krimiinabox\/\"},{\"@type\":\"ListItem\",\"position\":2,\"name\":\"Die Verd\u00e4chtigen\"}]},{\"@type\":\"WebSite\",\"@id\":\"https:\/\/krimispass.ch\/krimiinabox\/#website\",\"url\":\"https:\/\/krimispass.ch\/krimiinabox\/\",\"name\":\"Krimi in a Box\",\"description\":\"Ein m\u00f6rderisches Outdoor-Abenteuer\",\"potentialAction\":[{\"@type\":\"SearchAction\",\"target\":{\"@type\":\"EntryPoint\",\"urlTemplate\":\"https:\/\/krimispass.ch\/krimiinabox\/?s={search_term_string}\"},\"query-input\":{\"@type\":\"PropertyValueSpecification\",\"valueRequired\":true,\"valueName\":\"search_term_string\"}}],\"inLanguage\":\"de\"}]}<\/script>\n<!-- \/ Yoast SEO plugin. -->","yoast_head_json":{"title":"Die Verd\u00e4chtigen | Krimi in a Box","robots":{"index":"noindex","follow":"follow","max-snippet":"max-snippet:-1","max-image-preview":"max-image-preview:large","max-video-preview":"max-video-preview:-1"},"og_locale":"de_DE","og_type":"article","og_title":"Die Verd\u00e4chtigen | Krimi in a Box","og_description":"Im Mordfall \u201cPaul S.\u201d gibt es mehrere Verd\u00e4chtige. Sie alle wurden bereits von der Polizei vernommen, jedoch erh\u00e4rtete sich gegen keine der Personen einen dringenden Tatverdacht. In dieser Akte\u00a0wurden die wichtigsten Informationen zu den Verd\u00e4chtigen\u00a0gesammelt. Ausserdem\u00a0finden Sie hier\u00a0die Aussagen, welche w\u00e4hrend dem Verh\u00f6r bei der Polizei gemacht wurden. &nbsp; Patricia M. Sekret\u00e4rin von Paul S. [&hellip;]","og_url":"https:\/\/krimispass.ch\/krimiinabox\/?page_id=66","og_site_name":"Krimi in a Box","article_modified_time":"2017-07-16T23:42:52+00:00","og_image":[{"url":"https:\/\/krimispass.ch\/krimiinabox\/wp-content\/uploads\/2013\/12\/Krimi_in_a_Box_transparent-300x199.png","type":"","width":"","height":""}],"twitter_card":"summary_large_image","twitter_misc":{"Gesch\u00e4tzte Lesezeit":"8\u00a0Minuten"},"schema":{"@context":"https:\/\/schema.org","@graph":[{"@type":"WebPage","@id":"https:\/\/krimispass.ch\/krimiinabox\/?page_id=66","url":"https:\/\/krimispass.ch\/krimiinabox\/?page_id=66","name":"Die Verd\u00e4chtigen | Krimi in a Box","isPartOf":{"@id":"https:\/\/krimispass.ch\/krimiinabox\/#website"},"primaryImageOfPage":{"@id":"https:\/\/krimispass.ch\/krimiinabox\/?page_id=66#primaryimage"},"image":{"@id":"https:\/\/krimispass.ch\/krimiinabox\/?page_id=66#primaryimage"},"thumbnailUrl":"https:\/\/krimispass.ch\/krimiinabox\/wp-content\/uploads\/2013\/12\/Krimi_in_a_Box_transparent-300x199.png","datePublished":"2013-12-13T15:40:07+00:00","dateModified":"2017-07-16T23:42:52+00:00","breadcrumb":{"@id":"https:\/\/krimispass.ch\/krimiinabox\/?page_id=66#breadcrumb"},"inLanguage":"de","potentialAction":[{"@type":"ReadAction","target":["https:\/\/krimispass.ch\/krimiinabox\/?page_id=66"]}]},{"@type":"ImageObject","inLanguage":"de","@id":"https:\/\/krimispass.ch\/krimiinabox\/?page_id=66#primaryimage","url":"https:\/\/krimispass.ch\/krimiinabox\/wp-content\/uploads\/2013\/12\/Krimi_in_a_Box_transparent.png","contentUrl":"https:\/\/krimispass.ch\/krimiinabox\/wp-content\/uploads\/2013\/12\/Krimi_in_a_Box_transparent.png","width":1688,"height":1125},{"@type":"BreadcrumbList","@id":"https:\/\/krimispass.ch\/krimiinabox\/?page_id=66#breadcrumb","itemListElement":[{"@type":"ListItem","position":1,"name":"Startseite","item":"https:\/\/krimispass.ch\/krimiinabox\/"},{"@type":"ListItem","position":2,"name":"Die Verd\u00e4chtigen"}]},{"@type":"WebSite","@id":"https:\/\/krimispass.ch\/krimiinabox\/#website","url":"https:\/\/krimispass.ch\/krimiinabox\/","name":"Krimi in a Box","description":"Ein m\u00f6rderisches Outdoor-Abenteuer","potentialAction":[{"@type":"SearchAction","target":{"@type":"EntryPoint","urlTemplate":"https:\/\/krimispass.ch\/krimiinabox\/?s={search_term_string}"},"query-input":{"@type":"PropertyValueSpecification","valueRequired":true,"valueName":"search_term_string"}}],"inLanguage":"de"}]}},"_links":{"self":[{"href":"https:\/\/krimispass.ch\/krimiinabox\/index.php?rest_route=\/wp\/v2\/pages\/66","targetHints":{"allow":["GET"]}}],"collection":[{"href":"https:\/\/krimispass.ch\/krimiinabox\/index.php?rest_route=\/wp\/v2\/pages"}],"about":[{"href":"https:\/\/krimispass.ch\/krimiinabox\/index.php?rest_route=\/wp\/v2\/types\/page"}],"author":[{"embeddable":true,"href":"https:\/\/krimispass.ch\/krimiinabox\/index.php?rest_route=\/wp\/v2\/users\/1"}],"replies":[{"embeddable":true,"href":"https:\/\/krimispass.ch\/krimiinabox\/index.php?rest_route=%2Fwp%2Fv2%2Fcomments&post=66"}],"version-history":[{"count":0,"href":"https:\/\/krimispass.ch\/krimiinabox\/index.php?rest_route=\/wp\/v2\/pages\/66\/revisions"}],"wp:attachment":[{"href":"https:\/\/krimispass.ch\/krimiinabox\/index.php?rest_route=%2Fwp%2Fv2%2Fmedia&parent=66"}],"curies":[{"name":"wp","href":"https:\/\/api.w.org\/{rel}","templated":true}]}}