{"id":3599,"date":"2017-01-31T22:06:38","date_gmt":"2017-01-31T21:06:38","guid":{"rendered":"https:\/\/krimispass.ch\/krimiinabox\/?page_id=3599"},"modified":"2024-12-15T12:57:47","modified_gmt":"2024-12-15T11:57:47","slug":"impressum","status":"publish","type":"page","link":"https:\/\/krimispass.ch\/krimiinabox\/?page_id=3599","title":{"rendered":"Impressum"},"content":{"rendered":"<h5><img loading=\"lazy\" decoding=\"async\" class=\"alignright size-medium wp-image-936\" alt=\"Krimi in a Box\" src=\"https:\/\/krimispass.ch\/krimiinabox\/wp-content\/uploads\/2013\/12\/Krimi_in_a_Box_transparent-300x199.png\" width=\"300\" height=\"199\" srcset=\"https:\/\/krimispass.ch\/krimiinabox\/wp-content\/uploads\/2013\/12\/Krimi_in_a_Box_transparent-300x199.png 300w, https:\/\/krimispass.ch\/krimiinabox\/wp-content\/uploads\/2013\/12\/Krimi_in_a_Box_transparent-1024x682.png 1024w, https:\/\/krimispass.ch\/krimiinabox\/wp-content\/uploads\/2013\/12\/Krimi_in_a_Box_transparent.png 1688w\" sizes=\"auto, (max-width: 300px) 100vw, 300px\" \/>Kontaktdaten<\/h5>\n<p>Tourify GmbH<br \/>\nBergblick 211<br \/>\nCH-3635 Uebeschi<\/p>\n<p>Tel +41 33 520 66 00<br \/>\n<a href=\"mailto:mail@tourify.ch\">mail@tourify.ch<\/a><br \/>\n<a href=\"https:\/\/www.tourify.ch\" rel=\"noopener noreferrer\" target=\"_blank\">www.tourify.ch<\/a><\/p>\n<p>Ansprechperson:<br \/>\nDavid Baumgartner, Gesch\u00e4ftsf\u00fchrer<\/p>\n<h5>Handelsregistereintrag<\/h5>\n<p>Eingetragener Firmenname: Tourify GmbH<br \/>\nFirmennummer: CHE-381.821.924<br \/>\nHandelsregisteramt: Kanton Bern<\/p>\n<h5>Mehrwertsteuernummer<\/h5>\n<p>CHE-381.821.924 MWST<br \/>\n&nbsp;<\/p>\n<h5>Allgemeiner Hinweis<\/h5>\n<p>Um die Lesefreundlichkeit der Website zu verbessern, wird an einigen Stellen bei Personenbezeichnungen und personenbezogenen Hauptw\u00f6rtern ausschliesslich die m\u00e4nnliche Form verwendet. Im Sinne der Gleichbehandlung gelten entsprechende Begriffe f\u00fcr alle Geschlechter. Die verk\u00fcrzte Sprachform hat redaktionelle Gr\u00fcnde und beinhaltet keine Wertung.<br \/>\n<a name=\"teilnahmebedingungen\"><\/a><\/p>\n<h5>Haftungsausschluss und Teilnahmebedingungen<\/h5>\n<p>Die Teilnahme an den interaktiven Spielen von KrimiSpass.ch erfolgt auf eigenes Risiko und auf eigene Verantwortung und Gefahr. Versicherung ist Sache der Teilnehmenden. Die Haftung f\u00fcr Sch\u00e4den jeder Art wird ausgeschlossen.<\/p>\n<p>Der Autor \u00fcbernimmt keinerlei Gew\u00e4hr hinsichtlich der inhaltlichen Richtigkeit, Genauigkeit, Aktualit\u00e4t, Zuverl\u00e4ssigkeit und Vollst\u00e4ndigkeit der Informationen.<\/p>\n<p>Haftungsanspr\u00fcche gegen den Autor wegen Sch\u00e4den materieller oder immaterieller Art, welche aus dem Zugriff oder der Nutzung bzw. Nichtnutzung der ver\u00f6ffentlichten Informationen, durch Missbrauch der Verbindung oder durch technische St\u00f6rungen entstanden sind, werden ausgeschlossen.<\/p>\n<p>Alle Angebote sind unverbindlich. Der Autor beh\u00e4lt es sich ausdr\u00fccklich vor, Teile der Seiten oder das gesamte Angebot ohne gesonderte Ank\u00fcndigung zu ver\u00e4ndern, zu erg\u00e4nzen, zu l\u00f6schen oder die Ver\u00f6ffentlichung zeitweise oder endg\u00fcltig einzustellen.<\/p>\n<h5>Haftung f\u00fcr Links<\/h5>\n<p>Unser Angebot enth\u00e4lt Links zu externen Websites Dritter, auf deren Inhalte wir keinen Einfluss haben. Deshalb k\u00f6nnen wir f\u00fcr diese fremden Inhalte auch keine Gew\u00e4hr \u00fcbernehmen. F\u00fcr die Inhalte der verlinkten Seiten ist stets der jeweilige Anbieter oder Betreiber der Seiten verantwortlich. Die verlinkten Seiten wurden zum Zeitpunkt der Verlinkung auf m\u00f6gliche Rechtsverst\u00f6sse \u00fcberpr\u00fcft. Rechtswidrige Inhalte waren zum Zeitpunkt der Verlinkung nicht erkennbar.<\/p>\n<p>Eine permanente inhaltliche Kontrolle der verlinkten Seiten ist jedoch ohne konkrete Anhaltspunkte einer Rechtsverletzung nicht zumutbar. Bei Bekanntwerden von Rechtsverletzungen werden wir derartige Links umgehend entfernen.<\/p>\n<p><script src=\"https:\/\/www.privacybee.ch\/widget.js\"><\/script>\n<privacybee-widget website-id=\"clbw7tfa3111900yynklaucu29\" lang=\"de\"><\/privacybee-widget>\n<p>&nbsp;<\/p>\n<h5>Anwendbares Recht und Gerichtsstand<\/h5>\n<p>Vorbeh\u00e4ltlich anderer gesetzlicher Bestimmungen unterstehen das vorliegende Webangebot und dessen Benutzung sowie Services und Dienstleistungen, welche mit dem Webangebot in Zusammenhang stehen, ausschliesslich schweizerischem Recht. Ausschliesslicher Gerichtsstand f\u00fcr alle im Zusammenhang mit der Benutzung dieses Webangebots stehenden Streitigkeiten ist der Gerichtsstand der Gemeinde Uebeschi.<\/p>\n<h5>Bildernachweis<\/h5>\n<p>Messer mit Blut: \u00a9 Dmitry Naumov \/ Fotolia<br \/>\nDetektiv mit Hut: \u00a9 eldadcarin \/ Fotolia<br \/>\nLeichen-Fundort: \u00a9 LukaTDB \/ Fotolia<br \/>\nF\u00fcsse einer Leiche: \u00a9 carla9 \/ Fotolia<br \/>\nPaul S.: \u00a9 JPC-PROD \/ Fotolia<br \/>\nPatricia M.: \u00a9 Andi.es \/ Fotolia<br \/>\nJohanna S.: \u00a9 JPC-PROD \/ Fotolia<br \/>\nLee H.: \u00a9 delkoo \/ Fotolia<br \/>\nDanilo F.: \u00a9 asife \/ Fotolia<br \/>\nArmin P.: \u00a9 jinga80 \/ Fotolia<\/p>\n<p>&nbsp;<\/p>\n","protected":false},"excerpt":{"rendered":"<p>Kontaktdaten Tourify GmbH Bergblick 211 CH-3635 Uebeschi Tel +41 33 520 66 00 mail@tourify.ch www.tourify.ch Ansprechperson: David Baumgartner, Gesch\u00e4ftsf\u00fchrer Handelsregistereintrag Eingetragener Firmenname: Tourify GmbH Firmennummer: CHE-381.821.924 Handelsregisteramt: Kanton Bern Mehrwertsteuernummer CHE-381.821.924 MWST &nbsp; Allgemeiner Hinweis Um die Lesefreundlichkeit der Website zu verbessern, wird an einigen Stellen bei Personenbezeichnungen und personenbezogenen Hauptw\u00f6rtern ausschliesslich die m\u00e4nnliche Form [&hellip;]<\/p>\n","protected":false},"author":1,"featured_media":0,"parent":0,"menu_order":9,"comment_status":"closed","ping_status":"closed","template":"","meta":{"content-type":"","footnotes":""},"class_list":["post-3599","page","type-page","status-publish","hentry"],"yoast_head":"<!-- This site is optimized with the Yoast SEO plugin v24.5 - https:\/\/yoast.com\/wordpress\/plugins\/seo\/ -->\n<title>Impressum | Krimi in a Box<\/title>\n<meta name=\"robots\" content=\"noindex, nofollow\" \/>\n<meta property=\"og:locale\" content=\"de_DE\" \/>\n<meta property=\"og:type\" content=\"article\" \/>\n<meta property=\"og:title\" content=\"Impressum | Krimi in a Box\" \/>\n<meta property=\"og:description\" content=\"Kontaktdaten Tourify GmbH Bergblick 211 CH-3635 Uebeschi Tel +41 33 520 66 00 mail@tourify.ch www.tourify.ch Ansprechperson: David Baumgartner, Gesch\u00e4ftsf\u00fchrer Handelsregistereintrag Eingetragener Firmenname: Tourify GmbH Firmennummer: CHE-381.821.924 Handelsregisteramt: Kanton Bern Mehrwertsteuernummer CHE-381.821.924 MWST &nbsp; Allgemeiner Hinweis Um die Lesefreundlichkeit der Website zu verbessern, wird an einigen Stellen bei Personenbezeichnungen und personenbezogenen Hauptw\u00f6rtern ausschliesslich die m\u00e4nnliche Form [&hellip;]\" \/>\n<meta property=\"og:url\" content=\"https:\/\/krimispass.ch\/krimiinabox\/?page_id=3599\" \/>\n<meta property=\"og:site_name\" content=\"Krimi in a Box\" \/>\n<meta property=\"article:modified_time\" content=\"2024-12-15T11:57:47+00:00\" \/>\n<meta property=\"og:image\" content=\"https:\/\/krimispass.ch\/krimiinabox\/wp-content\/uploads\/2013\/12\/Krimi_in_a_Box_transparent.png\" \/>\n\t<meta property=\"og:image:width\" content=\"1688\" \/>\n\t<meta property=\"og:image:height\" content=\"1125\" \/>\n\t<meta property=\"og:image:type\" content=\"image\/png\" \/>\n<meta name=\"twitter:card\" content=\"summary_large_image\" \/>\n<meta name=\"twitter:label1\" content=\"Gesch\u00e4tzte Lesezeit\" \/>\n\t<meta name=\"twitter:data1\" content=\"3\u00a0Minuten\" \/>\n<script type=\"application\/ld+json\" class=\"yoast-schema-graph\">{\"@context\":\"https:\/\/schema.org\",\"@graph\":[{\"@type\":\"WebPage\",\"@id\":\"https:\/\/krimispass.ch\/krimiinabox\/?page_id=3599\",\"url\":\"https:\/\/krimispass.ch\/krimiinabox\/?page_id=3599\",\"name\":\"Impressum | Krimi in a Box\",\"isPartOf\":{\"@id\":\"https:\/\/krimispass.ch\/krimiinabox\/#website\"},\"primaryImageOfPage\":{\"@id\":\"https:\/\/krimispass.ch\/krimiinabox\/?page_id=3599#primaryimage\"},\"image\":{\"@id\":\"https:\/\/krimispass.ch\/krimiinabox\/?page_id=3599#primaryimage\"},\"thumbnailUrl\":\"https:\/\/krimispass.ch\/krimiinabox\/wp-content\/uploads\/2013\/12\/Krimi_in_a_Box_transparent-300x199.png\",\"datePublished\":\"2017-01-31T21:06:38+00:00\",\"dateModified\":\"2024-12-15T11:57:47+00:00\",\"breadcrumb\":{\"@id\":\"https:\/\/krimispass.ch\/krimiinabox\/?page_id=3599#breadcrumb\"},\"inLanguage\":\"de\",\"potentialAction\":[{\"@type\":\"ReadAction\",\"target\":[\"https:\/\/krimispass.ch\/krimiinabox\/?page_id=3599\"]}]},{\"@type\":\"ImageObject\",\"inLanguage\":\"de\",\"@id\":\"https:\/\/krimispass.ch\/krimiinabox\/?page_id=3599#primaryimage\",\"url\":\"https:\/\/krimispass.ch\/krimiinabox\/wp-content\/uploads\/2013\/12\/Krimi_in_a_Box_transparent.png\",\"contentUrl\":\"https:\/\/krimispass.ch\/krimiinabox\/wp-content\/uploads\/2013\/12\/Krimi_in_a_Box_transparent.png\",\"width\":1688,\"height\":1125},{\"@type\":\"BreadcrumbList\",\"@id\":\"https:\/\/krimispass.ch\/krimiinabox\/?page_id=3599#breadcrumb\",\"itemListElement\":[{\"@type\":\"ListItem\",\"position\":1,\"name\":\"Startseite\",\"item\":\"https:\/\/krimispass.ch\/krimiinabox\/\"},{\"@type\":\"ListItem\",\"position\":2,\"name\":\"Impressum\"}]},{\"@type\":\"WebSite\",\"@id\":\"https:\/\/krimispass.ch\/krimiinabox\/#website\",\"url\":\"https:\/\/krimispass.ch\/krimiinabox\/\",\"name\":\"Krimi in a Box\",\"description\":\"Ein m\u00f6rderisches Outdoor-Abenteuer\",\"potentialAction\":[{\"@type\":\"SearchAction\",\"target\":{\"@type\":\"EntryPoint\",\"urlTemplate\":\"https:\/\/krimispass.ch\/krimiinabox\/?s={search_term_string}\"},\"query-input\":{\"@type\":\"PropertyValueSpecification\",\"valueRequired\":true,\"valueName\":\"search_term_string\"}}],\"inLanguage\":\"de\"}]}<\/script>\n<!-- \/ Yoast SEO plugin. -->","yoast_head_json":{"title":"Impressum | Krimi in a Box","robots":{"index":"noindex","follow":"nofollow"},"og_locale":"de_DE","og_type":"article","og_title":"Impressum | Krimi in a Box","og_description":"Kontaktdaten Tourify GmbH Bergblick 211 CH-3635 Uebeschi Tel +41 33 520 66 00 mail@tourify.ch www.tourify.ch Ansprechperson: David Baumgartner, Gesch\u00e4ftsf\u00fchrer Handelsregistereintrag Eingetragener Firmenname: Tourify GmbH Firmennummer: CHE-381.821.924 Handelsregisteramt: Kanton Bern Mehrwertsteuernummer CHE-381.821.924 MWST &nbsp; Allgemeiner Hinweis Um die Lesefreundlichkeit der Website zu verbessern, wird an einigen Stellen bei Personenbezeichnungen und personenbezogenen Hauptw\u00f6rtern ausschliesslich die m\u00e4nnliche Form [&hellip;]","og_url":"https:\/\/krimispass.ch\/krimiinabox\/?page_id=3599","og_site_name":"Krimi in a Box","article_modified_time":"2024-12-15T11:57:47+00:00","og_image":[{"width":1688,"height":1125,"url":"https:\/\/krimispass.ch\/krimiinabox\/wp-content\/uploads\/2013\/12\/Krimi_in_a_Box_transparent.png","type":"image\/png"}],"twitter_card":"summary_large_image","twitter_misc":{"Gesch\u00e4tzte Lesezeit":"3\u00a0Minuten"},"schema":{"@context":"https:\/\/schema.org","@graph":[{"@type":"WebPage","@id":"https:\/\/krimispass.ch\/krimiinabox\/?page_id=3599","url":"https:\/\/krimispass.ch\/krimiinabox\/?page_id=3599","name":"Impressum | Krimi in a Box","isPartOf":{"@id":"https:\/\/krimispass.ch\/krimiinabox\/#website"},"primaryImageOfPage":{"@id":"https:\/\/krimispass.ch\/krimiinabox\/?page_id=3599#primaryimage"},"image":{"@id":"https:\/\/krimispass.ch\/krimiinabox\/?page_id=3599#primaryimage"},"thumbnailUrl":"https:\/\/krimispass.ch\/krimiinabox\/wp-content\/uploads\/2013\/12\/Krimi_in_a_Box_transparent-300x199.png","datePublished":"2017-01-31T21:06:38+00:00","dateModified":"2024-12-15T11:57:47+00:00","breadcrumb":{"@id":"https:\/\/krimispass.ch\/krimiinabox\/?page_id=3599#breadcrumb"},"inLanguage":"de","potentialAction":[{"@type":"ReadAction","target":["https:\/\/krimispass.ch\/krimiinabox\/?page_id=3599"]}]},{"@type":"ImageObject","inLanguage":"de","@id":"https:\/\/krimispass.ch\/krimiinabox\/?page_id=3599#primaryimage","url":"https:\/\/krimispass.ch\/krimiinabox\/wp-content\/uploads\/2013\/12\/Krimi_in_a_Box_transparent.png","contentUrl":"https:\/\/krimispass.ch\/krimiinabox\/wp-content\/uploads\/2013\/12\/Krimi_in_a_Box_transparent.png","width":1688,"height":1125},{"@type":"BreadcrumbList","@id":"https:\/\/krimispass.ch\/krimiinabox\/?page_id=3599#breadcrumb","itemListElement":[{"@type":"ListItem","position":1,"name":"Startseite","item":"https:\/\/krimispass.ch\/krimiinabox\/"},{"@type":"ListItem","position":2,"name":"Impressum"}]},{"@type":"WebSite","@id":"https:\/\/krimispass.ch\/krimiinabox\/#website","url":"https:\/\/krimispass.ch\/krimiinabox\/","name":"Krimi in a Box","description":"Ein m\u00f6rderisches Outdoor-Abenteuer","potentialAction":[{"@type":"SearchAction","target":{"@type":"EntryPoint","urlTemplate":"https:\/\/krimispass.ch\/krimiinabox\/?s={search_term_string}"},"query-input":{"@type":"PropertyValueSpecification","valueRequired":true,"valueName":"search_term_string"}}],"inLanguage":"de"}]}},"_links":{"self":[{"href":"https:\/\/krimispass.ch\/krimiinabox\/index.php?rest_route=\/wp\/v2\/pages\/3599","targetHints":{"allow":["GET"]}}],"collection":[{"href":"https:\/\/krimispass.ch\/krimiinabox\/index.php?rest_route=\/wp\/v2\/pages"}],"about":[{"href":"https:\/\/krimispass.ch\/krimiinabox\/index.php?rest_route=\/wp\/v2\/types\/page"}],"author":[{"embeddable":true,"href":"https:\/\/krimispass.ch\/krimiinabox\/index.php?rest_route=\/wp\/v2\/users\/1"}],"replies":[{"embeddable":true,"href":"https:\/\/krimispass.ch\/krimiinabox\/index.php?rest_route=%2Fwp%2Fv2%2Fcomments&post=3599"}],"version-history":[{"count":5,"href":"https:\/\/krimispass.ch\/krimiinabox\/index.php?rest_route=\/wp\/v2\/pages\/3599\/revisions"}],"predecessor-version":[{"id":4511,"href":"https:\/\/krimispass.ch\/krimiinabox\/index.php?rest_route=\/wp\/v2\/pages\/3599\/revisions\/4511"}],"wp:attachment":[{"href":"https:\/\/krimispass.ch\/krimiinabox\/index.php?rest_route=%2Fwp%2Fv2%2Fmedia&parent=3599"}],"curies":[{"name":"wp","href":"https:\/\/api.w.org\/{rel}","templated":true}]}}