{"id":2874,"date":"2015-08-14T20:51:25","date_gmt":"2015-08-14T18:51:25","guid":{"rendered":"https:\/\/krimispass.ch\/krimiinabox\/?page_id=2874"},"modified":"2019-07-04T07:36:22","modified_gmt":"2019-07-04T05:36:22","slug":"zeugenaussage-des-landwirts-ohne-passwort","status":"publish","type":"page","link":"https:\/\/krimispass.ch\/krimiinabox\/?page_id=2874","title":{"rendered":"Zeugenaussage des Landwirts"},"content":{"rendered":"<p><img loading=\"lazy\" decoding=\"async\" class=\"alignright size-medium wp-image-936\" alt=\"Krimi in a Box\" src=\"https:\/\/krimispass.ch\/krimiinabox\/wp-content\/uploads\/2013\/12\/Krimi_in_a_Box_transparent-300x199.png\" width=\"300\" height=\"199\" srcset=\"https:\/\/krimispass.ch\/krimiinabox\/wp-content\/uploads\/2013\/12\/Krimi_in_a_Box_transparent-300x199.png 300w, https:\/\/krimispass.ch\/krimiinabox\/wp-content\/uploads\/2013\/12\/Krimi_in_a_Box_transparent-1024x682.png 1024w, https:\/\/krimispass.ch\/krimiinabox\/wp-content\/uploads\/2013\/12\/Krimi_in_a_Box_transparent.png 1688w\" sizes=\"auto, (max-width: 300px) 100vw, 300px\" \/><b>Beat Zbinden, ein Landwirt aus K\u00fchlewil, wollte sp\u00e4t abends noch nach Kehrsatz auf ein Feierabend-Bier fahren. Das war in jener Nacht, als Paul S. ermordet wurde.<\/b><\/p>\n<p>Er wartete bei der Bushaltestelle &#8222;Englisberg, Abzw. K\u00fchlewil&#8220; auf das Postauto, als er eine merkw\u00fcrdige Beobachtung machte. Ob diese etwas mit dem Mord an Paul S. zu tun hat? Aber lesen Sie selber, was Beat Zbinden der Polizei zu Protokoll gab.<br \/>\n&nbsp;<\/p>\n<h5><a href=\"https:\/\/krimispass.ch\/krimiinabox\/wp-content\/uploads\/2013\/12\/DSC_0018.jpg\"><img loading=\"lazy\" decoding=\"async\" class=\"alignleft size-thumbnail wp-image-1031\" alt=\"Bushaltestelle K\u00fchlewil\" src=\"https:\/\/krimispass.ch\/krimiinabox\/wp-content\/uploads\/2013\/12\/DSC_0018-150x150.jpg\" width=\"150\" height=\"150\" \/><\/a>Zeugenaussage von Beat Zbinden<\/h5>\n<p>Ich wollte an jenem Abend noch nach Kehrsatz auf ein Bier. Ich hatte mein T\u00f6ffli am Vortag beim Bahnhof Kehrsatz\u00a0abgestellt und beabsichtigte sp\u00e4ter mit diesem wieder heim zu fahren. Ich wartete also bei der Bushaltestelle &#8222;Englisberg, Abzw. K\u00fchlewil&#8220; auf das Postauto. Kurz vor 22:30 Uhr kam das andere Postauto von Kehrsatz her und hielt bei der Haltestelle auf der gegen\u00fcberliegenden Strassenseite. Armin P. stieg aus. Ich kenne ihn seit vielen Jahren, wir sind quasi Nachbarn. Er sah gar nicht gut aus, vermutlich hat er wieder mal zu viel getrunken.<\/p>\n<p><img loading=\"lazy\" decoding=\"async\" class=\"alignright size-thumbnail wp-image-355\" alt=\"Armin P.\" src=\"https:\/\/krimispass.ch\/krimiinabox\/wp-content\/uploads\/2013\/12\/Armin_P-150x150.jpg\" width=\"150\" height=\"150\" \/>Er blieb sicher noch fast\u00a0zehn Minuten bei der Haltestelle. Es sah so aus, als w\u00e4re es ihm hundeelend und w\u00e4re er nicht in der Lage, nach Hause zu gehen. Ich h\u00e4tte ja eigentlich zu ihm r\u00fcber gehen k\u00f6nnen, aber ich hatte ehrlich gesagt ein bisschen Angst. Ich sah n\u00e4mlich, dass er ein Messer bei sich hatte. Und wenn Armin betrunken ist, kann er ziemlich aggressiv werden. Jedenfalls\u00a0ist er\u00a0dann pl\u00f6tzlich\u00a0doch\u00a0die Strasse hinauf Richtung K\u00fchlewil getorkelt und in der Dunkelheit verwunden. Wenig sp\u00e4ter kam mein Postauto und ich fuhr nach Kehrsatz ins Brunello. Die Serviertochter und der Chefkellner waren an diesem Abend irgendwie voll komisch drauf, aber fragen Sie mich nicht wieso.<\/p>\n<p>&nbsp;<br \/>\n<a href=\"https:\/\/krimispass.ch\/krimiinabox\/?page_id=68\" title=\"Die Schaupl\u00e4tze\">Zur\u00fcck zu den Schaupl\u00e4tzen<\/a><\/p>\n<p>&nbsp;<\/p>\n","protected":false},"excerpt":{"rendered":"<p>Beat Zbinden, ein Landwirt aus K\u00fchlewil, wollte sp\u00e4t abends noch nach Kehrsatz auf ein Feierabend-Bier fahren. Das war in jener Nacht, als Paul S. ermordet wurde. Er wartete bei der Bushaltestelle &#8222;Englisberg, Abzw. K\u00fchlewil&#8220; auf das Postauto, als er eine merkw\u00fcrdige Beobachtung machte. Ob diese etwas mit dem Mord an Paul S. zu tun hat? [&hellip;]<\/p>\n","protected":false},"author":1,"featured_media":0,"parent":652,"menu_order":382,"comment_status":"closed","ping_status":"closed","template":"","meta":{"content-type":"","footnotes":""},"class_list":["post-2874","page","type-page","status-publish","hentry"],"yoast_head":"<!-- This site is optimized with the Yoast SEO plugin v24.5 - https:\/\/yoast.com\/wordpress\/plugins\/seo\/ -->\n<title>Zeugenaussage des Landwirts | Krimi in a Box<\/title>\n<meta name=\"robots\" content=\"noindex, nofollow\" \/>\n<meta property=\"og:locale\" content=\"de_DE\" \/>\n<meta property=\"og:type\" content=\"article\" \/>\n<meta property=\"og:title\" content=\"Zeugenaussage des Landwirts | Krimi in a Box\" \/>\n<meta property=\"og:description\" content=\"Beat Zbinden, ein Landwirt aus K\u00fchlewil, wollte sp\u00e4t abends noch nach Kehrsatz auf ein Feierabend-Bier fahren. Das war in jener Nacht, als Paul S. ermordet wurde. Er wartete bei der Bushaltestelle &#8222;Englisberg, Abzw. K\u00fchlewil&#8220; auf das Postauto, als er eine merkw\u00fcrdige Beobachtung machte. Ob diese etwas mit dem Mord an Paul S. zu tun hat? [&hellip;]\" \/>\n<meta property=\"og:url\" content=\"https:\/\/krimispass.ch\/krimiinabox\/?page_id=2874\" \/>\n<meta property=\"og:site_name\" content=\"Krimi in a Box\" \/>\n<meta property=\"article:modified_time\" content=\"2019-07-04T05:36:22+00:00\" \/>\n<meta property=\"og:image\" content=\"https:\/\/krimispass.ch\/krimiinabox\/wp-content\/uploads\/2013\/12\/Krimi_in_a_Box_transparent-300x199.png\" \/>\n<meta name=\"twitter:card\" content=\"summary_large_image\" \/>\n<meta name=\"twitter:label1\" content=\"Gesch\u00e4tzte Lesezeit\" \/>\n\t<meta name=\"twitter:data1\" content=\"2\u00a0Minuten\" \/>\n<script type=\"application\/ld+json\" class=\"yoast-schema-graph\">{\"@context\":\"https:\/\/schema.org\",\"@graph\":[{\"@type\":\"WebPage\",\"@id\":\"https:\/\/krimispass.ch\/krimiinabox\/?page_id=2874\",\"url\":\"https:\/\/krimispass.ch\/krimiinabox\/?page_id=2874\",\"name\":\"Zeugenaussage des Landwirts | Krimi in a Box\",\"isPartOf\":{\"@id\":\"https:\/\/krimispass.ch\/krimiinabox\/#website\"},\"primaryImageOfPage\":{\"@id\":\"https:\/\/krimispass.ch\/krimiinabox\/?page_id=2874#primaryimage\"},\"image\":{\"@id\":\"https:\/\/krimispass.ch\/krimiinabox\/?page_id=2874#primaryimage\"},\"thumbnailUrl\":\"https:\/\/krimispass.ch\/krimiinabox\/wp-content\/uploads\/2013\/12\/Krimi_in_a_Box_transparent-300x199.png\",\"datePublished\":\"2015-08-14T18:51:25+00:00\",\"dateModified\":\"2019-07-04T05:36:22+00:00\",\"breadcrumb\":{\"@id\":\"https:\/\/krimispass.ch\/krimiinabox\/?page_id=2874#breadcrumb\"},\"inLanguage\":\"de\",\"potentialAction\":[{\"@type\":\"ReadAction\",\"target\":[\"https:\/\/krimispass.ch\/krimiinabox\/?page_id=2874\"]}]},{\"@type\":\"ImageObject\",\"inLanguage\":\"de\",\"@id\":\"https:\/\/krimispass.ch\/krimiinabox\/?page_id=2874#primaryimage\",\"url\":\"https:\/\/krimispass.ch\/krimiinabox\/wp-content\/uploads\/2013\/12\/Krimi_in_a_Box_transparent.png\",\"contentUrl\":\"https:\/\/krimispass.ch\/krimiinabox\/wp-content\/uploads\/2013\/12\/Krimi_in_a_Box_transparent.png\",\"width\":1688,\"height\":1125},{\"@type\":\"BreadcrumbList\",\"@id\":\"https:\/\/krimispass.ch\/krimiinabox\/?page_id=2874#breadcrumb\",\"itemListElement\":[{\"@type\":\"ListItem\",\"position\":1,\"name\":\"Startseite\",\"item\":\"https:\/\/krimispass.ch\/krimiinabox\/\"},{\"@type\":\"ListItem\",\"position\":2,\"name\":\"Die Schaupl\u00e4tze\",\"item\":\"https:\/\/krimispass.ch\/krimiinabox\/?page_id=68\"},{\"@type\":\"ListItem\",\"position\":3,\"name\":\"Gesch\u00fctzt: Zeugenaussage des Landwirts\",\"item\":\"https:\/\/krimispass.ch\/krimiinabox\/?page_id=652\"},{\"@type\":\"ListItem\",\"position\":4,\"name\":\"Zeugenaussage des Landwirts\"}]},{\"@type\":\"WebSite\",\"@id\":\"https:\/\/krimispass.ch\/krimiinabox\/#website\",\"url\":\"https:\/\/krimispass.ch\/krimiinabox\/\",\"name\":\"Krimi in a Box\",\"description\":\"Ein m\u00f6rderisches Outdoor-Abenteuer\",\"potentialAction\":[{\"@type\":\"SearchAction\",\"target\":{\"@type\":\"EntryPoint\",\"urlTemplate\":\"https:\/\/krimispass.ch\/krimiinabox\/?s={search_term_string}\"},\"query-input\":{\"@type\":\"PropertyValueSpecification\",\"valueRequired\":true,\"valueName\":\"search_term_string\"}}],\"inLanguage\":\"de\"}]}<\/script>\n<!-- \/ Yoast SEO plugin. -->","yoast_head_json":{"title":"Zeugenaussage des Landwirts | Krimi in a Box","robots":{"index":"noindex","follow":"nofollow"},"og_locale":"de_DE","og_type":"article","og_title":"Zeugenaussage des Landwirts | Krimi in a Box","og_description":"Beat Zbinden, ein Landwirt aus K\u00fchlewil, wollte sp\u00e4t abends noch nach Kehrsatz auf ein Feierabend-Bier fahren. Das war in jener Nacht, als Paul S. ermordet wurde. Er wartete bei der Bushaltestelle &#8222;Englisberg, Abzw. K\u00fchlewil&#8220; auf das Postauto, als er eine merkw\u00fcrdige Beobachtung machte. Ob diese etwas mit dem Mord an Paul S. zu tun hat? [&hellip;]","og_url":"https:\/\/krimispass.ch\/krimiinabox\/?page_id=2874","og_site_name":"Krimi in a Box","article_modified_time":"2019-07-04T05:36:22+00:00","og_image":[{"url":"https:\/\/krimispass.ch\/krimiinabox\/wp-content\/uploads\/2013\/12\/Krimi_in_a_Box_transparent-300x199.png","type":"","width":"","height":""}],"twitter_card":"summary_large_image","twitter_misc":{"Gesch\u00e4tzte Lesezeit":"2\u00a0Minuten"},"schema":{"@context":"https:\/\/schema.org","@graph":[{"@type":"WebPage","@id":"https:\/\/krimispass.ch\/krimiinabox\/?page_id=2874","url":"https:\/\/krimispass.ch\/krimiinabox\/?page_id=2874","name":"Zeugenaussage des Landwirts | Krimi in a Box","isPartOf":{"@id":"https:\/\/krimispass.ch\/krimiinabox\/#website"},"primaryImageOfPage":{"@id":"https:\/\/krimispass.ch\/krimiinabox\/?page_id=2874#primaryimage"},"image":{"@id":"https:\/\/krimispass.ch\/krimiinabox\/?page_id=2874#primaryimage"},"thumbnailUrl":"https:\/\/krimispass.ch\/krimiinabox\/wp-content\/uploads\/2013\/12\/Krimi_in_a_Box_transparent-300x199.png","datePublished":"2015-08-14T18:51:25+00:00","dateModified":"2019-07-04T05:36:22+00:00","breadcrumb":{"@id":"https:\/\/krimispass.ch\/krimiinabox\/?page_id=2874#breadcrumb"},"inLanguage":"de","potentialAction":[{"@type":"ReadAction","target":["https:\/\/krimispass.ch\/krimiinabox\/?page_id=2874"]}]},{"@type":"ImageObject","inLanguage":"de","@id":"https:\/\/krimispass.ch\/krimiinabox\/?page_id=2874#primaryimage","url":"https:\/\/krimispass.ch\/krimiinabox\/wp-content\/uploads\/2013\/12\/Krimi_in_a_Box_transparent.png","contentUrl":"https:\/\/krimispass.ch\/krimiinabox\/wp-content\/uploads\/2013\/12\/Krimi_in_a_Box_transparent.png","width":1688,"height":1125},{"@type":"BreadcrumbList","@id":"https:\/\/krimispass.ch\/krimiinabox\/?page_id=2874#breadcrumb","itemListElement":[{"@type":"ListItem","position":1,"name":"Startseite","item":"https:\/\/krimispass.ch\/krimiinabox\/"},{"@type":"ListItem","position":2,"name":"Die Schaupl\u00e4tze","item":"https:\/\/krimispass.ch\/krimiinabox\/?page_id=68"},{"@type":"ListItem","position":3,"name":"Gesch\u00fctzt: Zeugenaussage des Landwirts","item":"https:\/\/krimispass.ch\/krimiinabox\/?page_id=652"},{"@type":"ListItem","position":4,"name":"Zeugenaussage des Landwirts"}]},{"@type":"WebSite","@id":"https:\/\/krimispass.ch\/krimiinabox\/#website","url":"https:\/\/krimispass.ch\/krimiinabox\/","name":"Krimi in a Box","description":"Ein m\u00f6rderisches Outdoor-Abenteuer","potentialAction":[{"@type":"SearchAction","target":{"@type":"EntryPoint","urlTemplate":"https:\/\/krimispass.ch\/krimiinabox\/?s={search_term_string}"},"query-input":{"@type":"PropertyValueSpecification","valueRequired":true,"valueName":"search_term_string"}}],"inLanguage":"de"}]}},"_links":{"self":[{"href":"https:\/\/krimispass.ch\/krimiinabox\/index.php?rest_route=\/wp\/v2\/pages\/2874","targetHints":{"allow":["GET"]}}],"collection":[{"href":"https:\/\/krimispass.ch\/krimiinabox\/index.php?rest_route=\/wp\/v2\/pages"}],"about":[{"href":"https:\/\/krimispass.ch\/krimiinabox\/index.php?rest_route=\/wp\/v2\/types\/page"}],"author":[{"embeddable":true,"href":"https:\/\/krimispass.ch\/krimiinabox\/index.php?rest_route=\/wp\/v2\/users\/1"}],"replies":[{"embeddable":true,"href":"https:\/\/krimispass.ch\/krimiinabox\/index.php?rest_route=%2Fwp%2Fv2%2Fcomments&post=2874"}],"version-history":[{"count":0,"href":"https:\/\/krimispass.ch\/krimiinabox\/index.php?rest_route=\/wp\/v2\/pages\/2874\/revisions"}],"up":[{"embeddable":true,"href":"https:\/\/krimispass.ch\/krimiinabox\/index.php?rest_route=\/wp\/v2\/pages\/652"}],"wp:attachment":[{"href":"https:\/\/krimispass.ch\/krimiinabox\/index.php?rest_route=%2Fwp%2Fv2%2Fmedia&parent=2874"}],"curies":[{"name":"wp","href":"https:\/\/api.w.org\/{rel}","templated":true}]}}