{"id":2515,"date":"2015-04-06T10:47:22","date_gmt":"2015-04-06T08:47:22","guid":{"rendered":"https:\/\/krimispass.ch\/krimiinabox\/?page_id=2515"},"modified":"2024-05-18T22:09:46","modified_gmt":"2024-05-18T20:09:46","slug":"loesung-eingeben","status":"publish","type":"page","link":"https:\/\/krimispass.ch\/krimiinabox\/?page_id=2515","title":{"rendered":"L\u00f6sung eingeben"},"content":{"rendered":"<p><img loading=\"lazy\" decoding=\"async\" class=\"alignright size-medium wp-image-936\" src=\"https:\/\/krimispass.ch\/krimiinabox\/wp-content\/uploads\/2013\/12\/Krimi_in_a_Box_transparent-300x199.png\" alt=\"Krimi in a Box\" width=\"300\" height=\"199\" srcset=\"https:\/\/krimispass.ch\/krimiinabox\/wp-content\/uploads\/2013\/12\/Krimi_in_a_Box_transparent-300x199.png 300w, https:\/\/krimispass.ch\/krimiinabox\/wp-content\/uploads\/2013\/12\/Krimi_in_a_Box_transparent-1024x682.png 1024w, https:\/\/krimispass.ch\/krimiinabox\/wp-content\/uploads\/2013\/12\/Krimi_in_a_Box_transparent.png 1688w\" sizes=\"auto, (max-width: 300px) 100vw, 300px\" \/><strong>Wer hat Paul S. umgebracht? Das ist die grosse Frage, mit der sich die Hobby-Detektive bei \u201cKrimi in a Box\u201d besch\u00e4ftigen.<\/strong><\/p>\n<p>Wenn Sie alle <a href=\"https:\/\/krimispass.ch\/krimiinabox\/?page_id=68\" title=\"Die Schaupl\u00e4tze\">Schaupl\u00e4tze<\/a> besucht und die Hinweise gefunden haben, k\u00f6nnen Sie das R\u00e4tsel l\u00f6sen und die T\u00e4terschaft \u00fcberf\u00fchren.<\/p>\n<p>&nbsp;<br \/>\n&nbsp;<\/p>\n<h5>Fall gel\u00f6st?<\/h5>\n<p>Haben Sie es herausgefunden? Wissen Sie, wer f\u00fcr den Mord an Paul S. verantwortlich ist? Dann k\u00f6nnen Sie hier Ihren Tipp abgeben.<\/p>\n<p>Anschliessend bekommen Sie innert wenigen Minuten eine E-Mail mit einem Link zur Aufl\u00f6sung. So k\u00f6nnen Sie die Ergebnisse Ihrer Ermittlungen mit den tats\u00e4chlichen Vorkommnissen vergleichen und nachpr\u00fcfen, ob Sie mit Ihrer Vermutung richtig lagen.<\/p>\n<p>&nbsp;<br \/>\n<strong>Bitte machen Sie folgende Angaben:<\/strong><\/p>\n\n<div class=\"wpcf7 no-js\" id=\"wpcf7-f3050-o1\" lang=\"de-DE\" dir=\"ltr\" data-wpcf7-id=\"3050\">\n<div class=\"screen-reader-response\"><p role=\"status\" aria-live=\"polite\" aria-atomic=\"true\"><\/p> <ul><\/ul><\/div>\n<form action=\"\/krimiinabox\/index.php?rest_route=%2Fwp%2Fv2%2Fpages%2F2515#wpcf7-f3050-o1\" method=\"post\" class=\"wpcf7-form init\" aria-label=\"Kontaktformular\" novalidate=\"novalidate\" data-status=\"init\">\n<div style=\"display: none;\">\n<input type=\"hidden\" name=\"_wpcf7\" value=\"3050\" \/>\n<input type=\"hidden\" name=\"_wpcf7_version\" value=\"6.0.4\" \/>\n<input type=\"hidden\" name=\"_wpcf7_locale\" value=\"de_DE\" \/>\n<input type=\"hidden\" name=\"_wpcf7_unit_tag\" value=\"wpcf7-f3050-o1\" \/>\n<input type=\"hidden\" name=\"_wpcf7_container_post\" value=\"0\" \/>\n<input type=\"hidden\" name=\"_wpcf7_posted_data_hash\" value=\"\" \/>\n<\/div>\n<p align=\"left\">Name\n<\/p>\n<p align=\"left\"><span class=\"wpcf7-form-control-wrap\" data-name=\"your-name\"><input size=\"40\" maxlength=\"400\" class=\"wpcf7-form-control wpcf7-text wpcf7-validates-as-required\" aria-required=\"true\" aria-invalid=\"false\" value=\"\" type=\"text\" name=\"your-name\" \/><\/span>\n<\/p>\n<p><span id=\"wpcf7-69e304ec7538a-wrapper\" class=\"wpcf7-form-control-wrap your-vorname-wrap\" style=\"display:none !important; visibility:hidden !important;\"><label for=\"wpcf7-69e304ec7538a-field\" class=\"hp-message\">Bitte lasse dieses Feld leer.<\/label><input id=\"wpcf7-69e304ec7538a-field\"  class=\"wpcf7-form-control wpcf7-text\" type=\"text\" name=\"your-vorname\" value=\"\" size=\"40\" tabindex=\"-1\" autocomplete=\"new-password\" \/><\/span>\n<\/p>\n<p align=\"left\">Wohnort\n<\/p>\n<p align=\"left\"><span class=\"wpcf7-form-control-wrap\" data-name=\"wohnort\"><input size=\"40\" maxlength=\"400\" class=\"wpcf7-form-control wpcf7-text wpcf7-validates-as-required\" aria-required=\"true\" aria-invalid=\"false\" value=\"\" type=\"text\" name=\"wohnort\" \/><\/span>\n<\/p>\n<p align=\"left\">E-Mail\n<\/p>\n<p align=\"left\"><span class=\"wpcf7-form-control-wrap\" data-name=\"your-email\"><input size=\"40\" maxlength=\"400\" class=\"wpcf7-form-control wpcf7-email wpcf7-validates-as-required wpcf7-text wpcf7-validates-as-email\" aria-required=\"true\" aria-invalid=\"false\" value=\"\" type=\"email\" name=\"your-email\" \/><\/span>\n<\/p>\n<p>&nbsp;\n<\/p>\n<p align=\"left\"><strong>Wer hat Paul S. ermordet?<\/strong>\n<\/p>\n<p align=\"left\"><span class=\"wpcf7-form-control-wrap\" data-name=\"moerder\"><select class=\"wpcf7-form-control wpcf7-select wpcf7-validates-as-required\" aria-required=\"true\" aria-invalid=\"false\" name=\"moerder\"><option value=\"\">&#8211; Bitte ausw\u00e4hlen &#8211;<\/option><option value=\"Patricia M.\">Patricia M.<\/option><option value=\"Lee H.\">Lee H.<\/option><option value=\"Johanna S.\">Johanna S.<\/option><option value=\"Danilo F.\">Danilo F.<\/option><option value=\"Armin P.\">Armin P.<\/option><option value=\"Paul S. selber (Suizid)\">Paul S. selber (Suizid)<\/option><\/select><\/span>\n<\/p>\n<p align=\"left\"><strong>Gibt es einen Komplizen?<\/strong>\n<\/p>\n<p align=\"left\"><span class=\"wpcf7-form-control-wrap\" data-name=\"komplize\"><select class=\"wpcf7-form-control wpcf7-select wpcf7-validates-as-required\" aria-required=\"true\" aria-invalid=\"false\" name=\"komplize\"><option value=\"\">&#8211; Bitte ausw\u00e4hlen &#8211;<\/option><option value=\"Patricia M.\">Patricia M.<\/option><option value=\"Lee H.\">Lee H.<\/option><option value=\"Johanna S.\">Johanna S.<\/option><option value=\"Danilo F.\">Danilo F.<\/option><option value=\"Armin P.\">Armin P.<\/option><option value=\"kein Komplize\/Mitt\u00e4ter\">kein Komplize\/Mitt\u00e4ter<\/option><\/select><\/span>\n<\/p>\n<p align=\"left\">Kommentar (optional)\n<\/p>\n<p align=\"left\"><span class=\"wpcf7-form-control-wrap\" data-name=\"your-message\"><textarea cols=\"40\" rows=\"10\" maxlength=\"2000\" class=\"wpcf7-form-control wpcf7-textarea\" aria-invalid=\"false\" placeholder=\"Wenn Sie m\u00f6chten, k\u00f6nnen Sie in diesem Feld weitere Erkenntnisse Ihrer Ermittlungen ausf\u00fchren.\" name=\"your-message\"><\/textarea><\/span>\n<\/p>\n<p align=\"left\"><!-- Mailchimp for WordPress v4.10.1 - https:\/\/www.mc4wp.com\/ --><input type=\"hidden\" name=\"_mc4wp_subscribe_contact-form-7\" value=\"0\" \/><span class=\"mc4wp-checkbox mc4wp-checkbox-contact-form-7 \"><label><input type=\"checkbox\" name=\"_mc4wp_subscribe_contact-form-7\" value=\"1\" ><span>&nbsp;&nbsp;Ich m\u00f6chte den KrimiSpass Newsletter abonnieren<\/span><\/label><\/span><!-- \/ Mailchimp for WordPress --><br \/>\n<span class=\"wpcf7-form-control-wrap\" data-name=\"zustimmung\"><span class=\"wpcf7-form-control wpcf7-acceptance\"><span class=\"wpcf7-list-item\"><input type=\"checkbox\" name=\"zustimmung\" value=\"1\" aria-invalid=\"false\" \/><\/span><\/span><\/span>&nbsp;&nbsp;Ich akzeptiere die <a href=\"https:\/\/krimispass.ch\/krimiinabox\/?page_id=3599\">Datenschutzbestimmungen<\/a>\n<\/p>\n<p align=\"left\"><input class=\"wpcf7-form-control wpcf7-submit has-spinner\" type=\"submit\" value=\"&nbsp;&nbsp;&nbsp;&nbsp;&nbsp;&nbsp;&nbsp;&nbsp;L\u00f6sung einreichen&nbsp;&nbsp;&nbsp;&nbsp;&nbsp;&nbsp;&nbsp;&nbsp;\" \/>\n<\/p>\n<div style=\"display: none !important\">\n\t<p><span class=\"wpcf7-form-control-wrap\" data-name=\"krimiinabox\"><input size=\"40\" maxlength=\"400\" class=\"wpcf7-form-control wpcf7-text required\" aria-invalid=\"false\" value=\"Ja\" type=\"text\" name=\"krimiinabox\" \/><\/span>\n\t<\/p>\n<\/div>\n<div style=\"display: none !important\">\n\t<p><span class=\"wpcf7-form-control-wrap\" data-name=\"mc4wp-nlks\"><input size=\"40\" maxlength=\"400\" class=\"wpcf7-form-control wpcf7-text required\" aria-invalid=\"false\" value=\"Ja\" type=\"text\" name=\"mc4wp-nlks\" \/><\/span>\n\t<\/p>\n<\/div><div class=\"wpcf7-response-output\" aria-hidden=\"true\"><\/div>\n<\/form>\n<\/div>\n\n<p>&nbsp;<br \/>\n<img decoding=\"async\" src=\"https:\/\/krimispass.ch\/krimiinabox\/wp-content\/uploads\/2015\/04\/Leichen-Fundort.jpg\" alt=\"Leichen-Fundort\" width=\"100%\" class=\"alignnone size-full wp-image-2529\" srcset=\"https:\/\/krimispass.ch\/krimiinabox\/wp-content\/uploads\/2015\/04\/Leichen-Fundort.jpg 849w, https:\/\/krimispass.ch\/krimiinabox\/wp-content\/uploads\/2015\/04\/Leichen-Fundort-300x200.jpg 300w\" sizes=\"(max-width: 849px) 100vw, 849px\" \/><br \/>\n&nbsp;<\/p>\n","protected":false},"excerpt":{"rendered":"<p>Wer hat Paul S. umgebracht? Das ist die grosse Frage, mit der sich die Hobby-Detektive bei \u201cKrimi in a Box\u201d besch\u00e4ftigen. Wenn Sie alle Schaupl\u00e4tze besucht und die Hinweise gefunden haben, k\u00f6nnen Sie das R\u00e4tsel l\u00f6sen und die T\u00e4terschaft \u00fcberf\u00fchren. &nbsp; &nbsp; Fall gel\u00f6st? Haben Sie es herausgefunden? Wissen Sie, wer f\u00fcr den Mord an [&hellip;]<\/p>\n","protected":false},"author":1,"featured_media":0,"parent":25,"menu_order":912,"comment_status":"closed","ping_status":"closed","template":"","meta":{"content-type":"","footnotes":""},"class_list":["post-2515","page","type-page","status-publish","hentry"],"yoast_head":"<!-- This site is optimized with the Yoast SEO plugin v24.5 - https:\/\/yoast.com\/wordpress\/plugins\/seo\/ -->\n<title>L\u00f6sung eingeben | Krimi in a Box<\/title>\n<meta name=\"robots\" content=\"noindex, follow, max-snippet:-1, max-image-preview:large, max-video-preview:-1\" \/>\n<meta property=\"og:locale\" content=\"de_DE\" \/>\n<meta property=\"og:type\" content=\"article\" \/>\n<meta property=\"og:title\" content=\"L\u00f6sung eingeben | Krimi in a Box\" \/>\n<meta property=\"og:description\" content=\"Wer hat Paul S. umgebracht? Das ist die grosse Frage, mit der sich die Hobby-Detektive bei \u201cKrimi in a Box\u201d besch\u00e4ftigen. Wenn Sie alle Schaupl\u00e4tze besucht und die Hinweise gefunden haben, k\u00f6nnen Sie das R\u00e4tsel l\u00f6sen und die T\u00e4terschaft \u00fcberf\u00fchren. &nbsp; &nbsp; Fall gel\u00f6st? Haben Sie es herausgefunden? Wissen Sie, wer f\u00fcr den Mord an [&hellip;]\" \/>\n<meta property=\"og:url\" content=\"https:\/\/krimispass.ch\/krimiinabox\/?page_id=2515\" \/>\n<meta property=\"og:site_name\" content=\"Krimi in a Box\" \/>\n<meta property=\"article:modified_time\" content=\"2024-05-18T20:09:46+00:00\" \/>\n<meta property=\"og:image\" content=\"https:\/\/krimispass.ch\/krimiinabox\/wp-content\/uploads\/2013\/12\/Krimi_in_a_Box_transparent-300x199.png\" \/>\n<meta name=\"twitter:card\" content=\"summary_large_image\" \/>\n<meta name=\"twitter:label1\" content=\"Gesch\u00e4tzte Lesezeit\" \/>\n\t<meta name=\"twitter:data1\" content=\"2\u00a0Minuten\" \/>\n<script type=\"application\/ld+json\" class=\"yoast-schema-graph\">{\"@context\":\"https:\/\/schema.org\",\"@graph\":[{\"@type\":\"WebPage\",\"@id\":\"https:\/\/krimispass.ch\/krimiinabox\/?page_id=2515\",\"url\":\"https:\/\/krimispass.ch\/krimiinabox\/?page_id=2515\",\"name\":\"L\u00f6sung eingeben | Krimi in a Box\",\"isPartOf\":{\"@id\":\"https:\/\/krimispass.ch\/krimiinabox\/#website\"},\"primaryImageOfPage\":{\"@id\":\"https:\/\/krimispass.ch\/krimiinabox\/?page_id=2515#primaryimage\"},\"image\":{\"@id\":\"https:\/\/krimispass.ch\/krimiinabox\/?page_id=2515#primaryimage\"},\"thumbnailUrl\":\"https:\/\/krimispass.ch\/krimiinabox\/wp-content\/uploads\/2013\/12\/Krimi_in_a_Box_transparent-300x199.png\",\"datePublished\":\"2015-04-06T08:47:22+00:00\",\"dateModified\":\"2024-05-18T20:09:46+00:00\",\"breadcrumb\":{\"@id\":\"https:\/\/krimispass.ch\/krimiinabox\/?page_id=2515#breadcrumb\"},\"inLanguage\":\"de\",\"potentialAction\":[{\"@type\":\"ReadAction\",\"target\":[\"https:\/\/krimispass.ch\/krimiinabox\/?page_id=2515\"]}]},{\"@type\":\"ImageObject\",\"inLanguage\":\"de\",\"@id\":\"https:\/\/krimispass.ch\/krimiinabox\/?page_id=2515#primaryimage\",\"url\":\"https:\/\/krimispass.ch\/krimiinabox\/wp-content\/uploads\/2013\/12\/Krimi_in_a_Box_transparent.png\",\"contentUrl\":\"https:\/\/krimispass.ch\/krimiinabox\/wp-content\/uploads\/2013\/12\/Krimi_in_a_Box_transparent.png\",\"width\":1688,\"height\":1125},{\"@type\":\"BreadcrumbList\",\"@id\":\"https:\/\/krimispass.ch\/krimiinabox\/?page_id=2515#breadcrumb\",\"itemListElement\":[{\"@type\":\"ListItem\",\"position\":1,\"name\":\"Startseite\",\"item\":\"https:\/\/krimispass.ch\/krimiinabox\/\"},{\"@type\":\"ListItem\",\"position\":2,\"name\":\"Impressum\",\"item\":\"https:\/\/krimispass.ch\/krimiinabox\/?page_id=3599\"},{\"@type\":\"ListItem\",\"position\":3,\"name\":\"Der Fall \u201cPaul S.\u201d\",\"item\":\"https:\/\/krimispass.ch\/krimiinabox\/\"},{\"@type\":\"ListItem\",\"position\":4,\"name\":\"L\u00f6sung eingeben\"}]},{\"@type\":\"WebSite\",\"@id\":\"https:\/\/krimispass.ch\/krimiinabox\/#website\",\"url\":\"https:\/\/krimispass.ch\/krimiinabox\/\",\"name\":\"Krimi in a Box\",\"description\":\"Ein m\u00f6rderisches Outdoor-Abenteuer\",\"potentialAction\":[{\"@type\":\"SearchAction\",\"target\":{\"@type\":\"EntryPoint\",\"urlTemplate\":\"https:\/\/krimispass.ch\/krimiinabox\/?s={search_term_string}\"},\"query-input\":{\"@type\":\"PropertyValueSpecification\",\"valueRequired\":true,\"valueName\":\"search_term_string\"}}],\"inLanguage\":\"de\"}]}<\/script>\n<!-- \/ Yoast SEO plugin. -->","yoast_head_json":{"title":"L\u00f6sung eingeben | Krimi in a Box","robots":{"index":"noindex","follow":"follow","max-snippet":"max-snippet:-1","max-image-preview":"max-image-preview:large","max-video-preview":"max-video-preview:-1"},"og_locale":"de_DE","og_type":"article","og_title":"L\u00f6sung eingeben | Krimi in a Box","og_description":"Wer hat Paul S. umgebracht? Das ist die grosse Frage, mit der sich die Hobby-Detektive bei \u201cKrimi in a Box\u201d besch\u00e4ftigen. Wenn Sie alle Schaupl\u00e4tze besucht und die Hinweise gefunden haben, k\u00f6nnen Sie das R\u00e4tsel l\u00f6sen und die T\u00e4terschaft \u00fcberf\u00fchren. &nbsp; &nbsp; Fall gel\u00f6st? Haben Sie es herausgefunden? Wissen Sie, wer f\u00fcr den Mord an [&hellip;]","og_url":"https:\/\/krimispass.ch\/krimiinabox\/?page_id=2515","og_site_name":"Krimi in a Box","article_modified_time":"2024-05-18T20:09:46+00:00","og_image":[{"url":"https:\/\/krimispass.ch\/krimiinabox\/wp-content\/uploads\/2013\/12\/Krimi_in_a_Box_transparent-300x199.png","type":"","width":"","height":""}],"twitter_card":"summary_large_image","twitter_misc":{"Gesch\u00e4tzte Lesezeit":"2\u00a0Minuten"},"schema":{"@context":"https:\/\/schema.org","@graph":[{"@type":"WebPage","@id":"https:\/\/krimispass.ch\/krimiinabox\/?page_id=2515","url":"https:\/\/krimispass.ch\/krimiinabox\/?page_id=2515","name":"L\u00f6sung eingeben | Krimi in a Box","isPartOf":{"@id":"https:\/\/krimispass.ch\/krimiinabox\/#website"},"primaryImageOfPage":{"@id":"https:\/\/krimispass.ch\/krimiinabox\/?page_id=2515#primaryimage"},"image":{"@id":"https:\/\/krimispass.ch\/krimiinabox\/?page_id=2515#primaryimage"},"thumbnailUrl":"https:\/\/krimispass.ch\/krimiinabox\/wp-content\/uploads\/2013\/12\/Krimi_in_a_Box_transparent-300x199.png","datePublished":"2015-04-06T08:47:22+00:00","dateModified":"2024-05-18T20:09:46+00:00","breadcrumb":{"@id":"https:\/\/krimispass.ch\/krimiinabox\/?page_id=2515#breadcrumb"},"inLanguage":"de","potentialAction":[{"@type":"ReadAction","target":["https:\/\/krimispass.ch\/krimiinabox\/?page_id=2515"]}]},{"@type":"ImageObject","inLanguage":"de","@id":"https:\/\/krimispass.ch\/krimiinabox\/?page_id=2515#primaryimage","url":"https:\/\/krimispass.ch\/krimiinabox\/wp-content\/uploads\/2013\/12\/Krimi_in_a_Box_transparent.png","contentUrl":"https:\/\/krimispass.ch\/krimiinabox\/wp-content\/uploads\/2013\/12\/Krimi_in_a_Box_transparent.png","width":1688,"height":1125},{"@type":"BreadcrumbList","@id":"https:\/\/krimispass.ch\/krimiinabox\/?page_id=2515#breadcrumb","itemListElement":[{"@type":"ListItem","position":1,"name":"Startseite","item":"https:\/\/krimispass.ch\/krimiinabox\/"},{"@type":"ListItem","position":2,"name":"Impressum","item":"https:\/\/krimispass.ch\/krimiinabox\/?page_id=3599"},{"@type":"ListItem","position":3,"name":"Der Fall \u201cPaul S.\u201d","item":"https:\/\/krimispass.ch\/krimiinabox\/"},{"@type":"ListItem","position":4,"name":"L\u00f6sung eingeben"}]},{"@type":"WebSite","@id":"https:\/\/krimispass.ch\/krimiinabox\/#website","url":"https:\/\/krimispass.ch\/krimiinabox\/","name":"Krimi in a Box","description":"Ein m\u00f6rderisches Outdoor-Abenteuer","potentialAction":[{"@type":"SearchAction","target":{"@type":"EntryPoint","urlTemplate":"https:\/\/krimispass.ch\/krimiinabox\/?s={search_term_string}"},"query-input":{"@type":"PropertyValueSpecification","valueRequired":true,"valueName":"search_term_string"}}],"inLanguage":"de"}]}},"_links":{"self":[{"href":"https:\/\/krimispass.ch\/krimiinabox\/index.php?rest_route=\/wp\/v2\/pages\/2515","targetHints":{"allow":["GET"]}}],"collection":[{"href":"https:\/\/krimispass.ch\/krimiinabox\/index.php?rest_route=\/wp\/v2\/pages"}],"about":[{"href":"https:\/\/krimispass.ch\/krimiinabox\/index.php?rest_route=\/wp\/v2\/types\/page"}],"author":[{"embeddable":true,"href":"https:\/\/krimispass.ch\/krimiinabox\/index.php?rest_route=\/wp\/v2\/users\/1"}],"replies":[{"embeddable":true,"href":"https:\/\/krimispass.ch\/krimiinabox\/index.php?rest_route=%2Fwp%2Fv2%2Fcomments&post=2515"}],"version-history":[{"count":2,"href":"https:\/\/krimispass.ch\/krimiinabox\/index.php?rest_route=\/wp\/v2\/pages\/2515\/revisions"}],"predecessor-version":[{"id":4489,"href":"https:\/\/krimispass.ch\/krimiinabox\/index.php?rest_route=\/wp\/v2\/pages\/2515\/revisions\/4489"}],"up":[{"embeddable":true,"href":"https:\/\/krimispass.ch\/krimiinabox\/index.php?rest_route=\/wp\/v2\/pages\/25"}],"wp:attachment":[{"href":"https:\/\/krimispass.ch\/krimiinabox\/index.php?rest_route=%2Fwp%2Fv2%2Fmedia&parent=2515"}],"curies":[{"name":"wp","href":"https:\/\/api.w.org\/{rel}","templated":true}]}}