{"id":1806,"date":"2014-03-16T12:39:38","date_gmt":"2014-03-16T11:39:38","guid":{"rendered":"https:\/\/krimispass.ch\/krimiinabox\/?page_id=1806"},"modified":"2017-02-20T22:55:14","modified_gmt":"2017-02-20T21:55:14","slug":"feedbacks","status":"publish","type":"page","link":"https:\/\/krimispass.ch\/krimiinabox\/?page_id=1806","title":{"rendered":"Feedbacks"},"content":{"rendered":"<p><img loading=\"lazy\" decoding=\"async\" class=\"alignright size-medium wp-image-936\" src=\"https:\/\/krimispass.ch\/krimiinabox\/wp-content\/uploads\/2013\/12\/Krimi_in_a_Box_transparent-300x199.png\" alt=\"Krimi in a Box\" width=\"300\" height=\"199\" srcset=\"https:\/\/krimispass.ch\/krimiinabox\/wp-content\/uploads\/2013\/12\/Krimi_in_a_Box_transparent-300x199.png 300w, https:\/\/krimispass.ch\/krimiinabox\/wp-content\/uploads\/2013\/12\/Krimi_in_a_Box_transparent-1024x682.png 1024w, https:\/\/krimispass.ch\/krimiinabox\/wp-content\/uploads\/2013\/12\/Krimi_in_a_Box_transparent.png 1688w\" sizes=\"auto, (max-width: 300px) 100vw, 300px\" \/><strong>Auf dieser Seite lesen Sie Feedbacks zu \u201cKrimi in a Box\u201d, die wir von verschiedenen Hobby-Detektiven erhalten haben.<\/strong><\/p>\n<p>M\u00f6chten auch Sie ein Feedback geben? Dann <a href=\"https:\/\/krimispass.ch\/kontakt&#038;krimiinabox\" rel=\"noopener\" target=\"_blank\">schreiben Sie uns <\/a> oder f\u00fcllen Sie das <a href=\"https:\/\/de.surveymonkey.com\/s\/XFM8B6H\" rel=\"noopener\" target=\"_blank\">Feedback-Formular<\/a> aus. Wir freuen uns auf Ihre R\u00fcckmeldung.<\/p>\n<p>&nbsp;<br \/>\n&nbsp;<\/p>\n<h5>R\u00fcckmeldungen zu \u201cKrimi in a Box\u201d<\/h5>\n<p>&nbsp;<br \/>\n<img loading=\"lazy\" decoding=\"async\" class=\"alignleft wp-image-1005\" src=\"https:\/\/krimispass.ch\/krimiinabox\/wp-content\/uploads\/2013\/12\/Detektiv_klein_transparent-150x150.png\" alt=\"Detektiv\" width=\"70\" height=\"70\" srcset=\"https:\/\/krimispass.ch\/krimiinabox\/wp-content\/uploads\/2013\/12\/Detektiv_klein_transparent-150x150.png 150w, https:\/\/krimispass.ch\/krimiinabox\/wp-content\/uploads\/2013\/12\/Detektiv_klein_transparent.png 210w\" sizes=\"auto, (max-width: 70px) 100vw, 70px\" \/>Yeah, was f\u00fcr ein unglaublich genialer Krimi!!! Ein RIESIGES KOMPLIMENT f\u00fcr diese geniale Idee und deren Umsetzung. Es hat riesig Spass gemacht zu ermitteln und am Schluss zu merken, dass wir durchaus in der Lage waren diesen Fall zu l\u00f6sen.<\/p>\n<p>&nbsp;<br \/>\n<img loading=\"lazy\" decoding=\"async\" class=\"alignleft wp-image-1005\" src=\"https:\/\/krimispass.ch\/krimiinabox\/wp-content\/uploads\/2013\/12\/Detektiv_klein_transparent-150x150.png\" alt=\"Detektiv\" width=\"70\" height=\"70\" srcset=\"https:\/\/krimispass.ch\/krimiinabox\/wp-content\/uploads\/2013\/12\/Detektiv_klein_transparent-150x150.png 150w, https:\/\/krimispass.ch\/krimiinabox\/wp-content\/uploads\/2013\/12\/Detektiv_klein_transparent.png 210w\" sizes=\"auto, (max-width: 70px) 100vw, 70px\" \/>Vielen herzlichen Dank f\u00fcr diesen tollen Krimi! Ich hatte grossen Spass, auf Spurensuche zu gehen und war erstaunt dar\u00fcber, wie toll der ganze Krimi aufgebaut ist! Grosses Kompliment!<\/p>\n<p>&nbsp;<br \/>\n&nbsp;<br \/>\n<img loading=\"lazy\" decoding=\"async\" class=\"alignleft wp-image-1005\" src=\"https:\/\/krimispass.ch\/krimiinabox\/wp-content\/uploads\/2013\/12\/Detektiv_klein_transparent-150x150.png\" alt=\"Detektiv\" width=\"70\" height=\"70\" srcset=\"https:\/\/krimispass.ch\/krimiinabox\/wp-content\/uploads\/2013\/12\/Detektiv_klein_transparent-150x150.png 150w, https:\/\/krimispass.ch\/krimiinabox\/wp-content\/uploads\/2013\/12\/Detektiv_klein_transparent.png 210w\" sizes=\"auto, (max-width: 70px) 100vw, 70px\" \/>Herzlichen Dank f\u00fcr das m\u00f6rderische R\u00e4tsel. Die Ermittlungen und die L\u00f6sung des kniffligen Falls haben uns viel Spass gemacht. Wir hoffen auf ein neues Abenteuer!<\/p>\n<p>&nbsp;<br \/>\n&nbsp;<br \/>\n<img loading=\"lazy\" decoding=\"async\" class=\"alignleft wp-image-1005\" src=\"https:\/\/krimispass.ch\/krimiinabox\/wp-content\/uploads\/2013\/12\/Detektiv_klein_transparent-150x150.png\" alt=\"Detektiv\" width=\"70\" height=\"70\" srcset=\"https:\/\/krimispass.ch\/krimiinabox\/wp-content\/uploads\/2013\/12\/Detektiv_klein_transparent-150x150.png 150w, https:\/\/krimispass.ch\/krimiinabox\/wp-content\/uploads\/2013\/12\/Detektiv_klein_transparent.png 210w\" sizes=\"auto, (max-width: 70px) 100vw, 70px\" \/>Wer hier nur die Dose sucht, verpasst einen genial gemachten Krimi. Ein super Erlebnis!<\/p>\n<p>&nbsp;<br \/>\n&nbsp;<br \/>\n&nbsp;<br \/>\n<img loading=\"lazy\" decoding=\"async\" class=\"alignleft wp-image-1005\" src=\"https:\/\/krimispass.ch\/krimiinabox\/wp-content\/uploads\/2013\/12\/Detektiv_klein_transparent-150x150.png\" alt=\"Detektiv\" width=\"70\" height=\"70\" srcset=\"https:\/\/krimispass.ch\/krimiinabox\/wp-content\/uploads\/2013\/12\/Detektiv_klein_transparent-150x150.png 150w, https:\/\/krimispass.ch\/krimiinabox\/wp-content\/uploads\/2013\/12\/Detektiv_klein_transparent.png 210w\" sizes=\"auto, (max-width: 70px) 100vw, 70px\" \/>Ein riesiges Dankesch\u00f6n f\u00fcr diesen genial gemachten Krimi. Die ganze Aufmachung, die Idee, die Umsetzung&#8230; sensationell!!!<\/p>\n<p>&nbsp;<br \/>\n&nbsp;<br \/>\n<img loading=\"lazy\" decoding=\"async\" class=\"alignleft wp-image-1005\" src=\"https:\/\/krimispass.ch\/krimiinabox\/wp-content\/uploads\/2013\/12\/Detektiv_klein_transparent-150x150.png\" alt=\"Detektiv\" width=\"70\" height=\"70\" srcset=\"https:\/\/krimispass.ch\/krimiinabox\/wp-content\/uploads\/2013\/12\/Detektiv_klein_transparent-150x150.png 150w, https:\/\/krimispass.ch\/krimiinabox\/wp-content\/uploads\/2013\/12\/Detektiv_klein_transparent.png 210w\" sizes=\"auto, (max-width: 70px) 100vw, 70px\" \/>Vielen Dank f\u00fcr den coolen Krimi! Mein absoluter Lieblingscache bisher, hat irrsinnig Spass gemacht die Schaupl\u00e4tze zu besuchen und den Fall zu l\u00f6sen!<\/p>\n<p>&nbsp;<br \/>\n&nbsp;<br \/>\n<img loading=\"lazy\" decoding=\"async\" class=\"alignleft wp-image-1005\" src=\"https:\/\/krimispass.ch\/krimiinabox\/wp-content\/uploads\/2013\/12\/Detektiv_klein_transparent-150x150.png\" alt=\"Detektiv\" width=\"70\" height=\"70\" srcset=\"https:\/\/krimispass.ch\/krimiinabox\/wp-content\/uploads\/2013\/12\/Detektiv_klein_transparent-150x150.png 150w, https:\/\/krimispass.ch\/krimiinabox\/wp-content\/uploads\/2013\/12\/Detektiv_klein_transparent.png 210w\" sizes=\"auto, (max-width: 70px) 100vw, 70px\" \/>Das Krimi-Outdoor-Vergn\u00fcgen ist allen zu empfehlen und sorgt f\u00fcr rauchende K\u00f6pfe, aber daf\u00fcr f\u00fcr jede Menge Spass!!<\/p>\n<p>&nbsp;<br \/>\n&nbsp;<br \/>\n<img loading=\"lazy\" decoding=\"async\" class=\"alignleft wp-image-1005\" src=\"https:\/\/krimispass.ch\/krimiinabox\/wp-content\/uploads\/2013\/12\/Detektiv_klein_transparent-150x150.png\" alt=\"Detektiv\" width=\"70\" height=\"70\" srcset=\"https:\/\/krimispass.ch\/krimiinabox\/wp-content\/uploads\/2013\/12\/Detektiv_klein_transparent-150x150.png 150w, https:\/\/krimispass.ch\/krimiinabox\/wp-content\/uploads\/2013\/12\/Detektiv_klein_transparent.png 210w\" sizes=\"auto, (max-width: 70px) 100vw, 70px\" \/>Heute den \u201cKrimi in a Box\u201d gel\u00f6st. Hat super viel Spass gemacht. Vielen Dank!!!<\/p>\n<p>&nbsp;<br \/>\n&nbsp;<br \/>\n&nbsp;<br \/>\n<img loading=\"lazy\" decoding=\"async\" class=\"alignleft wp-image-1005\" src=\"https:\/\/krimispass.ch\/krimiinabox\/wp-content\/uploads\/2013\/12\/Detektiv_klein_transparent-150x150.png\" alt=\"Detektiv\" width=\"70\" height=\"70\" srcset=\"https:\/\/krimispass.ch\/krimiinabox\/wp-content\/uploads\/2013\/12\/Detektiv_klein_transparent-150x150.png 150w, https:\/\/krimispass.ch\/krimiinabox\/wp-content\/uploads\/2013\/12\/Detektiv_klein_transparent.png 210w\" sizes=\"auto, (max-width: 70px) 100vw, 70px\" \/>Wir hatten dank dem Krimi einen spannenden, kurzweiligen Sonntagnachmittag. Danke vielmals den Initiatoren &#8211; unglaublich, dass Sie das gratis anbieten. Das ist grossartig!<\/p>\n<p>&nbsp;<br \/>\n&nbsp;<br \/>\n<img loading=\"lazy\" decoding=\"async\" class=\"alignleft wp-image-1005\" src=\"https:\/\/krimispass.ch\/krimiinabox\/wp-content\/uploads\/2013\/12\/Detektiv_klein_transparent-150x150.png\" alt=\"Detektiv\" width=\"70\" height=\"70\" srcset=\"https:\/\/krimispass.ch\/krimiinabox\/wp-content\/uploads\/2013\/12\/Detektiv_klein_transparent-150x150.png 150w, https:\/\/krimispass.ch\/krimiinabox\/wp-content\/uploads\/2013\/12\/Detektiv_klein_transparent.png 210w\" sizes=\"auto, (max-width: 70px) 100vw, 70px\" \/>Fall gel\u00f6st &#8211; hat Spass gemacht &#8211; kann ich allen Sp\u00fcrnasen nur empfehlen.<\/p>\n<p>&nbsp;<br \/>\n&nbsp;<br \/>\n&nbsp;<br \/>\n<img loading=\"lazy\" decoding=\"async\" class=\"alignleft wp-image-1005\" src=\"https:\/\/krimispass.ch\/krimiinabox\/wp-content\/uploads\/2013\/12\/Detektiv_klein_transparent-150x150.png\" alt=\"Detektiv\" width=\"70\" height=\"70\" srcset=\"https:\/\/krimispass.ch\/krimiinabox\/wp-content\/uploads\/2013\/12\/Detektiv_klein_transparent-150x150.png 150w, https:\/\/krimispass.ch\/krimiinabox\/wp-content\/uploads\/2013\/12\/Detektiv_klein_transparent.png 210w\" sizes=\"auto, (max-width: 70px) 100vw, 70px\" \/>Super Arbeit, besten Dank und ich weiss &#8211; Sie haben ein paaaaar Stunden darin investiert. Wir hatten total Spass daran.<\/p>\n<p>&nbsp;<br \/>\n&nbsp;<br \/>\n<img loading=\"lazy\" decoding=\"async\" class=\"alignleft wp-image-1005\" src=\"https:\/\/krimispass.ch\/krimiinabox\/wp-content\/uploads\/2013\/12\/Detektiv_klein_transparent-150x150.png\" alt=\"Detektiv\" width=\"70\" height=\"70\" srcset=\"https:\/\/krimispass.ch\/krimiinabox\/wp-content\/uploads\/2013\/12\/Detektiv_klein_transparent-150x150.png 150w, https:\/\/krimispass.ch\/krimiinabox\/wp-content\/uploads\/2013\/12\/Detektiv_klein_transparent.png 210w\" sizes=\"auto, (max-width: 70px) 100vw, 70px\" \/>An alle Cacher. Nehmt euch die Zeit den Krimi rund um diesen Cache zu erleben. Absolut zu empfehlen, er ist durch und durch SENSATIONELL!!!<\/p>\n<p>&nbsp;<br \/>\n&nbsp;<br \/>\n<img loading=\"lazy\" decoding=\"async\" class=\"alignleft wp-image-1005\" src=\"https:\/\/krimispass.ch\/krimiinabox\/wp-content\/uploads\/2013\/12\/Detektiv_klein_transparent-150x150.png\" alt=\"Detektiv\" width=\"70\" height=\"70\" srcset=\"https:\/\/krimispass.ch\/krimiinabox\/wp-content\/uploads\/2013\/12\/Detektiv_klein_transparent-150x150.png 150w, https:\/\/krimispass.ch\/krimiinabox\/wp-content\/uploads\/2013\/12\/Detektiv_klein_transparent.png 210w\" sizes=\"auto, (max-width: 70px) 100vw, 70px\" \/>Es hat Mordspass gemacht, Gratulation zu dieser witzigen und kniffligen Umsetzung!<\/p>\n<p>&nbsp;<br \/>\n&nbsp;<br \/>\n&nbsp;<br \/>\n<img loading=\"lazy\" decoding=\"async\" class=\"alignleft wp-image-1005\" src=\"https:\/\/krimispass.ch\/krimiinabox\/wp-content\/uploads\/2013\/12\/Detektiv_klein_transparent-150x150.png\" alt=\"Detektiv\" width=\"70\" height=\"70\" srcset=\"https:\/\/krimispass.ch\/krimiinabox\/wp-content\/uploads\/2013\/12\/Detektiv_klein_transparent-150x150.png 150w, https:\/\/krimispass.ch\/krimiinabox\/wp-content\/uploads\/2013\/12\/Detektiv_klein_transparent.png 210w\" sizes=\"auto, (max-width: 70px) 100vw, 70px\" \/>Nochmals Gratulation zu Ihrer Idee und der perfekten Realisation, wir hatten einen super Abend!<\/p>\n<p>&nbsp;<br \/>\n&nbsp;<br \/>\n&nbsp;<br \/>\n<img loading=\"lazy\" decoding=\"async\" class=\"alignleft wp-image-1005\" src=\"https:\/\/krimispass.ch\/krimiinabox\/wp-content\/uploads\/2013\/12\/Detektiv_klein_transparent-150x150.png\" alt=\"Detektiv\" width=\"70\" height=\"70\" srcset=\"https:\/\/krimispass.ch\/krimiinabox\/wp-content\/uploads\/2013\/12\/Detektiv_klein_transparent-150x150.png 150w, https:\/\/krimispass.ch\/krimiinabox\/wp-content\/uploads\/2013\/12\/Detektiv_klein_transparent.png 210w\" sizes=\"auto, (max-width: 70px) 100vw, 70px\" \/>Das R\u00e4tsel war eine absolute Herausforderung und hat uns eine Menge Spass gemacht. Eine Fortsetzung ist sehr zu empfehlen und w\u00fcrde uns eine riesen Freude bereiten.<\/p>\n<p>&nbsp;<br \/>\n&nbsp;<br \/>\n<img loading=\"lazy\" decoding=\"async\" class=\"alignleft wp-image-1005\" src=\"https:\/\/krimispass.ch\/krimiinabox\/wp-content\/uploads\/2013\/12\/Detektiv_klein_transparent-150x150.png\" alt=\"Detektiv\" width=\"70\" height=\"70\" srcset=\"https:\/\/krimispass.ch\/krimiinabox\/wp-content\/uploads\/2013\/12\/Detektiv_klein_transparent-150x150.png 150w, https:\/\/krimispass.ch\/krimiinabox\/wp-content\/uploads\/2013\/12\/Detektiv_klein_transparent.png 210w\" sizes=\"auto, (max-width: 70px) 100vw, 70px\" \/>Ganz herzlichen Dank f\u00fcr die aufw\u00e4ndige Vorbereitung und die Umsetzung einer guten Idee! Sch\u00f6n, dass ihr uns diese zur Verf\u00fcgung gestellt habt, ist in der heutigen Zeit nicht selbstverst\u00e4ndlich, dass so etwas kostenlos m\u00f6glich ist. Wir hatten wirklich Spass daran, wurden bewegungsm\u00e4ssig und auch mit den Hirnzellen herausgefordert und waren voll in der Story drin. Bravo!<\/p>\n<p><img loading=\"lazy\" decoding=\"async\" class=\"alignleft wp-image-1005\" src=\"https:\/\/krimispass.ch\/krimiinabox\/wp-content\/uploads\/2013\/12\/Detektiv_klein_transparent-150x150.png\" alt=\"Detektiv\" width=\"70\" height=\"70\" srcset=\"https:\/\/krimispass.ch\/krimiinabox\/wp-content\/uploads\/2013\/12\/Detektiv_klein_transparent-150x150.png 150w, https:\/\/krimispass.ch\/krimiinabox\/wp-content\/uploads\/2013\/12\/Detektiv_klein_transparent.png 210w\" sizes=\"auto, (max-width: 70px) 100vw, 70px\" \/>Het mega gf\u00e4ggt!<\/p>\n<p>&nbsp;<br \/>\n&nbsp;<br \/>\n&nbsp;<br \/>\n<img loading=\"lazy\" decoding=\"async\" class=\"alignleft wp-image-1005\" src=\"https:\/\/krimispass.ch\/krimiinabox\/wp-content\/uploads\/2013\/12\/Detektiv_klein_transparent-150x150.png\" alt=\"Detektiv\" width=\"70\" height=\"70\" srcset=\"https:\/\/krimispass.ch\/krimiinabox\/wp-content\/uploads\/2013\/12\/Detektiv_klein_transparent-150x150.png 150w, https:\/\/krimispass.ch\/krimiinabox\/wp-content\/uploads\/2013\/12\/Detektiv_klein_transparent.png 210w\" sizes=\"auto, (max-width: 70px) 100vw, 70px\" \/>Danke f\u00fcr den toll aufgemachten und durchdachten Krimi. Super Arbeit! Wir hatten unseren Spass!<\/p>\n<p>&nbsp;<br \/>\n&nbsp;<br \/>\n&nbsp;<br \/>\n<img loading=\"lazy\" decoding=\"async\" class=\"alignleft wp-image-1005\" src=\"https:\/\/krimispass.ch\/krimiinabox\/wp-content\/uploads\/2013\/12\/Detektiv_klein_transparent-150x150.png\" alt=\"Detektiv\" width=\"70\" height=\"70\" srcset=\"https:\/\/krimispass.ch\/krimiinabox\/wp-content\/uploads\/2013\/12\/Detektiv_klein_transparent-150x150.png 150w, https:\/\/krimispass.ch\/krimiinabox\/wp-content\/uploads\/2013\/12\/Detektiv_klein_transparent.png 210w\" sizes=\"auto, (max-width: 70px) 100vw, 70px\" \/>Wir hatten viel Spass und viele spannende Diskussionen. Perfekt war auch, dass einer der Schaupl\u00e4tze ein gem\u00fctliches Restaurant war, welches wir sogleich zu unserem Polizeilokal umfunktioniert haben. Sch\u00f6n, dass in unserer auf Profit ausgerichteten Zeit so etwas noch ohne jeden kommerziellen Hintergrund angeboten werden kann. Wir freuen uns schon auf den Fall am Thunersee! Herzlichen Dank!!<\/p>\n<p><img loading=\"lazy\" decoding=\"async\" class=\"alignleft wp-image-1005\" src=\"https:\/\/krimispass.ch\/krimiinabox\/wp-content\/uploads\/2013\/12\/Detektiv_klein_transparent-150x150.png\" alt=\"Detektiv\" width=\"70\" height=\"70\" srcset=\"https:\/\/krimispass.ch\/krimiinabox\/wp-content\/uploads\/2013\/12\/Detektiv_klein_transparent-150x150.png 150w, https:\/\/krimispass.ch\/krimiinabox\/wp-content\/uploads\/2013\/12\/Detektiv_klein_transparent.png 210w\" sizes=\"auto, (max-width: 70px) 100vw, 70px\" \/>An alle, die in Kehrsatz Geocaching machen: Macht diesen genialen Krimi gleich mit!!! Es ist einfach viel zu schade, nur die Geocaches zu loggen.<\/p>\n<p>&nbsp;<br \/>\n&nbsp;<br \/>\n<img loading=\"lazy\" decoding=\"async\" class=\"alignleft wp-image-1005\" src=\"https:\/\/krimispass.ch\/krimiinabox\/wp-content\/uploads\/2013\/12\/Detektiv_klein_transparent-150x150.png\" alt=\"Detektiv\" width=\"70\" height=\"70\" srcset=\"https:\/\/krimispass.ch\/krimiinabox\/wp-content\/uploads\/2013\/12\/Detektiv_klein_transparent-150x150.png 150w, https:\/\/krimispass.ch\/krimiinabox\/wp-content\/uploads\/2013\/12\/Detektiv_klein_transparent.png 210w\" sizes=\"auto, (max-width: 70px) 100vw, 70px\" \/>&#8222;Krimi in a Box&#8220; war eine sch\u00f6ne, interessante und lehrreiche Erfahrung. Es ist ein unglaublich guter Krimi. Ein grosses Kompliment f\u00fcr diesen tollen Krimi, die Darstellung und die Umsetzung. <\/p>\n<p>&nbsp;<br \/>\n&nbsp;<br \/>\n<img loading=\"lazy\" decoding=\"async\" class=\"alignleft wp-image-1005\" src=\"https:\/\/krimispass.ch\/krimiinabox\/wp-content\/uploads\/2013\/12\/Detektiv_klein_transparent-150x150.png\" alt=\"Detektiv\" width=\"70\" height=\"70\" srcset=\"https:\/\/krimispass.ch\/krimiinabox\/wp-content\/uploads\/2013\/12\/Detektiv_klein_transparent-150x150.png 150w, https:\/\/krimispass.ch\/krimiinabox\/wp-content\/uploads\/2013\/12\/Detektiv_klein_transparent.png 210w\" sizes=\"auto, (max-width: 70px) 100vw, 70px\" \/>Uns hat es sehr gut gefallen! Wirklich etwas besonderes und lustig erstellt. Wir suchten allererst die Schaupl\u00e4tze auf und nach knapp 1h und sind wir zur B\u00e4ckerei neben dem Bahnhof Kehrsatz gefahren und haben bei einem Kaffee das R\u00e4tsel gel\u00f6st! Wirklich eine sehr sch\u00f6ne Arbeit, die ihr hier aufgestellt habt! Ich freue mich, wenn es eine Fortsetzung g\u00e4ben w\u00fcrde!!!! Ich zieh den Hut vor ihrer Arbeit! Recht herzlichen Dank!!! Klar, werde ich diesen Krimi weiterempfehlen und keine Inputs nach aussen dringen lassen, weil das ist echt ein Hit!!!<\/p>\n<p>&nbsp;<\/p>\n<h5>Ihr Feedback<\/h5>\n<p>&nbsp;<br \/>\nGeben auch Sie uns ein Feedback zu \u201cKrimi in a Box\u201d. Damit wir unsere Krimi-Abenteuer stetig verbessern k\u00f6nnen, sind wir sehr an Ihrer R\u00fcckmeldung interessiert. Besten Dank.<\/p>\n<p><a href=\"https:\/\/de.surveymonkey.com\/s\/XFM8B6H\" rel=\"noopener\" target=\"_blank\">Zum Feedback-Formular<\/a><br \/>\n&nbsp;<br \/>\n&nbsp;<\/p>\n","protected":false},"excerpt":{"rendered":"<p>Auf dieser Seite lesen Sie Feedbacks zu \u201cKrimi in a Box\u201d, die wir von verschiedenen Hobby-Detektiven erhalten haben. M\u00f6chten auch Sie ein Feedback geben? Dann schreiben Sie uns oder f\u00fcllen Sie das Feedback-Formular aus. Wir freuen uns auf Ihre R\u00fcckmeldung. &nbsp; &nbsp; R\u00fcckmeldungen zu \u201cKrimi in a Box\u201d &nbsp; Yeah, was f\u00fcr ein unglaublich genialer [&hellip;]<\/p>\n","protected":false},"author":1,"featured_media":0,"parent":25,"menu_order":913,"comment_status":"closed","ping_status":"closed","template":"","meta":{"content-type":"","footnotes":""},"class_list":["post-1806","page","type-page","status-publish","hentry"],"yoast_head":"<!-- This site is optimized with the Yoast SEO plugin v24.5 - https:\/\/yoast.com\/wordpress\/plugins\/seo\/ -->\n<title>Feedbacks | Krimi in a Box<\/title>\n<meta name=\"robots\" content=\"noindex, follow, max-snippet:-1, max-image-preview:large, max-video-preview:-1\" \/>\n<meta property=\"og:locale\" content=\"de_DE\" \/>\n<meta property=\"og:type\" content=\"article\" \/>\n<meta property=\"og:title\" content=\"Feedbacks | Krimi in a Box\" \/>\n<meta property=\"og:description\" content=\"Auf dieser Seite lesen Sie Feedbacks zu \u201cKrimi in a Box\u201d, die wir von verschiedenen Hobby-Detektiven erhalten haben. M\u00f6chten auch Sie ein Feedback geben? Dann schreiben Sie uns oder f\u00fcllen Sie das Feedback-Formular aus. Wir freuen uns auf Ihre R\u00fcckmeldung. &nbsp; &nbsp; R\u00fcckmeldungen zu \u201cKrimi in a Box\u201d &nbsp; Yeah, was f\u00fcr ein unglaublich genialer [&hellip;]\" \/>\n<meta property=\"og:url\" content=\"https:\/\/krimispass.ch\/krimiinabox\/?page_id=1806\" \/>\n<meta property=\"og:site_name\" content=\"Krimi in a Box\" \/>\n<meta property=\"article:modified_time\" content=\"2017-02-20T21:55:14+00:00\" \/>\n<meta property=\"og:image\" content=\"https:\/\/krimispass.ch\/krimiinabox\/wp-content\/uploads\/2013\/12\/Krimi_in_a_Box_transparent-300x199.png\" \/>\n<meta name=\"twitter:card\" content=\"summary_large_image\" \/>\n<meta name=\"twitter:label1\" content=\"Gesch\u00e4tzte Lesezeit\" \/>\n\t<meta name=\"twitter:data1\" content=\"4\u00a0Minuten\" \/>\n<script type=\"application\/ld+json\" class=\"yoast-schema-graph\">{\"@context\":\"https:\/\/schema.org\",\"@graph\":[{\"@type\":\"WebPage\",\"@id\":\"https:\/\/krimispass.ch\/krimiinabox\/?page_id=1806\",\"url\":\"https:\/\/krimispass.ch\/krimiinabox\/?page_id=1806\",\"name\":\"Feedbacks | Krimi in a Box\",\"isPartOf\":{\"@id\":\"https:\/\/krimispass.ch\/krimiinabox\/#website\"},\"primaryImageOfPage\":{\"@id\":\"https:\/\/krimispass.ch\/krimiinabox\/?page_id=1806#primaryimage\"},\"image\":{\"@id\":\"https:\/\/krimispass.ch\/krimiinabox\/?page_id=1806#primaryimage\"},\"thumbnailUrl\":\"https:\/\/krimispass.ch\/krimiinabox\/wp-content\/uploads\/2013\/12\/Krimi_in_a_Box_transparent-300x199.png\",\"datePublished\":\"2014-03-16T11:39:38+00:00\",\"dateModified\":\"2017-02-20T21:55:14+00:00\",\"breadcrumb\":{\"@id\":\"https:\/\/krimispass.ch\/krimiinabox\/?page_id=1806#breadcrumb\"},\"inLanguage\":\"de\",\"potentialAction\":[{\"@type\":\"ReadAction\",\"target\":[\"https:\/\/krimispass.ch\/krimiinabox\/?page_id=1806\"]}]},{\"@type\":\"ImageObject\",\"inLanguage\":\"de\",\"@id\":\"https:\/\/krimispass.ch\/krimiinabox\/?page_id=1806#primaryimage\",\"url\":\"https:\/\/krimispass.ch\/krimiinabox\/wp-content\/uploads\/2013\/12\/Krimi_in_a_Box_transparent.png\",\"contentUrl\":\"https:\/\/krimispass.ch\/krimiinabox\/wp-content\/uploads\/2013\/12\/Krimi_in_a_Box_transparent.png\",\"width\":1688,\"height\":1125},{\"@type\":\"BreadcrumbList\",\"@id\":\"https:\/\/krimispass.ch\/krimiinabox\/?page_id=1806#breadcrumb\",\"itemListElement\":[{\"@type\":\"ListItem\",\"position\":1,\"name\":\"Startseite\",\"item\":\"https:\/\/krimispass.ch\/krimiinabox\/\"},{\"@type\":\"ListItem\",\"position\":2,\"name\":\"Impressum\",\"item\":\"https:\/\/krimispass.ch\/krimiinabox\/?page_id=3599\"},{\"@type\":\"ListItem\",\"position\":3,\"name\":\"Der Fall \u201cPaul S.\u201d\",\"item\":\"https:\/\/krimispass.ch\/krimiinabox\/\"},{\"@type\":\"ListItem\",\"position\":4,\"name\":\"Feedbacks\"}]},{\"@type\":\"WebSite\",\"@id\":\"https:\/\/krimispass.ch\/krimiinabox\/#website\",\"url\":\"https:\/\/krimispass.ch\/krimiinabox\/\",\"name\":\"Krimi in a Box\",\"description\":\"Ein m\u00f6rderisches Outdoor-Abenteuer\",\"potentialAction\":[{\"@type\":\"SearchAction\",\"target\":{\"@type\":\"EntryPoint\",\"urlTemplate\":\"https:\/\/krimispass.ch\/krimiinabox\/?s={search_term_string}\"},\"query-input\":{\"@type\":\"PropertyValueSpecification\",\"valueRequired\":true,\"valueName\":\"search_term_string\"}}],\"inLanguage\":\"de\"}]}<\/script>\n<!-- \/ Yoast SEO plugin. -->","yoast_head_json":{"title":"Feedbacks | Krimi in a Box","robots":{"index":"noindex","follow":"follow","max-snippet":"max-snippet:-1","max-image-preview":"max-image-preview:large","max-video-preview":"max-video-preview:-1"},"og_locale":"de_DE","og_type":"article","og_title":"Feedbacks | Krimi in a Box","og_description":"Auf dieser Seite lesen Sie Feedbacks zu \u201cKrimi in a Box\u201d, die wir von verschiedenen Hobby-Detektiven erhalten haben. M\u00f6chten auch Sie ein Feedback geben? Dann schreiben Sie uns oder f\u00fcllen Sie das Feedback-Formular aus. Wir freuen uns auf Ihre R\u00fcckmeldung. &nbsp; &nbsp; R\u00fcckmeldungen zu \u201cKrimi in a Box\u201d &nbsp; Yeah, was f\u00fcr ein unglaublich genialer [&hellip;]","og_url":"https:\/\/krimispass.ch\/krimiinabox\/?page_id=1806","og_site_name":"Krimi in a Box","article_modified_time":"2017-02-20T21:55:14+00:00","og_image":[{"url":"https:\/\/krimispass.ch\/krimiinabox\/wp-content\/uploads\/2013\/12\/Krimi_in_a_Box_transparent-300x199.png","type":"","width":"","height":""}],"twitter_card":"summary_large_image","twitter_misc":{"Gesch\u00e4tzte Lesezeit":"4\u00a0Minuten"},"schema":{"@context":"https:\/\/schema.org","@graph":[{"@type":"WebPage","@id":"https:\/\/krimispass.ch\/krimiinabox\/?page_id=1806","url":"https:\/\/krimispass.ch\/krimiinabox\/?page_id=1806","name":"Feedbacks | Krimi in a Box","isPartOf":{"@id":"https:\/\/krimispass.ch\/krimiinabox\/#website"},"primaryImageOfPage":{"@id":"https:\/\/krimispass.ch\/krimiinabox\/?page_id=1806#primaryimage"},"image":{"@id":"https:\/\/krimispass.ch\/krimiinabox\/?page_id=1806#primaryimage"},"thumbnailUrl":"https:\/\/krimispass.ch\/krimiinabox\/wp-content\/uploads\/2013\/12\/Krimi_in_a_Box_transparent-300x199.png","datePublished":"2014-03-16T11:39:38+00:00","dateModified":"2017-02-20T21:55:14+00:00","breadcrumb":{"@id":"https:\/\/krimispass.ch\/krimiinabox\/?page_id=1806#breadcrumb"},"inLanguage":"de","potentialAction":[{"@type":"ReadAction","target":["https:\/\/krimispass.ch\/krimiinabox\/?page_id=1806"]}]},{"@type":"ImageObject","inLanguage":"de","@id":"https:\/\/krimispass.ch\/krimiinabox\/?page_id=1806#primaryimage","url":"https:\/\/krimispass.ch\/krimiinabox\/wp-content\/uploads\/2013\/12\/Krimi_in_a_Box_transparent.png","contentUrl":"https:\/\/krimispass.ch\/krimiinabox\/wp-content\/uploads\/2013\/12\/Krimi_in_a_Box_transparent.png","width":1688,"height":1125},{"@type":"BreadcrumbList","@id":"https:\/\/krimispass.ch\/krimiinabox\/?page_id=1806#breadcrumb","itemListElement":[{"@type":"ListItem","position":1,"name":"Startseite","item":"https:\/\/krimispass.ch\/krimiinabox\/"},{"@type":"ListItem","position":2,"name":"Impressum","item":"https:\/\/krimispass.ch\/krimiinabox\/?page_id=3599"},{"@type":"ListItem","position":3,"name":"Der Fall \u201cPaul S.\u201d","item":"https:\/\/krimispass.ch\/krimiinabox\/"},{"@type":"ListItem","position":4,"name":"Feedbacks"}]},{"@type":"WebSite","@id":"https:\/\/krimispass.ch\/krimiinabox\/#website","url":"https:\/\/krimispass.ch\/krimiinabox\/","name":"Krimi in a Box","description":"Ein m\u00f6rderisches Outdoor-Abenteuer","potentialAction":[{"@type":"SearchAction","target":{"@type":"EntryPoint","urlTemplate":"https:\/\/krimispass.ch\/krimiinabox\/?s={search_term_string}"},"query-input":{"@type":"PropertyValueSpecification","valueRequired":true,"valueName":"search_term_string"}}],"inLanguage":"de"}]}},"_links":{"self":[{"href":"https:\/\/krimispass.ch\/krimiinabox\/index.php?rest_route=\/wp\/v2\/pages\/1806","targetHints":{"allow":["GET"]}}],"collection":[{"href":"https:\/\/krimispass.ch\/krimiinabox\/index.php?rest_route=\/wp\/v2\/pages"}],"about":[{"href":"https:\/\/krimispass.ch\/krimiinabox\/index.php?rest_route=\/wp\/v2\/types\/page"}],"author":[{"embeddable":true,"href":"https:\/\/krimispass.ch\/krimiinabox\/index.php?rest_route=\/wp\/v2\/users\/1"}],"replies":[{"embeddable":true,"href":"https:\/\/krimispass.ch\/krimiinabox\/index.php?rest_route=%2Fwp%2Fv2%2Fcomments&post=1806"}],"version-history":[{"count":0,"href":"https:\/\/krimispass.ch\/krimiinabox\/index.php?rest_route=\/wp\/v2\/pages\/1806\/revisions"}],"up":[{"embeddable":true,"href":"https:\/\/krimispass.ch\/krimiinabox\/index.php?rest_route=\/wp\/v2\/pages\/25"}],"wp:attachment":[{"href":"https:\/\/krimispass.ch\/krimiinabox\/index.php?rest_route=%2Fwp%2Fv2%2Fmedia&parent=1806"}],"curies":[{"name":"wp","href":"https:\/\/api.w.org\/{rel}","templated":true}]}}