{"id":22,"date":"2015-10-24T19:24:52","date_gmt":"2015-10-24T17:24:52","guid":{"rendered":"https:\/\/krimispass.ch\/dasbuch\/?page_id=22"},"modified":"2024-12-15T13:00:39","modified_gmt":"2024-12-15T12:00:39","slug":"impressum","status":"publish","type":"page","link":"https:\/\/krimispass.ch\/dasbuch\/?page_id=22","title":{"rendered":"Rechtliche Hinweise<br><br>Impressum, Nutzungsbedingungen und Datenschutz"},"content":{"rendered":"<p>&nbsp;<br \/>\n<strong>\u00abDAS BUCH\u00bb ist eine Produktion von <a href=\"https:\/\/krimispass.ch\" rel=\"noopener noreferrer\" target=\"_blank\">KrimiSpass.ch<\/a>; interaktive Abenteuer und Krimi-Spiele f\u00fcr Meisterdetektive und solche, die es noch werden wollen.<\/strong><\/p>\n<p>&nbsp;<br \/>\n<img loading=\"lazy\" decoding=\"async\" width=\"800\" height=\"515\" src=\"https:\/\/krimispass.ch\/dasbuch\/wp-content\/uploads\/2016\/03\/impressum.png\" alt=\"impressum\" class=\"alignnone size-full wp-image-1085\" srcset=\"https:\/\/krimispass.ch\/dasbuch\/wp-content\/uploads\/2016\/03\/impressum.png 800w, https:\/\/krimispass.ch\/dasbuch\/wp-content\/uploads\/2016\/03\/impressum-300x193.png 300w, https:\/\/krimispass.ch\/dasbuch\/wp-content\/uploads\/2016\/03\/impressum-768x494.png 768w\" sizes=\"auto, (max-width: 800px) 100vw, 800px\" \/><\/p>\n<p>&nbsp;<\/p>\n<h5>Kontaktdaten<\/h5>\n<p>Tourify GmbH<br \/>\nBergblick 211<br \/>\nCH-3635 Uebeschi<\/p>\n<p>Tel +41 33 520 66 00<br \/>\n<a href=\"mailto:mail@tourify.ch\">mail@tourify.ch<\/a><br \/>\n<a href=\"https:\/\/www.tourify.ch\" rel=\"noopener noreferrer\" target=\"_blank\">www.tourify.ch<\/a><\/p>\n<p>Ansprechperson:<br \/>\nDavid Baumgartner, Gesch\u00e4ftsf\u00fchrer<\/p>\n<p>&nbsp;<\/p>\n<h5>Handelsregistereintrag<\/h5>\n<p>Eingetragener Firmenname: Tourify GmbH<br \/>\nFirmennummer: CHE-381.821.924<br \/>\nHandelsregisteramt: Kanton Bern<\/p>\n<p>&nbsp;<\/p>\n<h5>Mehrwertsteuernummer<\/h5>\n<p>CHE-381.821.924 MWST<\/p>\n<p>&nbsp;<\/p>\n<h5>Allgemeiner Hinweis<\/h5>\n<p>Um die Lesefreundlichkeit der Website zu verbessern, wird an einigen Stellen bei Personenbezeichnungen und personenbezogenen Hauptw\u00f6rtern ausschliesslich die m\u00e4nnliche Form verwendet. Im Sinne der Gleichbehandlung gelten entsprechende Begriffe f\u00fcr alle Geschlechter. Die verk\u00fcrzte Sprachform hat redaktionelle Gr\u00fcnde und beinhaltet keine Wertung.<\/p>\n<p>&nbsp;<\/p>\n<p id=\"teilnahmebedingungen\">\n<h5>Haftungsausschluss und Teilnahmebedingungen<\/h5>\n<p>Die Teilnahme an den interaktiven Spielen von KrimiSpass.ch erfolgt auf eigenes Risiko und auf eigene Verantwortung und Gefahr. Versicherung ist Sache der Teilnehmenden. Die Haftung f\u00fcr Sch\u00e4den jeder Art wird ausgeschlossen.<\/p>\n<p>Der Autor \u00fcbernimmt keinerlei Gew\u00e4hr hinsichtlich der inhaltlichen Richtigkeit, Genauigkeit, Aktualit\u00e4t, Zuverl\u00e4ssigkeit und Vollst\u00e4ndigkeit der Informationen.<\/p>\n<p>Haftungsanspr\u00fcche gegen den Autor wegen Sch\u00e4den materieller oder immaterieller Art, welche aus dem Zugriff oder der Nutzung bzw. Nichtnutzung der ver\u00f6ffentlichten Informationen, durch Missbrauch der Verbindung oder durch technische St\u00f6rungen entstanden sind, werden ausgeschlossen.<\/p>\n<p>Alle Angebote sind unverbindlich. Der Autor beh\u00e4lt es sich ausdr\u00fccklich vor, Teile der Seiten oder das gesamte Angebot ohne gesonderte Ank\u00fcndigung zu ver\u00e4ndern, zu erg\u00e4nzen, zu l\u00f6schen oder die Ver\u00f6ffentlichung zeitweise oder endg\u00fcltig einzustellen.<\/p>\n<p>&nbsp;<\/p>\n<h5>Haftung f\u00fcr Links<\/h5>\n<p>Unser Angebot enth\u00e4lt Links zu externen Websites Dritter, auf deren Inhalte wir keinen Einfluss haben. Deshalb k\u00f6nnen wir f\u00fcr diese fremden Inhalte auch keine Gew\u00e4hr \u00fcbernehmen. F\u00fcr die Inhalte der verlinkten Seiten ist stets der jeweilige Anbieter oder Betreiber der Seiten verantwortlich. Die verlinkten Seiten wurden zum Zeitpunkt der Verlinkung auf m\u00f6gliche Rechtsverst\u00f6sse \u00fcberpr\u00fcft. Rechtswidrige Inhalte waren zum Zeitpunkt der Verlinkung nicht erkennbar.<\/p>\n<p>Eine permanente inhaltliche Kontrolle der verlinkten Seiten ist jedoch ohne konkrete Anhaltspunkte einer Rechtsverletzung nicht zumutbar. Bei Bekanntwerden von Rechtsverletzungen werden wir derartige Links umgehend entfernen.<\/p>\n<p>&nbsp;<br \/>\n<script src=\"https:\/\/www.privacybee.ch\/widget.js\"><\/script>\n<privacybee-widget website-id=\"clbw7tfa3111900yynklaucu29\" lang=\"de\"><\/privacybee-widget>\n<p>&nbsp;<\/p>\n<h5>Anwendbares Recht und Gerichtsstand<\/h5>\n<p>Vorbeh\u00e4ltlich anderer gesetzlicher Bestimmungen unterstehen das vorliegende Webangebot und dessen Benutzung sowie Services und Dienstleistungen, welche mit dem Webangebot in Zusammenhang stehen, ausschliesslich schweizerischem Recht. Ausschliesslicher Gerichtsstand f\u00fcr alle im Zusammenhang mit der Benutzung dieses Webangebots stehenden Streitigkeiten ist der Gerichtsstand der Gemeinde Uebeschi.<\/p>\n<p>&nbsp;<\/p>\n<h5>Bildernachweis<\/h5>\n<p>Startbild: Magic Book<br \/>\n\u00a9 <a href=\"https:\/\/chabien.deviantart.com\/art\/Magic-Book-By-Colgreyis-546067590\" rel=\"noopener\" target=\"_blank\">Cole Greyis on Deviant Art<\/a> \/ <a href=\"https:\/\/creativecommons.org\/licenses\/by\/4.0\/\" rel=\"noopener noreferrer\" target=\"_blank\">CC BY 4.0<\/a><\/p>\n<p>Bilder vom Schlossberg und der Altstadt: \u00a9 Ruth Pulido und David Baumgartner<\/p>\n<p>Detektiv mit Hut: \u00a9 eldadcarin \/ Fotolia<\/p>\n","protected":false},"excerpt":{"rendered":"<p>&nbsp; \u00abDAS BUCH\u00bb ist eine Produktion von KrimiSpass.ch; interaktive Abenteuer und Krimi-Spiele f\u00fcr Meisterdetektive und solche, die es noch werden wollen. &nbsp; [&hellip;]<\/p>\n","protected":false},"author":5,"featured_media":0,"parent":0,"menu_order":2,"comment_status":"closed","ping_status":"closed","template":"","meta":{"content-type":"","footnotes":""},"class_list":["post-22","page","type-page","status-publish","hentry"],"yoast_head":"<!-- This site is optimized with the Yoast SEO plugin v24.5 - https:\/\/yoast.com\/wordpress\/plugins\/seo\/ -->\n<title>Rechtliche Hinweise | DAS BUCH<\/title>\n<meta name=\"description\" content=\"Impressum, Nutzungsbedingungen und Datenschutz\" \/>\n<meta name=\"robots\" content=\"noindex, nofollow\" \/>\n<meta property=\"og:locale\" content=\"de_DE\" \/>\n<meta property=\"og:type\" content=\"article\" \/>\n<meta property=\"og:title\" content=\"Rechtliche Hinweise | DAS BUCH\" \/>\n<meta property=\"og:description\" content=\"Impressum, Nutzungsbedingungen und Datenschutz\" \/>\n<meta property=\"og:url\" content=\"https:\/\/krimispass.ch\/dasbuch\/?page_id=22\" \/>\n<meta property=\"og:site_name\" content=\"DAS BUCH\" \/>\n<meta property=\"article:modified_time\" content=\"2024-12-15T12:00:39+00:00\" \/>\n<meta property=\"og:image\" content=\"https:\/\/krimispass.ch\/dasbuch\/wp-content\/uploads\/2016\/03\/impressum.png\" \/>\n\t<meta property=\"og:image:width\" content=\"800\" \/>\n\t<meta property=\"og:image:height\" content=\"515\" \/>\n\t<meta property=\"og:image:type\" content=\"image\/png\" \/>\n<meta name=\"twitter:card\" content=\"summary_large_image\" \/>\n<meta name=\"twitter:label1\" content=\"Gesch\u00e4tzte Lesezeit\" \/>\n\t<meta name=\"twitter:data1\" content=\"3\u00a0Minuten\" \/>\n<script type=\"application\/ld+json\" class=\"yoast-schema-graph\">{\"@context\":\"https:\/\/schema.org\",\"@graph\":[{\"@type\":\"WebPage\",\"@id\":\"https:\/\/krimispass.ch\/dasbuch\/?page_id=22\",\"url\":\"https:\/\/krimispass.ch\/dasbuch\/?page_id=22\",\"name\":\"Rechtliche Hinweise | DAS BUCH\",\"isPartOf\":{\"@id\":\"https:\/\/krimispass.ch\/dasbuch\/#website\"},\"primaryImageOfPage\":{\"@id\":\"https:\/\/krimispass.ch\/dasbuch\/?page_id=22#primaryimage\"},\"image\":{\"@id\":\"https:\/\/krimispass.ch\/dasbuch\/?page_id=22#primaryimage\"},\"thumbnailUrl\":\"https:\/\/krimispass.ch\/dasbuch\/wp-content\/uploads\/2016\/03\/impressum.png\",\"datePublished\":\"2015-10-24T17:24:52+00:00\",\"dateModified\":\"2024-12-15T12:00:39+00:00\",\"description\":\"Impressum, Nutzungsbedingungen und Datenschutz\",\"breadcrumb\":{\"@id\":\"https:\/\/krimispass.ch\/dasbuch\/?page_id=22#breadcrumb\"},\"inLanguage\":\"de\",\"potentialAction\":[{\"@type\":\"ReadAction\",\"target\":[\"https:\/\/krimispass.ch\/dasbuch\/?page_id=22\"]}]},{\"@type\":\"ImageObject\",\"inLanguage\":\"de\",\"@id\":\"https:\/\/krimispass.ch\/dasbuch\/?page_id=22#primaryimage\",\"url\":\"https:\/\/krimispass.ch\/dasbuch\/wp-content\/uploads\/2016\/03\/impressum.png\",\"contentUrl\":\"https:\/\/krimispass.ch\/dasbuch\/wp-content\/uploads\/2016\/03\/impressum.png\",\"width\":800,\"height\":515},{\"@type\":\"BreadcrumbList\",\"@id\":\"https:\/\/krimispass.ch\/dasbuch\/?page_id=22#breadcrumb\",\"itemListElement\":[{\"@type\":\"ListItem\",\"position\":1,\"name\":\"Startseite\",\"item\":\"https:\/\/krimispass.ch\/dasbuch\/\"},{\"@type\":\"ListItem\",\"position\":2,\"name\":\"Rechtliche HinweiseImpressum, Nutzungsbedingungen und Datenschutz\"}]},{\"@type\":\"WebSite\",\"@id\":\"https:\/\/krimispass.ch\/dasbuch\/#website\",\"url\":\"https:\/\/krimispass.ch\/dasbuch\/\",\"name\":\"DAS BUCH\",\"description\":\"Irgendwo da draussen ist ein Schatz und nur \u00abDAS BUCH\u00bb kann dir den Weg weisen\",\"potentialAction\":[{\"@type\":\"SearchAction\",\"target\":{\"@type\":\"EntryPoint\",\"urlTemplate\":\"https:\/\/krimispass.ch\/dasbuch\/?s={search_term_string}\"},\"query-input\":{\"@type\":\"PropertyValueSpecification\",\"valueRequired\":true,\"valueName\":\"search_term_string\"}}],\"inLanguage\":\"de\"}]}<\/script>\n<!-- \/ Yoast SEO plugin. -->","yoast_head_json":{"title":"Rechtliche Hinweise | DAS BUCH","description":"Impressum, Nutzungsbedingungen und Datenschutz","robots":{"index":"noindex","follow":"nofollow"},"og_locale":"de_DE","og_type":"article","og_title":"Rechtliche Hinweise | DAS BUCH","og_description":"Impressum, Nutzungsbedingungen und Datenschutz","og_url":"https:\/\/krimispass.ch\/dasbuch\/?page_id=22","og_site_name":"DAS BUCH","article_modified_time":"2024-12-15T12:00:39+00:00","og_image":[{"width":800,"height":515,"url":"https:\/\/krimispass.ch\/dasbuch\/wp-content\/uploads\/2016\/03\/impressum.png","type":"image\/png"}],"twitter_card":"summary_large_image","twitter_misc":{"Gesch\u00e4tzte Lesezeit":"3\u00a0Minuten"},"schema":{"@context":"https:\/\/schema.org","@graph":[{"@type":"WebPage","@id":"https:\/\/krimispass.ch\/dasbuch\/?page_id=22","url":"https:\/\/krimispass.ch\/dasbuch\/?page_id=22","name":"Rechtliche Hinweise | DAS BUCH","isPartOf":{"@id":"https:\/\/krimispass.ch\/dasbuch\/#website"},"primaryImageOfPage":{"@id":"https:\/\/krimispass.ch\/dasbuch\/?page_id=22#primaryimage"},"image":{"@id":"https:\/\/krimispass.ch\/dasbuch\/?page_id=22#primaryimage"},"thumbnailUrl":"https:\/\/krimispass.ch\/dasbuch\/wp-content\/uploads\/2016\/03\/impressum.png","datePublished":"2015-10-24T17:24:52+00:00","dateModified":"2024-12-15T12:00:39+00:00","description":"Impressum, Nutzungsbedingungen und Datenschutz","breadcrumb":{"@id":"https:\/\/krimispass.ch\/dasbuch\/?page_id=22#breadcrumb"},"inLanguage":"de","potentialAction":[{"@type":"ReadAction","target":["https:\/\/krimispass.ch\/dasbuch\/?page_id=22"]}]},{"@type":"ImageObject","inLanguage":"de","@id":"https:\/\/krimispass.ch\/dasbuch\/?page_id=22#primaryimage","url":"https:\/\/krimispass.ch\/dasbuch\/wp-content\/uploads\/2016\/03\/impressum.png","contentUrl":"https:\/\/krimispass.ch\/dasbuch\/wp-content\/uploads\/2016\/03\/impressum.png","width":800,"height":515},{"@type":"BreadcrumbList","@id":"https:\/\/krimispass.ch\/dasbuch\/?page_id=22#breadcrumb","itemListElement":[{"@type":"ListItem","position":1,"name":"Startseite","item":"https:\/\/krimispass.ch\/dasbuch\/"},{"@type":"ListItem","position":2,"name":"Rechtliche HinweiseImpressum, Nutzungsbedingungen und Datenschutz"}]},{"@type":"WebSite","@id":"https:\/\/krimispass.ch\/dasbuch\/#website","url":"https:\/\/krimispass.ch\/dasbuch\/","name":"DAS BUCH","description":"Irgendwo da draussen ist ein Schatz und nur \u00abDAS BUCH\u00bb kann dir den Weg weisen","potentialAction":[{"@type":"SearchAction","target":{"@type":"EntryPoint","urlTemplate":"https:\/\/krimispass.ch\/dasbuch\/?s={search_term_string}"},"query-input":{"@type":"PropertyValueSpecification","valueRequired":true,"valueName":"search_term_string"}}],"inLanguage":"de"}]}},"_links":{"self":[{"href":"https:\/\/krimispass.ch\/dasbuch\/index.php?rest_route=\/wp\/v2\/pages\/22","targetHints":{"allow":["GET"]}}],"collection":[{"href":"https:\/\/krimispass.ch\/dasbuch\/index.php?rest_route=\/wp\/v2\/pages"}],"about":[{"href":"https:\/\/krimispass.ch\/dasbuch\/index.php?rest_route=\/wp\/v2\/types\/page"}],"author":[{"embeddable":true,"href":"https:\/\/krimispass.ch\/dasbuch\/index.php?rest_route=\/wp\/v2\/users\/5"}],"replies":[{"embeddable":true,"href":"https:\/\/krimispass.ch\/dasbuch\/index.php?rest_route=%2Fwp%2Fv2%2Fcomments&post=22"}],"version-history":[{"count":5,"href":"https:\/\/krimispass.ch\/dasbuch\/index.php?rest_route=\/wp\/v2\/pages\/22\/revisions"}],"predecessor-version":[{"id":2551,"href":"https:\/\/krimispass.ch\/dasbuch\/index.php?rest_route=\/wp\/v2\/pages\/22\/revisions\/2551"}],"wp:attachment":[{"href":"https:\/\/krimispass.ch\/dasbuch\/index.php?rest_route=%2Fwp%2Fv2%2Fmedia&parent=22"}],"curies":[{"name":"wp","href":"https:\/\/api.w.org\/{rel}","templated":true}]}}